{"id":233,"date":"2014-10-08T17:05:28","date_gmt":"2014-10-08T17:05:28","guid":{"rendered":"http:\/\/szkolenia-udt.pl\/?page_id=233"},"modified":"2021-08-31T22:12:49","modified_gmt":"2021-08-31T22:12:49","slug":"manipulacion-de-la-carga","status":"publish","type":"page","link":"https:\/\/szkolenia-udt.pl\/es\/kursy\/wozki-widlowe\/manipulacja-ladunkiem\/","title":{"rendered":"Manipulaci\u00f3n de carga"},"content":{"rendered":"<div style=\"float: left; padding-right: 10px;\"><div id=\"metaslider-id-584\" style=\"max-width: 300px;\" class=\"ml-slider-3-108-0 metaslider metaslider-flex metaslider-584 ml-slider ms-theme-default nav-hidden\" role=\"region\" aria-label=\"Construcci\u00f3n del carro\" data-height=\"225\" data-width=\"300\">\n    <div id=\"metaslider_container_584\">\n        <div id=\"metaslider_584\">\n            <ul class='slides'>\n                <li style=\"display: block; width: 100%;\" class=\"slide-586 ms-image\" aria-roledescription=\"slide\" data-date=\"2014-10-12 05:43:37\" data-filename=\"Kurs-na-w\u00f3zki-wid\u0142owe.jpg\" data-slide-type=\"image\"><img loading=\"lazy\" decoding=\"async\" src=\"https:\/\/szkolenia-udt.pl\/wp-content\/uploads\/2014\/10\/Kurs-na-w\u00f3zki-wid\u0142owe.jpg\" height=\"225\" width=\"300\" alt=\"Curso de montacargas\" class=\"slider-584 slide-586 msDefaultImage\" \/><\/li>\n                <li style=\"display: none; width: 100%;\" class=\"slide-591 ms-image\" aria-roledescription=\"slide\" data-date=\"2014-10-12 05:43:41\" data-filename=\"Kursy-W\u00f3zki-wid\u0142owe.jpg\" data-slide-type=\"image\"><img loading=\"lazy\" decoding=\"async\" src=\"https:\/\/szkolenia-udt.pl\/wp-content\/uploads\/2014\/10\/Kursy-W\u00f3zki-wid\u0142owe.jpg\" height=\"225\" width=\"300\" alt=\"Un curso para un operador de montacargas\" class=\"slider-584 slide-591 msDefaultImage\" \/><\/li>\n                <li style=\"display: none; width: 100%;\" class=\"slide-596 ms-image\" aria-roledescription=\"slide\" data-date=\"2014-10-12 05:43:44\" data-filename=\"Szkolenie-W\u00f3zki-wid\u0142owe1.jpg\" data-slide-type=\"image\"><img loading=\"lazy\" decoding=\"async\" src=\"https:\/\/szkolenia-udt.pl\/wp-content\/uploads\/2014\/10\/Szkolenie-W\u00f3zki-wid\u0142owe1.jpg\" height=\"225\" width=\"300\" alt=\"\" class=\"slider-584 slide-596 msDefaultImage\" \/><\/li>\n                <li style=\"display: none; width: 100%;\" class=\"slide-685 ms-image\" aria-roledescription=\"slide\" data-date=\"2014-10-12 11:03:23\" data-filename=\"Kursy-urz\u0105dzenia-manipulacji-kontenerami.jpg\" data-slide-type=\"image\"><img loading=\"lazy\" decoding=\"async\" src=\"https:\/\/szkolenia-udt.pl\/wp-content\/uploads\/2014\/10\/Kursy-urz\u0105dzenia-manipulacji-kontenerami.jpg\" height=\"225\" width=\"300\" alt=\"Centro de formaci\u00f3n de operadores en Varsovia\" class=\"slider-584 slide-685 msDefaultImage\" \/><\/li>\n                <li style=\"display: none; width: 100%;\" class=\"slide-679 ms-image\" aria-roledescription=\"slide\" data-date=\"2014-10-12 10:48:10\" data-filename=\"OSO-Warszawa2.jpg\" data-slide-type=\"image\"><img loading=\"lazy\" decoding=\"async\" src=\"https:\/\/szkolenia-udt.pl\/wp-content\/uploads\/2014\/10\/OSO-Warszawa2.jpg\" height=\"225\" width=\"300\" alt=\"\" class=\"slider-584 slide-679 msDefaultImage\" \/><\/li>\n            <\/ul>\n        <\/div>\n        \n    <\/div>\n<\/div><\/div>\n<div class=\"wyjustuj\">\n<p><a href=\"https:\/\/szkolenia-udt.pl\/es\/kursy\/wozki-widlowe\/budowa-wozka-jezdniowego\/\">Carretillas elevadoras<\/a> est\u00e1n dise\u00f1adas para mover cargas con rapidez. La tarea del carretillero consiste en cargar correctamente, transportar el pal\u00e9 u otro tipo de objeto al lugar de trabajo y descargarlo. Nuestra <a href=\"https:\/\/szkolenia-udt.pl\/es\/kursy\/uprawnienia-udt-tdt-wdt\/wozki-widlowe\/\">curso de montacargas<\/a> ense\u00f1a exactamente c\u00f3mo manejar la carga correctamente.Cuando se trabaja <a href=\"https:\/\/szkolenia-udt.pl\/es\/kursy\/uprawnienia-udt-tdt-wdt\/wozki-widlowe-oso\/\">operador de carretillas elevadoras<\/a> puede realizar tres movimientos principales al manipular cargas: subir y bajar las horquillas, inclinar el m\u00e1stil de la carretilla de un lado a otro y desplazar lateralmente el carro con las horquillas. Dependiendo del modelo de la m\u00e1quina, sus movimientos tambi\u00e9n pueden ser otros, por ejemplo, permitirle recolocar las horquillas posicion\u00e1ndolas, es decir, ajustando la separaci\u00f3n.<\/p>\n<p>Al elegir el curso de operador de carretillas elevadoras, recibir\u00e1 en nuestro Centro toda la informaci\u00f3n clave sobre direcci\u00f3n y manipulaci\u00f3n de cargas. Se trata de conocimientos y pr\u00e1cticas esenciales para realizar el examen, cuya superaci\u00f3n le otorga <a href=\"https:\/\/szkolenia-udt.pl\/es\/kursy\/wozki-widlowe\/\">licencia de montacargas<\/a>. Tambi\u00e9n se realizan ejercicios durante el examen, que consisten en cargar, transportar el objeto y descargarlo.<\/p>\n<p>Antes de trabajar con una carga, el operador siempre debe comprobar su peso y compararlo con la capacidad de carga m\u00e1xima nominal. La carga colocada en el carro debe ser estable y segura. Hay que tener especial cuidado con las cargas de dimensiones no est\u00e1ndar.<\/p>\n<p>El curso de carretillas elevadoras OSO proporciona informaci\u00f3n te\u00f3rica y ense\u00f1a a manejar correctamente las carretillas elevadoras en la pr\u00e1ctica. Los conocimientos y las habilidades son \u00fatiles a la hora de aprobar el examen de la UDT.<\/p>\n<p><strong>Procedimientos de manipulaci\u00f3n de la carga:<\/strong><\/p>\n<ol>\n<li>Conduzca la parte delantera de la carretilla elevadora hacia la carga en la posici\u00f3n de transporte - la altura de la horquilla debe estar entre 100 y 300 mil\u00edmetros por encima de la superficie del suelo<\/li>\n<li>Detener el carro delante de la carga y colocar el m\u00e1stil en la posici\u00f3n vertical correcta<\/li>\n<li>Ajustar la distancia y la altura de las horquillas a la anchura de la carga<\/li>\n<li>Conduzca la carretilla y coloque las horquillas lentamente bajo la carga<\/li>\n<li>Elevaci\u00f3n de las horquillas con la carga a la altura correcta<\/li>\n<li>Inclinaci\u00f3n del m\u00e1stil hacia atr\u00e1s<\/li>\n<li>Llegada al lugar de descarga<\/li>\n<li>Enderezar el m\u00e1stil del carro<\/li>\n<li>Bajada lenta de la horquilla al descargar<\/li>\n<li>Inclinaci\u00f3n hacia delante del m\u00e1stil del bogie<\/li>\n<li>Colocaci\u00f3n de la carga<\/li>\n<\/ol>\n<p>Al manipular las cargas, el operador debe recordar que debe tener mucho cuidado. La carretilla elevadora no debe moverse demasiado r\u00e1pido, especialmente con cargas pesadas, lo que supone un riesgo de vuelco. Al inscribirse en nuestro curso de carretillas elevadoras, recibir\u00e1 toda la informaci\u00f3n m\u00e1s importante sobre la correcta carga y descarga para que su trabajo est\u00e9 asociado al menor riesgo posible.<\/p>\n<\/div>","protected":false},"excerpt":{"rendered":"<p>W\u00f3zki jezdniowe s\u0105 przeznaczone do szybkiego przemieszczania \u0142adunk\u00f3w. Zadaniem operatora w\u00f3zka jest poprawny za\u0142adunek, przewiezienie palety lub innego rodzaju obiektu na miejsce oraz jego roz\u0142adowanie. Nasz kurs na w\u00f3zki wid\u0142owe dok\u0142adnie uczy, jak poprawnie manipulowa\u0107 \u0142adunkiem.Podczas pracy operator w\u00f3zka wid\u0142owego mo\u017ce wykona\u0107 trzy g\u0142\u00f3wne ruchy przy manipulacji \u0142adunkami \u2013 podnoszenie i opuszczanie wide\u0142, przechylanie masztu [&hellip;]<\/p>\n","protected":false},"author":3,"featured_media":586,"parent":33,"menu_order":0,"comment_status":"closed","ping_status":"closed","template":"","meta":{"footnotes":""},"class_list":["post-233","page","type-page","status-publish","has-post-thumbnail","hentry"],"aioseo_notices":[],"_links":{"self":[{"href":"https:\/\/szkolenia-udt.pl\/es\/wp-json\/wp\/v2\/pages\/233","targetHints":{"allow":["GET"]}}],"collection":[{"href":"https:\/\/szkolenia-udt.pl\/es\/wp-json\/wp\/v2\/pages"}],"about":[{"href":"https:\/\/szkolenia-udt.pl\/es\/wp-json\/wp\/v2\/types\/page"}],"author":[{"embeddable":true,"href":"https:\/\/szkolenia-udt.pl\/es\/wp-json\/wp\/v2\/users\/3"}],"replies":[{"embeddable":true,"href":"https:\/\/szkolenia-udt.pl\/es\/wp-json\/wp\/v2\/comments?post=233"}],"version-history":[{"count":7,"href":"https:\/\/szkolenia-udt.pl\/es\/wp-json\/wp\/v2\/pages\/233\/revisions"}],"predecessor-version":[{"id":2249,"href":"https:\/\/szkolenia-udt.pl\/es\/wp-json\/wp\/v2\/pages\/233\/revisions\/2249"}],"up":[{"embeddable":true,"href":"https:\/\/szkolenia-udt.pl\/es\/wp-json\/wp\/v2\/pages\/33"}],"wp:featuredmedia":[{"embeddable":true,"href":"https:\/\/szkolenia-udt.pl\/es\/wp-json\/wp\/v2\/media\/586"}],"wp:attachment":[{"href":"https:\/\/szkolenia-udt.pl\/es\/wp-json\/wp\/v2\/media?parent=233"}],"curies":[{"name":"wp","href":"https:\/\/api.w.org\/{rel}","templated":true}]}}