{"id":235,"date":"2014-10-08T17:06:42","date_gmt":"2014-10-08T17:06:42","guid":{"rendered":"http:\/\/szkolenia-udt.pl\/?page_id=235"},"modified":"2021-08-31T22:10:01","modified_gmt":"2021-08-31T22:10:01","slug":"actividades-prohibidas-al-manejar-una-carretilla-elevadora","status":"publish","type":"page","link":"https:\/\/szkolenia-udt.pl\/es\/kursy\/wozki-widlowe\/czynnosci-zabronione-przy-obsludze-wozka-widlowego\/","title":{"rendered":"Actividades prohibidas durante la operaci\u00f3n del montacargas"},"content":{"rendered":"<div style=\"float: left; padding-right: 10px;\"><div id=\"metaslider-id-605\" style=\"max-width: 300px;\" class=\"ml-slider-3-107-0 metaslider metaslider-flex metaslider-605 ml-slider ms-theme-default nav-hidden\" role=\"region\" aria-label=\"Actividades prohibidas en los carritos\" data-height=\"225\" data-width=\"300\">\n    <div id=\"metaslider_container_605\">\n        <div id=\"metaslider_605\">\n            <ul class='slides'>\n                <li style=\"display: block; width: 100%;\" class=\"slide-580 ms-image\" aria-roledescription=\"slide\" data-date=\"2014-10-12 05:36:13\" data-filename=\"Kurs-W\u00f3zek-Wid\u0142owy.jpg\" data-slide-type=\"image\"><img loading=\"lazy\" decoding=\"async\" src=\"https:\/\/szkolenia-udt.pl\/wp-content\/uploads\/2014\/10\/Kurs-W\u00f3zek-Wid\u0142owy.jpg\" height=\"225\" width=\"300\" alt=\"\" class=\"slider-605 slide-580 msDefaultImage\" \/><\/li>\n                <li style=\"display: none; width: 100%;\" class=\"slide-579 ms-image\" aria-roledescription=\"slide\" data-date=\"2014-10-12 05:36:12\" data-filename=\"Szkolenie-W\u00f3zki-wid\u0142owe.jpg\" data-slide-type=\"image\"><img loading=\"lazy\" decoding=\"async\" src=\"https:\/\/szkolenia-udt.pl\/wp-content\/uploads\/2014\/10\/Szkolenie-W\u00f3zki-wid\u0142owe.jpg\" height=\"225\" width=\"300\" alt=\"Entrenamiento de montacargas\" class=\"slider-605 slide-579 msDefaultImage\" \/><\/li>\n                <li style=\"display: none; width: 100%;\" class=\"slide-591 ms-image\" aria-roledescription=\"slide\" data-date=\"2014-10-12 05:43:41\" data-filename=\"Kursy-W\u00f3zki-wid\u0142owe.jpg\" data-slide-type=\"image\"><img loading=\"lazy\" decoding=\"async\" src=\"https:\/\/szkolenia-udt.pl\/wp-content\/uploads\/2014\/10\/Kursy-W\u00f3zki-wid\u0142owe.jpg\" height=\"225\" width=\"300\" alt=\"Un curso para un operador de montacargas\" class=\"slider-605 slide-591 msDefaultImage\" \/><\/li>\n                <li style=\"display: none; width: 100%;\" class=\"slide-594 ms-image\" aria-roledescription=\"slide\" data-date=\"2014-10-12 05:43:43\" data-filename=\"Szkolenia-w\u00f3zki-wid\u0142owe1.jpg\" data-slide-type=\"image\"><img loading=\"lazy\" decoding=\"async\" src=\"https:\/\/szkolenia-udt.pl\/wp-content\/uploads\/2014\/10\/Szkolenia-w\u00f3zki-wid\u0142owe1.jpg\" height=\"225\" width=\"300\" alt=\"\" class=\"slider-605 slide-594 msDefaultImage\" \/><\/li>\n                <li style=\"display: none; width: 100%;\" class=\"slide-1212 ms-image\" aria-roledescription=\"slide\" data-date=\"2014-11-17 21:42:16\" data-filename=\"wozki5a.jpg\" data-slide-type=\"image\"><img loading=\"lazy\" decoding=\"async\" src=\"https:\/\/szkolenia-udt.pl\/wp-content\/uploads\/2014\/11\/wozki5a.jpg\" height=\"225\" width=\"300\" alt=\"\" class=\"slider-605 slide-1212 msDefaultImage\" \/><\/li>\n            <\/ul>\n        <\/div>\n        \n    <\/div>\n<\/div><\/div>\n<div class=\"wyjustuj\">Las carretillas elevadoras que se utilizan a diario en muchos centros de trabajo requieren un permiso para su manejo. Se pueden obtener eligiendo un curso de carretillas elevadoras, durante el cual los participantes aprenden a maniobrar correctamente este tipo de equipos. Nuestros cursos de carretillas elevadoras <a href=\"https:\/\/szkolenia-udt.pl\/es\/o-firmie\/\">La estaci\u00f3n<\/a> Los cursos de carretillas elevadoras imparten amplios conocimientos y habilidades sobre la construcci\u00f3n del equipo y su funcionamiento. Se hace hincapi\u00e9 sobre todo en los principios de salud y seguridad, ya que no es nada dif\u00edcil tener un accidente al manejar una carretilla elevadora. Las normas de salud y seguridad se aplican al operador antes, durante y despu\u00e9s de trabajar con la carretilla. Entre otras cosas, es importante comprobar a fondo el equipo, conocer su funcionamiento, los par\u00e1metros t\u00e9cnicos como la capacidad de elevaci\u00f3n, la altura m\u00e1xima de la carga a elevar o la forma \u00f3ptima de colocar la carga en las horquillas de la carretilla. Adem\u00e1s, todo operario debe conocer la lista de actividades prohibidas al manejar una carretilla elevadora. Lo presentamos a continuaci\u00f3n.<br \/>\n<strong><br \/>\nLo que hay que tener en cuenta:<\/strong><\/p>\n<ul>\n<li>no utilice el equipo bajo la influencia del alcohol u otras drogas<\/li>\n<li>comprobar la carga m\u00e1xima de trabajo para no sobrecargar la m\u00e1quina<\/li>\n<li>la silla de ruedas no puede utilizarse para fines distintos de los previstos<\/li>\n<li>El aparato s\u00f3lo puede ser manejado por una persona que tenga <a href=\"https:\/\/szkolenia-udt.pl\/es\/kursy\/wozki-widlowe\/\">licencia de montacargas<\/a><\/li>\n<li>est\u00e1 prohibido superar el l\u00edmite de velocidad<\/li>\n<li>est\u00e1 prohibido acelerar y frenar bruscamente<\/li>\n<li>el aparato no debe dejarse en funcionamiento<\/li>\n<li>hay que tener cuidado al superar las pendientes<\/li>\n<li>no es posible conducir una silla de ruedas contra otros objetos<\/li>\n<li>las cubiertas de seguridad no pueden ser retiradas<\/li>\n<li>no se pueden utilizar llamas desnudas mientras se conduce el carro<\/li>\n<li>se proh\u00edbe realizar cualquier modificaci\u00f3n no autorizada en el aparato<\/li>\n<li>las cargas no pueden dejarse en las horquillas elevadas<\/li>\n<li>est\u00e1 prohibido permanecer o caminar bajo las horquillas elevadas de un aparato<\/li>\n<li>la carretilla elevadora no debe utilizarse con el calzado o las manos resbaladizas<\/li>\n<li>no est\u00e1 permitido descender por superficies inclinadas con la transmisi\u00f3n desconectada o en punto muerto<\/li>\n<li>la posici\u00f3n del m\u00e1stil no puede modificarse durante el giro<\/li>\n<li>no est\u00e1 permitido circular con la silla de ruedas por superficies no aptas para ello<\/li>\n<\/ul>\n<p>Le recordamos que necesita un permiso de carretilla elevadora para manejar el equipo. Es posible obtenerlos sin pasar un examen en la Oficina de Inspecci\u00f3n T\u00e9cnica, pero la obtenci\u00f3n de t\u00edtulos de la UDT de Varsovia o de otras sucursales es siempre una decisi\u00f3n de futuro, ya que son valorados por los empleadores.<\/p>\n<\/div>","protected":false},"excerpt":{"rendered":"<p>Codziennie wykorzystywane w wielu zak\u0142adach pracy w\u00f3zki wid\u0142owe wymagaj\u0105 posiadania uprawnie\u0144 do ich obs\u0142ugi. Mo\u017cna uzyska\u0107 je, wybieraj\u0105c kurs w\u00f3zka wid\u0142owego, podczas kt\u00f3rego uczestnicy dowiaduj\u0105 si\u0119, jak nale\u017cy prawid\u0142owo manewrowa\u0107 tego rodzaju urz\u0105dzeniami. Prowadzone w naszym O\u015brodku kursy na w\u00f3zki wid\u0142owe przekazuj\u0105 kompleksow\u0105 wiedz\u0119 oraz umiej\u0119tno\u015bci dotycz\u0105ce budowy urz\u0105dze\u0144 i ich eksploatacji. Nacisk k\u0142adziemy przede [&hellip;]<\/p>\n","protected":false},"author":3,"featured_media":580,"parent":33,"menu_order":0,"comment_status":"closed","ping_status":"closed","template":"","meta":{"footnotes":""},"class_list":["post-235","page","type-page","status-publish","has-post-thumbnail","hentry"],"aioseo_notices":[],"_links":{"self":[{"href":"https:\/\/szkolenia-udt.pl\/es\/wp-json\/wp\/v2\/pages\/235","targetHints":{"allow":["GET"]}}],"collection":[{"href":"https:\/\/szkolenia-udt.pl\/es\/wp-json\/wp\/v2\/pages"}],"about":[{"href":"https:\/\/szkolenia-udt.pl\/es\/wp-json\/wp\/v2\/types\/page"}],"author":[{"embeddable":true,"href":"https:\/\/szkolenia-udt.pl\/es\/wp-json\/wp\/v2\/users\/3"}],"replies":[{"embeddable":true,"href":"https:\/\/szkolenia-udt.pl\/es\/wp-json\/wp\/v2\/comments?post=235"}],"version-history":[{"count":5,"href":"https:\/\/szkolenia-udt.pl\/es\/wp-json\/wp\/v2\/pages\/235\/revisions"}],"predecessor-version":[{"id":1622,"href":"https:\/\/szkolenia-udt.pl\/es\/wp-json\/wp\/v2\/pages\/235\/revisions\/1622"}],"up":[{"embeddable":true,"href":"https:\/\/szkolenia-udt.pl\/es\/wp-json\/wp\/v2\/pages\/33"}],"wp:featuredmedia":[{"embeddable":true,"href":"https:\/\/szkolenia-udt.pl\/es\/wp-json\/wp\/v2\/media\/580"}],"wp:attachment":[{"href":"https:\/\/szkolenia-udt.pl\/es\/wp-json\/wp\/v2\/media?parent=235"}],"curies":[{"name":"wp","href":"https:\/\/api.w.org\/{rel}","templated":true}]}}