{"id":237,"date":"2014-10-08T17:07:15","date_gmt":"2014-10-08T17:07:15","guid":{"rendered":"http:\/\/szkolenia-udt.pl\/?page_id=237"},"modified":"2021-08-31T22:08:40","modified_gmt":"2021-08-31T22:08:40","slug":"construccion-de-un-camion-movil","status":"publish","type":"page","link":"https:\/\/szkolenia-udt.pl\/es\/kursy\/wozki-widlowe\/budowa-wozka-jezdniowego\/","title":{"rendered":"construcci\u00f3n de un cami\u00f3n"},"content":{"rendered":"<div class=\"wyjustuj\">\n<p><a href=\"https:\/\/szkolenia-udt.pl\/es\/kursy\/wozki-widlowe\/\">Cursos de carretillas elevadoras<\/a> muestran los componentes de estas m\u00e1quinas. Todo operador debe conocer los componentes de las carretillas elevadoras, lo que tambi\u00e9n es importante para su funcionamiento seguro y correcto.<\/p>\n<h2><strong>Los siguientes son todos los elementos de la construcci\u00f3n de las carretillas elevadoras: <\/strong><\/h2>\n<ul>\n<li>bastidor de la m\u00e1quina - de acero, su tama\u00f1o y forma dependen del tipo de carro<\/li>\n<li>chasis de bogie - tres o cuatro ruedas seg\u00fan el tipo de bogie<\/li>\n<li>motor: la mayor\u00eda de las carretillas est\u00e1n equipadas con motores de GLP, pero tambi\u00e9n se utilizan carretillas el\u00e9ctricas, de bater\u00eda, de gasolina o di\u00e9sel<\/li>\n<li>m\u00e1stil - es la parte en forma de bastidor vertical en la que se fijan el carro y sus horquillas<\/li>\n<li>carro - placa frontal que est\u00e1 conectada al m\u00e1stil, las horquillas est\u00e1n unidas al carro<\/li>\n<li>horquillas - fijadas al carro, est\u00e1n dise\u00f1adas para transportar cargas y pueden tener diferentes dimensiones y accesorios adicionales en funci\u00f3n de la carga, por ejemplo, barriles<\/li>\n<li>rejilla de protecci\u00f3n - se utiliza para evitar que la carga se mueva<\/li>\n<li>contrapeso - se encuentra en la parte trasera del carro y su finalidad es cargar el carro cuando se transportan cargas para mantener la estabilidad<\/li>\n<li>jaula de seguridad - protege al operador de la carretilla de las cargas<\/li>\n<li>cabina del operador - abierta pero cerrada por los lados, protegiendo as\u00ed al operador, la cabina contiene las herramientas para controlar la carretilla, incluyendo pedales, volante, palancas<\/li>\n<\/ul>\n<div style=\"float: left; padding-right: 10px;\"><div id=\"metaslider-id-1427\" style=\"max-width: 300px;\" class=\"ml-slider-3-108-0 metaslider metaslider-flex metaslider-1427 ml-slider ms-theme-default nav-hidden\" role=\"region\" aria-label=\"Construcci\u00f3n2\" data-height=\"225\" data-width=\"300\">\n    <div id=\"metaslider_container_1427\">\n        <div id=\"metaslider_1427\">\n            <ul class='slides'>\n                <li style=\"display: block; width: 100%;\" class=\"slide-1425 ms-image\" aria-roledescription=\"slide\" data-date=\"2015-07-11 06:23:04\" data-filename=\"resbudowa_Fork-Lift_04.jpg\" data-slide-type=\"image\"><img loading=\"lazy\" decoding=\"async\" src=\"https:\/\/szkolenia-udt.pl\/wp-content\/uploads\/2015\/07\/resbudowa_Fork-Lift_04.jpg\" height=\"225\" width=\"300\" alt=\"\" class=\"slider-1427 slide-1425 msDefaultImage\" \/><\/li>\n                <li style=\"display: none; width: 100%;\" class=\"slide-1426 ms-image\" aria-roledescription=\"slide\" data-date=\"2015-07-11 06:23:04\" data-filename=\"resbudowa_maszt_i_rezzta.jpg\" data-slide-type=\"image\"><img loading=\"lazy\" decoding=\"async\" src=\"https:\/\/szkolenia-udt.pl\/wp-content\/uploads\/2015\/07\/resbudowa_maszt_i_rezzta.jpg\" height=\"225\" width=\"300\" alt=\"\" class=\"slider-1427 slide-1426 msDefaultImage\" \/><\/li>\n                <li style=\"display: none; width: 100%;\" class=\"slide-1423 ms-image\" aria-roledescription=\"slide\" data-date=\"2015-07-11 06:23:03\" data-filename=\"resbudowa_2013-02-05-091000214875.jpg\" data-slide-type=\"image\"><img loading=\"lazy\" decoding=\"async\" src=\"https:\/\/szkolenia-udt.pl\/wp-content\/uploads\/2015\/07\/resbudowa_2013-02-05-091000214875.jpg\" height=\"225\" width=\"300\" alt=\"\" class=\"slider-1427 slide-1423 msDefaultImage\" \/><\/li>\n                <li style=\"display: none; width: 100%;\" class=\"slide-1424 ms-image\" aria-roledescription=\"slide\" data-date=\"2015-07-11 06:23:03\" data-filename=\"resbudowa_bww1.jpg\" data-slide-type=\"image\"><img loading=\"lazy\" decoding=\"async\" src=\"https:\/\/szkolenia-udt.pl\/wp-content\/uploads\/2015\/07\/resbudowa_bww1.jpg\" height=\"225\" width=\"300\" alt=\"\" class=\"slider-1427 slide-1424 msDefaultImage\" \/><\/li>\n                <li style=\"display: none; width: 100%;\" class=\"slide-1422 ms-image\" aria-roledescription=\"slide\" data-date=\"2015-07-11 06:23:02\" data-filename=\"resbudowa_2_Ton_diesel_forklift_truck_634594464567574414_1.jpg\" data-slide-type=\"image\"><img loading=\"lazy\" decoding=\"async\" src=\"https:\/\/szkolenia-udt.pl\/wp-content\/uploads\/2015\/07\/resbudowa_2_Ton_diesel_forklift_truck_634594464567574414_1.jpg\" height=\"225\" width=\"300\" alt=\"\" class=\"slider-1427 slide-1422 msDefaultImage\" \/><\/li>\n            <\/ul>\n        <\/div>\n        \n    <\/div>\n<\/div><\/div>\n<p>Las carretillas elevadoras est\u00e1n equipadas con sistemas hidr\u00e1ulicos que son responsables de la velocidad de elevaci\u00f3n de las cargas en las horquillas. Dependiendo de su dise\u00f1o, las carretillas elevadoras tambi\u00e9n pueden incluir otros componentes, a los que se hace referencia en el curso de carretillas elevadoras de nuestra oferta.<\/p>\n<p>El conocimiento de la construcci\u00f3n de las carretillas elevadoras m\u00e1s utilizadas es muy \u00fatil a la hora de manejar la m\u00e1quina. Sin embargo, antes de empezar a trabajar con una carretilla nueva, el operario debe familiarizarse siempre con su construcci\u00f3n y con sus condiciones de funcionamiento y par\u00e1metros t\u00e9cnicos para evitar posibles accidentes.<\/p>\n<\/div>","protected":false},"excerpt":{"rendered":"<p>Kursy na w\u00f3zki wid\u0142owe przedstawiaj\u0105, z jakich element\u00f3w zbudowane s\u0105 te urz\u0105dzenia. Ka\u017cdy operator powinien wiedzie\u0107, z jakich element\u00f3w zbudowane s\u0105 w\u00f3zki, co ma tak\u017ce znaczenie dla ich bezpiecznej i prawid\u0142owej obs\u0142ugi. Poni\u017cej przedstawiamy wszystkie elementy budowy w\u00f3zk\u00f3w jezdniowych podno\u015bnikowych: rama urz\u0105dzenia \u2013 wykonana ze stali, jej wielko\u015b\u0107 i kszta\u0142t zale\u017cne s\u0105 od typu w\u00f3zka [&hellip;]<\/p>\n","protected":false},"author":3,"featured_media":1425,"parent":33,"menu_order":0,"comment_status":"closed","ping_status":"closed","template":"","meta":{"footnotes":""},"class_list":["post-237","page","type-page","status-publish","has-post-thumbnail","hentry"],"aioseo_notices":[],"_links":{"self":[{"href":"https:\/\/szkolenia-udt.pl\/es\/wp-json\/wp\/v2\/pages\/237","targetHints":{"allow":["GET"]}}],"collection":[{"href":"https:\/\/szkolenia-udt.pl\/es\/wp-json\/wp\/v2\/pages"}],"about":[{"href":"https:\/\/szkolenia-udt.pl\/es\/wp-json\/wp\/v2\/types\/page"}],"author":[{"embeddable":true,"href":"https:\/\/szkolenia-udt.pl\/es\/wp-json\/wp\/v2\/users\/3"}],"replies":[{"embeddable":true,"href":"https:\/\/szkolenia-udt.pl\/es\/wp-json\/wp\/v2\/comments?post=237"}],"version-history":[{"count":13,"href":"https:\/\/szkolenia-udt.pl\/es\/wp-json\/wp\/v2\/pages\/237\/revisions"}],"predecessor-version":[{"id":2509,"href":"https:\/\/szkolenia-udt.pl\/es\/wp-json\/wp\/v2\/pages\/237\/revisions\/2509"}],"up":[{"embeddable":true,"href":"https:\/\/szkolenia-udt.pl\/es\/wp-json\/wp\/v2\/pages\/33"}],"wp:featuredmedia":[{"embeddable":true,"href":"https:\/\/szkolenia-udt.pl\/es\/wp-json\/wp\/v2\/media\/1425"}],"wp:attachment":[{"href":"https:\/\/szkolenia-udt.pl\/es\/wp-json\/wp\/v2\/media?parent=237"}],"curies":[{"name":"wp","href":"https:\/\/api.w.org\/{rel}","templated":true}]}}