{"id":2397,"date":"2021-08-19T12:12:22","date_gmt":"2021-08-19T12:12:22","guid":{"rendered":"https:\/\/szkolenia-udt.pl\/?page_id=2397"},"modified":"2022-08-31T21:24:14","modified_gmt":"2022-08-31T19:24:14","slug":"curso-de-plataformas-aereas-de-trabajo","status":"publish","type":"page","link":"https:\/\/szkolenia-udt.pl\/es\/kursy\/uprawnienia-udt-tdt-wdt\/kurs-podnosnik-koszowy\/","title":{"rendered":"Curso para una elevaci\u00f3n de cesta"},"content":{"rendered":"<p><a href=\"https:\/\/szkolenia-udt.pl\/wp-content\/uploads\/2021\/08\/szkolenia-udt.pl-0014-OPUBLIKOWANY-v2.jpg\"><img loading=\"lazy\" decoding=\"async\" class=\"paddingleft10 wp-image-2502 size-medium alignleft\" src=\"https:\/\/szkolenia-udt.pl\/wp-content\/uploads\/2021\/08\/szkolenia-udt.pl-0014-OPUBLIKOWANY-v2-300x199.jpg\" alt=\"Las plataformas son dispositivos de manipulaci\u00f3n de materiales con una plataforma y un brazo montados en un carro.\" width=\"300\" height=\"199\" srcset=\"https:\/\/szkolenia-udt.pl\/wp-content\/uploads\/2021\/08\/szkolenia-udt.pl-0014-OPUBLIKOWANY-v2-300x199.jpg 300w, https:\/\/szkolenia-udt.pl\/wp-content\/uploads\/2021\/08\/szkolenia-udt.pl-0014-OPUBLIKOWANY-v2-1024x680.jpg 1024w, https:\/\/szkolenia-udt.pl\/wp-content\/uploads\/2021\/08\/szkolenia-udt.pl-0014-OPUBLIKOWANY-v2-768x510.jpg 768w, https:\/\/szkolenia-udt.pl\/wp-content\/uploads\/2021\/08\/szkolenia-udt.pl-0014-OPUBLIKOWANY-v2-1536x1020.jpg 1536w, https:\/\/szkolenia-udt.pl\/wp-content\/uploads\/2021\/08\/szkolenia-udt.pl-0014-OPUBLIKOWANY-v2-2048x1360.jpg 2048w\" sizes=\"auto, (max-width: 300px) 100vw, 300px\" \/><\/a>Esta capacitaci\u00f3n le permite aprender los detalles de operaci\u00f3n, construcci\u00f3n, principios de operaci\u00f3n de plataformas a\u00e9reas de trabajo: elevadores populares. Los candidatos a operadores de estos dispositivos aprenden aspectos te\u00f3ricos y pr\u00e1cticos necesarios para aprobar el examen UDT. Los entrenamientos se organizan en varios niveles de avance, tambi\u00e9n para principiantes que a\u00fan no han tenido que lidiar con subidas.<\/p>\n<h2>Plataformas a\u00e9reas de trabajo - dispositivos bajo supervisi\u00f3n t\u00e9cnica<\/h2>\n<p>Las plataformas de cestas (ascensores, elevadores) son dispositivos de manipulaci\u00f3n de materiales, es decir, aquellos que se utilizan para mover personas, materiales, herramientas al lugar de trabajo en altura. En la clasificaci\u00f3n UDT, las plataformas a\u00e9reas se clasifican como plataformas m\u00f3viles m\u00f3viles, dentro de las cuales pertenecen a la categor\u00eda de plataformas m\u00f3viles autopropulsadas. Est\u00e1n sujetos a supervisi\u00f3n t\u00e9cnica, lo que significa, entre otras cosas, la obligaci\u00f3n de mantener la documentaci\u00f3n del funcionamiento de estos dispositivos, realizar pruebas e inspecciones, y para los operadores, la necesidad de obtener licencias que confirmen las calificaciones profesionales en la Oficina de Inspecci\u00f3n T\u00e9cnica.<\/p>\n<p>Caracter\u00edsticas de los aumentos:<\/p>\n<ul>\n<li>La cesta\/plataforma se coloca sobre un brazo hidr\u00e1ulico<\/li>\n<li>El brazo est\u00e1 unido a la columna por un soporte giratorio unido al chasis del veh\u00edculo<\/li>\n<li>Est\u00e1n equipados con brazo telesc\u00f3pico, de tijera o articulado<\/li>\n<li>Dependiendo de las dimensiones, tipo de accionamiento y plataforma, se pueden utilizar en exteriores o interiores.<\/li>\n<li>Los modelos individuales difieren en par\u00e1metros tales como: el dise\u00f1o del sistema de elevaci\u00f3n (articulado, articulado-telesc\u00f3pico, tijera), altura de trabajo, altura de elevaci\u00f3n, capacidad m\u00e1xima de elevaci\u00f3n, peso del dispositivo, \u00e1ngulo de rotaci\u00f3n, voladizos y rango de trabajo, adaptaci\u00f3n a trabajo el\u00e9ctrico<\/li>\n<\/ul>\n<h2>\u00bfCu\u00e1l es el curso para el operador de plataformas m\u00f3viles - ascensores?<\/h2>\n<p>Al igual que con toda la capacitaci\u00f3n en plataformas m\u00f3viles, <a href=\"https:\/\/szkolenia-udt.pl\/es\/kursy\/uprawnienia-udt-tdt-wdt\/podnosniki-koszowe\/\">un curso para plataformas a\u00e9reas de trabajo<\/a> Su prop\u00f3sito es preparar a los participantes para el examen UDT. Los instructores aportan conocimientos sobre la construcci\u00f3n de ascensores y sus elementos individuales, normativa relacionada con la seguridad, supervisi\u00f3n t\u00e9cnica, investigaci\u00f3n y ensayos. La formaci\u00f3n consta de clases te\u00f3ricas y una parte pr\u00e1ctica, durante la cual los alumnos aprenden individualmente c\u00f3mo operar los ascensores y las normas de seguridad aplicables a la operaci\u00f3n.<\/p>\n<h2>Curso - plataformas a\u00e9reas de trabajo: detalles organizativos<\/h2>\n<ul>\n<li>Fechas del curso: vea el horario en el sitio web para las fechas actuales<\/li>\n<li>Lugar: ciudades donde se realizan los cursos de plataformas a\u00e9reas de trabajo: Varsovia, Cracovia, Katowice. Para los clientes comerciales, tambi\u00e9n podemos organizar la formaci\u00f3n en otros lugares de Polonia. Tambi\u00e9n es posible participar en cursos en l\u00ednea.<\/li>\n<li>Que contiene <a href=\"https:\/\/szkolenia-udt.pl\/es\/oferta\/\">precio<\/a>: clases pr\u00e1cticas y te\u00f3ricas, acceso a materiales en la plataforma educativa, acceso a dispositivos y equipos de seguridad y salud, certificado de finalizaci\u00f3n del curso, refrigerios durante las pausas para el caf\u00e9, realizaci\u00f3n del examen ante la comisi\u00f3n UDT<\/li>\n<li>Duraci\u00f3n del curso: dependiendo de la experiencia y necesidades de los participantes, desde unas 8 horas (para personas con experiencia) hasta unas 20-35 horas (para principiantes)<\/li>\n<\/ul>\n<div class=\"filmw\">\n<div class=\"responsive-youtube\"><iframe loading=\"lazy\" title=\"Reproductor de v\u00eddeo de YouTube\" src=\"https:\/\/www.youtube.com\/embed\/OUKdY5V51M4\" width=\"560\" height=\"315\" frameborder=\"0\" allowfullscreen=\"allowfullscreen\"><\/iframe><\/div>\n<\/div>\n<h2>Examen despu\u00e9s del curso de ascensores<\/h2>\n<p>Despu\u00e9s de completar el curso y aprobar una prueba interna, los participantes pueden realizar un examen externo. Aprobarlo significa que la Oficina de Inspecci\u00f3n T\u00e9cnica le ha otorgado calificaciones que le permiten trabajar como operador. El examen se lleva a cabo en forma de prueba con preguntas cerradas, y luego el examinador asigna tareas al candidato en el patio de maniobras y verifica la capacidad para manejar aumentos.<\/p>\n<h2>Elegibilidad de Crecimiento - Oportunidades de Empleo<\/h2>\n<p>Un ascensorista puede buscar trabajo, entre otros, en empresas que se ocupan de:<\/p>\n<ul>\n<li>Trabajo de construcci\u00f3n<\/li>\n<li>Trabajos de renovaci\u00f3n en edificios - dentro y fuera<\/li>\n<li>Mantenimiento, montaje y mantenimiento de instalaciones<\/li>\n<li>Reparaciones de alumbrado, sem\u00e1foros<\/li>\n<li>Limpieza de tejados, fachadas, cristales<\/li>\n<li>Instalaci\u00f3n de vallas publicitarias, anuncios luminosos y otros anuncios de gran formato<\/li>\n<\/ul>\n<p><a href=\"https:\/\/szkolenia-udt.pl\/wp-content\/uploads\/2021\/08\/0016-oso-podnosniki-koszowe.jpg\"><img loading=\"lazy\" decoding=\"async\" class=\"alignnone wp-image-2399 size-large\" src=\"https:\/\/szkolenia-udt.pl\/wp-content\/uploads\/2021\/08\/0016-oso-podnosniki-koszowe-1024x853.jpg\" alt=\"Las plataformas a\u00e9reas de trabajo se pueden utilizar para trabajos de renovaci\u00f3n, construcci\u00f3n y montaje.\" width=\"750\" height=\"625\" srcset=\"https:\/\/szkolenia-udt.pl\/wp-content\/uploads\/2021\/08\/0016-oso-podnosniki-koszowe-1024x853.jpg 1024w, https:\/\/szkolenia-udt.pl\/wp-content\/uploads\/2021\/08\/0016-oso-podnosniki-koszowe-300x250.jpg 300w, https:\/\/szkolenia-udt.pl\/wp-content\/uploads\/2021\/08\/0016-oso-podnosniki-koszowe-768x640.jpg 768w, https:\/\/szkolenia-udt.pl\/wp-content\/uploads\/2021\/08\/0016-oso-podnosniki-koszowe.jpg 1200w\" sizes=\"auto, (max-width: 750px) 100vw, 750px\" \/><\/a><\/p>","protected":false},"excerpt":{"rendered":"<p>To szkolenie, kt\u00f3re pozwala pozna\u0107 specyfik\u0119 dzia\u0142ania, budow\u0119, zasady obs\u0142ugi podno\u015bnik\u00f3w koszowych \u2013 popularnych zwy\u017cek. Kandydaci na operator\u00f3w tych urz\u0105dze\u0144 ucz\u0105 si\u0119 zagadnie\u0144 teoretycznych i praktycznych, niezb\u0119dnych do zaliczenia egzaminu na uprawnienia UDT. Szkolenia s\u0105 organizowane na r\u00f3\u017cnych poziomach zaawansowania, tak\u017ce dla os\u00f3b pocz\u0105tkuj\u0105cych, kt\u00f3re nie mia\u0142y jeszcze do czynienia ze zwy\u017ckami. Podno\u015bniki koszowe &#8211; [&hellip;]<\/p>\n","protected":false},"author":3,"featured_media":2502,"parent":2266,"menu_order":0,"comment_status":"closed","ping_status":"closed","template":"","meta":{"footnotes":""},"class_list":["post-2397","page","type-page","status-publish","has-post-thumbnail","hentry"],"aioseo_notices":[],"_links":{"self":[{"href":"https:\/\/szkolenia-udt.pl\/es\/wp-json\/wp\/v2\/pages\/2397","targetHints":{"allow":["GET"]}}],"collection":[{"href":"https:\/\/szkolenia-udt.pl\/es\/wp-json\/wp\/v2\/pages"}],"about":[{"href":"https:\/\/szkolenia-udt.pl\/es\/wp-json\/wp\/v2\/types\/page"}],"author":[{"embeddable":true,"href":"https:\/\/szkolenia-udt.pl\/es\/wp-json\/wp\/v2\/users\/3"}],"replies":[{"embeddable":true,"href":"https:\/\/szkolenia-udt.pl\/es\/wp-json\/wp\/v2\/comments?post=2397"}],"version-history":[{"count":4,"href":"https:\/\/szkolenia-udt.pl\/es\/wp-json\/wp\/v2\/pages\/2397\/revisions"}],"predecessor-version":[{"id":3236,"href":"https:\/\/szkolenia-udt.pl\/es\/wp-json\/wp\/v2\/pages\/2397\/revisions\/3236"}],"up":[{"embeddable":true,"href":"https:\/\/szkolenia-udt.pl\/es\/wp-json\/wp\/v2\/pages\/2266"}],"wp:featuredmedia":[{"embeddable":true,"href":"https:\/\/szkolenia-udt.pl\/es\/wp-json\/wp\/v2\/media\/2502"}],"wp:attachment":[{"href":"https:\/\/szkolenia-udt.pl\/es\/wp-json\/wp\/v2\/media?parent=2397"}],"curies":[{"name":"wp","href":"https:\/\/api.w.org\/{rel}","templated":true}]}}