{"id":240,"date":"2014-10-08T17:08:41","date_gmt":"2014-10-08T17:08:41","guid":{"rendered":"http:\/\/szkolenia-udt.pl\/?page_id=240"},"modified":"2021-08-31T22:00:51","modified_gmt":"2021-08-31T22:00:51","slug":"funcionamiento-de-plataformas-moviles","status":"publish","type":"page","link":"https:\/\/szkolenia-udt.pl\/es\/kursy\/podesty-ruchome\/obsluga-podestow-ruchomych\/","title":{"rendered":"Servicio de plataformas m\u00f3viles"},"content":{"rendered":"<div style=\"float: left; padding-right: 10px;\"><div id=\"metaslider-id-1219\" style=\"max-width: 300px;\" class=\"ml-slider-3-108-0 metaslider metaslider-flex metaslider-1219 ml-slider ms-theme-default nav-hidden\" role=\"region\" aria-label=\"Plataformas m\u00f3viles 3\" data-height=\"225\" data-width=\"300\">\n    <div id=\"metaslider_container_1219\">\n        <div id=\"metaslider_1219\">\n            <ul class='slides'>\n                <li style=\"display: block; width: 100%;\" class=\"slide-1218 ms-image\" aria-roledescription=\"slide\" data-date=\"2014-11-18 10:21:09\" data-filename=\"78XE_001a.jpg\" data-slide-type=\"image\"><img loading=\"lazy\" decoding=\"async\" src=\"https:\/\/szkolenia-udt.pl\/wp-content\/uploads\/2014\/11\/78XE_001a.jpg\" height=\"225\" width=\"300\" alt=\"ascensores\" class=\"slider-1219 slide-1218 msDefaultImage\" \/><\/li>\n                <li style=\"display: none; width: 100%;\" class=\"slide-1217 ms-image\" aria-roledescription=\"slide\" data-date=\"2014-11-18 10:21:08\" data-filename=\"78SEC_006a.jpg\" data-slide-type=\"image\"><img loading=\"lazy\" decoding=\"async\" src=\"https:\/\/szkolenia-udt.pl\/wp-content\/uploads\/2014\/11\/78SEC_006a.jpg\" height=\"225\" width=\"300\" alt=\"formacion udt\" class=\"slider-1219 slide-1217 msDefaultImage\" \/><\/li>\n                <li style=\"display: none; width: 100%;\" class=\"slide-1216 ms-image\" aria-roledescription=\"slide\" data-date=\"2014-11-18 10:21:07\" data-filename=\"78SEC_004a.jpg\" data-slide-type=\"image\"><img loading=\"lazy\" decoding=\"async\" src=\"https:\/\/szkolenia-udt.pl\/wp-content\/uploads\/2014\/11\/78SEC_004a.jpg\" height=\"225\" width=\"300\" alt=\"varsovia cursos udt\" class=\"slider-1219 slide-1216 msDefaultImage\" \/><\/li>\n                <li style=\"display: none; width: 100%;\" class=\"slide-1215 ms-image\" aria-roledescription=\"slide\" data-date=\"2014-11-18 10:21:06\" data-filename=\"60V_026a.jpg\" data-slide-type=\"image\"><img loading=\"lazy\" decoding=\"async\" src=\"https:\/\/szkolenia-udt.pl\/wp-content\/uploads\/2014\/11\/60V_026a.jpg\" height=\"225\" width=\"300\" alt=\"centro de formacion de la udt\" class=\"slider-1219 slide-1215 msDefaultImage\" \/><\/li>\n                <li style=\"display: none; width: 100%;\" class=\"slide-1214 ms-image\" aria-roledescription=\"slide\" data-date=\"2014-11-18 10:21:04\" data-filename=\"60V_007a.jpg\" data-slide-type=\"image\"><img loading=\"lazy\" decoding=\"async\" src=\"https:\/\/szkolenia-udt.pl\/wp-content\/uploads\/2014\/11\/60V_007a.jpg\" height=\"225\" width=\"300\" alt=\"\" class=\"slider-1219 slide-1214 msDefaultImage\" \/><\/li>\n            <\/ul>\n        <\/div>\n        \n    <\/div>\n<\/div><\/div>\n<div class=\"wyjustuj\">\n<p>Para operar plataformas m\u00f3viles, es necesario realizar una formaci\u00f3n que da derecho a realizar un examen ante la Oficina de Inspecci\u00f3n T\u00e9cnica. Una vez superado el examen, el participante recibe una licencia UDT. Los cursos abarcan informaci\u00f3n relacionada con la construcci\u00f3n y el funcionamiento de los equipos, as\u00ed como las normas de salud y seguridad. A continuaci\u00f3n se exponen las normas relativas al funcionamiento de equipos como las plataformas m\u00f3viles, de desplazamiento y de movimiento lento.<\/p>\n<h2 class=\"boldnagl\"><strong>Uso de plataformas y tratamiento de accidentes<\/strong><\/h2>\n<p>Las plataformas m\u00f3viles s\u00f3lo pueden ser utilizadas por personas con la debida autorizaci\u00f3n. Todas las personas que utilicen el equipo deben estar familiarizadas con sus condiciones de funcionamiento. Est\u00e1 prohibido utilizar las plataformas si no se est\u00e1 familiarizado con los procedimientos de rescate o si no hay personas en las proximidades que est\u00e9n familiarizadas con su uso.<\/p>\n<h2 class=\"boldnagl\"><strong>Antes de trasladar la plataforma m\u00f3vil<\/strong><\/h2>\n<p>Antes de empezar a trabajar, la plataforma m\u00f3vil debe ser revisada por el operario para comprobar los da\u00f1os y las caracter\u00edsticas t\u00e9cnicas. El estado de la plataforma debe comprobarse cada vez que se trabaje en ella. Est\u00e1 prohibido utilizar plataformas defectuosas o da\u00f1adas. Tambi\u00e9n se proh\u00edbe el uso de plataformas en una superficie inadecuada. La superficie debe estar libre de cualquier da\u00f1o y no debe haber obstrucciones visibles en la direcci\u00f3n del movimiento de la unidad.<\/p>\n<h3 class=\"boldnagl\"><strong>Manipulaci\u00f3n de la plataforma m\u00f3vil<\/strong><\/h3>\n<p>Al utilizar la plataforma m\u00f3vil, el operario debe comprobar constantemente la superficie sobre la que se desplaza la plataforma, as\u00ed como la superficie por encima de ella en la direcci\u00f3n de su movimiento. En caso de obst\u00e1culos en la carretera, el operador debe dirigir el aparato para evitarlos, extremando la precauci\u00f3n. La plataforma no debe superar la velocidad permitida. Las personas que se encuentren en la plataforma no deben inclinarse m\u00e1s all\u00e1 de las barandillas, est\u00e1 prohibido apoyarse en el panel de control del aparato o colocar objetos en el panel. Se proh\u00edbe el uso de tel\u00e9fonos m\u00f3viles durante el funcionamiento de la plataforma. Al colocar la plataforma m\u00f3vil en la posici\u00f3n correcta, hay que determinar la altura correcta, teniendo en cuenta la superficie del techo y la superficie y los obst\u00e1culos.<\/p>\n<p>Cada <a href=\"https:\/\/szkolenia-udt.pl\/es\/kursy\/podesty-ruchome\/\">curso para plataformas moviles<\/a> en nuestro <a href=\"https:\/\/szkolenia-udt.pl\/es\/o-firmie\/\">La estaci\u00f3n<\/a> aborda informaci\u00f3n clave sobre la salud y la seguridad en el lugar de trabajo del operario. A trav\u00e9s de las clases pr\u00e1cticas, los participantes tambi\u00e9n pueden poner a prueba sus conocimientos en el manejo de los equipos. \u00a1Esperamos verte en el curso de plataformas m\u00f3viles!<\/p>\n<\/div>","protected":false},"excerpt":{"rendered":"<p>Do obs\u0142ugi podest\u00f3w ruchomych konieczne jest odbycie przeszkolenia, kt\u00f3re upowa\u017cnia do podej\u015bcia do egzaminu przed Urz\u0119dem Dozoru Technicznego. Po pozytywnym zdaniu egzaminu uczestnik otrzymuje uprawnienia UDT. Podczas kurs\u00f3w poruszane s\u0105 informacje zwi\u0105zane z budow\u0105 i eksploatacj\u0105 urz\u0105dze\u0144, a tak\u017ce z zasadami bezpiecze\u0144stwa i higieny pracy. Poni\u017cej przedstawiamy zasady dotycz\u0105ce obs\u0142ugi takich urz\u0105dze\u0144 jak podesty ruchome, [&hellip;]<\/p>\n","protected":false},"author":3,"featured_media":1218,"parent":35,"menu_order":0,"comment_status":"closed","ping_status":"closed","template":"","meta":{"footnotes":""},"class_list":["post-240","page","type-page","status-publish","has-post-thumbnail","hentry"],"aioseo_notices":[],"_links":{"self":[{"href":"https:\/\/szkolenia-udt.pl\/es\/wp-json\/wp\/v2\/pages\/240","targetHints":{"allow":["GET"]}}],"collection":[{"href":"https:\/\/szkolenia-udt.pl\/es\/wp-json\/wp\/v2\/pages"}],"about":[{"href":"https:\/\/szkolenia-udt.pl\/es\/wp-json\/wp\/v2\/types\/page"}],"author":[{"embeddable":true,"href":"https:\/\/szkolenia-udt.pl\/es\/wp-json\/wp\/v2\/users\/3"}],"replies":[{"embeddable":true,"href":"https:\/\/szkolenia-udt.pl\/es\/wp-json\/wp\/v2\/comments?post=240"}],"version-history":[{"count":7,"href":"https:\/\/szkolenia-udt.pl\/es\/wp-json\/wp\/v2\/pages\/240\/revisions"}],"predecessor-version":[{"id":2244,"href":"https:\/\/szkolenia-udt.pl\/es\/wp-json\/wp\/v2\/pages\/240\/revisions\/2244"}],"up":[{"embeddable":true,"href":"https:\/\/szkolenia-udt.pl\/es\/wp-json\/wp\/v2\/pages\/35"}],"wp:featuredmedia":[{"embeddable":true,"href":"https:\/\/szkolenia-udt.pl\/es\/wp-json\/wp\/v2\/media\/1218"}],"wp:attachment":[{"href":"https:\/\/szkolenia-udt.pl\/es\/wp-json\/wp\/v2\/media?parent=240"}],"curies":[{"name":"wp","href":"https:\/\/api.w.org\/{rel}","templated":true}]}}