{"id":2404,"date":"2021-08-19T14:02:11","date_gmt":"2021-08-19T14:02:11","guid":{"rendered":"https:\/\/szkolenia-udt.pl\/?page_id=2404"},"modified":"2023-03-13T16:37:31","modified_gmt":"2023-03-13T15:37:31","slug":"operador-de-plataforma-de-cuerdas","status":"publish","type":"page","link":"https:\/\/szkolenia-udt.pl\/es\/kursy\/uprawnienia-udt-tdt-wdt\/operator-podestow-linowych\/","title":{"rendered":"Curso de operador de plataforma m\u00f3vil colgante"},"content":{"rendered":"<p><a href=\"https:\/\/szkolenia-udt.pl\/wp-content\/uploads\/2021\/08\/szkolenia-udt.pl-0014-OPUBLIKOWANY-v4.jpg\"><img loading=\"lazy\" decoding=\"async\" class=\"paddingleft10 alignleft wp-image-2499 size-medium\" src=\"https:\/\/szkolenia-udt.pl\/wp-content\/uploads\/2021\/08\/szkolenia-udt.pl-0014-OPUBLIKOWANY-v4-300x236.jpg\" alt=\"La plataforma m\u00f3vil colgante se utiliza para transportar personas, herramientas y materiales a la altura\/lugar de trabajo adecuado\" width=\"300\" height=\"236\" srcset=\"https:\/\/szkolenia-udt.pl\/wp-content\/uploads\/2021\/08\/szkolenia-udt.pl-0014-OPUBLIKOWANY-v4-300x236.jpg 300w, https:\/\/szkolenia-udt.pl\/wp-content\/uploads\/2021\/08\/szkolenia-udt.pl-0014-OPUBLIKOWANY-v4-768x603.jpg 768w, https:\/\/szkolenia-udt.pl\/wp-content\/uploads\/2021\/08\/szkolenia-udt.pl-0014-OPUBLIKOWANY-v4.jpg 993w\" sizes=\"auto, (max-width: 300px) 100vw, 300px\" \/><\/a>Estas clases est\u00e1n destinadas a personas que tengan previsto trabajar como operador de plataforma colgante y quieran obtener la titulaci\u00f3n UDT necesaria. Invitamos tanto a personas sin experiencia como a quienes ya han trabajado en las plataformas. Organizamos clases para principiantes, desde cero y para estudiantes avanzados. Al final de cada curso, se organiza un examen de estado, cuya aprobaci\u00f3n significa que ha obtenido las calificaciones requeridas para ejercer la profesi\u00f3n.<\/p>\n<h2>Cuestiones tratadas durante el curso de plataformas m\u00f3viles colgantes<\/h2>\n<p>Durante las clases te\u00f3ricas, los participantes reciben informaci\u00f3n sobre:<\/p>\n<ul>\n<li>Tipos de plataformas colgantes<\/li>\n<li>Construcci\u00f3n del dispositivo y sus partes individuales.<\/li>\n<li>Estabilidad del equipo<\/li>\n<li>Actividades antes, durante y despu\u00e9s del trabajo<\/li>\n<li>Fijaci\u00f3n de los cables mec\u00e1nicos, hidr\u00e1ulicos y el\u00e9ctricos<\/li>\n<li>Normas de salud y seguridad aplicables al trabajo en altura<\/li>\n<li>Preparaci\u00f3n del dispositivo para su funcionamiento, teniendo en cuenta el entorno y las condiciones actuales<\/li>\n<li>Realizaci\u00f3n de investigaciones y pruebas de resistencia y estabilidad.<\/li>\n<li>Normativa de inspecci\u00f3n t\u00e9cnica<\/li>\n<\/ul>\n<p>Las personas que completen la parte te\u00f3rica podr\u00e1n participar en las clases pr\u00e1cticas. Entonces tienen a su disposici\u00f3n los equipos de la base del Centro. Durante las clases, los instructores ense\u00f1an c\u00f3mo operar las plataformas de una manera segura que no ponga en peligro a los empleados y personas a su alrededor.<br \/>\n<div style=\"width: 640px;\" class=\"wp-video\"><video id=\"video-2404-1\" width=\"640\" height=\"360\" poster=\"https:\/\/szkolenia-udt.pl\/wp-content\/uploads\/2023\/03\/okladka-podnosnik-OSO.jpg\" preload=\"metadata\" controls=\"controls\"><source type=\"video\/mp4\" src=\"https:\/\/szkolenia-udt.pl\/wp-content\/uploads\/2023\/03\/podnosnik-SZKOLENIA-UDT.PL-OSO.mp4?_=1\" \/><a href=\"https:\/\/szkolenia-udt.pl\/wp-content\/uploads\/2023\/03\/podnosnik-SZKOLENIA-UDT.PL-OSO.mp4\">https:\/\/szkolenia-udt.pl\/wp-content\/uploads\/2023\/03\/podnosnik-SZKOLENIA-UDT.PL-OSO.mp4<\/a><\/video><\/div>\n<h2>para quien es el curso<\/h2>\n<p>Los requisitos b\u00e1sicos para los participantes son: edad - al menos 18 a\u00f1os de edad, educaci\u00f3n - m\u00ednimo b\u00e1sico y salud - sin contraindicaciones de salud (se requiere certificado m\u00e9dico o declaraci\u00f3n propia).<\/p>\n<p>La participaci\u00f3n en la capacitaci\u00f3n no requiere experiencia o conocimiento de plataformas operativas. <a href=\"https:\/\/szkolenia-udt.pl\/es\/kursy\/podesty-ruchome\/\">Curso para plataformas m\u00f3viles<\/a> colgante fue dise\u00f1ado para principiantes que quieren obtener las calificaciones emitidas por la UDT en una nueva profesi\u00f3n. Si es necesario, tambi\u00e9n creamos grupos para personas con experiencia que solo quieren complementar o actualizar sus conocimientos. En dichos grupos, el tiempo necesario para aprender es m\u00e1s corto, porque no se cubren todos los temas requeridos para el examen.<\/p>\n<div class=\"filmw\">\n<div class=\"responsive-youtube\"><iframe loading=\"lazy\" title=\"Reproductor de v\u00eddeo de YouTube\" src=\"https:\/\/www.youtube.com\/embed\/OUKdY5V51M4\" width=\"560\" height=\"315\" frameborder=\"0\" allowfullscreen=\"allowfullscreen\"><\/iframe><\/div>\n<\/div>\n<h2>Curso - plataformas m\u00f3viles: precio, fechas, lugar de clases<\/h2>\n<p>Publicamos las fechas de los pr\u00f3ximos cursos de formaci\u00f3n en nuestra web. Las clases se imparten en nuestra sede en Varsovia o en sucursales: Cracovia, Katowice. Tambi\u00e9n organizamos formaciones en plataformas suspendidas para empresas, en las instalaciones del cliente.<\/p>\n<p>Proporcionamos a nuestros clientes el costo exacto de participaci\u00f3n en la capacitaci\u00f3n en la etapa de registro, porque <a href=\"https:\/\/szkolenia-udt.pl\/es\/oferta\/\">precio<\/a> no es constante y puede depender de varios factores.<\/p>\n<h2>Permisos para colgar plataformas m\u00f3viles<\/h2>\n<p>Este tipo de plataformas est\u00e1 clasificada por la UDT como categor\u00eda II P. Las habilitaciones en esta categor\u00eda se otorgan por 10 a\u00f1os.<\/p>\n<p>La base para su emisi\u00f3n es un examen estatal aprobado, organizado al final de la capacitaci\u00f3n. UDT nombra inspectores para realizarlo, y media en la organizaci\u00f3n del proceso de verificaci\u00f3n de calificaci\u00f3n <a href=\"https:\/\/szkolenia-udt.pl\/es\/o-firmie\/\">Centro<\/a>. Los estudiantes no tienen que hacerlo en persona. UDT Warszawa es responsable de realizar el examen para las personas que participan en la capacitaci\u00f3n en la sede del Centro y en otros lugares: oficinas de la Oficina.<\/p>\n<p>El examen consta de parte te\u00f3rica (prueba) y pr\u00e1ctica (comprobaci\u00f3n de la capacidad de uso del dispositivo).<\/p>\n<p><a href=\"https:\/\/szkolenia-udt.pl\/wp-content\/uploads\/2021\/08\/szkolenia-udt-0018-oso-podesty-ruchime-wiszace.jpg\"><img loading=\"lazy\" decoding=\"async\" class=\"alignnone wp-image-2407 size-large\" src=\"https:\/\/szkolenia-udt.pl\/wp-content\/uploads\/2021\/08\/szkolenia-udt-0018-oso-podesty-ruchime-wiszace-1024x853.jpg\" alt=\"Con el uso de una plataforma m\u00f3vil suspendida, es f\u00e1cil realizar trabajos como pintar, limpiar, lijar la fachada.\" width=\"750\" height=\"625\" srcset=\"https:\/\/szkolenia-udt.pl\/wp-content\/uploads\/2021\/08\/szkolenia-udt-0018-oso-podesty-ruchime-wiszace-1024x853.jpg 1024w, https:\/\/szkolenia-udt.pl\/wp-content\/uploads\/2021\/08\/szkolenia-udt-0018-oso-podesty-ruchime-wiszace-300x250.jpg 300w, https:\/\/szkolenia-udt.pl\/wp-content\/uploads\/2021\/08\/szkolenia-udt-0018-oso-podesty-ruchime-wiszace-768x640.jpg 768w, https:\/\/szkolenia-udt.pl\/wp-content\/uploads\/2021\/08\/szkolenia-udt-0018-oso-podesty-ruchime-wiszace.jpg 1200w\" sizes=\"auto, (max-width: 750px) 100vw, 750px\" \/><\/a><\/p>","protected":false},"excerpt":{"rendered":"<p>To zaj\u0119cia przeznaczone dla os\u00f3b, kt\u00f3re planuj\u0105 prac\u0119 w zawodzie operatora podest\u00f3w wisz\u0105cych i chc\u0105 zdoby\u0107 niezb\u0119dne uprawnienia UDT. Na kurs zapraszamy zar\u00f3wno osoby nieposiadaj\u0105ce do\u015bwiadczenia, jak i takie, kt\u00f3re pracowa\u0142y ju\u017c na podestach. Organizujemy zaj\u0119cia dla pocz\u0105tkuj\u0105cych, od podstaw, oraz dla zaawansowanych. Na koniec ka\u017cdego kursu organizowany jest egzamin pa\u0144stwowy, kt\u00f3rego zaliczenie oznacza otrzymanie [&hellip;]<\/p>\n","protected":false},"author":3,"featured_media":2499,"parent":2266,"menu_order":0,"comment_status":"closed","ping_status":"closed","template":"","meta":{"footnotes":""},"class_list":["post-2404","page","type-page","status-publish","has-post-thumbnail","hentry"],"aioseo_notices":[],"_links":{"self":[{"href":"https:\/\/szkolenia-udt.pl\/es\/wp-json\/wp\/v2\/pages\/2404","targetHints":{"allow":["GET"]}}],"collection":[{"href":"https:\/\/szkolenia-udt.pl\/es\/wp-json\/wp\/v2\/pages"}],"about":[{"href":"https:\/\/szkolenia-udt.pl\/es\/wp-json\/wp\/v2\/types\/page"}],"author":[{"embeddable":true,"href":"https:\/\/szkolenia-udt.pl\/es\/wp-json\/wp\/v2\/users\/3"}],"replies":[{"embeddable":true,"href":"https:\/\/szkolenia-udt.pl\/es\/wp-json\/wp\/v2\/comments?post=2404"}],"version-history":[{"count":6,"href":"https:\/\/szkolenia-udt.pl\/es\/wp-json\/wp\/v2\/pages\/2404\/revisions"}],"predecessor-version":[{"id":4523,"href":"https:\/\/szkolenia-udt.pl\/es\/wp-json\/wp\/v2\/pages\/2404\/revisions\/4523"}],"up":[{"embeddable":true,"href":"https:\/\/szkolenia-udt.pl\/es\/wp-json\/wp\/v2\/pages\/2266"}],"wp:featuredmedia":[{"embeddable":true,"href":"https:\/\/szkolenia-udt.pl\/es\/wp-json\/wp\/v2\/media\/2499"}],"wp:attachment":[{"href":"https:\/\/szkolenia-udt.pl\/es\/wp-json\/wp\/v2\/media?parent=2404"}],"curies":[{"name":"wp","href":"https:\/\/api.w.org\/{rel}","templated":true}]}}