{"id":2412,"date":"2021-08-20T08:36:29","date_gmt":"2021-08-20T08:36:29","guid":{"rendered":"https:\/\/szkolenia-udt.pl\/?page_id=2412"},"modified":"2023-03-13T16:35:57","modified_gmt":"2023-03-13T15:35:57","slug":"operador-de-mastiles-plataformas-moviles","status":"publish","type":"page","link":"https:\/\/szkolenia-udt.pl\/es\/kursy\/uprawnienia-udt-tdt-wdt\/podesty-ruchome-masztowe-operator\/","title":{"rendered":"Plataformas elevadoras sobre m\u00e1stil para operarios"},"content":{"rendered":"<p><a href=\"https:\/\/szkolenia-udt.pl\/wp-content\/uploads\/2021\/08\/szkolenia-udt.pl-0014-OPUBLIKOWANY-v9.jpg\"><img loading=\"lazy\" decoding=\"async\" class=\"paddingleft10 wp-image-2497 size-medium alignleft\" src=\"https:\/\/szkolenia-udt.pl\/wp-content\/uploads\/2021\/08\/szkolenia-udt.pl-0014-OPUBLIKOWANY-v9-300x169.jpg\" alt=\"Las plataformas elevadoras de m\u00e1stil son dispositivos que est\u00e1n sujetos a supervisi\u00f3n t\u00e9cnica y requieren una licencia\" width=\"300\" height=\"169\" srcset=\"https:\/\/szkolenia-udt.pl\/wp-content\/uploads\/2021\/08\/szkolenia-udt.pl-0014-OPUBLIKOWANY-v9-300x169.jpg 300w, https:\/\/szkolenia-udt.pl\/wp-content\/uploads\/2021\/08\/szkolenia-udt.pl-0014-OPUBLIKOWANY-v9.jpg 768w\" sizes=\"auto, (max-width: 300px) 100vw, 300px\" \/><\/a>Hemos creado la formaci\u00f3n para las personas que deseen adquirir conocimientos especializados en el campo de la operaci\u00f3n, y luego obtener la titulaci\u00f3n UDT necesaria para el trabajo en plataformas m\u00f3viles estacionarias. El curso es una preparaci\u00f3n para el examen estatal y, al mismo tiempo, ense\u00f1a de manera pr\u00e1ctica c\u00f3mo operar dispositivos de manera segura y de acuerdo con las normas. Los operadores preparados de esta manera son especialistas buscados en el mercado laboral y pueden incorporarse a la profesi\u00f3n casi de inmediato.<\/p>\n<h2>Informaci\u00f3n sobre el curso de plataformas elevadoras sobre m\u00e1stil<\/h2>\n<p><a href=\"https:\/\/szkolenia-udt.pl\/es\/kursy\/uprawnienia-udt-tdt-wdt\/szkolenia-z-zakresu-udt\/\">Curso de UDT<\/a> (de acuerdo con los requisitos de esta organizaci\u00f3n) incluye un n\u00famero adecuado de horas de clase y actividades pr\u00e1cticas para el grupo. La duraci\u00f3n del curso depende del nivel de conocimientos y habilidades de los participantes, y puede oscilar entre 8-10 y 20-35 horas. Los participantes en el curso son informados de ello en el momento de la inscripci\u00f3n.<\/p>\n<p>Nuestros instructores brindan informaci\u00f3n, entre otras cosas, sobre:<\/p>\n<ul>\n<li>Construcci\u00f3n y mecanismo de funcionamiento de la plataforma de trabajo trepadora sobre m\u00e1stil<\/li>\n<li>Reglas de seguridad y responsabilidades relacionadas del operador<\/li>\n<li>Disposiciones de la ley de inspecci\u00f3n t\u00e9cnica<\/li>\n<li>Actuaciones en situaciones inusuales: aver\u00edas, accidentes<\/li>\n<\/ul>\n<p>Los participantes del curso de operador de plataforma elevadora sobre m\u00e1stil tambi\u00e9n realizan ejercicios en el patio de maniobras. Esta es una oportunidad para aprender a usarlo en la pr\u00e1ctica y aprender m\u00e1s sobre las reglas de seguridad.<\/p>\n<p>La formaci\u00f3n finaliza con un examen final ante la comisi\u00f3n de la UDT. Los derechos se otorgan a quienes superen la parte te\u00f3rica y pr\u00e1ctica con resultado positivo.<br \/>\n<div style=\"width: 640px;\" class=\"wp-video\"><video id=\"video-2412-1\" width=\"640\" height=\"360\" poster=\"https:\/\/szkolenia-udt.pl\/wp-content\/uploads\/2023\/03\/okladka-podnosnik-OSO.jpg\" preload=\"metadata\" controls=\"controls\"><source type=\"video\/mp4\" src=\"https:\/\/szkolenia-udt.pl\/wp-content\/uploads\/2023\/03\/podnosnik-SZKOLENIA-UDT.PL-OSO.mp4?_=1\" \/><a href=\"https:\/\/szkolenia-udt.pl\/wp-content\/uploads\/2023\/03\/podnosnik-SZKOLENIA-UDT.PL-OSO.mp4\">https:\/\/szkolenia-udt.pl\/wp-content\/uploads\/2023\/03\/podnosnik-SZKOLENIA-UDT.PL-OSO.mp4<\/a><\/video><\/div>\n<h2>Oportunidades de trabajo despu\u00e9s de completar el curso.<\/h2>\n<p>Despu\u00e9s de aprobar el examen y graduarse <a href=\"https:\/\/szkolenia-udt.pl\/es\/kursy\/szkolenie-audytorskie-udt\/\">formaci\u00f3n UDT<\/a> otorga calificaciones por 10 a\u00f1os. Con un certificado de calificaci\u00f3n, puede realizar trabajos en toda Polonia, as\u00ed como en la mayor\u00eda de los pa\u00edses de la UE.<\/p>\n<p>La plataforma de trabajo trepadora sobre m\u00e1stil es un dispositivo que permite el transporte de empleados a una altura de varios o varios metros hasta el lugar de trabajo. Su mecanismo de funcionamiento es el siguiente: una cesta, una plataforma de trabajo para transportar trabajadores, se mueve a lo largo de un m\u00e1stil de metal mediante un accionamiento, un gato. El control es a trav\u00e9s de un panel o control remoto. Todo se coloca sobre un chasis equipado con ruedas para remolque y soportes para estabilizaci\u00f3n.<\/p>\n<p>Este dispositivo pr\u00e1ctico y f\u00e1cil de usar tiene muchas aplicaciones en la construcci\u00f3n y otras industrias. Seg\u00fan el modelo, las plataformas de m\u00e1stil se pueden utilizar en interiores y exteriores. El m\u00e1stil con plataforma de trabajo permite el transporte durante las obras de construcci\u00f3n, montaje (montaje de ventanas, instalaci\u00f3n, iluminaci\u00f3n) y renovaci\u00f3n (enlucido, aislamiento, pintura), y facilita el acceso a las mercanc\u00edas situadas a mayor altura en el almac\u00e9n.<\/p>\n<div class=\"filmw\">\n<div class=\"responsive-youtube\"><iframe loading=\"lazy\" title=\"Reproductor de v\u00eddeo de YouTube\" src=\"https:\/\/www.youtube.com\/embed\/OUKdY5V51M4\" width=\"560\" height=\"315\" frameborder=\"0\" allowfullscreen=\"allowfullscreen\"><\/iframe><\/div>\n<\/div>\n<h2>Informaci\u00f3n pr\u00e1ctica<\/h2>\n<p>A continuaci\u00f3n presentamos detalles organizativos sobre capacitaci\u00f3n para plataformas m\u00f3viles (<a href=\"https:\/\/szkolenia-udt.pl\/es\/oferta\/\">precio<\/a>, condiciones de participaci\u00f3n, etc.):<\/p>\n<p>A la capacitaci\u00f3n pueden asistir todos los adultos, sin contraindicaciones de salud, con al menos educaci\u00f3n b\u00e1sica.<\/p>\n<p>Las clases se imparten en varios lugares del pa\u00eds: organizamos formaciones UDT en Varsovia, Cracovia, Silesia y otras grandes ciudades.<\/p>\n<p>Los grupos se ejecutan 1-2 veces al mes. El horario actual se puede encontrar en el sitio web <a href=\"http:\/\/www.platformaedukacji.pl\">www.plataformaedukacji.pl<\/a>. All\u00ed tambi\u00e9n se puede reservar plaza en una fecha seleccionada. Tambi\u00e9n aceptamos solicitudes por tel\u00e9fono y correo electr\u00f3nico.<\/p>\n<p>Tambi\u00e9n puede participar en la formaci\u00f3n de forma remota. Los seminarios web tienen lugar en vivo en nuestra plataforma de aprendizaje. Esto solo aplica para la parte te\u00f3rica, la parte pr\u00e1ctica debe ser completada en clase.<\/p>\n<p>Si est\u00e1 interesado en organizar formaci\u00f3n para los empleados de su empresa, <a href=\"https:\/\/szkolenia-udt.pl\/es\/kontakt\/\">por favor cont\u00e1ctenos<\/a> por correo o tel\u00e9fono. Arreglaremos una fecha y ubicaci\u00f3n convenientes. Tambi\u00e9n organizamos cursos de licencias de elevaci\u00f3n - plataformas a\u00e9reas de trabajo (plataformas m\u00f3viles autopropulsadas), cursos de elevaci\u00f3n de tijeras y otros dispositivos de manipulaci\u00f3n de materiales.<\/p>\n<p><a href=\"https:\/\/szkolenia-udt.pl\/wp-content\/uploads\/2021\/08\/0020-oso-podesty-ruchome-masztowe-1.jpg\"><img loading=\"lazy\" decoding=\"async\" class=\"alignnone wp-image-2414 size-large\" src=\"https:\/\/szkolenia-udt.pl\/wp-content\/uploads\/2021\/08\/0020-oso-podesty-ruchome-masztowe-1-1024x853.jpg\" alt=\"En la plataforma de trabajo de escalada en m\u00e1stil, la plataforma de trabajo se mueve sobre el m\u00e1stil\" width=\"750\" height=\"625\" srcset=\"https:\/\/szkolenia-udt.pl\/wp-content\/uploads\/2021\/08\/0020-oso-podesty-ruchome-masztowe-1-1024x853.jpg 1024w, https:\/\/szkolenia-udt.pl\/wp-content\/uploads\/2021\/08\/0020-oso-podesty-ruchome-masztowe-1-300x250.jpg 300w, https:\/\/szkolenia-udt.pl\/wp-content\/uploads\/2021\/08\/0020-oso-podesty-ruchome-masztowe-1-768x640.jpg 768w, https:\/\/szkolenia-udt.pl\/wp-content\/uploads\/2021\/08\/0020-oso-podesty-ruchome-masztowe-1.jpg 1200w\" sizes=\"auto, (max-width: 750px) 100vw, 750px\" \/><\/a><\/p>","protected":false},"excerpt":{"rendered":"<p>Szkolenie stworzyli\u015bmy z my\u015bl\u0105 o osobach, kt\u00f3re chcia\u0142yby zdoby\u0107 specjalistyczn\u0105 wiedz\u0119 w zakresie eksploatacji, a nast\u0119pnie uzyska\u0107 potrzebne do pracy uprawnienia UDT na podesty ruchome stacjonarne. Kurs jest przygotowaniem do egzaminu pa\u0144stwowego, a jednocze\u015bnie w praktyczny spos\u00f3b uczy bezpiecznej, zgodnej z przepisami obs\u0142ugi urz\u0105dze\u0144. Tak przygotowani operatorzy s\u0105 specjalistami poszukiwanymi na rynku pracy i mog\u0105 [&hellip;]<\/p>\n","protected":false},"author":3,"featured_media":2497,"parent":2266,"menu_order":0,"comment_status":"closed","ping_status":"closed","template":"","meta":{"footnotes":""},"class_list":["post-2412","page","type-page","status-publish","has-post-thumbnail","hentry"],"aioseo_notices":[],"_links":{"self":[{"href":"https:\/\/szkolenia-udt.pl\/es\/wp-json\/wp\/v2\/pages\/2412","targetHints":{"allow":["GET"]}}],"collection":[{"href":"https:\/\/szkolenia-udt.pl\/es\/wp-json\/wp\/v2\/pages"}],"about":[{"href":"https:\/\/szkolenia-udt.pl\/es\/wp-json\/wp\/v2\/types\/page"}],"author":[{"embeddable":true,"href":"https:\/\/szkolenia-udt.pl\/es\/wp-json\/wp\/v2\/users\/3"}],"replies":[{"embeddable":true,"href":"https:\/\/szkolenia-udt.pl\/es\/wp-json\/wp\/v2\/comments?post=2412"}],"version-history":[{"count":4,"href":"https:\/\/szkolenia-udt.pl\/es\/wp-json\/wp\/v2\/pages\/2412\/revisions"}],"predecessor-version":[{"id":4521,"href":"https:\/\/szkolenia-udt.pl\/es\/wp-json\/wp\/v2\/pages\/2412\/revisions\/4521"}],"up":[{"embeddable":true,"href":"https:\/\/szkolenia-udt.pl\/es\/wp-json\/wp\/v2\/pages\/2266"}],"wp:featuredmedia":[{"embeddable":true,"href":"https:\/\/szkolenia-udt.pl\/es\/wp-json\/wp\/v2\/media\/2497"}],"wp:attachment":[{"href":"https:\/\/szkolenia-udt.pl\/es\/wp-json\/wp\/v2\/media?parent=2412"}],"curies":[{"name":"wp","href":"https:\/\/api.w.org\/{rel}","templated":true}]}}