{"id":2418,"date":"2021-08-20T09:57:03","date_gmt":"2021-08-20T09:57:03","guid":{"rendered":"https:\/\/szkolenia-udt.pl\/?page_id=2418"},"modified":"2021-08-25T12:21:48","modified_gmt":"2021-08-25T12:21:48","slug":"udt-para-mantenedores","status":"publish","type":"page","link":"https:\/\/szkolenia-udt.pl\/es\/kursy\/uprawnienia-udt-tdt-wdt\/udt-dla-konserwatorow\/","title":{"rendered":"Cursos UDT para conservadores: clases + examen de estado"},"content":{"rendered":"<p><a href=\"https:\/\/szkolenia-udt.pl\/wp-content\/uploads\/2021\/08\/szkolenia-udt.pl-0014-OPUBLIKOWANY-v10.jpg\"><img loading=\"lazy\" decoding=\"async\" class=\"paddingleft10 alignleft wp-image-2493 size-medium\" src=\"https:\/\/szkolenia-udt.pl\/wp-content\/uploads\/2021\/08\/szkolenia-udt.pl-0014-OPUBLIKOWANY-v10-300x200.jpg\" alt=\"Un conservador con licencia puede reparar gr\u00faas, gr\u00faas, ascensores y otros equipos sujetos a supervisi\u00f3n t\u00e9cnica.\" width=\"300\" height=\"200\" srcset=\"https:\/\/szkolenia-udt.pl\/wp-content\/uploads\/2021\/08\/szkolenia-udt.pl-0014-OPUBLIKOWANY-v10-300x200.jpg 300w, https:\/\/szkolenia-udt.pl\/wp-content\/uploads\/2021\/08\/szkolenia-udt.pl-0014-OPUBLIKOWANY-v10-768x511.jpg 768w, https:\/\/szkolenia-udt.pl\/wp-content\/uploads\/2021\/08\/szkolenia-udt.pl-0014-OPUBLIKOWANY-v10.jpg 1016w\" sizes=\"auto, (max-width: 300px) 100vw, 300px\" \/><\/a>El examen de Estado organizado por la UDT es la \u00fanica forma de obtener las calificaciones necesarias en la profesi\u00f3n de conservador de aparatos sujetos a supervisi\u00f3n t\u00e9cnica. Es necesario contar con calificaciones para trabajar con dispositivos tales como plataformas m\u00f3viles, cargadores, montacargas, puentes gr\u00faa, gr\u00faas, gr\u00faas y otros utilizados en la construcci\u00f3n, la industria y la agricultura. Las clases que ofrecemos se ejecutan de acuerdo con nuestro programa patentado, en el que nos enfocamos en la mejor preparaci\u00f3n posible de los estudiantes para el examen. Ense\u00f1amos la teor\u00eda requerida durante el examen, y durante las clases con el uso de equipos, mostramos c\u00f3mo traducir este conocimiento en habilidades pr\u00e1cticas. El examen est\u00e1 incluido en el precio del curso de mantenimiento y se realiza una vez finalizada la formaci\u00f3n te\u00f3rica y pr\u00e1ctica.<\/p>\n<h2>Tipos de dispositivos de manipulaci\u00f3n.<\/h2>\n<p>En nuestro <a href=\"https:\/\/szkolenia-udt.pl\/es\/o-firmie\/\">complejo<\/a> Realizamos cursos de mantenimiento UDT para los tipos de equipos m\u00e1s populares bajo supervisi\u00f3n t\u00e9cnica. Organizamos regularmente cursos de mantenimiento para plataformas elevadoras, carretillas elevadoras, puentes gr\u00faa, gr\u00faas para autom\u00f3viles y gr\u00faas torre. Cada curso est\u00e1 dedicado a un tipo de dispositivo. Si est\u00e1 interesado en certificarse para mantener varios dispositivos, puede combinar dos o m\u00e1s cursos en tales casos <a href=\"https:\/\/szkolenia-udt.pl\/es\/kontakt\/\">por favor cont\u00e1ctenos<\/a>.<\/p>\n<h2>Tareas como conservador UDT<\/h2>\n<p>Tras obtener la licencia UDT <a href=\"https:\/\/szkolenia-udt.pl\/es\/kursy\/uprawnienia-udt-tdt-wdt\/konserwator-urzadzen\/\">mantenedor de equipos<\/a> Un PT puede tener un trabajo a tiempo completo o dirigir su propio negocio. Sus principales tareas incluyen:<\/p>\n<ul>\n<li>Eliminaci\u00f3n de fallas actuales<\/li>\n<li>Cuidar el buen estado t\u00e9cnico de los dispositivos<\/li>\n<li>Realizar inspecciones antes de permitir el uso del dispositivo<\/li>\n<li>Realizaci\u00f3n de inspecciones t\u00e9cnicas peri\u00f3dicas.<\/li>\n<li>Cambio de aceites, grasas y otros consumibles<\/li>\n<li>Conservaci\u00f3n de la documentaci\u00f3n t\u00e9cnica del dispositivo.<\/li>\n<\/ul>\n<h2>Curso: mantenimiento de equipos de manejo de materiales - informaci\u00f3n detallada<\/h2>\n<p>Programa <a href=\"https:\/\/szkolenia-udt.pl\/es\/kursy\/szkolenie-audytorskie-udt\/\">formaci\u00f3n UDT<\/a> para restauradores<\/p>\n<p>Las clases se dividen en 2 partes: te\u00f3rica y pr\u00e1ctica. Despu\u00e9s de completarlos, los estudiantes tienen la oportunidad de tomar un examen organizado por la Oficina de Inspecci\u00f3n T\u00e9cnica.<\/p>\n<p>El programa marco de formaci\u00f3n incluye:<\/p>\n<ul>\n<li>Inspecci\u00f3n t\u00e9cnica de dispositivos: normativa, normativa legal<\/li>\n<li>Informaci\u00f3n general sobre la construcci\u00f3n de equipos de manipulaci\u00f3n<\/li>\n<li>Inspecciones y reparaciones: responsabilidades de un conservador<\/li>\n<li>Aver\u00edas t\u00edpicas de los dispositivos objeto de la formaci\u00f3n y m\u00e9todos para su eliminaci\u00f3n<\/li>\n<li>Operaci\u00f3n y mantenimiento - normas de salud y seguridad aplicables<\/li>\n<li>Parte mec\u00e1nica, el\u00e9ctrica e hidr\u00e1ulica<\/li>\n<li>Formas de garantizar la eficiencia t\u00e9cnica de los dispositivos.<\/li>\n<\/ul>\n<p>Cada participante tiene la oportunidad de prepararse para el examen tambi\u00e9n desde el punto de vista pr\u00e1ctico, utilizando el equipo proporcionado por nosotros.<\/p>\n<p>El tiempo total de entrenamiento puede variar de aproximadamente 32 a 96 horas. Ajustamos este tiempo a las necesidades de los participantes.<\/p>\n<h2>Examen UDT para licencia de curador<\/h2>\n<p>Cualquiera que complete el curso para restauradores en nuestro centro puede presentarse al examen de estado. El examen, que consta de una prueba y una parte pr\u00e1ctica, se realiza ante la comisi\u00f3n de la UDT. No es necesario registrarse para un examen adicional: nos encargamos de todos los tr\u00e1mites relacionados.<\/p>\n<p>Una persona que aprueba el examen recibe un certificado de calificaci\u00f3n que lo autoriza a trabajar como conservador de dispositivos seleccionados. Estos derechos tienen una vigencia de 5 a\u00f1os.<\/p>\n<h2>Inscripci\u00f3n a la formaci\u00f3n en mantenimiento<\/h2>\n<p>La inscripci\u00f3n para la formaci\u00f3n se realiza de acuerdo con el calendario publicado en el sitio web. <a href=\"https:\/\/platformaedukacji.pl\/sklep\/\">https:\/\/platformaedukacji.pl\/sklep\/<\/a>. Organizamos cursos de mantenimiento en Varsovia y otras grandes ciudades. Puedes apuntarte a la formaci\u00f3n a\u00f1adiendo la fecha elegida a la cesta y realizando el pago. A pedido de las empresas, tambi\u00e9n organizamos capacitaciones cerradas para empleados; si est\u00e1 interesado en dicha capacitaci\u00f3n, cont\u00e1ctenos por tel\u00e9fono o correo electr\u00f3nico.<\/p>\n<p>Los cursos para conservadores de la UDT pueden ser atendidos por adultos con al menos educaci\u00f3n b\u00e1sica. Requerimos una declaraci\u00f3n de los participantes de que no hay contraindicaciones de salud. Algunos cursos tambi\u00e9n requieren conocimientos de ingenier\u00eda el\u00e9ctrica y otros (ver la descripci\u00f3n del curso para m\u00e1s detalles).<\/p>\n<p><a href=\"https:\/\/szkolenia-udt.pl\/wp-content\/uploads\/2021\/08\/oso-0021-konserwator-udzadzen-udt-1.jpg\"><img loading=\"lazy\" decoding=\"async\" class=\"alignnone wp-image-2420 size-large\" src=\"https:\/\/szkolenia-udt.pl\/wp-content\/uploads\/2021\/08\/oso-0021-konserwator-udzadzen-udt-1-1024x853.jpg\" alt=\"La reparaci\u00f3n, el mantenimiento y las inspecciones de los dispositivos cubiertos por la supervisi\u00f3n de la UDT requieren autorizaci\u00f3n\" width=\"750\" height=\"625\" srcset=\"https:\/\/szkolenia-udt.pl\/wp-content\/uploads\/2021\/08\/oso-0021-konserwator-udzadzen-udt-1-1024x853.jpg 1024w, https:\/\/szkolenia-udt.pl\/wp-content\/uploads\/2021\/08\/oso-0021-konserwator-udzadzen-udt-1-300x250.jpg 300w, https:\/\/szkolenia-udt.pl\/wp-content\/uploads\/2021\/08\/oso-0021-konserwator-udzadzen-udt-1-768x640.jpg 768w, https:\/\/szkolenia-udt.pl\/wp-content\/uploads\/2021\/08\/oso-0021-konserwator-udzadzen-udt-1.jpg 1200w\" sizes=\"auto, (max-width: 750px) 100vw, 750px\" \/><\/a><\/p>","protected":false},"excerpt":{"rendered":"<p>Egzamin pa\u0144stwowy organizowany przez UDT jest jedyn\u0105 drog\u0105 do zdobycia uprawnie\u0144 potrzebnych w zawodzie konserwatora urz\u0105dze\u0144 obj\u0119tych dozorem technicznym. Uprawnienia s\u0105 niezb\u0119dne do pracy z takimi urz\u0105dzeniami, jak podesty ruchome, \u0142adowarki, w\u00f3zki wid\u0142owe, suwnice, \u017curawie, d\u017awigi i inne, wykorzystywane w budownictwie, przemy\u015ble czy rolnictwie. Zaj\u0119cia, kt\u00f3re Pa\u0144stwu proponujemy, prowadzimy wed\u0142ug autorskiego programu, w kt\u00f3rym skupiamy [&hellip;]<\/p>\n","protected":false},"author":3,"featured_media":2493,"parent":2266,"menu_order":0,"comment_status":"closed","ping_status":"closed","template":"","meta":{"footnotes":""},"class_list":["post-2418","page","type-page","status-publish","has-post-thumbnail","hentry"],"aioseo_notices":[],"_links":{"self":[{"href":"https:\/\/szkolenia-udt.pl\/es\/wp-json\/wp\/v2\/pages\/2418","targetHints":{"allow":["GET"]}}],"collection":[{"href":"https:\/\/szkolenia-udt.pl\/es\/wp-json\/wp\/v2\/pages"}],"about":[{"href":"https:\/\/szkolenia-udt.pl\/es\/wp-json\/wp\/v2\/types\/page"}],"author":[{"embeddable":true,"href":"https:\/\/szkolenia-udt.pl\/es\/wp-json\/wp\/v2\/users\/3"}],"replies":[{"embeddable":true,"href":"https:\/\/szkolenia-udt.pl\/es\/wp-json\/wp\/v2\/comments?post=2418"}],"version-history":[{"count":2,"href":"https:\/\/szkolenia-udt.pl\/es\/wp-json\/wp\/v2\/pages\/2418\/revisions"}],"predecessor-version":[{"id":2494,"href":"https:\/\/szkolenia-udt.pl\/es\/wp-json\/wp\/v2\/pages\/2418\/revisions\/2494"}],"up":[{"embeddable":true,"href":"https:\/\/szkolenia-udt.pl\/es\/wp-json\/wp\/v2\/pages\/2266"}],"wp:featuredmedia":[{"embeddable":true,"href":"https:\/\/szkolenia-udt.pl\/es\/wp-json\/wp\/v2\/media\/2493"}],"wp:attachment":[{"href":"https:\/\/szkolenia-udt.pl\/es\/wp-json\/wp\/v2\/media?parent=2418"}],"curies":[{"name":"wp","href":"https:\/\/api.w.org\/{rel}","templated":true}]}}