{"id":242,"date":"2014-10-08T17:09:07","date_gmt":"2014-10-08T17:09:07","guid":{"rendered":"http:\/\/szkolenia-udt.pl\/?page_id=242"},"modified":"2021-08-31T22:04:16","modified_gmt":"2021-08-31T22:04:16","slug":"superficie-correcta-para-plataformas-moviles","status":"publish","type":"page","link":"https:\/\/szkolenia-udt.pl\/es\/kursy\/podesty-ruchome\/prawidlowa-nawierzchnia-pod-podesty-ruchome\/","title":{"rendered":"Superficie correcta para plataformas m\u00f3viles"},"content":{"rendered":"<div style=\"float: left; padding-right: 10px;\"><div id=\"metaslider-id-1412\" style=\"max-width: 300px;\" class=\"ml-slider-3-107-0 metaslider metaslider-flex metaslider-1412 ml-slider ms-theme-default nav-hidden\" role=\"region\" aria-label=\"superficies\" data-height=\"225\" data-width=\"300\">\n    <div id=\"metaslider_container_1412\">\n        <div id=\"metaslider_1412\">\n            <ul class='slides'>\n                <li style=\"display: block; width: 100%;\" class=\"slide-1410 ms-image\" aria-roledescription=\"slide\" data-date=\"2015-07-10 14:50:45\" data-filename=\"resnawierzchnia-200ATJ_008.jpg\" data-slide-type=\"image\"><img loading=\"lazy\" decoding=\"async\" src=\"https:\/\/szkolenia-udt.pl\/wp-content\/uploads\/2015\/07\/resnawierzchnia-200ATJ_008.jpg\" height=\"225\" width=\"300\" alt=\"\" class=\"slider-1412 slide-1410 msDefaultImage\" \/><\/li>\n                <li style=\"display: none; width: 100%;\" class=\"slide-1411 ms-image\" aria-roledescription=\"slide\" data-date=\"2015-07-10 14:50:46\" data-filename=\"resnawierzchnia-456.png\" data-slide-type=\"image\"><img loading=\"lazy\" decoding=\"async\" src=\"https:\/\/szkolenia-udt.pl\/wp-content\/uploads\/2015\/07\/resnawierzchnia-456.png\" height=\"225\" width=\"300\" alt=\"\" class=\"slider-1412 slide-1411 msDefaultImage\" \/><\/li>\n                <li style=\"display: none; width: 100%;\" class=\"slide-1409 ms-image\" aria-roledescription=\"slide\" data-date=\"2015-07-10 14:50:44\" data-filename=\"resnawierzchnia-188.png\" data-slide-type=\"image\"><img loading=\"lazy\" decoding=\"async\" src=\"https:\/\/szkolenia-udt.pl\/wp-content\/uploads\/2015\/07\/resnawierzchnia-188.png\" height=\"225\" width=\"300\" alt=\"\" class=\"slider-1412 slide-1409 msDefaultImage\" \/><\/li>\n                <li style=\"display: none; width: 100%;\" class=\"slide-1408 ms-image\" aria-roledescription=\"slide\" data-date=\"2015-07-10 14:50:43\" data-filename=\"resnawierzchnia-160atj.jpg\" data-slide-type=\"image\"><img loading=\"lazy\" decoding=\"async\" src=\"https:\/\/szkolenia-udt.pl\/wp-content\/uploads\/2015\/07\/resnawierzchnia-160atj.jpg\" height=\"225\" width=\"300\" alt=\"\" class=\"slider-1412 slide-1408 msDefaultImage\" \/><\/li>\n                <li style=\"display: none; width: 100%;\" class=\"slide-1407 ms-image\" aria-roledescription=\"slide\" data-date=\"2015-07-10 14:50:42\" data-filename=\"resnawierzchnia-156.png\" data-slide-type=\"image\"><img loading=\"lazy\" decoding=\"async\" src=\"https:\/\/szkolenia-udt.pl\/wp-content\/uploads\/2015\/07\/resnawierzchnia-156.png\" height=\"225\" width=\"300\" alt=\"\" class=\"slider-1412 slide-1407 msDefaultImage\" \/><\/li>\n                <li style=\"display: none; width: 100%;\" class=\"slide-1406 ms-image\" aria-roledescription=\"slide\" data-date=\"2015-07-10 14:50:41\" data-filename=\"resnawierzchnia-132.png\" data-slide-type=\"image\"><img loading=\"lazy\" decoding=\"async\" src=\"https:\/\/szkolenia-udt.pl\/wp-content\/uploads\/2015\/07\/resnawierzchnia-132.png\" height=\"225\" width=\"300\" alt=\"\" class=\"slider-1412 slide-1406 msDefaultImage\" \/><\/li>\n            <\/ul>\n        <\/div>\n        \n    <\/div>\n<\/div><\/div>\n<div class=\"wyjustuj\">\n<p>Las escaleras mec\u00e1nicas s\u00f3lo deben utilizarse en superficies convenientemente adaptadas. Esta es una de las normas b\u00e1sicas de seguridad para trabajar con estos dispositivos. El incumplimiento de la normativa aumenta el riesgo de accidentes laborales. Nuestro curso de plataformas a\u00e9reas de trabajo introduce a los participantes en todos los procedimientos de selecci\u00f3n y preparaci\u00f3n de la superficie, que influyen en el uso seguro del equipo y en la comodidad y rapidez de su desplazamiento. Esto no se aplica a equipos como las plataformas suspendidas, pero el operador tambi\u00e9n debe comprobar constantemente los alrededores para evitar accidentes. Hay varios tipos de plataformas m\u00f3viles en uso, algunas de las cuales est\u00e1n especialmente adaptadas para su uso en superficies dif\u00edciles.<\/p>\n<p>La superficie debe ser estable y compacta para no aumentar el riesgo de accidentes laborales. Toda plataforma de tijera, cesta, columna o cualquier otro tipo de plataforma m\u00f3vil debe ser inspeccionada antes de su uso. Los elevadores de tijera, las cestas elevadoras y otros tipos de plataformas tienen sus propios requisitos de uso, por lo que hay que comprobar las superficies en las que se pueden utilizar. El equipo debe ser adecuado para la superficie en cuesti\u00f3n, y si hay alg\u00fan da\u00f1o en la superficie al encontrar obst\u00e1culos, tambi\u00e9n debe estar debidamente preparado.<\/p>\n<p>La inspecci\u00f3n visual puede determinar el tipo de pavimento, pero en algunos casos se utilizan pruebas geoqu\u00edmicas. Adem\u00e1s, el estado del pavimento se ve afectado por las condiciones meteorol\u00f3gicas, especialmente por las lluvias y las nevadas, que pueden provocar el encharcamiento de la zona.<\/p>\n<h2 class=\"boldnagl\"><strong>Tipos de pavimentos y riesgos asociados a su uso:<\/strong><\/h2>\n<ul>\n<li>Adoquines, hormig\u00f3n, asfalto - en su mayor\u00eda seguros, se debe tener cuidado al colocar la plataforma en los bordes del pavimento, el lavado de la zona y la suciedad tambi\u00e9n son peligros<\/li>\n<li>Zonas de c\u00e9sped - relativamente seguras, deben ser planas o estar adecuadamente niveladas, hay que tener cuidado con las zonas lavadas y las masas de agua<\/li>\n<li>Barbechos: compruebe la presencia de fosas y estructuras no marcadas en el espacio<\/li>\n<li>zonas urbanas: al desplegar la plataforma, compruebe si hay pozos de registro de aguas residuales, alcantarillas, t\u00faneles, pozos, s\u00f3tanos cercanos<\/li>\n<li>playas - terreno dif\u00edcil y que requiere una preparaci\u00f3n especial debido a la arena suelta y al riesgo de lavado<\/li>\n<\/ul>\n<p>Las tablas suelen utilizarse para nivelar y estabilizar la superficie de las plataformas de tijera, de cesta y de otros tipos. Si se utilizan plataformas de madera, hay que revisarlas cuidadosamente antes de utilizarlas.<\/p>\n<p>Elegir el nuestro <a href=\"https:\/\/szkolenia-udt.pl\/es\/kursy\/uprawnienia-udt-tdt-wdt\/kurs-podnosnik-koszowy\/\">un curso para plataformas a\u00e9reas de trabajo<\/a>El participante recibe la informaci\u00f3n necesaria sobre la preparaci\u00f3n de la superficie. <a href=\"https:\/\/szkolenia-udt.pl\/es\/kontakt\/\">Le invitamos cordialmente<\/a> para nuestros cursos sobre elevadores de tijera y plataformas de trabajo a\u00e9reo en las ciudades de Varsovia, Katowice, Cracovia y Bielsko-Bia\u0142a.<\/p>\n<\/div>","protected":false},"excerpt":{"rendered":"<p>Podesty ruchome powinny by\u0107 u\u017cywane tylko na odpowiednio przystosowanych tego celu nawierzchniach. To jedna z podstawowych zasad bezpiecze\u0144stwa pracy z tymi urz\u0105dzeniami. Nieprzestrzeganie przepis\u00f3w zwi\u0119ksza ryzyko wyst\u0105pienia wypadk\u00f3w przy pracy. Nasz kurs na podno\u015bniki przedstawia uczestnikom wszystkie procedury zwi\u0105zane z wyborem oraz przygotowaniem nawierzchni, co ma wp\u0142yw na bezpiecze\u0144stwo u\u017cycia urz\u0105dzenia oraz wygod\u0119 i szybko\u015b\u0107 [&hellip;]<\/p>\n","protected":false},"author":3,"featured_media":1410,"parent":35,"menu_order":0,"comment_status":"closed","ping_status":"closed","template":"","meta":{"footnotes":""},"class_list":["post-242","page","type-page","status-publish","has-post-thumbnail","hentry"],"aioseo_notices":[],"_links":{"self":[{"href":"https:\/\/szkolenia-udt.pl\/es\/wp-json\/wp\/v2\/pages\/242","targetHints":{"allow":["GET"]}}],"collection":[{"href":"https:\/\/szkolenia-udt.pl\/es\/wp-json\/wp\/v2\/pages"}],"about":[{"href":"https:\/\/szkolenia-udt.pl\/es\/wp-json\/wp\/v2\/types\/page"}],"author":[{"embeddable":true,"href":"https:\/\/szkolenia-udt.pl\/es\/wp-json\/wp\/v2\/users\/3"}],"replies":[{"embeddable":true,"href":"https:\/\/szkolenia-udt.pl\/es\/wp-json\/wp\/v2\/comments?post=242"}],"version-history":[{"count":8,"href":"https:\/\/szkolenia-udt.pl\/es\/wp-json\/wp\/v2\/pages\/242\/revisions"}],"predecessor-version":[{"id":2381,"href":"https:\/\/szkolenia-udt.pl\/es\/wp-json\/wp\/v2\/pages\/242\/revisions\/2381"}],"up":[{"embeddable":true,"href":"https:\/\/szkolenia-udt.pl\/es\/wp-json\/wp\/v2\/pages\/35"}],"wp:featuredmedia":[{"embeddable":true,"href":"https:\/\/szkolenia-udt.pl\/es\/wp-json\/wp\/v2\/media\/1410"}],"wp:attachment":[{"href":"https:\/\/szkolenia-udt.pl\/es\/wp-json\/wp\/v2\/media?parent=242"}],"curies":[{"name":"wp","href":"https:\/\/api.w.org\/{rel}","templated":true}]}}