{"id":2424,"date":"2021-08-20T10:35:30","date_gmt":"2021-08-20T10:35:30","guid":{"rendered":"https:\/\/szkolenia-udt.pl\/?page_id=2424"},"modified":"2022-08-31T21:22:33","modified_gmt":"2022-08-31T19:22:33","slug":"formacion-en-plataformas-elevadoras-de-tijera","status":"publish","type":"page","link":"https:\/\/szkolenia-udt.pl\/es\/kursy\/uprawnienia-udt-tdt-wdt\/scissor-lift-boom-lift-training\/","title":{"rendered":"Cursos de manejo de plataformas elevadoras de tijera y plataformas elevadoras con examen para la licencia para trabajar en el extranjero"},"content":{"rendered":"<p><a href=\"https:\/\/szkolenia-udt.pl\/wp-content\/uploads\/2021\/08\/szkolenia-udt.pl-0014-OPUBLIKOWANY-v8.jpg\"><img loading=\"lazy\" decoding=\"async\" class=\"paddingleft10 alignleft wp-image-2492 size-medium\" src=\"https:\/\/szkolenia-udt.pl\/wp-content\/uploads\/2021\/08\/szkolenia-udt.pl-0014-OPUBLIKOWANY-v8-300x225.jpg\" alt=\"Los elevadores de tijera y los elevadores de pluma son el nombre internacional de los elevadores de tijera y de canasta\" width=\"300\" height=\"225\" srcset=\"https:\/\/szkolenia-udt.pl\/wp-content\/uploads\/2021\/08\/szkolenia-udt.pl-0014-OPUBLIKOWANY-v8-300x225.jpg 300w, https:\/\/szkolenia-udt.pl\/wp-content\/uploads\/2021\/08\/szkolenia-udt.pl-0014-OPUBLIKOWANY-v8-1024x768.jpg 1024w, https:\/\/szkolenia-udt.pl\/wp-content\/uploads\/2021\/08\/szkolenia-udt.pl-0014-OPUBLIKOWANY-v8-768x576.jpg 768w, https:\/\/szkolenia-udt.pl\/wp-content\/uploads\/2021\/08\/szkolenia-udt.pl-0014-OPUBLIKOWANY-v8-1536x1152.jpg 1536w, https:\/\/szkolenia-udt.pl\/wp-content\/uploads\/2021\/08\/szkolenia-udt.pl-0014-OPUBLIKOWANY-v8-135x100.jpg 135w, https:\/\/szkolenia-udt.pl\/wp-content\/uploads\/2021\/08\/szkolenia-udt.pl-0014-OPUBLIKOWANY-v8.jpg 1600w\" sizes=\"auto, (max-width: 300px) 100vw, 300px\" \/><\/a>Son clases para futuros operadores de ascensores, creadas de acuerdo con la norma MEWP ISO 18878 y las directrices de la asociaci\u00f3n OMHEC. El programa preparado de tal manera significa que completar la formaci\u00f3n y aprobar el examen final se considera una calificaci\u00f3n suficiente para trabajar en el extranjero. El certificado obtenido de esta forma es v\u00e1lido en Noruega, Dinamarca, Gran Breta\u00f1a y los Pa\u00edses Bajos, y tambi\u00e9n puede ser reconocido por empleadores en otros pa\u00edses. Despu\u00e9s de completar el curso, el participante obtiene permisos para trabajar en tierra y en el mar.<\/p>\n<p>Las personas que desean trabajar en el extranjero como operadores de elevadores de tijera y cesta est\u00e1n invitadas a clases presenciales en Varsovia o a clases de aprendizaje electr\u00f3nico disponibles en l\u00ednea.<\/p>\n<h2>\u00bfQu\u00e9 oportunidades da obtener un certificado?<\/h2>\n<p>Los participantes de los cursos son principalmente personas que planean ir a trabajar en plataformas de perforaci\u00f3n en el Mar de Noruega. All\u00ed se requiere un certificado de acuerdo con la norma MEWP ISO 18878 para todos los trabajos en alturas superiores a 2 metros: instalaci\u00f3n, mantenimiento, reparaci\u00f3n.<\/p>\n<p>Completar la formaci\u00f3n y aprobar el examen final le da derecho a operar los siguientes dispositivos:<\/p>\n<ul>\n<li>Plataformas de trabajo a\u00e9reo (nombre internacional: plataformas elevadoras) - plataformas de trabajo m\u00f3viles autopropulsadas, las llamadas plataformas, que tienen una pluma y una plataforma - canasta, montadas en el veh\u00edculo<\/li>\n<li>Elevadores de tijera (nombre internacional: elevadores de tijera) - plataformas m\u00f3viles de movimiento lento, con un brazo telesc\u00f3pico o articulado en forma de tijera, montado en una plataforma equipada con ruedas<\/li>\n<\/ul>\n<p>Los titulares del certificado tienen muchas m\u00e1s oportunidades de empleo que en las plataformas de Noruega. El certificado est\u00e1 reconocido por todos los pa\u00edses miembros de la OMHEC (<a href=\"https:\/\/szkolenia-udt.pl\/es\/kursy\/onshore-i-offshore\/\">En alta mar<\/a> Mechanical Handling Equipment Committee), es decir, tambi\u00e9n Dinamarca, los Pa\u00edses Bajos y el Reino Unido. Las plataformas a\u00e9reas y de tijera se utilizan en estos pa\u00edses con fines similares a los de Polonia: para trabajos de construcci\u00f3n y renovaci\u00f3n, pintura y mantenimiento de fachadas, instalaci\u00f3n de alumbrado, limpieza de ventanas o reparaciones interiores.<\/p>\n<div class=\"filmw\">\n<div class=\"responsive-youtube\"><iframe loading=\"lazy\" title=\"Reproductor de v\u00eddeo de YouTube\" src=\"https:\/\/www.youtube.com\/embed\/OUKdY5V51M4\" width=\"560\" height=\"315\" frameborder=\"0\" allowfullscreen=\"allowfullscreen\"><\/iframe><\/div>\n<\/div>\n<h2>Detalles del curso<\/h2>\n<p>Las clases se llevan a cabo en forma de conferencias (estacionarias o remotas) seguidas de una parte pr\u00e1ctica. Los temas discutidos durante el curso se refieren, entre otros:<\/p>\n<ul>\n<li>Construcci\u00f3n de dispositivos<\/li>\n<li>Normas de seguridad vigentes en el extranjero<\/li>\n<li>Actuaciones en caso de accidentes y fallos en la explotaci\u00f3n de plataformas m\u00f3viles<\/li>\n<li>Estabilizaci\u00f3n de ascensores<\/li>\n<li>Tipos de plataformas m\u00f3viles y su prop\u00f3sito para realizar varios tipos de trabajo.<\/li>\n<\/ul>\n<p>En la parte pr\u00e1ctica, cada participante tiene la oportunidad de aprender a utilizar los ascensores en el patio de maniobras del Centro.<\/p>\n<p>Cada formaci\u00f3n finaliza con un examen organizado por los monitores del Centro, que consta de una parte te\u00f3rica y otra pr\u00e1ctica. Aquellos que aprueban el examen reciben un certificado en unas pocas semanas. Hasta entonces, si es necesario, pueden utilizar un certificado temporal emitido por <a href=\"https:\/\/szkolenia-udt.pl\/es\/o-firmie\/\">Centro<\/a>. A petici\u00f3n del cliente, tambi\u00e9n emitimos una tarjeta Hot Work (de pago adicional - 300 PLN).<\/p>\n<p>Para conocer los detalles e inscribirse en el curso en la fecha elegida, visite <a href=\"https:\/\/szkolenia-udt.pl\/es\/kontakt\/\">contacto por tel\u00e9fono o correo electr\u00f3nico<\/a>.<\/p>\n<p><a href=\"https:\/\/szkolenia-udt.pl\/wp-content\/uploads\/2021\/08\/0017-oso-scissor-liftboom-lift.jpg\"><img loading=\"lazy\" decoding=\"async\" class=\"alignnone wp-image-2427 size-large\" src=\"https:\/\/szkolenia-udt.pl\/wp-content\/uploads\/2021\/08\/0017-oso-scissor-liftboom-lift-1024x853.jpg\" alt=\"El elevador de pluma (elevador de canasta) y el elevador de tijera (elevador de tijera) son dispositivos cuyos operadores trabajan, entre otros. en plataformas petrol\u00edferas\" width=\"750\" height=\"625\" srcset=\"https:\/\/szkolenia-udt.pl\/wp-content\/uploads\/2021\/08\/0017-oso-scissor-liftboom-lift-1024x853.jpg 1024w, https:\/\/szkolenia-udt.pl\/wp-content\/uploads\/2021\/08\/0017-oso-scissor-liftboom-lift-300x250.jpg 300w, https:\/\/szkolenia-udt.pl\/wp-content\/uploads\/2021\/08\/0017-oso-scissor-liftboom-lift-768x640.jpg 768w, https:\/\/szkolenia-udt.pl\/wp-content\/uploads\/2021\/08\/0017-oso-scissor-liftboom-lift.jpg 1200w\" sizes=\"auto, (max-width: 750px) 100vw, 750px\" \/><\/a><\/p>","protected":false},"excerpt":{"rendered":"<p>To zaj\u0119cia dla przysz\u0142ych operator\u00f3w podno\u015bnik\u00f3w, stworzone zgodnie z norm\u0105 MEWP ISO 18878 oraz wytycznymi stowarzyszenia OMHEC. Tak przygotowany program oznacza, \u017ce uko\u0144czenie szkolenia oraz zaliczenie egzaminu ko\u0144cowego jest uznawane za wystarczaj\u0105ce kwalifikacje do podj\u0119cia pracy za granic\u0105. Uzyskany w ten spos\u00f3b certyfikat jest wa\u017cny w Norwegii, Danii, Wielkiej Brytanii i Holandii, mo\u017ce by\u0107 te\u017c [&hellip;]<\/p>\n","protected":false},"author":3,"featured_media":2492,"parent":2266,"menu_order":0,"comment_status":"closed","ping_status":"closed","template":"","meta":{"footnotes":""},"class_list":["post-2424","page","type-page","status-publish","has-post-thumbnail","hentry"],"aioseo_notices":[],"_links":{"self":[{"href":"https:\/\/szkolenia-udt.pl\/es\/wp-json\/wp\/v2\/pages\/2424","targetHints":{"allow":["GET"]}}],"collection":[{"href":"https:\/\/szkolenia-udt.pl\/es\/wp-json\/wp\/v2\/pages"}],"about":[{"href":"https:\/\/szkolenia-udt.pl\/es\/wp-json\/wp\/v2\/types\/page"}],"author":[{"embeddable":true,"href":"https:\/\/szkolenia-udt.pl\/es\/wp-json\/wp\/v2\/users\/3"}],"replies":[{"embeddable":true,"href":"https:\/\/szkolenia-udt.pl\/es\/wp-json\/wp\/v2\/comments?post=2424"}],"version-history":[{"count":6,"href":"https:\/\/szkolenia-udt.pl\/es\/wp-json\/wp\/v2\/pages\/2424\/revisions"}],"predecessor-version":[{"id":3232,"href":"https:\/\/szkolenia-udt.pl\/es\/wp-json\/wp\/v2\/pages\/2424\/revisions\/3232"}],"up":[{"embeddable":true,"href":"https:\/\/szkolenia-udt.pl\/es\/wp-json\/wp\/v2\/pages\/2266"}],"wp:featuredmedia":[{"embeddable":true,"href":"https:\/\/szkolenia-udt.pl\/es\/wp-json\/wp\/v2\/media\/2492"}],"wp:attachment":[{"href":"https:\/\/szkolenia-udt.pl\/es\/wp-json\/wp\/v2\/media?parent=2424"}],"curies":[{"name":"wp","href":"https:\/\/api.w.org\/{rel}","templated":true}]}}