{"id":2438,"date":"2021-08-22T09:19:16","date_gmt":"2021-08-22T09:19:16","guid":{"rendered":"https:\/\/szkolenia-udt.pl\/?page_id=2438"},"modified":"2023-03-13T16:34:16","modified_gmt":"2023-03-13T15:34:16","slug":"elevadores-de-tijera-de-ruedas-libres","status":"publish","type":"page","link":"https:\/\/szkolenia-udt.pl\/es\/kursy\/uprawnienia-udt-tdt-wdt\/podnosniki-nozycowe-wolnobiezne\/","title":{"rendered":"Elevadores de tijera de baja velocidad"},"content":{"rendered":"<p><a href=\"https:\/\/szkolenia-udt.pl\/wp-content\/uploads\/2021\/08\/szkolenia-udt.pl-0014-OPUBLIKOWANY-v1.jpg\"><img loading=\"lazy\" decoding=\"async\" class=\"paddingleft10 alignleft wp-image-2488 size-medium\" src=\"https:\/\/szkolenia-udt.pl\/wp-content\/uploads\/2021\/08\/szkolenia-udt.pl-0014-OPUBLIKOWANY-v1-300x225.jpg\" alt=\"Elevadores de tijera (ascensores): un tipo de plataformas m\u00f3viles, m\u00f3viles y de movimiento lento\" width=\"300\" height=\"225\" srcset=\"https:\/\/szkolenia-udt.pl\/wp-content\/uploads\/2021\/08\/szkolenia-udt.pl-0014-OPUBLIKOWANY-v1-300x225.jpg 300w, https:\/\/szkolenia-udt.pl\/wp-content\/uploads\/2021\/08\/szkolenia-udt.pl-0014-OPUBLIKOWANY-v1-1024x768.jpg 1024w, https:\/\/szkolenia-udt.pl\/wp-content\/uploads\/2021\/08\/szkolenia-udt.pl-0014-OPUBLIKOWANY-v1-768x576.jpg 768w, https:\/\/szkolenia-udt.pl\/wp-content\/uploads\/2021\/08\/szkolenia-udt.pl-0014-OPUBLIKOWANY-v1-1536x1152.jpg 1536w, https:\/\/szkolenia-udt.pl\/wp-content\/uploads\/2021\/08\/szkolenia-udt.pl-0014-OPUBLIKOWANY-v1-135x100.jpg 135w, https:\/\/szkolenia-udt.pl\/wp-content\/uploads\/2021\/08\/szkolenia-udt.pl-0014-OPUBLIKOWANY-v1.jpg 1800w\" sizes=\"auto, (max-width: 300px) 100vw, 300px\" \/><\/a>Un elevador de tijera (nombre oficial es: plataforma m\u00f3vil de movimiento lento) es un dispositivo universal utilizado para levantar personas que trabajan en alturas. La llamada El elevador de tijera de baja velocidad consta de una plataforma en la que ingresan los empleados y de elementos plegables que se asemejan a unas tijeras. Todo se coloca en un carro.<\/p>\n<h2>Tipos de elevadores de tijera<\/h2>\n<p>Estos tipos de ascensores se diferencian entre s\u00ed principalmente por el tipo de accionamiento:<\/p>\n<ul>\n<li>Accionamiento el\u00e9ctrico: los elevadores de tijera el\u00e9ctricos tienen bater\u00edas eficientes. Suelen ser peque\u00f1os, f\u00e1ciles de controlar y maniobrables. Funcionan bien en interiores.<\/li>\n<li>Accionamiento por combusti\u00f3n: estos tipos de gatos est\u00e1n destinados principalmente al trabajo de campo. Suelen tener tracci\u00f3n en las cuatro ruedas, por lo que pueden afrontar bien los desniveles.<\/li>\n<\/ul>\n<div style=\"width: 640px;\" class=\"wp-video\"><video id=\"video-2438-1\" width=\"640\" height=\"360\" poster=\"https:\/\/szkolenia-udt.pl\/wp-content\/uploads\/2023\/03\/okladka-podnosnik-OSO.jpg\" preload=\"metadata\" controls=\"controls\"><source type=\"video\/mp4\" src=\"https:\/\/szkolenia-udt.pl\/wp-content\/uploads\/2023\/03\/podnosnik-SZKOLENIA-UDT.PL-OSO.mp4?_=1\" \/><a href=\"https:\/\/szkolenia-udt.pl\/wp-content\/uploads\/2023\/03\/podnosnik-SZKOLENIA-UDT.PL-OSO.mp4\">https:\/\/szkolenia-udt.pl\/wp-content\/uploads\/2023\/03\/podnosnik-SZKOLENIA-UDT.PL-OSO.mp4<\/a><\/video><\/div>\n<h2>Ventajas de los elevadores de tijera:<\/h2>\n<ul>\n<li>La plataforma grande le permite transportar hasta 7 personas al mismo tiempo<\/li>\n<li>Maniobrables y compactos: gracias a su peque\u00f1o tama\u00f1o, se pueden utilizar en el interior de edificios o en lugares de dif\u00edcil acceso<\/li>\n<li>Ampliamente utilizado: para trabajos de renovaci\u00f3n en el exterior de edificios, pintura y aislamiento t\u00e9rmico de fachadas, reparaciones en el interior de edificios, instalaci\u00f3n de anuncios de gran formato, limpieza de ventanas en edificios de oficinas<\/li>\n<\/ul>\n<h2>\u00bfC\u00f3mo obtener la habilitaci\u00f3n para el manejo de elevadores de tijera?<\/h2>\n<p>La concesi\u00f3n de autorizaciones en Polonia la lleva a cabo la Oficina de Inspecci\u00f3n T\u00e9cnica. Las habilitaciones de la UDT se otorgan para todo tipo de plataformas m\u00f3viles, incluidas las de tijera. Las aprobaciones de servicio son v\u00e1lidas por 5 o 10 a\u00f1os (seg\u00fan el dispositivo) despu\u00e9s de aprobar el examen. La verificaci\u00f3n de las calificaciones de los candidatos consta de partes te\u00f3ricas y pr\u00e1cticas.<\/p>\n<div class=\"filmw\">\n<div class=\"responsive-youtube\"><iframe loading=\"lazy\" title=\"Reproductor de v\u00eddeo de YouTube\" src=\"https:\/\/www.youtube.com\/embed\/OUKdY5V51M4\" width=\"560\" height=\"315\" frameborder=\"0\" allowfullscreen=\"allowfullscreen\"><\/iframe><\/div>\n<\/div>\n<h2>Titulaciones UDT: \u00bfformaci\u00f3n o aprendizaje individual?<\/h2>\n<p>El curso permite adquirir conocimientos te\u00f3ricos y pr\u00e1cticos, as\u00ed como organizarlo para personas que ya han tratado con este tipo de dispositivos.<\/p>\n<h2>\u00bfC\u00f3mo es el curso de elevadores de tijera de baja velocidad?<\/h2>\n<p>El curso Boost Handling se imparte en persona o en l\u00ednea como un seminario web activo en vivo. Puede ser abierto, para clientes individuales, o cerrado, solo para empleados de una empresa determinada. El alcance de las clases est\u00e1 en consonancia con los temas que se requieren en el examen de calificaci\u00f3n. El curso consta de una parte te\u00f3rica y otra pr\u00e1ctica, durante la cual los participantes aprender\u00e1n los secretos del manejo de los aumentos.<\/p>\n<p>Este tipo de formaci\u00f3n es elegido con entusiasmo tanto por clientes individuales como por empresarios que quieren formar a sus empleados para que se conviertan en operadores de ascensores.<\/p>\n<p><a href=\"https:\/\/szkolenia-udt.pl\/es\/oferta\/\">Precio<\/a> el curso, la duraci\u00f3n y el alcance de los problemas dependen de los arreglos individuales con el cliente, su experiencia en el manejo de elevadores de tijera y las necesidades de capacitaci\u00f3n. Antes de la valoraci\u00f3n, siempre realizamos una entrevista que nos permite obtener la informaci\u00f3n anterior.<\/p>\n<p>Para obtener m\u00e1s informaci\u00f3n sobre el curso de ascensores, visite <a href=\"https:\/\/szkolenia-udt.pl\/es\/kontakt\/\">contacto por tel\u00e9fono o correo electr\u00f3nico<\/a>.<\/p>\n<p><a href=\"https:\/\/szkolenia-udt.pl\/wp-content\/uploads\/2021\/08\/0014-oso-zwyzki-nozycowe-i-wysiegnikowe.jpg\"><img loading=\"lazy\" decoding=\"async\" class=\"alignnone wp-image-2440 size-large\" src=\"https:\/\/szkolenia-udt.pl\/wp-content\/uploads\/2021\/08\/0014-oso-zwyzki-nozycowe-i-wysiegnikowe-1024x853.jpg\" alt=\"\" width=\"750\" height=\"625\" srcset=\"https:\/\/szkolenia-udt.pl\/wp-content\/uploads\/2021\/08\/0014-oso-zwyzki-nozycowe-i-wysiegnikowe-1024x853.jpg 1024w, https:\/\/szkolenia-udt.pl\/wp-content\/uploads\/2021\/08\/0014-oso-zwyzki-nozycowe-i-wysiegnikowe-300x250.jpg 300w, https:\/\/szkolenia-udt.pl\/wp-content\/uploads\/2021\/08\/0014-oso-zwyzki-nozycowe-i-wysiegnikowe-768x640.jpg 768w, https:\/\/szkolenia-udt.pl\/wp-content\/uploads\/2021\/08\/0014-oso-zwyzki-nozycowe-i-wysiegnikowe.jpg 1200w\" sizes=\"auto, (max-width: 750px) 100vw, 750px\" \/><\/a><\/p>","protected":false},"excerpt":{"rendered":"<p>Podno\u015bnik no\u017cycowy (oficjalna nazwa to: podest ruchomy przejezdny wolnobie\u017cny) to uniwersalne urz\u0105dzenie, wykorzystywane do podnoszenia os\u00f3b pracuj\u0105cych na wysoko\u015bciach. Tzw. zwy\u017cka no\u017cycowa wolnobie\u017cna sk\u0142ada si\u0119 z platformy, na kt\u00f3r\u0105 wchodz\u0105 pracownicy oraz ze sk\u0142adanych element\u00f3w przypominaj\u0105cych no\u017cyce. Ca\u0142o\u015b\u0107 jest umieszczona na w\u00f3zku. Rodzaje zwy\u017cek no\u017cycowych Tego typu podno\u015bniki r\u00f3\u017cni\u0105 si\u0119 od siebie przede wszystkim rodzajem [&hellip;]<\/p>\n","protected":false},"author":3,"featured_media":2488,"parent":2266,"menu_order":0,"comment_status":"closed","ping_status":"closed","template":"","meta":{"footnotes":""},"class_list":["post-2438","page","type-page","status-publish","has-post-thumbnail","hentry"],"aioseo_notices":[],"_links":{"self":[{"href":"https:\/\/szkolenia-udt.pl\/es\/wp-json\/wp\/v2\/pages\/2438","targetHints":{"allow":["GET"]}}],"collection":[{"href":"https:\/\/szkolenia-udt.pl\/es\/wp-json\/wp\/v2\/pages"}],"about":[{"href":"https:\/\/szkolenia-udt.pl\/es\/wp-json\/wp\/v2\/types\/page"}],"author":[{"embeddable":true,"href":"https:\/\/szkolenia-udt.pl\/es\/wp-json\/wp\/v2\/users\/3"}],"replies":[{"embeddable":true,"href":"https:\/\/szkolenia-udt.pl\/es\/wp-json\/wp\/v2\/comments?post=2438"}],"version-history":[{"count":8,"href":"https:\/\/szkolenia-udt.pl\/es\/wp-json\/wp\/v2\/pages\/2438\/revisions"}],"predecessor-version":[{"id":4519,"href":"https:\/\/szkolenia-udt.pl\/es\/wp-json\/wp\/v2\/pages\/2438\/revisions\/4519"}],"up":[{"embeddable":true,"href":"https:\/\/szkolenia-udt.pl\/es\/wp-json\/wp\/v2\/pages\/2266"}],"wp:featuredmedia":[{"embeddable":true,"href":"https:\/\/szkolenia-udt.pl\/es\/wp-json\/wp\/v2\/media\/2488"}],"wp:attachment":[{"href":"https:\/\/szkolenia-udt.pl\/es\/wp-json\/wp\/v2\/media?parent=2438"}],"curies":[{"name":"wp","href":"https:\/\/api.w.org\/{rel}","templated":true}]}}