{"id":244,"date":"2014-10-08T17:09:32","date_gmt":"2014-10-08T17:09:32","guid":{"rendered":"http:\/\/szkolenia-udt.pl\/?page_id=244"},"modified":"2021-08-31T22:07:24","modified_gmt":"2021-08-31T22:07:24","slug":"riesgos-en-la-manipulacion-de-plataformas-moviles","status":"publish","type":"page","link":"https:\/\/szkolenia-udt.pl\/es\/kursy\/podesty-ruchome\/zagrozenia-przy-obsludze-podestow-ruchomych\/","title":{"rendered":"Peligros al operar plataformas m\u00f3viles"},"content":{"rendered":"<div style=\"float: left; padding-right: 10px;\"><div id=\"metaslider-id-1420\" style=\"max-width: 300px;\" class=\"ml-slider-3-107-0 metaslider metaslider-flex metaslider-1420 ml-slider ms-theme-default nav-hidden\" role=\"region\" aria-label=\"accidentes\" data-height=\"225\" data-width=\"300\">\n    <div id=\"metaslider_container_1420\">\n        <div id=\"metaslider_1420\">\n            <ul class='slides'>\n                <li style=\"display: block; width: 100%;\" class=\"slide-1416 ms-image\" aria-roledescription=\"slide\" data-date=\"2015-07-11 06:05:09\" data-filename=\"reswyp_09CA008d.jpg\" data-slide-type=\"image\"><img loading=\"lazy\" decoding=\"async\" src=\"https:\/\/szkolenia-udt.pl\/wp-content\/uploads\/2015\/07\/reswyp_09CA008d.jpg\" height=\"225\" width=\"300\" alt=\"\" class=\"slider-1420 slide-1416 msDefaultImage\" \/><\/li>\n                <li style=\"display: none; width: 100%;\" class=\"slide-1419 ms-image\" aria-roledescription=\"slide\" data-date=\"2015-07-11 06:05:13\" data-filename=\"reswyp_philadelphiacranex-topper-medium.jpg\" data-slide-type=\"image\"><img loading=\"lazy\" decoding=\"async\" src=\"https:\/\/szkolenia-udt.pl\/wp-content\/uploads\/2015\/07\/reswyp_philadelphiacranex-topper-medium.jpg\" height=\"225\" width=\"300\" alt=\"\" class=\"slider-1420 slide-1419 msDefaultImage\" \/><\/li>\n                <li style=\"display: none; width: 100%;\" class=\"slide-1418 ms-image\" aria-roledescription=\"slide\" data-date=\"2015-07-11 06:05:12\" data-filename=\"reswyp_8427045_448x252.jpg\" data-slide-type=\"image\"><img loading=\"lazy\" decoding=\"async\" src=\"https:\/\/szkolenia-udt.pl\/wp-content\/uploads\/2015\/07\/reswyp_8427045_448x252.jpg\" height=\"225\" width=\"300\" alt=\"\" class=\"slider-1420 slide-1418 msDefaultImage\" \/><\/li>\n                <li style=\"display: none; width: 100%;\" class=\"slide-1417 ms-image\" aria-roledescription=\"slide\" data-date=\"2015-07-11 06:05:11\" data-filename=\"reswyp_091014-07.jpg\" data-slide-type=\"image\"><img loading=\"lazy\" decoding=\"async\" src=\"https:\/\/szkolenia-udt.pl\/wp-content\/uploads\/2015\/07\/reswyp_091014-07.jpg\" height=\"225\" width=\"300\" alt=\"\" class=\"slider-1420 slide-1417 msDefaultImage\" \/><\/li>\n                <li style=\"display: none; width: 100%;\" class=\"slide-1415 ms-image\" aria-roledescription=\"slide\" data-date=\"2015-07-11 06:05:09\" data-filename=\"reswyp_07NY080c.jpg\" data-slide-type=\"image\"><img loading=\"lazy\" decoding=\"async\" src=\"https:\/\/szkolenia-udt.pl\/wp-content\/uploads\/2015\/07\/reswyp_07NY080c.jpg\" height=\"225\" width=\"300\" alt=\"\" class=\"slider-1420 slide-1415 msDefaultImage\" \/><\/li>\n                <li style=\"display: none; width: 100%;\" class=\"slide-1414 ms-image\" aria-roledescription=\"slide\" data-date=\"2015-07-11 06:05:07\" data-filename=\"reswyp_06-Scissor-Lift-Tipover-in-Wind.jpg\" data-slide-type=\"image\"><img loading=\"lazy\" decoding=\"async\" src=\"https:\/\/szkolenia-udt.pl\/wp-content\/uploads\/2015\/07\/reswyp_06-Scissor-Lift-Tipover-in-Wind.jpg\" height=\"225\" width=\"300\" alt=\"\" class=\"slider-1420 slide-1414 msDefaultImage\" \/><\/li>\n            <\/ul>\n        <\/div>\n        \n    <\/div>\n<\/div><\/div>\n<div class=\"wyjustuj\">\n<p>Cuando se operan plataformas m\u00f3viles surgen varios peligros, cuyos riesgos debe conocer el trabajador. Por ello, cada uno de nuestros <a href=\"https:\/\/szkolenia-udt.pl\/es\/kursy\/uprawnienia-udt-tdt-wdt\/kurs-podnosnik-koszowy\/\">curso de plataformas a\u00e9reas de trabajo<\/a>La informaci\u00f3n sobre la seguridad y la salud, as\u00ed como las causas m\u00e1s comunes de los accidentes de trabajo en esta posici\u00f3n, se incluyen en esta \u00e1rea.<\/p>\n<p>Cuando trabaje con plataformas m\u00f3viles, extreme las precauciones y no subestime los peligros en su lugar de trabajo.<\/p>\n<h2 class=\"boldnagl\"><strong>Los accidentes m\u00e1s comunes en el trabajo con plataformas m\u00f3viles son en particular:<\/strong><\/h2>\n<ul>\n<li>se cae de una altura y cae sobre una superficie de trabajo<\/li>\n<li>impactos causados por la manipulaci\u00f3n inadecuada de los materiales<\/li>\n<li>descargas el\u00e9ctricas<\/li>\n<li>impactos en los equipos y componentes estructurales<\/li>\n<li>atrapamiento por mecanismos desprotegidos y en movimiento<\/li>\n<\/ul>\n<p>En la mayor\u00eda de los casos, se pueden evitar los accidentes al manejar plataformas m\u00f3viles. Lo m\u00e1s importante es cumplir con la normativa de seguridad e higiene y con la UDT, lo que se traduce en una importante reducci\u00f3n del riesgo.<\/p>\n<h2 class=\"boldnagl\"><strong>Las razones m\u00e1s comunes para la ocurrencia de accidentes son:<\/strong><\/h2>\n<ul>\n<li style=\"text-align: left;\">No utilizar los equipos de protecci\u00f3n individual obligatorios - para protegerse de las ca\u00eddas de altura, esto tambi\u00e9n se aplica a la instalaci\u00f3n de plataformas, incluidas las estructuras colgantes<\/li>\n<li style=\"text-align: left;\">estado t\u00e9cnico inadecuado de los equipos, falta de inspecci\u00f3n y mantenimiento que provoca da\u00f1os en los equipos<\/li>\n<li style=\"text-align: left;\">la no utilizaci\u00f3n o la utilizaci\u00f3n inadecuada de los resguardos y equipos de seguridad, que puede dar lugar a que los trabajadores queden atrapados por la maquinaria en movimiento<\/li>\n<li style=\"text-align: left;\">condiciones t\u00e9cnicas inadecuadas de acceso a los lugares de trabajo<\/li>\n<li style=\"text-align: left;\">el incumplimiento de las instrucciones de uso del equipo<\/li>\n<li style=\"text-align: left;\">trabajar sin tener en cuenta las normas de seguridad e higiene<\/li>\n<li style=\"text-align: left;\">estado inadecuado de las instalaciones el\u00e9ctricas de los andenes<\/li>\n<\/ul>\n<p>El conocimiento de las normas de funcionamiento de equipos como las plataformas m\u00f3viles, las plataformas m\u00f3viles transitables y las plataformas m\u00f3viles colgantes montadas en m\u00e1stil permite reducir el riesgo de accidentes laborales. Desgraciadamente, muchos accidentes est\u00e1n relacionados con el funcionamiento incorrecto de los equipos, pero pueden evitarse f\u00e1cilmente si se tienen en cuenta las normas de salud y seguridad.<\/p>\n<p>Si quiere manejar plataformas m\u00f3viles con seguridad, un curso en nuestro <a href=\"https:\/\/szkolenia-udt.pl\/es\/o-firmie\/\">La estaci\u00f3n<\/a> \u00a1es la mejor opci\u00f3n!<\/p>\n<\/div>","protected":false},"excerpt":{"rendered":"<p>Przy obs\u0142udze podest\u00f3w ruchomych pojawiaj\u0105 si\u0119 r\u00f3\u017cnego rodzaju zagro\u017cenia, z kt\u00f3rych ryzyka powinien zdawa\u0107 sobie pracownik. W zwi\u0105zku z tym ka\u017cdy nasz kurs na podno\u015bnik koszowy, no\u017cycowy czy inny podest ruchomy przejezdny w tej dziedzinie obejmuje tak\u017ce informacje zwi\u0105zane z bezpiecze\u0144stwem i higien\u0105 pracy oraz najcz\u0119stszymi przyczynami wypadk\u00f3w przy pracy na tym stanowisku. Przy wykonywaniu [&hellip;]<\/p>\n","protected":false},"author":3,"featured_media":1416,"parent":35,"menu_order":0,"comment_status":"closed","ping_status":"closed","template":"","meta":{"footnotes":""},"class_list":["post-244","page","type-page","status-publish","has-post-thumbnail","hentry"],"aioseo_notices":[],"_links":{"self":[{"href":"https:\/\/szkolenia-udt.pl\/es\/wp-json\/wp\/v2\/pages\/244","targetHints":{"allow":["GET"]}}],"collection":[{"href":"https:\/\/szkolenia-udt.pl\/es\/wp-json\/wp\/v2\/pages"}],"about":[{"href":"https:\/\/szkolenia-udt.pl\/es\/wp-json\/wp\/v2\/types\/page"}],"author":[{"embeddable":true,"href":"https:\/\/szkolenia-udt.pl\/es\/wp-json\/wp\/v2\/users\/3"}],"replies":[{"embeddable":true,"href":"https:\/\/szkolenia-udt.pl\/es\/wp-json\/wp\/v2\/comments?post=244"}],"version-history":[{"count":8,"href":"https:\/\/szkolenia-udt.pl\/es\/wp-json\/wp\/v2\/pages\/244\/revisions"}],"predecessor-version":[{"id":2246,"href":"https:\/\/szkolenia-udt.pl\/es\/wp-json\/wp\/v2\/pages\/244\/revisions\/2246"}],"up":[{"embeddable":true,"href":"https:\/\/szkolenia-udt.pl\/es\/wp-json\/wp\/v2\/pages\/35"}],"wp:featuredmedia":[{"embeddable":true,"href":"https:\/\/szkolenia-udt.pl\/es\/wp-json\/wp\/v2\/media\/1416"}],"wp:attachment":[{"href":"https:\/\/szkolenia-udt.pl\/es\/wp-json\/wp\/v2\/media?parent=244"}],"curies":[{"name":"wp","href":"https:\/\/api.w.org\/{rel}","templated":true}]}}