{"id":2446,"date":"2021-08-22T09:34:44","date_gmt":"2021-08-22T09:34:44","guid":{"rendered":"https:\/\/szkolenia-udt.pl\/?page_id=2446"},"modified":"2021-08-25T12:23:17","modified_gmt":"2021-08-25T12:23:17","slug":"plataformas-aereas-de-trabajo","status":"publish","type":"page","link":"https:\/\/szkolenia-udt.pl\/es\/kursy\/uprawnienia-udt-tdt-wdt\/podnosniki-koszowe\/","title":{"rendered":"Plataformas a\u00e9reas de trabajo - un curso para conservadores UDT"},"content":{"rendered":"<p><a href=\"https:\/\/szkolenia-udt.pl\/wp-content\/uploads\/2021\/08\/szkolenia-udt.pl-0014-OPUBLIKOWANY-v11.jpg\"><img loading=\"lazy\" decoding=\"async\" class=\"paddingleft10 alignleft wp-image-2495 size-medium\" src=\"https:\/\/szkolenia-udt.pl\/wp-content\/uploads\/2021\/08\/szkolenia-udt.pl-0014-OPUBLIKOWANY-v11-300x200.jpg\" alt=\"El conservador de la UDT realiza las reparaciones de la plataforma a\u00e9rea, observando las normas de seguridad e higiene y las normas de inspecci\u00f3n t\u00e9cnica\" width=\"300\" height=\"200\" srcset=\"https:\/\/szkolenia-udt.pl\/wp-content\/uploads\/2021\/08\/szkolenia-udt.pl-0014-OPUBLIKOWANY-v11-300x200.jpg 300w, https:\/\/szkolenia-udt.pl\/wp-content\/uploads\/2021\/08\/szkolenia-udt.pl-0014-OPUBLIKOWANY-v11-1024x683.jpg 1024w, https:\/\/szkolenia-udt.pl\/wp-content\/uploads\/2021\/08\/szkolenia-udt.pl-0014-OPUBLIKOWANY-v11-768x512.jpg 768w, https:\/\/szkolenia-udt.pl\/wp-content\/uploads\/2021\/08\/szkolenia-udt.pl-0014-OPUBLIKOWANY-v11.jpg 1200w\" sizes=\"auto, (max-width: 300px) 100vw, 300px\" \/><\/a>Las plataformas a\u00e9reas, conocidas como ascensores, se utilizan en obras de construcci\u00f3n y renovaci\u00f3n, as\u00ed como en la industria, la energ\u00eda y el cuidado del medio ambiente. Se aplican requisitos especiales a estos dispositivos populares cuando se trata de reparaci\u00f3n y mantenimiento. S\u00f3lo pueden hacerlo las personas con titulaci\u00f3n de la UDT, y la \u00fanica forma de obtener estas titulaciones es un examen realizado ante la comisi\u00f3n de esta oficina. Es pr\u00e1cticamente imposible prepararse para este examen por su cuenta, entre otros por la falta de acceso a los dispositivos y la posibilidad de familiarizarse con su construcci\u00f3n. Para las personas que quieran prepararse de forma r\u00e1pida y eficaz para la obtenci\u00f3n de t\u00edtulos UDT, ofrecemos la participaci\u00f3n en nuestro curso de mantenimiento. La participaci\u00f3n en la formaci\u00f3n trae muchos beneficios: el aprendizaje de cuestiones te\u00f3ricas, la oportunidad de practicar las habilidades pr\u00e1cticas necesarias en el trabajo y utilizar la experiencia de los instructores. Nuestros estudiantes tambi\u00e9n aprecian la posibilidad de realizar el examen de estado organizado en el nuestro. <a href=\"https:\/\/szkolenia-udt.pl\/es\/o-firmie\/\">complejo<\/a> directamente despu\u00e9s del curso.<\/p>\n<h2>Curso de mantenimiento de plataformas a\u00e9reas de trabajo<\/h2>\n<p>Un elevador de canasta es un dispositivo bajo la supervisi\u00f3n t\u00e9cnica de la UDT, por lo que el curso del curso de mantenimiento de este dispositivo est\u00e1 determinado por los requisitos de examen de la Oficina. El programa del curso ha sido dise\u00f1ado para cumplir con estos requisitos. Gracias a esto, los estudiantes pueden estar seguros de que los temas tratados durante el curso aparecer\u00e1n durante el examen.<\/p>\n<p>El programa de formaci\u00f3n te\u00f3rica en el campo del mantenimiento de ascensores incluye:<\/p>\n<ol>\n<li>La informaci\u00f3n m\u00e1s importante sobre la supervisi\u00f3n t\u00e9cnica.<\/li>\n<li>Normas y otras regulaciones relacionadas con el trabajo como conservador.<\/li>\n<li>Discusi\u00f3n de las instrucciones de operaci\u00f3n y documentaci\u00f3n t\u00e9cnica de las plataformas a\u00e9reas.<\/li>\n<li>Construcci\u00f3n, tipos y operaci\u00f3n de plataformas m\u00f3viles.<\/li>\n<li>Obligaciones del t\u00e9cnico de mantenimiento relacionadas con las inspecciones y reparaciones.<\/li>\n<li>Normas de seguridad y salud aplicables al mantenimiento.<\/li>\n<li>M\u00e9todos para tratar las fallas comunes.<\/li>\n<li>Parte el\u00e9ctrica.<\/li>\n<li>Parte mec\u00e1nica, incluida la hidr\u00e1ulica.<\/li>\n<li>Mantener las elevaciones en buen estado t\u00e9cnico.<\/li>\n<\/ol>\n<p>La parte te\u00f3rica se complementa con clases pr\u00e1cticas. Su duraci\u00f3n depende de las necesidades y el progreso del estudiante. El tiempo total de entrenamiento es de aproximadamente 38-96 horas.<\/p>\n<p>Despu\u00e9s del entrenamiento, se lleva a cabo un examen estatal. Lo organizamos en nuestro centro, y la sede de la UDT seleccionada se encarga de realizarlo: Varsovia u otro, si la formaci\u00f3n se realiza en otra ciudad.<\/p>\n<h2>T\u00edtulos UDT despu\u00e9s de la formaci\u00f3n<\/h2>\n<p>Una persona que completa el curso y aprueba el examen con un resultado positivo recibe un certificado de calificaci\u00f3n en forma de tarjeta. Este certificado es v\u00e1lido para ascensores durante 5 a\u00f1os. Se requiere para trabajar como t\u00e9cnico de mantenimiento, sin importar la industria o ubicaci\u00f3n.<\/p>\n<h2>Fechas y lugar de formaci\u00f3n de los cirujanos de mantenimiento<\/h2>\n<p>Los cursos de mantenimiento de UDT se llevan a cabo regularmente seg\u00fan sea necesario. Los organizamos tanto en Varsovia como en otras sucursales de nuestro centro. Adicionalmente, es posible organizar un curso cerrado para la empresa - personas interesadas <a href=\"https:\/\/szkolenia-udt.pl\/es\/kontakt\/\">por favor cont\u00e1ctenos<\/a>.<\/p>\n<p>Las fechas actuales se pueden encontrar en nuestro sitio web <a href=\"https:\/\/platformaedukacji.pl\/\">https:\/\/platformaedukacji.pl\/<\/a>. All\u00ed puede reservar un lugar en la capacitaci\u00f3n seleccionada y pagar la participaci\u00f3n a trav\u00e9s del sistema de pago r\u00e1pido en l\u00ednea.<\/p>\n<p><a href=\"https:\/\/szkolenia-udt.pl\/wp-content\/uploads\/2021\/08\/oso-0022-OPUBLIKOWANY-podesty-ruchomepodnosniki-koszowezwyzki.jpg\"><img loading=\"lazy\" decoding=\"async\" class=\"alignnone wp-image-2448 size-large\" src=\"https:\/\/szkolenia-udt.pl\/wp-content\/uploads\/2021\/08\/oso-0022-OPUBLIKOWANY-podesty-ruchomepodnosniki-koszowezwyzki-1024x853.jpg\" alt=\"La reparaci\u00f3n de plataformas a\u00e9reas de trabajo requiere calificaciones especiales \" width=\"750\" height=\"625\" srcset=\"https:\/\/szkolenia-udt.pl\/wp-content\/uploads\/2021\/08\/oso-0022-OPUBLIKOWANY-podesty-ruchomepodnosniki-koszowezwyzki-1024x853.jpg 1024w, https:\/\/szkolenia-udt.pl\/wp-content\/uploads\/2021\/08\/oso-0022-OPUBLIKOWANY-podesty-ruchomepodnosniki-koszowezwyzki-300x250.jpg 300w, https:\/\/szkolenia-udt.pl\/wp-content\/uploads\/2021\/08\/oso-0022-OPUBLIKOWANY-podesty-ruchomepodnosniki-koszowezwyzki-768x640.jpg 768w, https:\/\/szkolenia-udt.pl\/wp-content\/uploads\/2021\/08\/oso-0022-OPUBLIKOWANY-podesty-ruchomepodnosniki-koszowezwyzki.jpg 1200w\" sizes=\"auto, (max-width: 750px) 100vw, 750px\" \/><\/a><\/p>","protected":false},"excerpt":{"rendered":"<p>Podno\u015bniki koszowe, zwane zwy\u017ckami, wykorzystuje si\u0119 w pracach budowlanych, remontowych, a tak\u017ce w przemy\u015ble, energetyce czy piel\u0119gnacji zieleni. W stosunku do tych popularnych urz\u0105dze\u0144 obowi\u0105zuj\u0105 szczeg\u00f3lne wymagania, je\u015bli chodzi o ich napraw\u0119 i konserwacj\u0119. Mog\u0105 si\u0119 tym zajmowa\u0107 wy\u0142\u0105cznie osoby posiadaj\u0105ce uprawnienia wydane przez UDT, a jedyn\u0105 drog\u0105 do zdobycia tych uprawnie\u0144 jest egzamin zdawany [&hellip;]<\/p>\n","protected":false},"author":3,"featured_media":2495,"parent":2266,"menu_order":0,"comment_status":"closed","ping_status":"closed","template":"","meta":{"footnotes":""},"class_list":["post-2446","page","type-page","status-publish","has-post-thumbnail","hentry"],"aioseo_notices":[],"_links":{"self":[{"href":"https:\/\/szkolenia-udt.pl\/es\/wp-json\/wp\/v2\/pages\/2446","targetHints":{"allow":["GET"]}}],"collection":[{"href":"https:\/\/szkolenia-udt.pl\/es\/wp-json\/wp\/v2\/pages"}],"about":[{"href":"https:\/\/szkolenia-udt.pl\/es\/wp-json\/wp\/v2\/types\/page"}],"author":[{"embeddable":true,"href":"https:\/\/szkolenia-udt.pl\/es\/wp-json\/wp\/v2\/users\/3"}],"replies":[{"embeddable":true,"href":"https:\/\/szkolenia-udt.pl\/es\/wp-json\/wp\/v2\/comments?post=2446"}],"version-history":[{"count":4,"href":"https:\/\/szkolenia-udt.pl\/es\/wp-json\/wp\/v2\/pages\/2446\/revisions"}],"predecessor-version":[{"id":2496,"href":"https:\/\/szkolenia-udt.pl\/es\/wp-json\/wp\/v2\/pages\/2446\/revisions\/2496"}],"up":[{"embeddable":true,"href":"https:\/\/szkolenia-udt.pl\/es\/wp-json\/wp\/v2\/pages\/2266"}],"wp:featuredmedia":[{"embeddable":true,"href":"https:\/\/szkolenia-udt.pl\/es\/wp-json\/wp\/v2\/media\/2495"}],"wp:attachment":[{"href":"https:\/\/szkolenia-udt.pl\/es\/wp-json\/wp\/v2\/media?parent=2446"}],"curies":[{"name":"wp","href":"https:\/\/api.w.org\/{rel}","templated":true}]}}