{"id":246,"date":"2014-10-08T17:09:57","date_gmt":"2014-10-08T17:09:57","guid":{"rendered":"http:\/\/szkolenia-udt.pl\/?page_id=246"},"modified":"2021-08-31T22:03:34","modified_gmt":"2021-08-31T22:03:34","slug":"organizacion-del-puesto-de-trabajo-para-la-plataforma-movil","status":"publish","type":"page","link":"https:\/\/szkolenia-udt.pl\/es\/kursy\/podesty-ruchome\/organizacja-stanowiska-pracy-podestu-ruchomego\/","title":{"rendered":"Organizaci\u00f3n del puesto de trabajo m\u00f3vil cerca de redes y dispositivos el\u00e9ctricos"},"content":{"rendered":"<div style=\"float: left; padding-right: 10px;\"><div id=\"metaslider-id-1376\" style=\"max-width: 300px;\" class=\"ml-slider-3-107-0 metaslider metaslider-flex metaslider-1376 ml-slider ms-theme-default nav-hidden\" role=\"region\" aria-label=\"aterrizajes el\u00e9ctricos\" data-height=\"225\" data-width=\"300\">\n    <div id=\"metaslider_container_1376\">\n        <div id=\"metaslider_1376\">\n            <ul class='slides'>\n                <li style=\"display: block; width: 100%;\" class=\"slide-1380 ms-image\" aria-roledescription=\"slide\" data-date=\"2015-07-10 13:44:02\" data-filename=\"ressieci_Manitou-200-ATJ1.jpg\" data-slide-type=\"image\"><img loading=\"lazy\" decoding=\"async\" src=\"https:\/\/szkolenia-udt.pl\/wp-content\/uploads\/2015\/07\/ressieci_Manitou-200-ATJ1.jpg\" height=\"225\" width=\"300\" alt=\"\" class=\"slider-1376 slide-1380 msDefaultImage\" \/><\/li>\n                <li style=\"display: none; width: 100%;\" class=\"slide-1381 ms-image\" aria-roledescription=\"slide\" data-date=\"2015-07-10 13:44:03\" data-filename=\"ressieci_utility-worker-in-bucket-truck-with-wires.jpg\" data-slide-type=\"image\"><img loading=\"lazy\" decoding=\"async\" src=\"https:\/\/szkolenia-udt.pl\/wp-content\/uploads\/2015\/07\/ressieci_utility-worker-in-bucket-truck-with-wires.jpg\" height=\"225\" width=\"300\" alt=\"\" class=\"slider-1376 slide-1381 msDefaultImage\" \/><\/li>\n                <li style=\"display: none; width: 100%;\" class=\"slide-1379 ms-image\" aria-roledescription=\"slide\" data-date=\"2015-07-10 13:44:00\" data-filename=\"ressieci_JLG_Booms.5447e608ccdf6.jpg\" data-slide-type=\"image\"><img loading=\"lazy\" decoding=\"async\" src=\"https:\/\/szkolenia-udt.pl\/wp-content\/uploads\/2015\/07\/ressieci_JLG_Booms.5447e608ccdf6.jpg\" height=\"225\" width=\"300\" alt=\"\" class=\"slider-1376 slide-1379 msDefaultImage\" \/><\/li>\n                <li style=\"display: none; width: 100%;\" class=\"slide-1378 ms-image\" aria-roledescription=\"slide\" data-date=\"2015-07-10 13:44:00\" data-filename=\"ressieci_images.jpg\" data-slide-type=\"image\"><img loading=\"lazy\" decoding=\"async\" src=\"https:\/\/szkolenia-udt.pl\/wp-content\/uploads\/2015\/07\/ressieci_images.jpg\" height=\"225\" width=\"300\" alt=\"\" class=\"slider-1376 slide-1378 msDefaultImage\" \/><\/li>\n                <li style=\"display: none; width: 100%;\" class=\"slide-1377 ms-image\" aria-roledescription=\"slide\" data-date=\"2015-07-10 13:43:58\" data-filename=\"ressieci_13.jpg\" data-slide-type=\"image\"><img loading=\"lazy\" decoding=\"async\" src=\"https:\/\/szkolenia-udt.pl\/wp-content\/uploads\/2015\/07\/ressieci_13.jpg\" height=\"225\" width=\"300\" alt=\"\" class=\"slider-1376 slide-1377 msDefaultImage\" \/><\/li>\n            <\/ul>\n        <\/div>\n        \n    <\/div>\n<\/div><\/div>\n<div class=\"wyjustuj\">\n<p>Una de las causas m\u00e1s comunes de accidentes mortales en el manejo de plataformas m\u00f3viles es la electrocuci\u00f3n. Esto es especialmente cierto cuando se trabaja cerca de l\u00edneas el\u00e9ctricas, pero las instalaciones de plataformas m\u00f3viles operadas y mantenidas inadecuadamente tambi\u00e9n son un riesgo. Nuestro <a href=\"https:\/\/szkolenia-udt.pl\/es\/kursy\/uprawnienia-udt-tdt-wdt\/podnosniki-koszowe\/\">curso de plataformas a\u00e9reas de trabajo<\/a> y tijeras y para otros tipos de plataformas, ense\u00f1a c\u00f3mo proceder cuando se trabaja en las proximidades de redes y equipos el\u00e9ctricos.<\/p>\n<h2 class=\"boldnagl\"><strong>Las causas m\u00e1s comunes de los accidentes de trabajo cerca de las l\u00edneas y equipos el\u00e9ctricos son:<\/strong><\/h2>\n<ul>\n<li>un elemento de la plataforma o un empleado en proximidad peligrosa de cables y equipos<\/li>\n<li>desconocimiento de los cables o equipos cercanos<\/li>\n<li>manipulaci\u00f3n inadecuada de la plataforma m\u00f3vil en las proximidades de cables o equipos<\/li>\n<\/ul>\n<p>Para reducir el riesgo, es necesario designar una zona de peligro para los trabajadores. Esta zona debe estar debidamente se\u00f1alizada y vallada para evitar que entren personas ajenas a ella.<\/p>\n<h3 class=\"boldnagl\"><strong>Los trabajadores deben estar a una distancia m\u00ednima:<\/strong><\/h3>\n<ul>\n<li>3 metros para l\u00edneas con una tensi\u00f3n nominal de hasta 1 kV<\/li>\n<li>5 metros para l\u00edneas con una tensi\u00f3n nominal superior a 1 kV pero hasta 15 kV<\/li>\n<li>10 metros para l\u00edneas con una tensi\u00f3n nominal superior a 15 kV pero hasta 30 kV<\/li>\n<li>15 metros para l\u00edneas con una tensi\u00f3n nominal superior a 30 kV pero hasta 110 kV<\/li>\n<li>30 metros para las l\u00edneas con una tensi\u00f3n nominal superior a 110 kV<\/li>\n<\/ul>\n<h3 class=\"boldnagl\"><strong>Principios clave de seguridad:<\/strong><\/h3>\n<ul>\n<li>cuando sea posible, desconectar los equipos y las redes<\/li>\n<li>cuando esto no sea posible, la zona de trabajo deber\u00e1 estar adecuadamente protegida mediante resguardos<\/li>\n<li>la zona de trabajo debe estar constantemente vigilada<\/li>\n<li>todos los empleados deben ser informados de los procedimientos<\/li>\n<li>determinar la distancia m\u00e1xima de la pluma<\/li>\n<\/ul>\n<p>La formaci\u00f3n adecuada de los trabajadores y el seguimiento de los procedimientos en el trabajo son cruciales. Los cables y equipos el\u00e9ctricos constituyen un peligro considerable para los trabajadores que utilizan plataformas m\u00f3viles, por lo que nuestras clases hacen hincapi\u00e9 en la formaci\u00f3n adecuada en materia de salud y seguridad.<\/p>\n<p>Si est\u00e1 interesado en realizar un curso de formaci\u00f3n de tijera o de plataforma a\u00e9rea en Varsovia o en nuestras sucursales de Polonia -Cracovia, Katowice y Bielsko-Bia\u0142a-, p\u00f3ngase en contacto con nosotros en <a href=\"https:\/\/szkolenia-udt.pl\/es\/kontakt\/\">contact\u00e1ndonos<\/a>!<\/p>\n<\/div>","protected":false},"excerpt":{"rendered":"<p>W\u015br\u00f3d jednych z najcz\u0119\u015bciej wyst\u0119puj\u0105cych powod\u00f3w wypadk\u00f3w \u015bmiertelnych przy obs\u0142udze podest\u00f3w ruchomych znajduje si\u0119 pora\u017cenie pr\u0105dem elektrycznym. Dotyczy to w szczeg\u00f3lno\u015bci pracy w pobli\u017cu linii energetycznych, ale r\u00f3wnie\u017c zagro\u017ceniem s\u0105 nieodpowiednio eksploatowane i konserwowane instalacje podest\u00f3w ruchomych. Nasz kurs podno\u015bniki koszowe oraz no\u017cycowe i dla innych rodzaj\u00f3w podest\u00f3w uczy, jak post\u0119powa\u0107 w przypadku prac w [&hellip;]<\/p>\n","protected":false},"author":3,"featured_media":1380,"parent":35,"menu_order":0,"comment_status":"closed","ping_status":"closed","template":"","meta":{"footnotes":""},"class_list":["post-246","page","type-page","status-publish","has-post-thumbnail","hentry"],"aioseo_notices":[],"_links":{"self":[{"href":"https:\/\/szkolenia-udt.pl\/es\/wp-json\/wp\/v2\/pages\/246","targetHints":{"allow":["GET"]}}],"collection":[{"href":"https:\/\/szkolenia-udt.pl\/es\/wp-json\/wp\/v2\/pages"}],"about":[{"href":"https:\/\/szkolenia-udt.pl\/es\/wp-json\/wp\/v2\/types\/page"}],"author":[{"embeddable":true,"href":"https:\/\/szkolenia-udt.pl\/es\/wp-json\/wp\/v2\/users\/3"}],"replies":[{"embeddable":true,"href":"https:\/\/szkolenia-udt.pl\/es\/wp-json\/wp\/v2\/comments?post=246"}],"version-history":[{"count":11,"href":"https:\/\/szkolenia-udt.pl\/es\/wp-json\/wp\/v2\/pages\/246\/revisions"}],"predecessor-version":[{"id":2380,"href":"https:\/\/szkolenia-udt.pl\/es\/wp-json\/wp\/v2\/pages\/246\/revisions\/2380"}],"up":[{"embeddable":true,"href":"https:\/\/szkolenia-udt.pl\/es\/wp-json\/wp\/v2\/pages\/35"}],"wp:featuredmedia":[{"embeddable":true,"href":"https:\/\/szkolenia-udt.pl\/es\/wp-json\/wp\/v2\/media\/1380"}],"wp:attachment":[{"href":"https:\/\/szkolenia-udt.pl\/es\/wp-json\/wp\/v2\/media?parent=246"}],"curies":[{"name":"wp","href":"https:\/\/api.w.org\/{rel}","templated":true}]}}