{"id":2470,"date":"2021-08-22T11:14:38","date_gmt":"2021-08-22T11:14:38","guid":{"rendered":"https:\/\/szkolenia-udt.pl\/?page_id=2470"},"modified":"2023-03-13T16:35:16","modified_gmt":"2023-03-13T15:35:16","slug":"plataformas-moviles-pajak","status":"publish","type":"page","link":"https:\/\/szkolenia-udt.pl\/es\/kursy\/uprawnienia-udt-tdt-wdt\/podesty-ruchome-pajak\/","title":{"rendered":"Curso para plataformas m\u00f3viles &quot;spider&quot;"},"content":{"rendered":"<p><a href=\"https:\/\/szkolenia-udt.pl\/wp-content\/uploads\/2021\/08\/szkolenia-udt.pl-0014-OPUBLIKOWANY-v6.jpg\"><img loading=\"lazy\" decoding=\"async\" class=\"paddingleft10 alignleft wp-image-2490 size-medium\" src=\"https:\/\/szkolenia-udt.pl\/wp-content\/uploads\/2021\/08\/szkolenia-udt.pl-0014-OPUBLIKOWANY-v6-300x200.jpg\" alt=\"Plataformas &quot;Spider&quot;: un tipo transportable de plataformas m\u00f3viles, montadas en un remolque de autom\u00f3vil\" width=\"300\" height=\"200\" srcset=\"https:\/\/szkolenia-udt.pl\/wp-content\/uploads\/2021\/08\/szkolenia-udt.pl-0014-OPUBLIKOWANY-v6-300x200.jpg 300w, https:\/\/szkolenia-udt.pl\/wp-content\/uploads\/2021\/08\/szkolenia-udt.pl-0014-OPUBLIKOWANY-v6-1024x684.jpg 1024w, https:\/\/szkolenia-udt.pl\/wp-content\/uploads\/2021\/08\/szkolenia-udt.pl-0014-OPUBLIKOWANY-v6-768x513.jpg 768w, https:\/\/szkolenia-udt.pl\/wp-content\/uploads\/2021\/08\/szkolenia-udt.pl-0014-OPUBLIKOWANY-v6-1536x1025.jpg 1536w, https:\/\/szkolenia-udt.pl\/wp-content\/uploads\/2021\/08\/szkolenia-udt.pl-0014-OPUBLIKOWANY-v6.jpg 2000w\" sizes=\"auto, (max-width: 300px) 100vw, 300px\" \/><\/a>La autorizaci\u00f3n de la Oficina de Inspecci\u00f3n T\u00e9cnica para operar plataformas m\u00f3viles, conocidas como ara\u00f1as, es un documento que te permite realizar trabajos en empresas de muchos sectores: relacionados con la rehabilitaci\u00f3n, conservaci\u00f3n de monumentos, gesti\u00f3n de almacenes o cuidado de zonas verdes. Las licencias son emitidas por la Oficina de Inspecci\u00f3n T\u00e9cnica a quienes aprueban el examen te\u00f3rico y pr\u00e1ctico en el campo de operaci\u00f3n de un dispositivo determinado. Los cursos, cuyo alcance cumple con los requisitos de la UDT, son una forma de preparaci\u00f3n confiable para el examen para las personas que pretenden trabajar como operador de plataforma m\u00f3vil.<\/p>\n<h2>\u00c1mbito tem\u00e1tico del curso para plataformas m\u00f3viles (spiders)<\/h2>\n<p>La capacitaci\u00f3n toma la forma de una conferencia, estacionaria o en l\u00ednea, seg\u00fan la elecci\u00f3n del cliente. Durante la capacitaci\u00f3n, los participantes aprender\u00e1n sobre temas como:<\/p>\n<ul>\n<li>Construcci\u00f3n de dispositivos<\/li>\n<li>Reglas para el uso seguro de las plataformas<\/li>\n<li>Lectura de las instrucciones de funcionamiento<\/li>\n<li>Realizaci\u00f3n de investigaciones y pruebas en el dispositivo.<\/li>\n<li>Disposiciones sobre inspecci\u00f3n t\u00e9cnica<\/li>\n<\/ul>\n<p>El conocimiento te\u00f3rico se complementa con habilidades pr\u00e1cticas. Estudiantes utilizando la base t\u00e9cnica <a href=\"https:\/\/szkolenia-udt.pl\/es\/o-firmie\/\">La estaci\u00f3n<\/a>, aprenda c\u00f3mo preparar el dispositivo para el trabajo, c\u00f3mo usarlo de manera segura y c\u00f3mo operarlo.<\/p>\n<h2>El curso para el operador de plataformas m\u00f3viles del tipo de ara\u00f1as - informaci\u00f3n pr\u00e1ctica<\/h2>\n<p>Las clases se organizan en las grandes ciudades de Polonia, as\u00ed como en nuestra plataforma de capacitaci\u00f3n, como seminarios web. Dirigimos grupos en varios niveles de avance, tambi\u00e9n desde cero. Nos enfocamos en la mejor preparaci\u00f3n de los participantes para los ex\u00e1menes realizados por la UDT: la capacitaci\u00f3n est\u00e1 precedida por pruebas de conocimiento iniciales y luego se verifica el progreso de los estudiantes de manera continua. Adem\u00e1s, puede complementar su conocimiento utilizando los materiales y las pruebas simuladas publicadas en la plataforma.<\/p>\n<p>Puede encontrar m\u00e1s informaci\u00f3n sobre la organizaci\u00f3n de cursos de plataforma m\u00f3vil (precios, fechas, requisitos, etc.) en nuestro sitio web <a href=\"https:\/\/szkolenia-udt.pl\/es\/faq\/\">Preguntas m\u00e1s frecuentes<\/a>.<\/p>\n<div class=\"filmw\">\n<div class=\"responsive-youtube\"><iframe loading=\"lazy\" title=\"Reproductor de v\u00eddeo de YouTube\" src=\"https:\/\/www.youtube.com\/embed\/OUKdY5V51M4\" width=\"560\" height=\"315\" frameborder=\"0\" allowfullscreen=\"allowfullscreen\"><\/iframe><\/div>\n<\/div>\n<h2>Examen UDT y calificaciones<\/h2>\n<p>Como parte de la formaci\u00f3n, representamos a nuestros alumnos en los contactos con la Oficina de Inspecci\u00f3n T\u00e9cnica y mediamos en la organizaci\u00f3n del examen. Tiene la forma de una prueba con preguntas cerradas y una prueba de conocimientos pr\u00e1cticos en forma de conversaci\u00f3n con el examinador en el dispositivo. Tras aprobar ambas partes, la UDT otorga al candidato el derecho a trabajar con plataformas m\u00f3viles. Estos derechos son v\u00e1lidos en Polonia y tambi\u00e9n pueden respetarse en otros pa\u00edses, seg\u00fan las normas.<br \/>\n<div style=\"width: 640px;\" class=\"wp-video\"><video id=\"video-2470-1\" width=\"640\" height=\"360\" poster=\"https:\/\/szkolenia-udt.pl\/wp-content\/uploads\/2023\/03\/okladka-podnosnik-OSO.jpg\" preload=\"metadata\" controls=\"controls\"><source type=\"video\/mp4\" src=\"https:\/\/szkolenia-udt.pl\/wp-content\/uploads\/2023\/03\/podnosnik-SZKOLENIA-UDT.PL-OSO.mp4?_=1\" \/><a href=\"https:\/\/szkolenia-udt.pl\/wp-content\/uploads\/2023\/03\/podnosnik-SZKOLENIA-UDT.PL-OSO.mp4\">https:\/\/szkolenia-udt.pl\/wp-content\/uploads\/2023\/03\/podnosnik-SZKOLENIA-UDT.PL-OSO.mp4<\/a><\/video><\/div>\n<h2>Plataformas m\u00f3viles, &quot;ara\u00f1as&quot; - caracter\u00edsticas<\/h2>\n<p>Obtener la certificaci\u00f3n para manejar ara\u00f1as puede ser una inversi\u00f3n que vale la pena en su propio desarrollo o en el de su negocio. Estos dispositivos, debido a su peque\u00f1o tama\u00f1o y alta funcionalidad, tienen una amplia gama de aplicaciones. A diferencia de las plataformas a\u00e9reas y otras plataformas m\u00f3viles, no cuentan con un mecanismo propio que les permita moverse. Tienen chasis (plataformas en forma de ara\u00f1a, de ah\u00ed el nombre) que les permiten acoplarse a un remolque de autom\u00f3vil debidamente preparado. El peso y el tama\u00f1o relativamente bajos hacen que se utilicen tanto en el interior como en el exterior de los edificios, tambi\u00e9n sobre un sustrato con baja capacidad de carga. La altura de la cesta y el rango de trabajo no difieren significativamente de los par\u00e1metros de otros elevadores m\u00e1s grandes.<\/p>\n<p><a href=\"https:\/\/szkolenia-udt.pl\/wp-content\/uploads\/2021\/08\/szkolenia-udt.pl-0015-OPUBLIKOWANY-podesty-przewozne-pajaki.jpg\"><img loading=\"lazy\" decoding=\"async\" class=\"alignnone wp-image-2473 size-large\" src=\"https:\/\/szkolenia-udt.pl\/wp-content\/uploads\/2021\/08\/szkolenia-udt.pl-0015-OPUBLIKOWANY-podesty-przewozne-pajaki-1024x853.jpg\" alt=\"Las plataformas de ara\u00f1a transportadas en remolques de autom\u00f3viles se pueden utilizar en pr\u00e1cticamente cualquier terreno\" width=\"750\" height=\"625\" srcset=\"https:\/\/szkolenia-udt.pl\/wp-content\/uploads\/2021\/08\/szkolenia-udt.pl-0015-OPUBLIKOWANY-podesty-przewozne-pajaki-1024x853.jpg 1024w, https:\/\/szkolenia-udt.pl\/wp-content\/uploads\/2021\/08\/szkolenia-udt.pl-0015-OPUBLIKOWANY-podesty-przewozne-pajaki-300x250.jpg 300w, https:\/\/szkolenia-udt.pl\/wp-content\/uploads\/2021\/08\/szkolenia-udt.pl-0015-OPUBLIKOWANY-podesty-przewozne-pajaki-768x640.jpg 768w, https:\/\/szkolenia-udt.pl\/wp-content\/uploads\/2021\/08\/szkolenia-udt.pl-0015-OPUBLIKOWANY-podesty-przewozne-pajaki.jpg 1200w\" sizes=\"auto, (max-width: 750px) 100vw, 750px\" \/><\/a><\/p>","protected":false},"excerpt":{"rendered":"<p>Uprawnienia UDT do obs\u0142ugi podest\u00f3w przewo\u017anych, zwanych paj\u0105kami, to dokument, kt\u00f3ry pozwala na wykonywanie prac w firmach z wielu bran\u017c: zajmuj\u0105cych si\u0119 remontami, konserwacj\u0105 zabytk\u00f3w, obs\u0142ug\u0105 magazyn\u00f3w czy piel\u0119gnacj\u0105 zieleni. Uprawnienia s\u0105 wystawiane przez Urz\u0105d Dozoru Technicznego tym osobom, kt\u00f3re zalicz\u0105 egzamin teoretyczny i praktyczny z zakresu obs\u0142ugi danego urz\u0105dzenia. Kursy, kt\u00f3rych zakres jest zgodny [&hellip;]<\/p>\n","protected":false},"author":3,"featured_media":2490,"parent":2266,"menu_order":0,"comment_status":"closed","ping_status":"closed","template":"","meta":{"footnotes":""},"class_list":["post-2470","page","type-page","status-publish","has-post-thumbnail","hentry"],"aioseo_notices":[],"_links":{"self":[{"href":"https:\/\/szkolenia-udt.pl\/es\/wp-json\/wp\/v2\/pages\/2470","targetHints":{"allow":["GET"]}}],"collection":[{"href":"https:\/\/szkolenia-udt.pl\/es\/wp-json\/wp\/v2\/pages"}],"about":[{"href":"https:\/\/szkolenia-udt.pl\/es\/wp-json\/wp\/v2\/types\/page"}],"author":[{"embeddable":true,"href":"https:\/\/szkolenia-udt.pl\/es\/wp-json\/wp\/v2\/users\/3"}],"replies":[{"embeddable":true,"href":"https:\/\/szkolenia-udt.pl\/es\/wp-json\/wp\/v2\/comments?post=2470"}],"version-history":[{"count":4,"href":"https:\/\/szkolenia-udt.pl\/es\/wp-json\/wp\/v2\/pages\/2470\/revisions"}],"predecessor-version":[{"id":4520,"href":"https:\/\/szkolenia-udt.pl\/es\/wp-json\/wp\/v2\/pages\/2470\/revisions\/4520"}],"up":[{"embeddable":true,"href":"https:\/\/szkolenia-udt.pl\/es\/wp-json\/wp\/v2\/pages\/2266"}],"wp:featuredmedia":[{"embeddable":true,"href":"https:\/\/szkolenia-udt.pl\/es\/wp-json\/wp\/v2\/media\/2490"}],"wp:attachment":[{"href":"https:\/\/szkolenia-udt.pl\/es\/wp-json\/wp\/v2\/media?parent=2470"}],"curies":[{"name":"wp","href":"https:\/\/api.w.org\/{rel}","templated":true}]}}