{"id":2479,"date":"2021-08-22T11:24:27","date_gmt":"2021-08-22T11:24:27","guid":{"rendered":"https:\/\/szkolenia-udt.pl\/?page_id=2479"},"modified":"2023-03-13T16:36:33","modified_gmt":"2023-03-13T15:36:33","slug":"curso-de-manejo-de-elevadores-moviles-fijos","status":"publish","type":"page","link":"https:\/\/szkolenia-udt.pl\/es\/kursy\/uprawnienia-udt-tdt-wdt\/stacjonarne-podesty-ruchome-kurs-obslugi\/","title":{"rendered":"Plataformas m\u00f3viles estacionarias - curso de servicio"},"content":{"rendered":"<p>La plataforma m\u00f3vil estacionaria no es un dispositivo tan m\u00f3vil como, por ejemplo, las plataformas a\u00e9reas, pero las posibilidades de su uso siguen siendo amplias. Las personas que pueden operar estos dispositivos son especialistas en demanda en el mercado laboral: pueden realizar trabajos durante la construcci\u00f3n y renovaci\u00f3n de grandes edificios, as\u00ed como en almacenes de gran altura.<\/p>\n<p>A todos aquellos que deseen obtener las calificaciones necesarias para ejercer esta profesi\u00f3n, ofrecemos la participaci\u00f3n en el curso para operadores de plataformas m\u00f3viles estacionarias con el examen UDT. Los entrenamientos preparan efectivamente para la obtenci\u00f3n de las calificaciones UDT necesarias, y luego para la pr\u00e1ctica pr\u00e1ctica de la profesi\u00f3n.<\/p>\n<h2>Informaci\u00f3n sobre el curso para plataformas m\u00f3viles estacionarias<\/h2>\n<p>Las clases se imparten en grupos adaptados a las necesidades de los participantes. Invitamos tanto a las personas que son nuevas en el funcionamiento de la plataforma como a las que ya se han ocupado de ellas, por ejemplo trabajando como asistentes de operadores.<\/p>\n<p>Debido al variado programa de clases, su duraci\u00f3n puede ser diferente:<\/p>\n<ul>\n<li>Durante unas 8 horas en grupos de personas que solo necesitan complementar y actualizar sus conocimientos y habilidades<\/li>\n<li>Hasta 20-35 horas en grupos de personas sin experiencia<\/li>\n<\/ul>\n<p>Cada capacitaci\u00f3n incluye conferencias (estacionarias o en l\u00ednea, seminarios web realizados en tiempo real), as\u00ed como clases pr\u00e1cticas. Los organizamos en la mayor\u00eda de las grandes ciudades polacas. Tambi\u00e9n ofrecemos la organizaci\u00f3n de cursos de formaci\u00f3n cerrados, exclusivamente para los empleados del cliente.<\/p>\n<p>Para las personas que quieran operar plataformas m\u00f3viles estacionarias, el curso brinda conocimientos sobre temas como construcci\u00f3n de dispositivos, seguridad durante la operaci\u00f3n, obligaciones del operador en el campo de la preparaci\u00f3n de la plataforma para el trabajo, reglamentos de inspecci\u00f3n t\u00e9cnica.<\/p>\n<p>Las fechas actuales, las ubicaciones y otra informaci\u00f3n sobre capacitaci\u00f3n para plataformas m\u00f3viles (precios, etc.) se pueden encontrar en nuestro sitio web. Si tiene preguntas adicionales, cont\u00e1ctenos por tel\u00e9fono o correo electr\u00f3nico. Tambi\u00e9n le recomendamos que consulte nuestra p\u00e1gina de preguntas frecuentes con respuestas a <a href=\"https:\/\/szkolenia-udt.pl\/es\/faq\/\">Preguntas frecuentes<\/a>.<\/p>\n<div class=\"filmw\">\n<div class=\"responsive-youtube\"><iframe loading=\"lazy\" title=\"Reproductor de v\u00eddeo de YouTube\" src=\"https:\/\/www.youtube.com\/embed\/OUKdY5V51M4\" width=\"560\" height=\"315\" frameborder=\"0\" allowfullscreen=\"allowfullscreen\"><\/iframe><\/div>\n<\/div>\n<h2>Curso &quot;Plataformas m\u00f3viles estacionarias&quot;: por qu\u00e9 deber\u00eda participar<\/h2>\n<p>Las plataformas m\u00f3viles estacionarias incluidas (de forma similar a las plataformas m\u00f3viles suspendidas) a la categor\u00eda II P son dispositivos que deben ser operados con un certificado de calificaci\u00f3n apropiado (cualificaciones UDT). Se obtienen mediante la realizaci\u00f3n del examen te\u00f3rico y pr\u00e1ctico, que realiza la comisi\u00f3n de la UDT. Como parte de nuestro curso, todos los participantes que lo deseen tienen la oportunidad de aprobar dicho examen, lo que en la pr\u00e1ctica significa que despu\u00e9s de completar la capacitaci\u00f3n, est\u00e1n completamente preparados para trabajar en la profesi\u00f3n. Las cualificaciones profesionales emitidas por la UDT tienen una validez de 10 a\u00f1os, son v\u00e1lidas para el empleo en Polonia, pero tambi\u00e9n pueden ser respetadas en algunos otros pa\u00edses.<br \/>\n<div style=\"width: 640px;\" class=\"wp-video\"><video id=\"video-2479-1\" width=\"640\" height=\"360\" poster=\"https:\/\/szkolenia-udt.pl\/wp-content\/uploads\/2023\/03\/okladka-podnosnik-OSO.jpg\" preload=\"metadata\" controls=\"controls\"><source type=\"video\/mp4\" src=\"https:\/\/szkolenia-udt.pl\/wp-content\/uploads\/2023\/03\/podnosnik-SZKOLENIA-UDT.PL-OSO.mp4?_=1\" \/><a href=\"https:\/\/szkolenia-udt.pl\/wp-content\/uploads\/2023\/03\/podnosnik-SZKOLENIA-UDT.PL-OSO.mp4\">https:\/\/szkolenia-udt.pl\/wp-content\/uploads\/2023\/03\/podnosnik-SZKOLENIA-UDT.PL-OSO.mp4<\/a><\/video><\/div>\nUna plataforma m\u00f3vil estacionaria es un dispositivo utilizado para mover personas, herramientas y materiales para trabajos en altura. No tiene su propio mecanismo de accionamiento, est\u00e1 dise\u00f1ado para funcionar en un lugar designado. Sin embargo, esto no limita significativamente la posibilidad de su uso. Este tipo de dispositivo se utiliza para trabajos de renovaci\u00f3n, mantenimiento, montaje y construcci\u00f3n tanto en el interior como en el exterior de los edificios. poseer <a href=\"https:\/\/szkolenia-udt.pl\/es\/kursy\/uprawnienia-udt-tdt-wdt\/podesty-ruchome\/\">calificaciones para plataformas m\u00f3viles<\/a> estacionario, puede encontrar empleo en empresas de todas las industrias mencionadas anteriormente, as\u00ed como realizar servicios con este dispositivo usted mismo.<\/p>","protected":false},"excerpt":{"rendered":"<p>Podest ruchomy stacjonarny nie jest tak mobilnym urz\u0105dzeniem, jak na przyk\u0142ad zwy\u017cki, jednak mo\u017cliwo\u015bci jego wykorzystania s\u0105 nadal du\u017ce. Osoby potrafi\u0105ce obs\u0142ugiwa\u0107 te urz\u0105dzenia s\u0105 specjalistami poszukiwanymi na rynku pracy: mog\u0105 wykonywa\u0107 prace podczas budowy, remont\u00f3w du\u017cych budynk\u00f3w, a tak\u017ce w magazynach wysokiego sk\u0142adowania. Wszystkim, kt\u00f3rzy chcieliby zdoby\u0107 kwalifikacje potrzebne do pracy w tym zawodzie, [&hellip;]<\/p>\n","protected":false},"author":3,"featured_media":3422,"parent":2266,"menu_order":0,"comment_status":"closed","ping_status":"closed","template":"","meta":{"footnotes":""},"class_list":["post-2479","page","type-page","status-publish","has-post-thumbnail","hentry"],"aioseo_notices":[],"_links":{"self":[{"href":"https:\/\/szkolenia-udt.pl\/es\/wp-json\/wp\/v2\/pages\/2479","targetHints":{"allow":["GET"]}}],"collection":[{"href":"https:\/\/szkolenia-udt.pl\/es\/wp-json\/wp\/v2\/pages"}],"about":[{"href":"https:\/\/szkolenia-udt.pl\/es\/wp-json\/wp\/v2\/types\/page"}],"author":[{"embeddable":true,"href":"https:\/\/szkolenia-udt.pl\/es\/wp-json\/wp\/v2\/users\/3"}],"replies":[{"embeddable":true,"href":"https:\/\/szkolenia-udt.pl\/es\/wp-json\/wp\/v2\/comments?post=2479"}],"version-history":[{"count":4,"href":"https:\/\/szkolenia-udt.pl\/es\/wp-json\/wp\/v2\/pages\/2479\/revisions"}],"predecessor-version":[{"id":4522,"href":"https:\/\/szkolenia-udt.pl\/es\/wp-json\/wp\/v2\/pages\/2479\/revisions\/4522"}],"up":[{"embeddable":true,"href":"https:\/\/szkolenia-udt.pl\/es\/wp-json\/wp\/v2\/pages\/2266"}],"wp:featuredmedia":[{"embeddable":true,"href":"https:\/\/szkolenia-udt.pl\/es\/wp-json\/wp\/v2\/media\/3422"}],"wp:attachment":[{"href":"https:\/\/szkolenia-udt.pl\/es\/wp-json\/wp\/v2\/media?parent=2479"}],"curies":[{"name":"wp","href":"https:\/\/api.w.org\/{rel}","templated":true}]}}