{"id":2514,"date":"2021-09-21T19:24:19","date_gmt":"2021-09-21T19:24:19","guid":{"rendered":"https:\/\/szkolenia-udt.pl\/?page_id=2514"},"modified":"2021-10-16T00:48:58","modified_gmt":"2021-10-15T22:48:58","slug":"operador-de-mantenimiento-de-gruas","status":"publish","type":"page","link":"https:\/\/szkolenia-udt.pl\/es\/operator-konserwator-suwnic\/","title":{"rendered":"Curso de gr\u00faa con el examen UDT en Varsovia"},"content":{"rendered":"<p><a href=\"https:\/\/szkolenia-udt.pl\/wp-content\/uploads\/2021\/09\/suwnice.jpg\"><img loading=\"lazy\" decoding=\"async\" class=\"obrazekpadding alignleft wp-image-2553 size-medium\" src=\"https:\/\/szkolenia-udt.pl\/wp-content\/uploads\/2021\/09\/suwnice-300x169.jpg\" alt=\"\" width=\"300\" height=\"169\" srcset=\"https:\/\/szkolenia-udt.pl\/wp-content\/uploads\/2021\/09\/suwnice-300x169.jpg 300w, https:\/\/szkolenia-udt.pl\/wp-content\/uploads\/2021\/09\/suwnice-1024x576.jpg 1024w, https:\/\/szkolenia-udt.pl\/wp-content\/uploads\/2021\/09\/suwnice-768x432.jpg 768w, https:\/\/szkolenia-udt.pl\/wp-content\/uploads\/2021\/09\/suwnice.jpg 1327w\" sizes=\"auto, (max-width: 300px) 100vw, 300px\" \/><\/a><strong>Formaci\u00f3n para gr\u00faas<\/strong> tiene lugar en nuestra sala de formaci\u00f3n de Varsovia en nuestra gr\u00faa o en las instalaciones del cliente. El curso organizado por nuestro centro consta de partes:<\/p>\n<ul>\n<li>Te\u00f3rico<\/li>\n<li>Pr\u00e1ctico<\/li>\n<li>Examen de la UDT<\/li>\n<\/ul>\n<p>Todas las partes del curso tienen lugar en nuestra sala de formaci\u00f3n en Varsovia o en la empresa del cliente; el desplazamiento al cliente es gratuito. La gr\u00faa en la que se realizar\u00e1 el examen UDT debe tener una decisi\u00f3n UDT v\u00e1lida. La formaci\u00f3n de los operadores y mantenedores de gr\u00faas siempre termina con un examen estatal. Nuestros formadores le preparan de forma fiable para aprobar el examen UDT tanto en la parte te\u00f3rica como en la pr\u00e1ctica.<\/p>\n<h2>\u00bfQui\u00e9n necesita una licencia de gr\u00faa?<\/h2>\n<p class=\"big\">El curso est\u00e1 dirigido a personas que quieren desarrollarse personalmente, ganar m\u00e1s y tener un trabajo interesante. Si desea convertirse en un especialista en el manejo de gr\u00faas a\u00e9reas con certificaci\u00f3n UDT, le invitamos a nuestra formaci\u00f3n.<a href=\"https:\/\/szkolenia-udt.pl\/wp-content\/uploads\/2021\/09\/UDT-ERGON1-e1632345371420.jpg\"><img loading=\"lazy\" decoding=\"async\" class=\"aligncenter wp-image-2555 size-large\" src=\"https:\/\/szkolenia-udt.pl\/wp-content\/uploads\/2021\/09\/UDT-ERGON1-e1632345371420-1024x310.jpg\" alt=\"\" width=\"750\" height=\"227\" srcset=\"https:\/\/szkolenia-udt.pl\/wp-content\/uploads\/2021\/09\/UDT-ERGON1-e1632345371420-1024x310.jpg 1024w, https:\/\/szkolenia-udt.pl\/wp-content\/uploads\/2021\/09\/UDT-ERGON1-e1632345371420-300x91.jpg 300w, https:\/\/szkolenia-udt.pl\/wp-content\/uploads\/2021\/09\/UDT-ERGON1-e1632345371420-768x232.jpg 768w, https:\/\/szkolenia-udt.pl\/wp-content\/uploads\/2021\/09\/UDT-ERGON1-e1632345371420-1536x464.jpg 1536w, https:\/\/szkolenia-udt.pl\/wp-content\/uploads\/2021\/09\/UDT-ERGON1-e1632345371420.jpg 1588w\" sizes=\"auto, (max-width: 750px) 100vw, 750px\" \/><\/a><\/p>\n<h2>Precio de la formaci\u00f3n en gr\u00faas<\/h2>\n<div>El precio actual de la formaci\u00f3n de la gr\u00faa se fija por tel\u00e9fono.<\/div>\n<div>No dude en ponerse en contacto con nosotros en el n\u00famero<\/div>\n<div style=\"text-align: center;\"><a style=\"font-size: 28px; font-weight: bold;\" href=\"tel: +48504477077\">+48 504 477 077<\/a><\/div>\n<p><a href=\"https:\/\/szkolenia-udt.pl\/wp-content\/uploads\/2021\/09\/suwnica_2.jpg\"><img loading=\"lazy\" decoding=\"async\" class=\"size-medium wp-image-2519 alignright obrazekpadding\" src=\"https:\/\/szkolenia-udt.pl\/wp-content\/uploads\/2021\/09\/suwnica_2-300x185.jpg\" alt=\"\" width=\"300\" height=\"185\" srcset=\"https:\/\/szkolenia-udt.pl\/wp-content\/uploads\/2021\/09\/suwnica_2-300x185.jpg 300w, https:\/\/szkolenia-udt.pl\/wp-content\/uploads\/2021\/09\/suwnica_2-1024x631.jpg 1024w, https:\/\/szkolenia-udt.pl\/wp-content\/uploads\/2021\/09\/suwnica_2-768x474.jpg 768w, https:\/\/szkolenia-udt.pl\/wp-content\/uploads\/2021\/09\/suwnica_2.jpg 1273w\" sizes=\"auto, (max-width: 300px) 100vw, 300px\" \/><\/a><\/p>\n<h2 class=\"boldnagl\">Cada curso de p\u00f3rtico contiene la siguiente informaci\u00f3n necesaria en la posici\u00f3n del operador:<\/h2>\n<ul>\n<li>supervisi\u00f3n del equipo t\u00e9cnico<\/li>\n<li>construcci\u00f3n y operaci\u00f3n de dispositivos<\/li>\n<li>deberes del operador en el lugar de trabajo<\/li>\n<li>principios de seguridad y salud en el trabajo<\/li>\n<li>ejercicios practicos<\/li>\n<\/ul>\n<p>Cuando se trata de gr\u00faas a\u00e9reas, nuestro curso no s\u00f3lo es rico en teor\u00eda, sino tambi\u00e9n en ejercicios pr\u00e1cticos con el equipo. En ellas, los participantes pueden aplicar los conocimientos adquiridos y aprender a manejar el equipo de forma correcta y segura en el lugar de trabajo. Al finalizar el curso, los participantes realizan un examen, reciben un certificado de finalizaci\u00f3n del curso de formaci\u00f3n en gr\u00faas y una licencia para manejar el equipo expedida por la UDT.<\/p>\n<h2 class=\"boldnagl\">Requisitos<\/h2>\n<p>El curso de gr\u00faa est\u00e1 destinado a personas que cumplan los siguientes requisitos:<\/p>\n<ul>\n<li>son mayores de 18 a\u00f1os<\/li>\n<li>haber completado al menos la escuela primaria<\/li>\n<li>no tener contraindicaciones m\u00e9dicas para trabajar como operador<\/li>\n<\/ul>\n<h2 class=\"boldnagl\">\u00bfD\u00f3nde operamos?<\/h2>\n<p>Los cursos para gr\u00faas se realizan en Polonia y en cualquier lugar indicado por nuestros clientes - llegamos al lugar en todo el pa\u00eds. La sede de nuestro Centro est\u00e1 en Varsovia.<\/p>\n<p><a href=\"https:\/\/szkolenia-udt.pl\/wp-content\/uploads\/2021\/10\/Kopia-0031-oso-suwnice-ogolnego-i-specjalnego-przeznaczenia.jpg\"><img loading=\"lazy\" decoding=\"async\" class=\"alignnone wp-image-2569 size-large\" src=\"https:\/\/szkolenia-udt.pl\/wp-content\/uploads\/2021\/10\/Kopia-0031-oso-suwnice-ogolnego-i-specjalnego-przeznaczenia-1024x853.jpg\" alt=\"\" width=\"750\" height=\"625\" srcset=\"https:\/\/szkolenia-udt.pl\/wp-content\/uploads\/2021\/10\/Kopia-0031-oso-suwnice-ogolnego-i-specjalnego-przeznaczenia-1024x853.jpg 1024w, https:\/\/szkolenia-udt.pl\/wp-content\/uploads\/2021\/10\/Kopia-0031-oso-suwnice-ogolnego-i-specjalnego-przeznaczenia-300x250.jpg 300w, https:\/\/szkolenia-udt.pl\/wp-content\/uploads\/2021\/10\/Kopia-0031-oso-suwnice-ogolnego-i-specjalnego-przeznaczenia-768x640.jpg 768w, https:\/\/szkolenia-udt.pl\/wp-content\/uploads\/2021\/10\/Kopia-0031-oso-suwnice-ogolnego-i-specjalnego-przeznaczenia.jpg 1200w\" sizes=\"auto, (max-width: 750px) 100vw, 750px\" \/><\/a><\/p>","protected":false},"excerpt":{"rendered":"<p>Szkolenie na suwnice odbywa si\u0119 na naszej hali szkoleniowej w Warszawie na naszej suwnicy lub na terenie firmy klienta. Organizowany przez nasz o\u015brodek kurs sk\u0142ada si\u0119 z cz\u0119\u015bci: Teoretycznej Praktycznej Egzaminu UDT Wszystkie cz\u0119\u015bci kursu odbywaj\u0105 si\u0119 na naszej hali szkoleniowej w Warszawie lub w firmie klienta \u2013 dojazd do klienta gratis. Suwnica na kt\u00f3rej [&hellip;]<\/p>\n","protected":false},"author":3,"featured_media":2517,"parent":0,"menu_order":0,"comment_status":"closed","ping_status":"closed","template":"","meta":{"footnotes":""},"class_list":["post-2514","page","type-page","status-publish","has-post-thumbnail","hentry"],"aioseo_notices":[],"_links":{"self":[{"href":"https:\/\/szkolenia-udt.pl\/es\/wp-json\/wp\/v2\/pages\/2514","targetHints":{"allow":["GET"]}}],"collection":[{"href":"https:\/\/szkolenia-udt.pl\/es\/wp-json\/wp\/v2\/pages"}],"about":[{"href":"https:\/\/szkolenia-udt.pl\/es\/wp-json\/wp\/v2\/types\/page"}],"author":[{"embeddable":true,"href":"https:\/\/szkolenia-udt.pl\/es\/wp-json\/wp\/v2\/users\/3"}],"replies":[{"embeddable":true,"href":"https:\/\/szkolenia-udt.pl\/es\/wp-json\/wp\/v2\/comments?post=2514"}],"version-history":[{"count":26,"href":"https:\/\/szkolenia-udt.pl\/es\/wp-json\/wp\/v2\/pages\/2514\/revisions"}],"predecessor-version":[{"id":2572,"href":"https:\/\/szkolenia-udt.pl\/es\/wp-json\/wp\/v2\/pages\/2514\/revisions\/2572"}],"wp:featuredmedia":[{"embeddable":true,"href":"https:\/\/szkolenia-udt.pl\/es\/wp-json\/wp\/v2\/media\/2517"}],"wp:attachment":[{"href":"https:\/\/szkolenia-udt.pl\/es\/wp-json\/wp\/v2\/media?parent=2514"}],"curies":[{"name":"wp","href":"https:\/\/api.w.org\/{rel}","templated":true}]}}