{"id":2534,"date":"2021-09-21T20:22:45","date_gmt":"2021-09-21T20:22:45","guid":{"rendered":"https:\/\/szkolenia-udt.pl\/?page_id=2534"},"modified":"2021-09-21T20:59:19","modified_gmt":"2021-09-21T20:59:19","slug":"gruas-de-cubierta","status":"publish","type":"page","link":"https:\/\/szkolenia-udt.pl\/es\/kursy\/uprawnienia-udt-tdt-wdt\/zurawie-pokladowe\/","title":{"rendered":"Gr\u00faas de cubierta (mantenimiento)"},"content":{"rendered":"<p><a href=\"https:\/\/szkolenia-udt.pl\/wp-content\/uploads\/2021\/09\/zurawie_pladowe.jpg\"><img loading=\"lazy\" decoding=\"async\" class=\"aligncenter wp-image-2546 size-large\" src=\"https:\/\/szkolenia-udt.pl\/wp-content\/uploads\/2021\/09\/zurawie_pladowe-1024x556.jpg\" alt=\"\" width=\"750\" height=\"407\" srcset=\"https:\/\/szkolenia-udt.pl\/wp-content\/uploads\/2021\/09\/zurawie_pladowe-1024x556.jpg 1024w, https:\/\/szkolenia-udt.pl\/wp-content\/uploads\/2021\/09\/zurawie_pladowe-300x163.jpg 300w, https:\/\/szkolenia-udt.pl\/wp-content\/uploads\/2021\/09\/zurawie_pladowe-768x417.jpg 768w, https:\/\/szkolenia-udt.pl\/wp-content\/uploads\/2021\/09\/zurawie_pladowe-1536x834.jpg 1536w, https:\/\/szkolenia-udt.pl\/wp-content\/uploads\/2021\/09\/zurawie_pladowe.jpg 1562w\" sizes=\"auto, (max-width: 750px) 100vw, 750px\" \/><\/a><\/p>\n<h2>Precio de la formaci\u00f3n<\/h2>\n<div>Actual\u00a0<a href=\"https:\/\/szkolenia-udt.pl\/es\/oferta\/\">precio de entrenamiento<\/a>\u00a0para las gr\u00faas se determina por tel\u00e9fono.<\/div>\n<div>No dude en ponerse en contacto con nosotros en el n\u00famero<\/div>\n<div style=\"text-align: center;\"><a style=\"font-size: 28px; font-weight: bold;\" href=\"tel: +48504477077\">+48 504 477 077<\/a><\/div>\n<div>\n<h2 class=\"boldnagl\">\u00bfD\u00f3nde operamos?<\/h2>\n<p>Impartimos cursos para gr\u00faas de a bordo en Polonia y en los lugares que elijan nuestros clientes: nos desplazamos por todo el pa\u00eds. Nuestra sede central <a href=\"https:\/\/szkolenia-udt.pl\/es\/o-firmie\/\">La estaci\u00f3n<\/a> se encuentra en Varsovia.<\/p>\n<p>Si tiene m\u00e1s preguntas sobre nuestras clases, por favor <a href=\"https:\/\/szkolenia-udt.pl\/es\/kontakt\/\">contact\u00e1ndonos<\/a>. As\u00ed podremos responder a sus preguntas de forma exhaustiva y aconsejarle sobre las mejores soluciones.<\/p>\n<\/div>\n<p><a href=\"https:\/\/szkolenia-udt.pl\/wp-content\/uploads\/2021\/09\/0047-oso-zurawie-pokladowekonserwacja-1.jpg\"><img loading=\"lazy\" decoding=\"async\" class=\"aligncenter wp-image-2538 size-large\" src=\"https:\/\/szkolenia-udt.pl\/wp-content\/uploads\/2021\/09\/0047-oso-zurawie-pokladowekonserwacja-1-1024x853.jpg\" alt=\"Gr\u00faas de cubierta para publicidad\" width=\"750\" height=\"625\" srcset=\"https:\/\/szkolenia-udt.pl\/wp-content\/uploads\/2021\/09\/0047-oso-zurawie-pokladowekonserwacja-1-1024x853.jpg 1024w, https:\/\/szkolenia-udt.pl\/wp-content\/uploads\/2021\/09\/0047-oso-zurawie-pokladowekonserwacja-1-300x250.jpg 300w, https:\/\/szkolenia-udt.pl\/wp-content\/uploads\/2021\/09\/0047-oso-zurawie-pokladowekonserwacja-1-768x640.jpg 768w, https:\/\/szkolenia-udt.pl\/wp-content\/uploads\/2021\/09\/0047-oso-zurawie-pokladowekonserwacja-1.jpg 1200w\" sizes=\"auto, (max-width: 750px) 100vw, 750px\" \/><\/a><\/p>","protected":false},"excerpt":{"rendered":"<p>Cena szkolenia Aktualna\u00a0cena szkolenia\u00a0na suwnice jest ustalana telefonicznie. Zapraszamy\u00a0do kontaktu pod numerem: +48 504 477 077 Gdzie dzia\u0142amy? Kursy na \u017curawie pok\u0142adowe realizujemy na terenie Polski oraz w miejscach dowolnie wskazanych przez naszych klient\u00f3w \u2013 doje\u017cd\u017camy na miejsce w ca\u0142ym kraju. G\u0142\u00f3wna siedziba naszego O\u015brodka znajduje si\u0119 w Warszawie. W razie dodatkowych pyta\u0144 dotycz\u0105cych naszych [&hellip;]<\/p>\n","protected":false},"author":3,"featured_media":2546,"parent":2266,"menu_order":0,"comment_status":"closed","ping_status":"closed","template":"","meta":{"footnotes":""},"class_list":["post-2534","page","type-page","status-publish","has-post-thumbnail","hentry"],"aioseo_notices":[],"_links":{"self":[{"href":"https:\/\/szkolenia-udt.pl\/es\/wp-json\/wp\/v2\/pages\/2534","targetHints":{"allow":["GET"]}}],"collection":[{"href":"https:\/\/szkolenia-udt.pl\/es\/wp-json\/wp\/v2\/pages"}],"about":[{"href":"https:\/\/szkolenia-udt.pl\/es\/wp-json\/wp\/v2\/types\/page"}],"author":[{"embeddable":true,"href":"https:\/\/szkolenia-udt.pl\/es\/wp-json\/wp\/v2\/users\/3"}],"replies":[{"embeddable":true,"href":"https:\/\/szkolenia-udt.pl\/es\/wp-json\/wp\/v2\/comments?post=2534"}],"version-history":[{"count":7,"href":"https:\/\/szkolenia-udt.pl\/es\/wp-json\/wp\/v2\/pages\/2534\/revisions"}],"predecessor-version":[{"id":2548,"href":"https:\/\/szkolenia-udt.pl\/es\/wp-json\/wp\/v2\/pages\/2534\/revisions\/2548"}],"up":[{"embeddable":true,"href":"https:\/\/szkolenia-udt.pl\/es\/wp-json\/wp\/v2\/pages\/2266"}],"wp:featuredmedia":[{"embeddable":true,"href":"https:\/\/szkolenia-udt.pl\/es\/wp-json\/wp\/v2\/media\/2546"}],"wp:attachment":[{"href":"https:\/\/szkolenia-udt.pl\/es\/wp-json\/wp\/v2\/media?parent=2534"}],"curies":[{"name":"wp","href":"https:\/\/api.w.org\/{rel}","templated":true}]}}