{"id":2583,"date":"2022-01-03T13:02:14","date_gmt":"2022-01-03T12:02:14","guid":{"rendered":"https:\/\/szkolenia-udt.pl\/?page_id=2583"},"modified":"2023-03-27T01:20:11","modified_gmt":"2023-03-26T23:20:11","slug":"soldadura","status":"publish","type":"page","link":"https:\/\/szkolenia-udt.pl\/es\/kursy\/spawanie\/","title":{"rendered":"curso de soldadura"},"content":{"rendered":"<h2><span data-contrast=\"auto\"><a href=\"https:\/\/szkolenia-udt.pl\/wp-content\/uploads\/2022\/01\/spawanie_szkoleniaudt.jpg\"><img loading=\"lazy\" decoding=\"async\" class=\"size-medium wp-image-2584 alignleft\" src=\"https:\/\/szkolenia-udt.pl\/wp-content\/uploads\/2022\/01\/spawanie_szkoleniaudt-300x200.jpg\" alt=\"Una t\u00e9cnica de uni\u00f3n de metal utilizando alambre como aglutinante.\" width=\"300\" height=\"200\" srcset=\"https:\/\/szkolenia-udt.pl\/wp-content\/uploads\/2022\/01\/spawanie_szkoleniaudt-300x200.jpg 300w, https:\/\/szkolenia-udt.pl\/wp-content\/uploads\/2022\/01\/spawanie_szkoleniaudt-1024x683.jpg 1024w, https:\/\/szkolenia-udt.pl\/wp-content\/uploads\/2022\/01\/spawanie_szkoleniaudt-768x512.jpg 768w, https:\/\/szkolenia-udt.pl\/wp-content\/uploads\/2022\/01\/spawanie_szkoleniaudt.jpg 1483w\" sizes=\"auto, (max-width: 300px) 100vw, 300px\" \/><\/a><\/span>QU\u00c9 ES LA SOLDADURA<\/h2>\n<p>La soldadura es el proceso de unir metales utilizando el calor para fundir los bordes del metal con o sin el uso de un metal de relleno de manera permanente para lograr la continuidad del material en la uni\u00f3n. Hay muchos m\u00e9todos para soldar metales entre s\u00ed en la soldadura. Los m\u00e1s comunes son:<\/p>\n<ul>\n<li>soldadura con gas<\/li>\n<li>soldadura por arco con electrodos revestidos<\/li>\n<li>soldadura con gas protector<\/li>\n<li>soldadura por arco sumergido<\/li>\n<\/ul>\n<h2>M\u00c9TODO DE SOLDADURA CON GAS<\/h2>\n<p>La soldadura con gas es una t\u00e9cnica de uni\u00f3n de metales que utiliza un hilo como metal de aportaci\u00f3n, fundido en una llama ardiente de un gas combustible con ox\u00edgeno. El acetileno se utiliza predominantemente en este m\u00e9todo, entre otras cosas por su temperatura de combusti\u00f3n de hasta aproximadamente 3100 grados C, que permite al soldador realizar la operaci\u00f3n de soldadura con facilidad y rapidez.<br \/>\n<div style=\"width: 640px;\" class=\"wp-video\"><video id=\"video-2583-1\" width=\"640\" height=\"360\" poster=\"https:\/\/szkolenia-udt.pl\/wp-content\/uploads\/2023\/03\/okladka-spawacz-OSO.jpg\" preload=\"metadata\" controls=\"controls\"><source type=\"video\/mp4\" src=\"https:\/\/szkolenia-udt.pl\/wp-content\/uploads\/2023\/03\/spawacz-SZKOLENIA-UDT.PL-OSO.mp4?_=1\" \/><a href=\"https:\/\/szkolenia-udt.pl\/wp-content\/uploads\/2023\/03\/spawacz-SZKOLENIA-UDT.PL-OSO.mp4\">https:\/\/szkolenia-udt.pl\/wp-content\/uploads\/2023\/03\/spawacz-SZKOLENIA-UDT.PL-OSO.mp4<\/a><\/video><\/div>\n<h2>SOLDADURA POR ARCO CON ELECTRODOS REVESTIDOS<\/h2>\n<p>La t\u00e9cnica de soldadura con electrodos revestidos, implica la formaci\u00f3n de un arco de soldadura entre un electrodo fusible y el material a soldar. Forma una soldadura a partir de los bordes superfundidos del metal fundido con los metales del revestimiento del n\u00facleo del electrodo fundido. La soldadura, que cristaliza en el ba\u00f1o de soldadura, forma un escudo de gas compuesto principalmente por CO2, CO y H2O, as\u00ed como un revestimiento de escoria, que protege contra el ox\u00edgeno y el nitr\u00f3geno de la atm\u00f3sfera. La soldadura con electrodos revestidos suele ser una t\u00e9cnica manual, que requiere que el soldador sea muy h\u00e1bil, pero es al mismo tiempo la m\u00e1s vers\u00e1til para muchos materiales gracias a la amplia gama de electrodos, el amplio espectro de par\u00e1metros de ajuste y la variedad de posiciones de soldadura.<\/p>\n<h2>SOLDADURA DE METALES PROTEGIDOS CON GAS<\/h2>\n<p>La soldadura por arco met\u00e1lico con electrodos consumibles -GMA (Gas Metal Arc), es el m\u00e9todo m\u00e1s utilizado en la construcci\u00f3n met\u00e1lica. Debido a la utilizaci\u00f3n de gases con caracter\u00edsticas diferentes, este m\u00e9todo se divide en MIG (Metal Inert Gas) y MAG (Metal Active Gas). La soldadura MIG utiliza gases inertes como el arg\u00f3n o el helio, mientras que la MAG utiliza gases qu\u00edmicamente activos como el di\u00f3xido de carbono, el ox\u00edgeno, el hidr\u00f3geno, el nitr\u00f3geno o el \u00f3xido nitroso. Se utilizan solos o en combinaci\u00f3n con helio o arg\u00f3n.<\/p>\n<div class=\"filmw\">\n<div class=\"responsive-youtube\"><iframe loading=\"lazy\" title=\"Reproductor de v\u00eddeo de YouTube\" src=\"https:\/\/www.youtube.com\/embed\/2qYimGxwoVU\" width=\"560\" height=\"315\" frameborder=\"0\" allowfullscreen=\"allowfullscreen\"><\/iframe><\/div>\n<\/div>\n<h2>T\u00c9CNICA DE SOLDADURA POR ARCO SUMERGIDO<\/h2>\n<p>La soldadura por arco sumergido, com\u00fanmente conocida como soldadura por fundente, es el m\u00e9todo m\u00e1s mecanizado debido a la gran precisi\u00f3n del proceso. El arco voltaico entre un electrodo alimentado de forma continua y los metales a unir est\u00e1 cubierto por una capa de fundente granular. De este modo, el fundente utilizado estabiliza el arco y protege el ba\u00f1o de soldadura de la influencia del aire atmosf\u00e9rico en la composici\u00f3n qu\u00edmica de la aleaci\u00f3n.<\/p>\n<p>En nuestros cursos, bajo la direcci\u00f3n de formadores cualificados -especialistas en su campo-, adquirir\u00e1 las cualificaciones y habilidades necesarias en la teor\u00eda y la pr\u00e1ctica, al tiempo que aprender\u00e1 las t\u00e9cnicas y los principios de la soldadura. Nuestra oferta incluye cursos de formaci\u00f3n de varios niveles, tambi\u00e9n para quienes deseen renovar sus cualificaciones. Nuestros cursos cumplen la legislaci\u00f3n y la normativa vigentes.<\/p>\n<p><a href=\"https:\/\/szkolenia-udt.pl\/wp-content\/uploads\/2022\/01\/0072-oso.edu_.pl_.jpg\"><img loading=\"lazy\" decoding=\"async\" class=\"wp-image-2591 size-large aligncenter\" src=\"https:\/\/szkolenia-udt.pl\/wp-content\/uploads\/2022\/01\/0072-oso.edu_.pl_-1024x853.jpg\" alt=\"Divisi\u00f3n de los m\u00e9todos de soldadura por arco con gas protector.\" width=\"750\" height=\"625\" srcset=\"https:\/\/szkolenia-udt.pl\/wp-content\/uploads\/2022\/01\/0072-oso.edu_.pl_-1024x853.jpg 1024w, https:\/\/szkolenia-udt.pl\/wp-content\/uploads\/2022\/01\/0072-oso.edu_.pl_-300x250.jpg 300w, https:\/\/szkolenia-udt.pl\/wp-content\/uploads\/2022\/01\/0072-oso.edu_.pl_-768x640.jpg 768w, https:\/\/szkolenia-udt.pl\/wp-content\/uploads\/2022\/01\/0072-oso.edu_.pl_.jpg 1200w\" sizes=\"auto, (max-width: 750px) 100vw, 750px\" \/><\/a><\/p>","protected":false},"excerpt":{"rendered":"<p>CZYM JEST SPAWANIE Spawanie to proces spajania metali z u\u017cyciem ciep\u0142a topi\u0105cego brzegi metalu z u\u017cyciem spoiwa lub bez w spos\u00f3b trwa\u0142y w celu uzyskania ci\u0105g\u0142o\u015bci materia\u0142owej w miejscu po\u0142\u0105czenia. W spawalnictwie istnieje wiele metod spajania metali. Najpopularniejsze z nich to: spawanie gazowe spawanie \u0142ukowe elektrodami otulonymi spawanie w os\u0142onach gazowych spawanie \u0142ukiem krytym METODA [&hellip;]<\/p>\n","protected":false},"author":3,"featured_media":2584,"parent":22,"menu_order":0,"comment_status":"closed","ping_status":"closed","template":"template-podkategorie.php","meta":{"footnotes":""},"class_list":["post-2583","page","type-page","status-publish","has-post-thumbnail","hentry"],"aioseo_notices":[],"_links":{"self":[{"href":"https:\/\/szkolenia-udt.pl\/es\/wp-json\/wp\/v2\/pages\/2583","targetHints":{"allow":["GET"]}}],"collection":[{"href":"https:\/\/szkolenia-udt.pl\/es\/wp-json\/wp\/v2\/pages"}],"about":[{"href":"https:\/\/szkolenia-udt.pl\/es\/wp-json\/wp\/v2\/types\/page"}],"author":[{"embeddable":true,"href":"https:\/\/szkolenia-udt.pl\/es\/wp-json\/wp\/v2\/users\/3"}],"replies":[{"embeddable":true,"href":"https:\/\/szkolenia-udt.pl\/es\/wp-json\/wp\/v2\/comments?post=2583"}],"version-history":[{"count":9,"href":"https:\/\/szkolenia-udt.pl\/es\/wp-json\/wp\/v2\/pages\/2583\/revisions"}],"predecessor-version":[{"id":4504,"href":"https:\/\/szkolenia-udt.pl\/es\/wp-json\/wp\/v2\/pages\/2583\/revisions\/4504"}],"up":[{"embeddable":true,"href":"https:\/\/szkolenia-udt.pl\/es\/wp-json\/wp\/v2\/pages\/22"}],"wp:featuredmedia":[{"embeddable":true,"href":"https:\/\/szkolenia-udt.pl\/es\/wp-json\/wp\/v2\/media\/2584"}],"wp:attachment":[{"href":"https:\/\/szkolenia-udt.pl\/es\/wp-json\/wp\/v2\/media?parent=2583"}],"curies":[{"name":"wp","href":"https:\/\/api.w.org\/{rel}","templated":true}]}}