{"id":2593,"date":"2022-01-03T14:17:24","date_gmt":"2022-01-03T13:17:24","guid":{"rendered":"https:\/\/szkolenia-udt.pl\/?page_id=2593"},"modified":"2022-01-08T02:24:19","modified_gmt":"2022-01-08T01:24:19","slug":"soldadura-por-fibra-optica","status":"publish","type":"page","link":"https:\/\/szkolenia-udt.pl\/es\/kursy\/spawanie\/spawanie-swiatlowodow\/","title":{"rendered":"Curso de soldadura por fibra \u00f3ptica."},"content":{"rendered":"<p><span data-contrast=\"auto\"><a href=\"https:\/\/szkolenia-udt.pl\/wp-content\/uploads\/2022\/01\/spawanie_swiatlowodow.jpg\"><img loading=\"lazy\" decoding=\"async\" class=\"size-medium wp-image-2594 alignleft\" src=\"https:\/\/szkolenia-udt.pl\/wp-content\/uploads\/2022\/01\/spawanie_swiatlowodow-300x200.jpg\" alt=\"Actividades preparatorias en el proceso de soldadura y sus consecuencias.\" width=\"300\" height=\"200\" srcset=\"https:\/\/szkolenia-udt.pl\/wp-content\/uploads\/2022\/01\/spawanie_swiatlowodow-300x200.jpg 300w, https:\/\/szkolenia-udt.pl\/wp-content\/uploads\/2022\/01\/spawanie_swiatlowodow-1024x683.jpg 1024w, https:\/\/szkolenia-udt.pl\/wp-content\/uploads\/2022\/01\/spawanie_swiatlowodow-768x512.jpg 768w, https:\/\/szkolenia-udt.pl\/wp-content\/uploads\/2022\/01\/spawanie_swiatlowodow-1536x1025.jpg 1536w, https:\/\/szkolenia-udt.pl\/wp-content\/uploads\/2022\/01\/spawanie_swiatlowodow.jpg 1559w\" sizes=\"auto, (max-width: 300px) 100vw, 300px\" \/><\/a>La soldadura de fibras \u00f3pticas es conectar fibras \u00f3pticas en un proceso t\u00e9rmico con el uso de un arco el\u00e9ctrico, como resultado obtenemos la llamada conexi\u00f3n permanente. Debido a la construcci\u00f3n de los propios cables y al uso al que est\u00e1n destinados, la ejecuci\u00f3n de tal conexi\u00f3n requiere una especial precisi\u00f3n y diligencia por parte del operador en el mismo proceso de preparaci\u00f3n de las fibras \u00f3pticas para el empalme. Es debido a estas caracter\u00edsticas que la calidad, la resistencia y la durabilidad de su conexi\u00f3n dependen en gran medida.<\/span><span data-ccp-props=\"{&quot;201341983&quot;:0,&quot;335559739&quot;:160,&quot;335559740&quot;:256}\">\u00a0<\/span><\/p>\n<p><strong>Pasos preparatorios para la soldadura:\u00a0<\/strong><\/p>\n<ul>\n<li data-leveltext=\"\uf0b7\" data-font=\"Symbol\" data-listid=\"1\" aria-setsize=\"-1\" data-aria-posinset=\"1\" data-aria-level=\"1\"><span data-contrast=\"auto\">Seleccionando y colocando sobre la fibra \u00f3ptica la longitud y el di\u00e1metro adecuados del tubo termorretr\u00e1ctil, que fijaremos el punto de conexi\u00f3n despu\u00e9s de la soldadura.<\/span><span data-ccp-props=\"{&quot;134233279&quot;:true,&quot;201341983&quot;:0,&quot;335559739&quot;:160,&quot;335559740&quot;:256}\">\u00a0<\/span><\/li>\n<li data-leveltext=\"\uf0b7\" data-font=\"Symbol\" data-listid=\"1\" aria-setsize=\"-1\" data-aria-posinset=\"2\" data-aria-level=\"1\"><span data-contrast=\"auto\">Eliminaci\u00f3n de la capa protectora de la fibra \u00f3ptica con el uso de pelacables regulables para pelar el aislamiento - Pelacables. Al menos 50 mm de la capa exterior y 30 mm de la capa interior.<\/span><span data-ccp-props=\"{&quot;134233279&quot;:true,&quot;201341983&quot;:0,&quot;335559739&quot;:160,&quot;335559740&quot;:256}\">\u00a0<\/span><\/li>\n<li data-leveltext=\"\uf0b7\" data-font=\"Symbol\" data-listid=\"1\" aria-setsize=\"-1\" data-aria-posinset=\"2\" data-aria-level=\"1\"><span data-contrast=\"auto\">Limpieza a fondo de la fibra \u00f3ptica en el lugar de conexi\u00f3n utilizando medios adecuados o simplemente un hisopo, hisopo o disco de algod\u00f3n empapado en etanol o propanol.<\/span><span data-ccp-props=\"{&quot;134233279&quot;:true,&quot;201341983&quot;:0,&quot;335559739&quot;:160,&quot;335559740&quot;:256}\">\u00a0<\/span><\/li>\n<li data-leveltext=\"\uf0b7\" data-font=\"Symbol\" data-listid=\"1\" aria-setsize=\"-1\" data-aria-posinset=\"2\" data-aria-level=\"1\"><span data-contrast=\"auto\">Corte preciso de la fibra \u00f3ptica con un cuchillo de fibra \u00f3ptica de precisi\u00f3n especialmente dise\u00f1ado con un disco de diamante con el corte m\u00e1s preciso posible, porque es el factor principal que determina la correcci\u00f3n de la conexi\u00f3n.<\/span><span data-ccp-props=\"{&quot;134233279&quot;:true,&quot;201341983&quot;:0,&quot;335559739&quot;:160,&quot;335559740&quot;:256}\">\u00a0<\/span><\/li>\n<li data-leveltext=\"\uf0b7\" data-font=\"Symbol\" data-listid=\"1\" aria-setsize=\"-1\" data-aria-posinset=\"2\" data-aria-level=\"1\"><span data-contrast=\"auto\">Preparaci\u00f3n de la caja de soldadura para las operaciones de soldadura, selecci\u00f3n del programa adecuado y colocaci\u00f3n de los hilos en las ranuras en V correspondientes a su di\u00e1metro.<\/span><span data-ccp-props=\"{&quot;134233279&quot;:true,&quot;201341983&quot;:0,&quot;335559739&quot;:160,&quot;335559740&quot;:256}\">\u00a0<\/span><\/li>\n<li data-leveltext=\"\uf0b7\" data-font=\"Symbol\" data-listid=\"1\" aria-setsize=\"-1\" data-aria-posinset=\"2\" data-aria-level=\"1\"><span data-contrast=\"auto\">Fijar el cable en el lugar de la soldadura con un tubo termorretr\u00e1ctil debidamente seleccionado y soldar todo en el horno.\u00a0<\/span><span data-ccp-props=\"{&quot;134233279&quot;:true,&quot;201341983&quot;:0,&quot;335559739&quot;:160,&quot;335559740&quot;:256}\">\u00a0<\/span><\/li>\n<\/ul>\n<p><span data-contrast=\"auto\">Como cada conexi\u00f3n de la fibra \u00f3ptica con un empalme est\u00e1 asociada a la p\u00e9rdida de propiedades de transmisi\u00f3n, la preparaci\u00f3n de la fibra \u00f3ptica es uno de los factores m\u00e1s importantes en el proceso de soldadura. Por lo tanto, la preparaci\u00f3n de los cables antes de la conexi\u00f3n debe realizarse con especial cuidado para minimizar las p\u00e9rdidas en la calidad de la se\u00f1al en el punto de su conexi\u00f3n. Debemos recordar siempre y absolutamente esto porque tiene un impacto directo en la calidad y eficiencia de nuestro trabajo.<\/span><span data-ccp-props=\"{&quot;201341983&quot;:0,&quot;335559739&quot;:160,&quot;335559740&quot;:256}\">\u00a0<\/span><\/p>\n<p><span data-contrast=\"auto\">El siguiente paso en el proceso de soldadura de fibras \u00f3pticas inmediatamente despu\u00e9s de preparar las fibras e incrustarlas en las ranuras en V apropiadas de la soldadora es prepararlas para la operaci\u00f3n de soldadura. Para ello, debemos utilizar el manual de instrucciones del dispositivo y seleccionar el programa de soldadura correspondiente a los par\u00e1metros de las fibras \u00f3pticas conectadas. En la mayor\u00eda de empalmadores de fibra \u00f3ptica, dependiendo del modelo, tenemos desde unos pocos hasta una docena de programas de soldadura almacenados en la memoria del dispositivo. Solo algunos de ellos, gracias al extenso sistema, brindan la posibilidad de crear y guardar sus propios programas, \u00fatiles, por ejemplo, en el caso de conectar fibras \u00f3pticas de diferentes fabricantes. Pero no solo. Podemos utilizar esta opci\u00f3n, tambi\u00e9n en el caso de obtener par\u00e1metros de atenuaci\u00f3n de soldadura no satisfactorios debido a distorsiones o al llamado burnout del soldador ajustando y seleccionando la corriente de soldadura adecuada.<\/span><span data-ccp-props=\"{&quot;201341983&quot;:0,&quot;335559739&quot;:160,&quot;335559740&quot;:256}\">\u00a0<\/span><\/p>\n<p><span data-contrast=\"auto\">El proceso de soldadura en s\u00ed tiene lugar en cuatro etapas y tiene lugar en una caja de soldadura conocida com\u00fanmente como m\u00e1quina de soldar. La primera operaci\u00f3n realizada por el dispositivo de soldadura es la disposici\u00f3n precisa de los cables conectados con el centrado preciso de sus fibras entre s\u00ed. En la segunda etapa se precalientan los frentes de los conductores acerc\u00e1ndolos a distancia <\/span><span data-contrast=\"auto\">~ <\/span><span data-contrast=\"auto\">\u00b5m con una selecci\u00f3n controlada de la corriente en el arco el\u00e9ctrico para obtener la temperatura adecuada, a la que se reblandecen los conductores para proporcionar la flexibilidad adecuada necesaria para obtener la calidad deseada de la conexi\u00f3n. En la tercera etapa, los cables se conectan con el uso de la presi\u00f3n adecuada en un tiempo definido con precisi\u00f3n, durante el cual los cables se unen correctamente. En la \u00faltima, cuarta etapa, se libera calor de las tuber\u00edas conectadas, como resultado de lo cual su estructura se espesa y cristaliza en el punto de conexi\u00f3n.<\/span><span data-ccp-props=\"{&quot;201341983&quot;:0,&quot;335559739&quot;:160,&quot;335559740&quot;:256}\">\u00a0<\/span><\/p>\n<p><span data-contrast=\"auto\">Despu\u00e9s de que la caja de soldadura lleva a cabo las operaciones de soldadura, el dispositivo diagnostica autom\u00e1ticamente la conexi\u00f3n. Como resultado de las pruebas con el uso del an\u00e1lisis estimado con un error leve aceptable, obtenemos informaci\u00f3n sobre la calidad de la soldadura en relaci\u00f3n con la atenuaci\u00f3n lograda. El resultado esperado debe estar en el rango de 0.01dB a 0.05dB, de lo contrario, todo el proceso de soldadura debe realizarse desde el principio nuevamente.<\/span><span data-ccp-props=\"{&quot;201341983&quot;:0,&quot;335559739&quot;:160,&quot;335559740&quot;:256}\">\u00a0<\/span><\/p>\n<p><a href=\"https:\/\/szkolenia-udt.pl\/wp-content\/uploads\/2022\/01\/0074-edu.oso_.pl_.jpg\"><img loading=\"lazy\" decoding=\"async\" class=\"wp-image-2595 size-large aligncenter\" src=\"https:\/\/szkolenia-udt.pl\/wp-content\/uploads\/2022\/01\/0074-edu.oso_.pl_-1024x853.jpg\" alt=\"Empalmador de fibra \u00f3ptica, principio de funcionamiento, diagn\u00f3stico del empalme y resultado de la atenuaci\u00f3n.\" width=\"750\" height=\"625\" srcset=\"https:\/\/szkolenia-udt.pl\/wp-content\/uploads\/2022\/01\/0074-edu.oso_.pl_-1024x853.jpg 1024w, https:\/\/szkolenia-udt.pl\/wp-content\/uploads\/2022\/01\/0074-edu.oso_.pl_-300x250.jpg 300w, https:\/\/szkolenia-udt.pl\/wp-content\/uploads\/2022\/01\/0074-edu.oso_.pl_-768x640.jpg 768w, https:\/\/szkolenia-udt.pl\/wp-content\/uploads\/2022\/01\/0074-edu.oso_.pl_.jpg 1200w\" sizes=\"auto, (max-width: 750px) 100vw, 750px\" \/><\/a><\/p>","protected":false},"excerpt":{"rendered":"<p>Spawanie \u015bwiat\u0142owod\u00f3w to \u0142\u0105czenie przewod\u00f3w \u015bwiat\u0142owodowych w procesie cieplnym z u\u017cyciem \u0142uku elektrycznego w wyniku, kt\u00f3rego otrzymujemy tak zwane po\u0142\u0105czenie sta\u0142e. Z uwagi na budow\u0119 samych przewod\u00f3w i ich przeznaczenia wykonanie takiego po\u0142\u0105czenia wymaga szczeg\u00f3lnej precyzji i staranno\u015bci od operatora ju\u017c w samej czynno\u015bci przygotowania w\u0142\u00f3kien \u015bwiat\u0142owodu do wykonania spawu. Od tych bowiem cech w [&hellip;]<\/p>\n","protected":false},"author":3,"featured_media":2594,"parent":2583,"menu_order":0,"comment_status":"closed","ping_status":"closed","template":"","meta":{"footnotes":""},"class_list":["post-2593","page","type-page","status-publish","has-post-thumbnail","hentry"],"aioseo_notices":[],"_links":{"self":[{"href":"https:\/\/szkolenia-udt.pl\/es\/wp-json\/wp\/v2\/pages\/2593","targetHints":{"allow":["GET"]}}],"collection":[{"href":"https:\/\/szkolenia-udt.pl\/es\/wp-json\/wp\/v2\/pages"}],"about":[{"href":"https:\/\/szkolenia-udt.pl\/es\/wp-json\/wp\/v2\/types\/page"}],"author":[{"embeddable":true,"href":"https:\/\/szkolenia-udt.pl\/es\/wp-json\/wp\/v2\/users\/3"}],"replies":[{"embeddable":true,"href":"https:\/\/szkolenia-udt.pl\/es\/wp-json\/wp\/v2\/comments?post=2593"}],"version-history":[{"count":2,"href":"https:\/\/szkolenia-udt.pl\/es\/wp-json\/wp\/v2\/pages\/2593\/revisions"}],"predecessor-version":[{"id":2607,"href":"https:\/\/szkolenia-udt.pl\/es\/wp-json\/wp\/v2\/pages\/2593\/revisions\/2607"}],"up":[{"embeddable":true,"href":"https:\/\/szkolenia-udt.pl\/es\/wp-json\/wp\/v2\/pages\/2583"}],"wp:featuredmedia":[{"embeddable":true,"href":"https:\/\/szkolenia-udt.pl\/es\/wp-json\/wp\/v2\/media\/2594"}],"wp:attachment":[{"href":"https:\/\/szkolenia-udt.pl\/es\/wp-json\/wp\/v2\/media?parent=2593"}],"curies":[{"name":"wp","href":"https:\/\/api.w.org\/{rel}","templated":true}]}}