{"id":2599,"date":"2022-01-03T16:14:56","date_gmt":"2022-01-03T15:14:56","guid":{"rendered":"https:\/\/szkolenia-udt.pl\/?page_id=2599"},"modified":"2023-03-13T16:08:23","modified_gmt":"2023-03-13T15:08:23","slug":"operador-de-grua","status":"publish","type":"page","link":"https:\/\/szkolenia-udt.pl\/es\/kursy\/uprawnienia-udt-tdt-wdt\/operator-suwnicy\/","title":{"rendered":"Operador de gr\u00faa"},"content":{"rendered":"<p><a href=\"https:\/\/szkolenia-udt.pl\/wp-content\/uploads\/2022\/01\/suwnce.jpg\"><img loading=\"lazy\" decoding=\"async\" class=\"alignleft\" src=\"https:\/\/szkolenia-udt.pl\/wp-content\/uploads\/2022\/01\/suwnce-300x289.jpg\" alt=\"Arreglo de manejo\" width=\"300\" height=\"289\" \/><\/a><a href=\"https:\/\/szkolenia-udt.pl\/es\/kursy\/suwnice\/\">Grua<\/a> es un tipo de gr\u00faa, una gr\u00faa intermitente dise\u00f1ada para el transporte de materiales. Este tipo de gr\u00faa se caracteriza por la sencillez de las soluciones de dise\u00f1o consistentes en la utilizaci\u00f3n de una viga met\u00e1lica transversal a modo de puente apoyada en sus extremos sobre ra\u00edles, gracias a lo cual es posible desplazarla a lo largo de los mismos en ambos sentidos. Por otro lado, al puente se le acopla un cabrestante (o sus m\u00faltiples, seg\u00fan las necesidades y condicionantes de dise\u00f1o), que permite subir y bajar cargas, as\u00ed como moverlas en dos direcciones paralelas a su eje longitudinal entre sus puntos de apoyo. .<\/p>\n<p>Gracias a este enfoque de dise\u00f1o, es posible utilizar puentes gr\u00faa en \u00e1reas abiertas y cerradas para transportar elementos muy pesados en obras de construcci\u00f3n o en plantas industriales, o para mover, cargar o descargar cargas en una log\u00edstica ampliamente entendida, por ejemplo en almacenes, dep\u00f3sitos o puertos. Sin embargo, estas soluciones simples tambi\u00e9n tienen sus limitaciones en cuanto al movimiento y \u00e1rea de operaci\u00f3n de la gr\u00faa. Resultan principalmente de la longitud de los rieles que limitan su recorrido, la longitud del puente de la gr\u00faa, que determina el rango de operaci\u00f3n horizontal del cabrestante, y la altura de la fijaci\u00f3n del puente, que afecta el rango vertical de operaci\u00f3n del cabrestante. lo que a su vez limita la selecci\u00f3n de cargas en relaci\u00f3n a sus alturas.<\/p>\n<p>Estas soluciones t\u00e9cnicas, ingeniosas en su simplicidad, utilizando las leyes b\u00e1sicas de la f\u00edsica, permitieron a los dise\u00f1adores construir puentes gr\u00faa estructuralmente diferentes de acuerdo con su uso previsto. Las m\u00e1s comunes y reconocidas son las gr\u00faas puente sobre rieles y puentes a\u00e9reos, pero existen muchos otros tipos de gr\u00faas puente que difieren en su dise\u00f1o, como; Gr\u00faas p\u00f3rtico, semi-p\u00f3rtico, voladizas, de columna o modulares. Los tipos de accionamientos utilizados en las gr\u00faas (manuales, el\u00e9ctricas, hidr\u00e1ulicas, neum\u00e1ticas o sus combinaciones), los tipos de vigas utilizadas (cil\u00edndricas, de celos\u00eda) y su n\u00famero (monoviga, biviga, multiviga) tambi\u00e9n contribuyen a la categorizaci\u00f3n de gr\u00faas.<\/p>\n<p>Tambi\u00e9n hay que mencionar la versatilidad de las gr\u00faas en t\u00e9rminos de control. Dependiendo de las necesidades y el uso previsto, teniendo en cuenta factores externos, las gr\u00faas p\u00f3rtico pueden controlarse desde la cabina del operador, desde el nivel de trabajo, de forma remota por cable, de forma inal\u00e1mbrica o autom\u00e1tica.<\/p>\n<p>La informaci\u00f3n anterior demuestra que estamos ante un tipo de ascensor muy pr\u00e1ctico, f\u00e1cil de usar, eficiente y eficaz, cuyos par\u00e1metros m\u00e1s importantes son:<\/p>\n<ul>\n<li>capacidad de elevaci\u00f3n, es decir, la masa de la carga que puede ser levantada por la gr\u00faa en determinadas condiciones<\/li>\n<li>altura de elevaci\u00f3n, es decir, la altura a la que la gr\u00faa puede levantar la carga levantada, medida desde el suelo en el caso de puentes gr\u00faa, o la altura desde el suelo hasta la garra en la posici\u00f3n superior en el caso de gr\u00faas con garra<\/li>\n<li>vano, es decir, la distancia medida entre los ra\u00edles de la v\u00eda sobre la que se desplaza el p\u00f3rtico<\/li>\n<\/ul>\n<p>Si piensas que podr\u00edas convertirte en operador de gr\u00faa, que un puesto de este tipo podr\u00eda ser interesante para ti y te permitir\u00eda desarrollar y desarrollar tu carrera profesional, debes ser consciente de los requisitos y limitaciones que tienes por delante en relaci\u00f3n con la obtenci\u00f3n del permiso. para ejercer esta profesi\u00f3n. En Polonia, la instituci\u00f3n competente que expide los certificados que autorizan a trabajar en la profesi\u00f3n de gr\u00faa es la Oficina de Inspecci\u00f3n T\u00e9cnica, abreviada como UDT, que tambi\u00e9n supervisa el uso adecuado y seguro de todo tipo de dispositivos t\u00e9cnicos, incluidas las gr\u00faas, incluidas las gr\u00faas puente. UDT tambi\u00e9n realiza la funci\u00f3n de controlar el estado t\u00e9cnico de estos dispositivos someti\u00e9ndolos a pruebas t\u00e9cnicas peri\u00f3dicas y emitiendo certificados de seguridad en base a los mismos.<\/p>\n<div class=\"filmw\">\n<div class=\"responsive-youtube\"><iframe loading=\"lazy\" title=\"Reproductor de v\u00eddeo de YouTube\" src=\"https:\/\/www.youtube.com\/embed\/EFy-SGiLltQ\" width=\"560\" height=\"315\" frameborder=\"0\" allowfullscreen=\"allowfullscreen\"><\/iframe><\/div>\n<\/div>\n<p>Sin embargo, antes de que la Oficina de Inspecci\u00f3n T\u00e9cnica pueda emitirle el certificado correspondiente, debe aprobar el examen organizado por esta instituci\u00f3n. Para realizar dicho examen, un candidato a gr\u00faa debe realizar un curso te\u00f3rico y pr\u00e1ctico que lo prepare para el examen anterior. Idealmente, deber\u00eda ser organizado por entidades apropiadas y, mejor a\u00fan, certificadas por TUV involucradas en la realizaci\u00f3n de capacitaciones y capacitaciones dedicadas. Pero antes de que esto suceda, antes de convertirse en un aprendiz de dicha formaci\u00f3n, debe tener un certificado m\u00e9dico que acredite que no existen contraindicaciones de salud para el ejercicio de la profesi\u00f3n de gr\u00faa, as\u00ed como un certificado de examen psicot\u00e9cnico positivo que confirme que el participante tiene caracter\u00edsticas psicol\u00f3gicas espec\u00edficas necesarias en esta profesi\u00f3n.<\/p>\n<p>\u00bfPor qu\u00e9 son necesarios los ex\u00e1menes m\u00e9dicos y una prueba psicot\u00e9cnica para obtener una licencia de gr\u00faa? Como cualquier trabajo f\u00edsico, incluido el trabajo con una gr\u00faa puente, conlleva muchos riesgos y molestias. Entre otros, como el ruido excesivo, la iluminaci\u00f3n deficiente, las condiciones meteorol\u00f3gicas cambiantes, permanecer demasiado tiempo en una posici\u00f3n invariable, un esfuerzo f\u00edsico elevado, la concentraci\u00f3n a largo plazo en operaciones a menudo muy complejas o el estr\u00e9s relacionado con la realizaci\u00f3n segura de tareas sin exponerse o otros al riesgo de un accidente. Todo lo anterior y muchos otros resultan de la especificidad del trabajo, que requiere del operador una especial precisi\u00f3n, paciencia, percepci\u00f3n imperturbable y, en particular, cuidado y cuidado en la observancia de las normas de seguridad.<br \/>\n<div style=\"width: 640px;\" class=\"wp-video\"><video id=\"video-2599-1\" width=\"640\" height=\"360\" poster=\"https:\/\/szkolenia-udt.pl\/wp-content\/uploads\/2023\/03\/okladka-suwnice-OSO.jpg\" preload=\"metadata\" controls=\"controls\"><source type=\"video\/mp4\" src=\"https:\/\/szkolenia-udt.pl\/wp-content\/uploads\/2023\/03\/suwnice-SZKOLENIA-UDT.PL-OSO.mp4?_=1\" \/><a href=\"https:\/\/szkolenia-udt.pl\/wp-content\/uploads\/2023\/03\/suwnice-SZKOLENIA-UDT.PL-OSO.mp4\">https:\/\/szkolenia-udt.pl\/wp-content\/uploads\/2023\/03\/suwnice-SZKOLENIA-UDT.PL-OSO.mp4<\/a><\/video><\/div>\nDespu\u00e9s de pasar el examen m\u00e9dico, puede concentrarse en encontrar y seleccionar la empresa adecuada para capacitar a los futuros operadores de gr\u00faas. En primer lugar, debemos tener en cuenta la calidad de dicha formaci\u00f3n. El garante de esto es, entre otros, la certificaci\u00f3n TUV, que debe estar en manos de la instituci\u00f3n que organiza los cursos de formaci\u00f3n profesional. TUV es una organizaci\u00f3n internacional que se preocupa, entre otras cosas, por mantener los m\u00e1s altos est\u00e1ndares en la industria ampliamente entendida en el campo de la seguridad en el trabajo, las soluciones tecnol\u00f3gicas de procesos, as\u00ed como la capacitaci\u00f3n y verificaci\u00f3n peri\u00f3dica de las competencias del personal a lo largo de su carrera profesional. En una empresa de este tipo, seguramente nos encontraremos con formadores con experiencia relevante en la profesi\u00f3n que nos interesa, con un amplio conocimiento de los temas relacionados con la misma, as\u00ed como con la preparaci\u00f3n did\u00e1ctica de formadores para transmitirla a los alumnos en t\u00e9rminos te\u00f3ricos y pr\u00e1cticos. . Al participar en una formaci\u00f3n organizada en una empresa de este tipo, tenemos una mayor confianza en que adquiriremos los conocimientos suficientes y la preparaci\u00f3n adecuada para el examen.<\/p>\n<p>Una ventaja adicional relacionada con la participaci\u00f3n en el curso y completarlo en una instalaci\u00f3n con un certificado TUV es respetada y bienvenida por los empleadores, no solo polacos, sino sobre todo extranjeros, lo que nos da la certeza de una consideraci\u00f3n m\u00e1s favorable de nuestras solicitudes de empleo.<\/p>\n<p><a href=\"https:\/\/szkolenia-udt.pl\/wp-content\/uploads\/2022\/01\/0031-oso-suwnice-ogolnego-i-specjalnego-przeznaczenia.jpg\"><img loading=\"lazy\" decoding=\"async\" src=\"https:\/\/szkolenia-udt.pl\/wp-content\/uploads\/2022\/01\/0031-oso-suwnice-ogolnego-i-specjalnego-przeznaczenia-1024x853.jpg\" alt=\"\" width=\"750\" height=\"625\" \/><\/a><\/p>","protected":false},"excerpt":{"rendered":"<p>Suwnica jest rodzajem d\u017awigu, d\u017awignicy przeznaczonej do transportu bliskiego pracuj\u0105cej w trybie ruchu przerywanego. Ten rodzaj d\u017awigu charakteryzuje si\u0119 prostot\u0105 rozwi\u0105za\u0144 konstrukcyjnych polegaj\u0105cym na wykorzystaniu poprzecznej belki metalowej jako mostu opartego w jego skrajnych punktach na szynach dzi\u0119ki kt\u00f3rym mo\u017cliwe jest jego przemieszczanie wzd\u0142u\u017c nich w obu kierunkach. Do mostu natomiast przymocowana jest wci\u0105garka (b\u0105d\u017a [&hellip;]<\/p>\n","protected":false},"author":3,"featured_media":2600,"parent":2266,"menu_order":0,"comment_status":"closed","ping_status":"closed","template":"","meta":{"footnotes":""},"class_list":["post-2599","page","type-page","status-publish","has-post-thumbnail","hentry"],"aioseo_notices":[],"_links":{"self":[{"href":"https:\/\/szkolenia-udt.pl\/es\/wp-json\/wp\/v2\/pages\/2599","targetHints":{"allow":["GET"]}}],"collection":[{"href":"https:\/\/szkolenia-udt.pl\/es\/wp-json\/wp\/v2\/pages"}],"about":[{"href":"https:\/\/szkolenia-udt.pl\/es\/wp-json\/wp\/v2\/types\/page"}],"author":[{"embeddable":true,"href":"https:\/\/szkolenia-udt.pl\/es\/wp-json\/wp\/v2\/users\/3"}],"replies":[{"embeddable":true,"href":"https:\/\/szkolenia-udt.pl\/es\/wp-json\/wp\/v2\/comments?post=2599"}],"version-history":[{"count":7,"href":"https:\/\/szkolenia-udt.pl\/es\/wp-json\/wp\/v2\/pages\/2599\/revisions"}],"predecessor-version":[{"id":4505,"href":"https:\/\/szkolenia-udt.pl\/es\/wp-json\/wp\/v2\/pages\/2599\/revisions\/4505"}],"up":[{"embeddable":true,"href":"https:\/\/szkolenia-udt.pl\/es\/wp-json\/wp\/v2\/pages\/2266"}],"wp:featuredmedia":[{"embeddable":true,"href":"https:\/\/szkolenia-udt.pl\/es\/wp-json\/wp\/v2\/media\/2600"}],"wp:attachment":[{"href":"https:\/\/szkolenia-udt.pl\/es\/wp-json\/wp\/v2\/media?parent=2599"}],"curies":[{"name":"wp","href":"https:\/\/api.w.org\/{rel}","templated":true}]}}