{"id":2609,"date":"2022-01-12T16:33:31","date_gmt":"2022-01-12T15:33:31","guid":{"rendered":"https:\/\/szkolenia-udt.pl\/?page_id=2609"},"modified":"2023-05-05T23:11:46","modified_gmt":"2023-05-05T21:11:46","slug":"tecnicas-de-soldadura","status":"publish","type":"page","link":"https:\/\/szkolenia-udt.pl\/es\/kursy\/spawanie\/spawanie-metody-techniki\/","title":{"rendered":"Soldadura. M\u00e9todos y t\u00e9cnicas."},"content":{"rendered":"<h2>Soldadura. T\u00e9cnicas de uni\u00f3n de materiales.<\/h2>\n<h2>\u00bfQu\u00e9 es la soldadura?<\/h2>\n<p><a href=\"https:\/\/szkolenia-udt.pl\/wp-content\/uploads\/2022\/01\/canva-bez-tytulu-MAEPrJLAfoI.jpg\"><img loading=\"lazy\" decoding=\"async\" class=\"size-medium wp-image-2610 alignright\" src=\"https:\/\/szkolenia-udt.pl\/wp-content\/uploads\/2022\/01\/canva-bez-tytulu-MAEPrJLAfoI-300x200.jpg\" alt=\"M\u00e9todos de soldadura. Definici\u00f3n. Descripci\u00f3n de los m\u00e9todos.\" width=\"300\" height=\"200\" srcset=\"https:\/\/szkolenia-udt.pl\/wp-content\/uploads\/2022\/01\/canva-bez-tytulu-MAEPrJLAfoI-300x200.jpg 300w, https:\/\/szkolenia-udt.pl\/wp-content\/uploads\/2022\/01\/canva-bez-tytulu-MAEPrJLAfoI-1024x684.jpg 1024w, https:\/\/szkolenia-udt.pl\/wp-content\/uploads\/2022\/01\/canva-bez-tytulu-MAEPrJLAfoI-768x513.jpg 768w, https:\/\/szkolenia-udt.pl\/wp-content\/uploads\/2022\/01\/canva-bez-tytulu-MAEPrJLAfoI-1536x1025.jpg 1536w, https:\/\/szkolenia-udt.pl\/wp-content\/uploads\/2022\/01\/canva-bez-tytulu-MAEPrJLAfoI.jpg 1600w\" sizes=\"auto, (max-width: 300px) 100vw, 300px\" \/><\/a>Es un m\u00e9todo para unir metales calent\u00e1ndolos y derriti\u00e9ndolos con o sin aglutinante. El arco de soldadura suele ser la fuente de calor. Se crea gracias a la corriente generada por el dispositivo de soldadura.<\/p>\n<p>Podemos distinguir los siguientes tipos de soldadura como el m\u00e9todo m\u00e1s com\u00fan de uni\u00f3n de metales:<\/p>\n<ul>\n<li>gas<\/li>\n<li>arco con electrodos revestidos<\/li>\n<li>arco cubierto<\/li>\n<li>escoria<\/li>\n<\/ul>\n<p>A su vez, en los escudos de gas estos son:<\/p>\n<ul>\n<li>mig<\/li>\n<li>TIG<\/li>\n<li>REVISTA<\/li>\n<li>plasma<\/li>\n<li>electr\u00f3n<\/li>\n<\/ul>\n<h2>Descripci\u00f3n de los m\u00e9todos de soldadura y su aplicaci\u00f3n.<\/h2>\n<ul>\n<li>gas (m\u00e9todo 311)<\/li>\n<li>arco con electrodos revestidos (m\u00e9todo 111)<\/li>\n<li>arco cubierto<\/li>\n<li>En la cubierta de ceniza<\/li>\n<\/ul>\n<h2>M\u00e9todos de soldadura, descripci\u00f3n del funcionamiento y su aplicaci\u00f3n:<\/h2>\n<h3>311 - soldadura por gas<\/h3>\n<ul>\n<li>fusionar los bordes de los metales unidos calentando un gas ardiente con una llama<\/li>\n<li>tiene lugar en la atm\u00f3sfera de ox\u00edgeno suministrado.<\/li>\n<li>el acetileno se utiliza principalmente como gas combustible<\/li>\n<\/ul>\n<p><strong>Aplicaci\u00f3n del m\u00e9todo<\/strong><\/p>\n<p>El m\u00e9todo se utiliza para todo tipo de acero y metales no ferrosos.<\/p>\n<h3>111 - soldadura por arco con electrones cubiertos<\/h3>\n<ul>\n<li>el m\u00e9todo consiste en fundir metales en el lugar de su conexi\u00f3n por medio de un arco el\u00e9ctrico que surge entre el elemento soldado y el electrodo revestido.<\/li>\n<li>se utiliza corriente continua o alterna para soldar<\/li>\n<li>para este m\u00e9todo se utilizan electrodos revestidos:<\/li>\n<li>amargo (A)<\/li>\n<li>rutilo (R)<\/li>\n<li>alcalino (B)<\/li>\n<li>\u00e1cido rutilo (RA)<\/li>\n<li>celulosa (C)<\/li>\n<li>rutilo-celulosa (RC)<\/li>\n<li>otro<\/li>\n<\/ul>\n<p><strong>Aplicaci\u00f3n del m\u00e9todo<\/strong><\/p>\n<p>Este m\u00e9todo de soldadura se utiliza para unir todos los aceros sin alear, de baja y alta aleaci\u00f3n, acero fundido, hierro fundido y metales no ferrosos.<\/p>\n<h3>135 - M\u00e9todo MAG (Metal Active Gas) - soldadura por m\u00e9todo fusible en la pantalla de gases activos<\/h3>\n<ul>\n<li>el proceso de soldadura por arco con un electrodo consumible en un escudo de gases qu\u00edmicamente activos o mezclas de gases.<\/li>\n<li>un electrodo consumible es un alambre s\u00f3lido o con n\u00facleo fundente (aglutinante)<\/li>\n<li>los gases de protecci\u00f3n son di\u00f3xido de carbono o mezclas de gases, que incluyen:\n<ul>\n<li>arg\u00f3n,<\/li>\n<li>ox\u00edgeno,<\/li>\n<li>di\u00f3xido de carbono<\/li>\n<\/ul>\n<\/li>\n<\/ul>\n<p><strong>Aplicaci\u00f3n del m\u00e9todo<\/strong><\/p>\n<p>El m\u00e9todo MAG se utiliza para soldar aceros sin alear, de baja y alta aleaci\u00f3n.<\/p>\n<h3>131 - M\u00e9todo MIG (Metal Insert Gas) - soldadura por arco usando el m\u00e9todo fusible en un escudo de gas inerte<\/h3>\n<ul>\n<li>proceso de soldadura por arco con un electrodo consumible en forma de alambre s\u00f3lido en un escudo de gas inerte.<\/li>\n<li>como en el m\u00e9todo MAG, el alambre tambi\u00e9n act\u00faa como aglutinante. es un hilo de relleno<\/li>\n<li>El proceso de soldadura MIG utiliza gases nobles de protecci\u00f3n como el arg\u00f3n y el helio y sus mezclas.<\/li>\n<\/ul>\n<p><strong>Aplicaci\u00f3n del m\u00e9todo<\/strong><\/p>\n<p>Lo usamos al soldar metales no ferrosos.<\/p>\n<h3>141 - M\u00e9todo TIG - soldadura con un electrodo no consumible en un escudo de gas inerte<\/h3>\n<ul>\n<li>proceso de soldadura por arco con un electrodo no consumible en un escudo de gas inerte.<\/li>\n<li>Los gases utilizados para cubrir el \u00e1rea de soldadura en el m\u00e9todo TIG son: arg\u00f3n, helio o su mezcla (similar al m\u00e9todo MIG)<\/li>\n<\/ul>\n<p><strong>Aplicaci\u00f3n del m\u00e9todo<\/strong><\/p>\n<p>El m\u00e9todo TIG se utiliza para conectar aceros de baja y alta aleaci\u00f3n y metales no ferrosos (cobre, aluminio, magnesio y sus aleaciones, as\u00ed como n\u00edquel). El m\u00e9todo TIG no es muy eficiente, pero da alta calidad y precisi\u00f3n.<\/p>\n<h2>\u00bfCu\u00e1nto gana un soldador en Polonia y en el extranjero?<\/h2>\n<p>Datos para 2021:<\/p>\n<p><strong>Polonia<\/strong><\/p>\n<table width=\"642\">\n<tbody>\n<tr>\n<td width=\"321\">Principiante<\/td>\n<td width=\"321\">3000 PLN al mes<\/td>\n<\/tr>\n<tr>\n<td width=\"321\">Experimentado<\/td>\n<td width=\"321\">5000 PLN al mes<\/td>\n<\/tr>\n<\/tbody>\n<\/table>\n<p><strong>Extranjero<\/strong><\/p>\n<table>\n<tbody>\n<tr>\n<td width=\"321\">Alemania<\/td>\n<td width=\"321\">5.000 euros al mes<\/td>\n<\/tr>\n<tr>\n<td width=\"321\">EE.UU<\/td>\n<td width=\"321\">$ 25,000 por mes<\/td>\n<\/tr>\n<tr>\n<td width=\"321\">Los pa\u00edses bajos<\/td>\n<td width=\"321\">3000 EUR - 4000 EUR al mes<\/td>\n<\/tr>\n<tr>\n<td width=\"321\">Suiza<\/td>\n<td width=\"321\">6.000 euros al mes<\/td>\n<\/tr>\n<\/tbody>\n<\/table>\n<p>&nbsp;<\/p>\n<p>OSO organiza cursos de soldadura en los m\u00e9todos TIG, MAG y MIG.<\/p>\n<p><a href=\"https:\/\/szkolenia-udt.pl\/wp-content\/uploads\/2022\/01\/0072-oso.edu_.pl-1.jpg\"><img loading=\"lazy\" decoding=\"async\" class=\"alignnone wp-image-2611 size-large\" src=\"https:\/\/szkolenia-udt.pl\/wp-content\/uploads\/2022\/01\/0072-oso.edu_.pl-1-1024x853.jpg\" alt=\"Salarios de un soldador en Polonia y en el extranjero.\" width=\"750\" height=\"625\" srcset=\"https:\/\/szkolenia-udt.pl\/wp-content\/uploads\/2022\/01\/0072-oso.edu_.pl-1-1024x853.jpg 1024w, https:\/\/szkolenia-udt.pl\/wp-content\/uploads\/2022\/01\/0072-oso.edu_.pl-1-300x250.jpg 300w, https:\/\/szkolenia-udt.pl\/wp-content\/uploads\/2022\/01\/0072-oso.edu_.pl-1-768x640.jpg 768w, https:\/\/szkolenia-udt.pl\/wp-content\/uploads\/2022\/01\/0072-oso.edu_.pl-1.jpg 1200w\" sizes=\"auto, (max-width: 750px) 100vw, 750px\" \/><\/a><\/p>","protected":false},"excerpt":{"rendered":"<p>Spawanie. Techniki \u0142\u0105czenia materia\u0142\u00f3w. Czym jest spawanie? To spos\u00f3b \u0142\u0105czenia metali przez nagrzanie ich oraz stopienie za pomoc\u0105 spoiwa lub bez jego zastosowania. \u0179r\u00f3d\u0142em ciep\u0142a jest zazwyczaj \u0142uk spawalniczy. Powstaje on dzi\u0119ki pr\u0105dowi, kt\u00f3ry jest generowany przez urz\u0105dzenie spawalnicze. Rozr\u00f3\u017cni\u0107 mo\u017cemy nast\u0119puj\u0105ce rodzaje spawania jako najbardziej powszechnej metody \u0142\u0105czenia metali: gazowe \u0142ukowe elektrodami otulonymi \u0142ukiem [&hellip;]<\/p>\n","protected":false},"author":3,"featured_media":2610,"parent":2583,"menu_order":0,"comment_status":"closed","ping_status":"closed","template":"","meta":{"footnotes":""},"class_list":["post-2609","page","type-page","status-publish","has-post-thumbnail","hentry"],"aioseo_notices":[],"_links":{"self":[{"href":"https:\/\/szkolenia-udt.pl\/es\/wp-json\/wp\/v2\/pages\/2609","targetHints":{"allow":["GET"]}}],"collection":[{"href":"https:\/\/szkolenia-udt.pl\/es\/wp-json\/wp\/v2\/pages"}],"about":[{"href":"https:\/\/szkolenia-udt.pl\/es\/wp-json\/wp\/v2\/types\/page"}],"author":[{"embeddable":true,"href":"https:\/\/szkolenia-udt.pl\/es\/wp-json\/wp\/v2\/users\/3"}],"replies":[{"embeddable":true,"href":"https:\/\/szkolenia-udt.pl\/es\/wp-json\/wp\/v2\/comments?post=2609"}],"version-history":[{"count":4,"href":"https:\/\/szkolenia-udt.pl\/es\/wp-json\/wp\/v2\/pages\/2609\/revisions"}],"predecessor-version":[{"id":4849,"href":"https:\/\/szkolenia-udt.pl\/es\/wp-json\/wp\/v2\/pages\/2609\/revisions\/4849"}],"up":[{"embeddable":true,"href":"https:\/\/szkolenia-udt.pl\/es\/wp-json\/wp\/v2\/pages\/2583"}],"wp:featuredmedia":[{"embeddable":true,"href":"https:\/\/szkolenia-udt.pl\/es\/wp-json\/wp\/v2\/media\/2610"}],"wp:attachment":[{"href":"https:\/\/szkolenia-udt.pl\/es\/wp-json\/wp\/v2\/media?parent=2609"}],"curies":[{"name":"wp","href":"https:\/\/api.w.org\/{rel}","templated":true}]}}