{"id":2615,"date":"2022-01-14T01:07:11","date_gmt":"2022-01-14T00:07:11","guid":{"rendered":"https:\/\/szkolenia-udt.pl\/?page_id=2615"},"modified":"2022-10-21T16:13:47","modified_gmt":"2022-10-21T14:13:47","slug":"metodo-de-soldadura","status":"publish","type":"page","link":"https:\/\/szkolenia-udt.pl\/es\/kursy\/spawanie\/spawanie-metody\/","title":{"rendered":"Soldadura - m\u00e9todos"},"content":{"rendered":"<p><span data-contrast=\"auto\"><a href=\"https:\/\/szkolenia-udt.pl\/wp-content\/uploads\/2022\/01\/screen_2x-6.jpg\"><img loading=\"lazy\" decoding=\"async\" class=\"size-medium wp-image-2618 alignright\" src=\"https:\/\/szkolenia-udt.pl\/wp-content\/uploads\/2022\/01\/screen_2x-6-300x200.jpg\" alt=\"\" width=\"300\" height=\"200\" srcset=\"https:\/\/szkolenia-udt.pl\/wp-content\/uploads\/2022\/01\/screen_2x-6-300x200.jpg 300w, https:\/\/szkolenia-udt.pl\/wp-content\/uploads\/2022\/01\/screen_2x-6-1024x684.jpg 1024w, https:\/\/szkolenia-udt.pl\/wp-content\/uploads\/2022\/01\/screen_2x-6-768x513.jpg 768w, https:\/\/szkolenia-udt.pl\/wp-content\/uploads\/2022\/01\/screen_2x-6-1536x1025.jpg 1536w, https:\/\/szkolenia-udt.pl\/wp-content\/uploads\/2022\/01\/screen_2x-6.jpg 1600w\" sizes=\"auto, (max-width: 300px) 100vw, 300px\" \/><\/a>Asociamos la soldadura principalmente a m\u00e9todos de uni\u00f3n de materiales a altas temperaturas con el uso de gases o electricidad, como la soldadura con gas o la soldadura con arco el\u00e9ctrico. Sin embargo, existen otros m\u00e9todos de uni\u00f3n que forman parte del tema de la soldadura. Estos incluyen t\u00e9cnicas:<\/span><span data-ccp-props=\"{&quot;201341983&quot;:0,&quot;335559739&quot;:160,&quot;335559740&quot;:259}\">\u00a0<\/span><\/p>\n<ul>\n<li data-leveltext=\"\uf0b7\" data-font=\"Symbol\" data-listid=\"1\" aria-setsize=\"-1\" data-aria-posinset=\"1\" data-aria-level=\"1\"><span data-contrast=\"auto\">soldadura por resistencia el\u00e9ctrica<\/span><span data-ccp-props=\"{&quot;134233279&quot;:true,&quot;201341983&quot;:0,&quot;335559739&quot;:160,&quot;335559740&quot;:259}\">\u00a0<\/span><\/li>\n<li data-leveltext=\"\uf0b7\" data-font=\"Symbol\" data-listid=\"1\" aria-setsize=\"-1\" data-aria-posinset=\"2\" data-aria-level=\"1\"><span data-contrast=\"auto\">soldadura por fricci\u00f3n<\/span><span data-ccp-props=\"{&quot;134233279&quot;:true,&quot;201341983&quot;:0,&quot;335559739&quot;:160,&quot;335559740&quot;:259}\">\u00a0<\/span><\/li>\n<li data-leveltext=\"\uf0b7\" data-font=\"Symbol\" data-listid=\"1\" aria-setsize=\"-1\" data-aria-posinset=\"3\" data-aria-level=\"1\"><span data-contrast=\"auto\">soldadura<\/span><span data-ccp-props=\"{&quot;134233279&quot;:true,&quot;201341983&quot;:0,&quot;335559739&quot;:160,&quot;335559740&quot;:259}\">\u00a0<\/span><\/li>\n<li data-leveltext=\"\uf0b7\" data-font=\"Symbol\" data-listid=\"1\" aria-setsize=\"-1\" data-aria-posinset=\"4\" data-aria-level=\"1\"><span data-contrast=\"auto\">pegado<\/span><span data-ccp-props=\"{&quot;134233279&quot;:true,&quot;201341983&quot;:0,&quot;335559739&quot;:160,&quot;335559740&quot;:259}\">\u00a0<\/span><\/li>\n<\/ul>\n<h2><span data-contrast=\"auto\">SOLDADURA EL\u00c9CTRICA<\/span><span data-ccp-props=\"{&quot;201341983&quot;:0,&quot;335559739&quot;:160,&quot;335559740&quot;:259}\">\u00a0<\/span><\/h2>\n<p><span data-contrast=\"auto\">En este m\u00e9todo, los materiales se unen localmente como resultado de la presi\u00f3n, acompa\u00f1ada de su calentamiento o fusi\u00f3n, con el calor de la corriente de resistencia el\u00e9ctrica que fluye a trav\u00e9s de ellos, utilizando la relaci\u00f3n Joule-Lenz. No necesitamos materiales de terceros como aglomerantes para las juntas. Este m\u00e9todo se usa con mayor frecuencia en el caso de unir l\u00e1minas, secciones o partes en proyectos con una estructura espec\u00edfica. La cantidad de calor y la fuerza de presi\u00f3n tienen un impacto significativo en la calidad de la uni\u00f3n soldada, teniendo en cuenta la resistencia de los elementos a soldar, la resistencia de contacto entre ellos, el material y el electrodo de la soldadora. Determinan la cantidad de calor necesaria, el rango de intensidad de la corriente utilizada y la duraci\u00f3n de la operaci\u00f3n de soldadura realizada en un proceso espec\u00edfico. En la soldadura el\u00e9ctrica, los m\u00e9todos m\u00e1s utilizados son:<\/span><span data-ccp-props=\"{&quot;201341983&quot;:0,&quot;335559739&quot;:160,&quot;335559740&quot;:259}\">\u00a0<\/span><\/p>\n<ul>\n<li data-leveltext=\"\uf0b7\" data-font=\"Symbol\" data-listid=\"2\" aria-setsize=\"-1\" data-aria-posinset=\"1\" data-aria-level=\"1\"><span data-contrast=\"auto\">punto<\/span><span data-ccp-props=\"{&quot;134233279&quot;:true,&quot;201341983&quot;:0,&quot;335559739&quot;:160,&quot;335559740&quot;:259}\">\u00a0<\/span><\/li>\n<li data-leveltext=\"\uf0b7\" data-font=\"Symbol\" data-listid=\"2\" aria-setsize=\"-1\" data-aria-posinset=\"2\" data-aria-level=\"1\"><span data-contrast=\"auto\">lineal<\/span><span data-ccp-props=\"{&quot;134233279&quot;:true,&quot;201341983&quot;:0,&quot;335559739&quot;:160,&quot;335559740&quot;:259}\">\u00a0<\/span><\/li>\n<li data-leveltext=\"\uf0b7\" data-font=\"Symbol\" data-listid=\"2\" aria-setsize=\"-1\" data-aria-posinset=\"3\" data-aria-level=\"1\"><span data-contrast=\"auto\">extremo<\/span><span data-ccp-props=\"{&quot;134233279&quot;:true,&quot;201341983&quot;:0,&quot;335559739&quot;:160,&quot;335559740&quot;:259}\">\u00a0<\/span><\/li>\n<li data-leveltext=\"\uf0b7\" data-font=\"Symbol\" data-listid=\"2\" aria-setsize=\"-1\" data-aria-posinset=\"3\" data-aria-level=\"1\"><span data-contrast=\"auto\">jorobado<\/span><span data-ccp-props=\"{&quot;134233279&quot;:true,&quot;201341983&quot;:0,&quot;335559739&quot;:160,&quot;335559740&quot;:259}\">\u00a0<\/span><\/li>\n<\/ul>\n<p><span data-contrast=\"auto\">La selecci\u00f3n del m\u00e9todo apropiado depende de las soluciones de dise\u00f1o aplicadas. La soldadura por resistencia es muy utilizada en la industria gracias a la amplia gama de materiales que se pueden unir por este m\u00e9todo. Estos incluyen metales ferrosos y no ferrosos, carbono, aceros aleados y de alta aleaci\u00f3n, aluminio, n\u00edquel, cobre, titanio y sus aleaciones. Este m\u00e9todo tambi\u00e9n combina l\u00e1minas de acero con recubrimientos de zinc, aluminio o cadmio.<\/span><span data-ccp-props=\"{&quot;201341983&quot;:0,&quot;335559739&quot;:160,&quot;335559740&quot;:259}\">\u00a0<\/span><\/p>\n<h2><span data-contrast=\"auto\">Soldadura por fricci\u00f3n<\/span><span data-ccp-props=\"{&quot;201341983&quot;:0,&quot;335559739&quot;:160,&quot;335559740&quot;:259}\">\u00a0<\/span><\/h2>\n<p><span data-contrast=\"auto\">En este m\u00e9todo, los elementos se unen gracias a la temperatura obtenida como resultado del rozamiento de sus superficies entre s\u00ed. En este proceso, uno de los elementos se inmoviliza y el otro se hace girar en relaci\u00f3n con su eje com\u00fan con la aplicaci\u00f3n simult\u00e1nea de la fuerza de sujeci\u00f3n. Esta t\u00e9cnica utiliza el fen\u00f3meno de fluencia y difusi\u00f3n de part\u00edculas en el punto de uni\u00f3n de materiales en estado s\u00f3lido. En la actividad realizada, obtenemos energ\u00eda, que se convierte en calor necesario para calentar las superficies de los metales unidos a una temperatura cercana al punto de fusi\u00f3n de un material determinado. Regulamos la temperatura con la energ\u00eda obtenida gracias a la fuerza de presi\u00f3n seg\u00fan la relaci\u00f3n: mayor fuerza de presi\u00f3n = mayor rendimiento energ\u00e9tico = mayor temperatura. Despu\u00e9s de obtener la plasticidad adecuada como resultado de la fricci\u00f3n, los objetos unidos se inmovilizan y luego se someten a la fuerza de sujeci\u00f3n, en la mayor\u00eda de los casos mayor que la fuerza de sujeci\u00f3n utilizada en el proceso de calentamiento de las superficies de contacto. El m\u00e9todo de soldadura por fricci\u00f3n apareci\u00f3 hace relativamente poco tiempo, ya que en la segunda mitad del siglo pasado, hoy en d\u00eda es ampliamente utilizado en la industria del metal a gran escala, en particular en producciones de gran volumen como, por ejemplo, herramientas, piezas de autom\u00f3viles o llantas de aluminio Esta tecnolog\u00eda se prueba y mejora constantemente, gracias a lo cual encuentra nuevas y m\u00e1s amplias aplicaciones.<\/span><span data-ccp-props=\"{&quot;201341983&quot;:0,&quot;335559739&quot;:160,&quot;335559740&quot;:259}\">\u00a0<\/span><\/p>\n<h2><span data-contrast=\"auto\">SOLDADURA<\/span><span data-ccp-props=\"{&quot;201341983&quot;:0,&quot;335559739&quot;:160,&quot;335559740&quot;:259}\">\u00a0<\/span><\/h2>\n<p><span data-contrast=\"auto\">Es un proceso diferente a la soldadura, donde se unen los elementos sin fusionarlos. Solo derretimos el aglutinante. El material utilizado para la uni\u00f3n debe tener un punto de fusi\u00f3n inferior al punto de fusi\u00f3n de las piezas a soldar. El material de uni\u00f3n m\u00e1s utilizado en el proceso de soldadura fuerte es el fundente y la soldadura. Un rasgo importante y caracter\u00edstico de esta t\u00e9cnica es el espacio entre los elementos de soldadura, llamado espacio de soldadura, junto con sus propiedades capilares. Es decir, la capacidad de la soldadura l\u00edquida para llenar el espacio est\u00e1 estrechamente relacionada con la presi\u00f3n interna del espacio y la presi\u00f3n ambiental. El ancho del espacio de soldadura tiene la mayor influencia en la capilaridad adem\u00e1s de la densidad y viscosidad de la soldadura y la tensi\u00f3n superficial. Si en el proceso de uni\u00f3n existe un espaciamiento no capilar o achaflanado de los elementos a unir, esta operaci\u00f3n se denomina soldadura fuerte. Dividimos la soldadura en dos m\u00e9todos debido a las temperaturas utilizadas en este proceso. Soldadura blanda, donde la operaci\u00f3n de uni\u00f3n se realiza a una temperatura no superior a 450 \u00b0C, y soldadura fuerte, donde el proceso se realiza a temperaturas superiores a 450 \u00b0C. La soldadura es una de las t\u00e9cnicas m\u00e1s populares y antiguas para unir materiales, ya conocida por 5.000. a\u00f1os antes de Cristo En arqueolog\u00eda tenemos muchos ejemplos de artefactos en forma de ornamentos o joyas hechas de metales preciosos con el uso de esta tecnolog\u00eda. Hoy en d\u00eda, adem\u00e1s de la soldadura, la soldadura blanda es el m\u00e9todo de uni\u00f3n m\u00e1s utilizado. Lo utilizamos en el caso de metales y no metales, como cer\u00e1mica, vidrio, grafito y muchos otros, no solo en uniones homog\u00e9neas, sino tambi\u00e9n en la uni\u00f3n de materiales estructuralmente diferentes.<\/span><span data-ccp-props=\"{&quot;201341983&quot;:0,&quot;335559739&quot;:160,&quot;335559740&quot;:259}\">\u00a0<\/span><\/p>\n<h2><span data-contrast=\"auto\">PEGADO<\/span><span data-ccp-props=\"{&quot;201341983&quot;:0,&quot;335559739&quot;:160,&quot;335559740&quot;:259}\">\u00a0<\/span><\/h2>\n<p><span data-contrast=\"auto\">Es un proceso de unir materiales id\u00e9nticos y diferentes con el uso de una sustancia no met\u00e1lica como aglutinante en forma de adhesivo. La selecci\u00f3n del pegamento adecuado es un factor tecnol\u00f3gico particularmente importante, porque determina la funcionalidad de la junta, debido al impacto significativo en la resistencia mec\u00e1nica de la junta, la resistencia a las altas temperaturas, la elasticidad de la junta y su durabilidad en condiciones ambientales desfavorables. Para obtener una correcta conexi\u00f3n debemos tener en cuenta el tipo de materiales a unir en un determinado proceso tecnol\u00f3gico, teniendo en cuenta el tipo de estructura y su finalidad, as\u00ed como el impacto de las condiciones de operaci\u00f3n en el funcionamiento conjunto. El primer paso del encolado es la correcta preparaci\u00f3n de los elementos unidos, lo que repercute en la calidad y caracter\u00edsticas de la uni\u00f3n. Un elemento importante en el proceso de encolado es el m\u00e9todo de aplicaci\u00f3n de la cola, independientemente de si se realiza de forma manual o mec\u00e1nica. Es importante tener el espesor adecuado de la capa adhesiva aplicada y su distribuci\u00f3n uniforme en las superficies unidas. El m\u00e9todo de aplicaci\u00f3n del pegamento se selecciona en funci\u00f3n de sus propiedades, como la viscosidad, la consistencia y el tiempo de uso. Seg\u00fan el tipo de cola y su aplicaci\u00f3n, la aplicamos sobre una o ambas superficies unidas por puntos, l\u00edneas, cosidos o superficie. El \u00faltimo elemento en el proceso de pegado es el endurecimiento. Depende del tipo de adhesivo utilizado y puede ser el resultado de un proceso f\u00edsico o una reacci\u00f3n qu\u00edmica usando calor o radiaci\u00f3n ultravioleta. Los siguientes factores son importantes en el endurecimiento: tiempo, temperatura, presi\u00f3n e inmovilizaci\u00f3n de los elementos unidos.<\/span><span data-ccp-props=\"{&quot;201341983&quot;:0,&quot;335559739&quot;:160,&quot;335559740&quot;:259}\">\u00a0<\/span><\/p>\n<p><a href=\"https:\/\/szkolenia-udt.pl\/wp-content\/uploads\/2022\/01\/0072-oso.edu_.pl-1.jpg\"><img loading=\"lazy\" decoding=\"async\" class=\"aligncenter wp-image-2611 size-large\" src=\"https:\/\/szkolenia-udt.pl\/wp-content\/uploads\/2022\/01\/0072-oso.edu_.pl-1-1024x853.jpg\" alt=\"Salarios de un soldador en Polonia y en el extranjero.\" width=\"750\" height=\"625\" srcset=\"https:\/\/szkolenia-udt.pl\/wp-content\/uploads\/2022\/01\/0072-oso.edu_.pl-1-1024x853.jpg 1024w, https:\/\/szkolenia-udt.pl\/wp-content\/uploads\/2022\/01\/0072-oso.edu_.pl-1-300x250.jpg 300w, https:\/\/szkolenia-udt.pl\/wp-content\/uploads\/2022\/01\/0072-oso.edu_.pl-1-768x640.jpg 768w, https:\/\/szkolenia-udt.pl\/wp-content\/uploads\/2022\/01\/0072-oso.edu_.pl-1.jpg 1200w\" sizes=\"auto, (max-width: 750px) 100vw, 750px\" \/><\/a><\/p>","protected":false},"excerpt":{"rendered":"<p>Spawanie kojarzy si\u0119 nam g\u0142\u00f3wnie z metodami \u0142\u0105czenia materia\u0142\u00f3w w wysokich temperaturach z u\u017cyciem gaz\u00f3w czy pr\u0105du, takimi jak spawanie gazowe czy spawanie z u\u017cyciem \u0142uku elektrycznego. Istniej\u0105 jednak inne metody spajania, kt\u00f3re wchodz\u0105 w sk\u0142ad zagadnienia jakim jest spawalnictwo. Nale\u017c\u0105 do nich techniki:\u00a0 zgrzewanie elektryczne oporowe\u00a0 zgrzewanie tarciowe\u00a0 lutowanie\u00a0 klejenie\u00a0 ZGRZEWANIE ELEKTRYCZNE\u00a0 W metodzie [&hellip;]<\/p>\n","protected":false},"author":3,"featured_media":2618,"parent":2583,"menu_order":0,"comment_status":"closed","ping_status":"closed","template":"","meta":{"footnotes":""},"class_list":["post-2615","page","type-page","status-publish","has-post-thumbnail","hentry"],"aioseo_notices":[],"_links":{"self":[{"href":"https:\/\/szkolenia-udt.pl\/es\/wp-json\/wp\/v2\/pages\/2615","targetHints":{"allow":["GET"]}}],"collection":[{"href":"https:\/\/szkolenia-udt.pl\/es\/wp-json\/wp\/v2\/pages"}],"about":[{"href":"https:\/\/szkolenia-udt.pl\/es\/wp-json\/wp\/v2\/types\/page"}],"author":[{"embeddable":true,"href":"https:\/\/szkolenia-udt.pl\/es\/wp-json\/wp\/v2\/users\/3"}],"replies":[{"embeddable":true,"href":"https:\/\/szkolenia-udt.pl\/es\/wp-json\/wp\/v2\/comments?post=2615"}],"version-history":[{"count":5,"href":"https:\/\/szkolenia-udt.pl\/es\/wp-json\/wp\/v2\/pages\/2615\/revisions"}],"predecessor-version":[{"id":3426,"href":"https:\/\/szkolenia-udt.pl\/es\/wp-json\/wp\/v2\/pages\/2615\/revisions\/3426"}],"up":[{"embeddable":true,"href":"https:\/\/szkolenia-udt.pl\/es\/wp-json\/wp\/v2\/pages\/2583"}],"wp:featuredmedia":[{"embeddable":true,"href":"https:\/\/szkolenia-udt.pl\/es\/wp-json\/wp\/v2\/media\/2618"}],"wp:attachment":[{"href":"https:\/\/szkolenia-udt.pl\/es\/wp-json\/wp\/v2\/media?parent=2615"}],"curies":[{"name":"wp","href":"https:\/\/api.w.org\/{rel}","templated":true}]}}