{"id":2627,"date":"2022-02-02T22:50:09","date_gmt":"2022-02-02T21:50:09","guid":{"rendered":"https:\/\/szkolenia-udt.pl\/?page_id=2627"},"modified":"2023-03-24T19:48:23","modified_gmt":"2023-03-24T18:48:23","slug":"construccion-de-gruas","status":"publish","type":"page","link":"https:\/\/szkolenia-udt.pl\/es\/kursy\/suwnice\/budowa-suwnic\/","title":{"rendered":"Curso de operador y mantenimiento de gr\u00faas"},"content":{"rendered":"<h2 class=\"wp-block-heading\">Curso de manejo y mantenimiento de gr\u00faas puente<\/h2>\n\n\n<div class=\"wp-block-image\">\n<figure class=\"alignleft size-large is-resized\"><a href=\"https:\/\/szkolenia-udt.pl\/wp-content\/uploads\/2022\/02\/s2.jpg\"><img loading=\"lazy\" decoding=\"async\" src=\"https:\/\/szkolenia-udt.pl\/wp-content\/uploads\/2022\/02\/s2-1024x684.jpg\" alt=\"gr\u00faa en almac\u00e9n\" class=\"wp-image-2628\" width=\"512\" height=\"342\" srcset=\"https:\/\/szkolenia-udt.pl\/wp-content\/uploads\/2022\/02\/s2-1024x684.jpg 1024w, https:\/\/szkolenia-udt.pl\/wp-content\/uploads\/2022\/02\/s2-300x200.jpg 300w, https:\/\/szkolenia-udt.pl\/wp-content\/uploads\/2022\/02\/s2-768x513.jpg 768w, https:\/\/szkolenia-udt.pl\/wp-content\/uploads\/2022\/02\/s2.jpg 1493w\" sizes=\"auto, (max-width: 512px) 100vw, 512px\" \/><\/a><\/figure>\n<\/div>\n\n\n<p><a href=\"https:\/\/szkolenia-udt.pl\/es\/kursy\/suwnice\/\">Grua<\/a> es un tipo de equipo de gr\u00faa utilizado para elevar, bajar y mover cargas mediante cabrestantes o polipastos. Se utiliza en procesos de montaje, transporte, manipulaci\u00f3n y producci\u00f3n, entre otros. Al matricularte en nuestro curso certificado de operaci\u00f3n y mantenimiento de gr\u00faas, podr\u00e1s recibir una formaci\u00f3n completa para trabajar en estos puestos\u00a0\u00a0<\/p>\n\n\n\n<h2 class=\"wp-block-heading\"><strong>Sobre nosotros -<\/strong> <strong>CSO<\/strong>\u00a0<\/h2>\n\n\n\n<p>Las OSC son <a href=\"https:\/\/szkolenia-udt.pl\/es\/o-firmie\/\">centro<\/a> con muchos a\u00f1os de experiencia en el sector, instructores cualificados y cientos de alumnos satisfechos. Nuestros cursos constan de una parte te\u00f3rica, en la que se imparte la materia, y una parte pr\u00e1ctica, en la que el alumno aprende a manejar las m\u00e1quinas en una zona especial de maniobras.&nbsp;<\/p>\n\n\n\n<h2 class=\"wp-block-heading\"><strong>Alcance de la formaci\u00f3n<\/strong>&nbsp;<\/h2>\n\n\n\n<p>El programa de formaci\u00f3n incluye, entre otros, temas sobre:&nbsp;<\/p>\n\n\n\n<ul class=\"dwiekolumny wp-block-list\">\n<li>normas de salud y seguridad,&nbsp;&nbsp;<\/li>\n\n\n\n<li>supervisi\u00f3n t\u00e9cnica de gr\u00faas,&nbsp;&nbsp;<\/li>\n\n\n\n<li>construcci\u00f3n de equipos,&nbsp;&nbsp;<\/li>\n\n\n\n<li>principios de funcionamiento correcto&nbsp;&nbsp;<\/li>\n\n\n\n<li>funciones de gruista y mantenimiento.&nbsp;<\/li>\n<\/ul>\n\n\n\n<h2 class=\"wp-block-heading\"><strong>Requisitos<\/strong>&nbsp;<\/h2>\n\n\n\n<p>Para participar en nuestro curso s\u00f3lo tienes que:&nbsp;<\/p>\n\n\n\n<ul class=\"wp-block-list\">\n<li>ser mayor de 18 a\u00f1os,&nbsp;<\/li>\n\n\n\n<li>tener al menos una educaci\u00f3n b\u00e1sica,&nbsp;<\/li>\n\n\n\n<li>no tienen contraindicaciones m\u00e9dicas para manejar o mantener este tipo de maquinaria.&nbsp;<\/li>\n<\/ul>\n\n\n\n<h2 class=\"wp-block-heading\"><strong>Caracter\u00edsticas de los equipos de gr\u00faa<\/strong>&nbsp;<\/h2>\n\n\n\n<h4 class=\"wp-block-heading\">Componentes de equipos mec\u00e1nicos:&nbsp;<\/h4>\n\n\n<div class=\"wp-block-image\">\n<figure class=\"alignright size-large is-resized\"><a href=\"https:\/\/szkolenia-udt.pl\/wp-content\/uploads\/2022\/02\/s2-1.jpg\"><img loading=\"lazy\" decoding=\"async\" src=\"https:\/\/szkolenia-udt.pl\/wp-content\/uploads\/2022\/02\/s2-1-1024x684.jpg\" alt=\"funcionamiento de la gr\u00faa\" class=\"wp-image-2631\" width=\"512\" height=\"342\" srcset=\"https:\/\/szkolenia-udt.pl\/wp-content\/uploads\/2022\/02\/s2-1-1024x684.jpg 1024w, https:\/\/szkolenia-udt.pl\/wp-content\/uploads\/2022\/02\/s2-1-300x200.jpg 300w, https:\/\/szkolenia-udt.pl\/wp-content\/uploads\/2022\/02\/s2-1-768x513.jpg 768w, https:\/\/szkolenia-udt.pl\/wp-content\/uploads\/2022\/02\/s2-1-1536x1026.jpg 1536w, https:\/\/szkolenia-udt.pl\/wp-content\/uploads\/2022\/02\/s2-1.jpg 1549w\" sizes=\"auto, (max-width: 512px) 100vw, 512px\" \/><\/a><\/figure>\n<\/div>\n\n\n<ul class=\"wp-block-list\">\n<li><strong>pista de atletismo y frontales<\/strong> - elementos del mecanismo de accionamiento,&nbsp;<\/li>\n\n\n\n<li><strong>carro conductor<\/strong> - motor, caja de cambios,&nbsp;<\/li>\n\n\n\n<li><strong>puente<\/strong> - v\u00eda para trolebuses, incluidos los topes,&nbsp;<\/li>\n\n\n\n<li><strong>mecanismo de elevaci\u00f3n<\/strong> - provisto de un cuerpo que aloja el motor de accionamiento, el gancho y la pasteca, el cable met\u00e1lico con anillo gu\u00eda, la caja de engranajes, el tambor lineal acanalado o encadenado y la barra con topes e interruptor de fin de carrera.&nbsp;<\/li>\n<\/ul>\n\n\n\n<h4 class=\"wp-block-heading\">Componentes de equipos el\u00e9ctricos:&nbsp;<\/h4>\n\n\n\n<ul class=\"wp-block-list\">\n<li><strong>acoplador de gr\u00faa y acoplador de potencia<\/strong> - se utiliza para encender y apagar la fuente de alimentaci\u00f3n total,&nbsp;<\/li>\n\n\n\n<li><strong>Trolls<\/strong> - coleccionistas actuales,&nbsp;<\/li>\n\n\n\n<li><strong>mando de control<\/strong> - utilizado para controlar el dispositivo,\u00a0<\/li>\n\n\n\n<li><strong>armario el\u00e9ctrico <\/strong>- situado en el bogie de tracci\u00f3n y el armario de distribuci\u00f3n el\u00e9ctrica situado en el puente,\u00a0<\/li>\n\n\n\n<li><strong>interruptores de l\u00edmite<\/strong>.&nbsp;<\/li>\n<\/ul>\n\n\n\n<h2 class=\"wp-block-heading\"><strong>Finalidad de las gr\u00faas<\/strong>&nbsp;<\/h2>\n\n\n\n<p>La funcionalidad est\u00e1 garantizada por el elevado dise\u00f1o de las gr\u00faas, que permite diferentes y libres combinaciones de movimientos. Con su ayuda se pueden transportar y mover materiales pesados. Adem\u00e1s, estos aparatos se utilizan, entre otros, en naves, almacenes, f\u00e1bricas y otros lugares. Su finalidad depende de sus par\u00e1metros t\u00e9cnicos y del tipo de construcci\u00f3n:\u00a0<\/p>\n\n\n\n<ul class=\"wp-block-list\">\n<li><strong>gr\u00faas de proceso<\/strong> - se adaptan plenamente al trabajo en curso,\u00a0<\/li>\n\n\n\n<li><strong>gr\u00faas especializadas<\/strong> - se adaptan para llevar a cabo actividades espec\u00edficas para el trabajo contratado,\u00a0<\/li>\n\n\n\n<li><strong>gr\u00faas polivalentes<\/strong> - llamados ganchos, se utilizan para diversas tareas.\u00a0<\/li>\n<\/ul>\n\n\n\n<p>Otros tipos de gr\u00faas son:&nbsp;<\/p>\n\n\n\n<ul class=\"wp-block-list\">\n<li><strong>gr\u00faas de p\u00f3rtico<\/strong> - se construyen a partir de una plataforma suspendida de los puentes laterales del p\u00f3rtico, sobre la que se desplaza el varillaje y se monta externamente,\u00a0<\/li>\n\n\n\n<li><strong>gr\u00faas puente<\/strong> - consistentes en una plataforma en celos\u00eda colocada sobre ra\u00edles con un varillaje m\u00f3vil, se instalan con mayor frecuencia en naves de producci\u00f3n,\u00a0<\/li>\n\n\n\n<li><strong>gr\u00faas puente<\/strong> - est\u00e1n dise\u00f1ados para su instalaci\u00f3n bajo la estructura del tejado de naves y almacenes.\u00a0<\/li>\n<\/ul>\n\n\n\n<h2 class=\"wp-block-heading\"><strong>M\u00e9todos de control para gr\u00faas<\/strong>&nbsp;<\/h2>\n\n\n\n<p>Las gr\u00faas se diferencian por la forma en que se controlan. Las tradicionales se controlan manualmente mediante un mando o panel de control. La automatizaci\u00f3n ha hecho posible el funcionamiento semiautom\u00e1tico o totalmente autom\u00e1tico. Una gr\u00faa puente equipada con un sistema de control permite preprogramar la gr\u00faa para que realice la tarea por s\u00ed misma. Las que funcionan completamente sin la intervenci\u00f3n del operador est\u00e1n preprogramadas en todo el algoritmo de funcionamiento.\u00a0<\/p>\n\n\n\n<h2 class=\"wp-block-heading\"><strong>Aprenda del CSO<\/strong><\/h2>\n\n\n\n<p>Le invitamos a ponerse en contacto con nosotros e inscribirse en cursos de formaci\u00f3n abiertos y cerrados. Ofreceremos precios y programas de formaci\u00f3n a los futuros alumnos de forma individual. Formamos en Varsovia y en toda Polonia.<\/p>\n\n\n\n<p>Le invitamos a los cursos de formaci\u00f3n cualificados de UDT sobre el manejo de gr\u00faas.&nbsp;<\/p>\n\n\n\n<ul class=\"wp-block-list\">\n<li>Curso de operador de gr\u00faa&nbsp;<\/li>\n\n\n\n<li>Curso de mantenimiento de gr\u00faas puente\u00a0<\/li>\n<\/ul>","protected":false},"excerpt":{"rendered":"<p>Kurs na uprawnienia do obs\u0142ugi i konserwacji suwnic Suwnica jest typem urz\u0105dzenia d\u017awignicowego s\u0142u\u017c\u0105cego do podnoszenia, opuszczania oraz przemieszczania \u0142adunk\u00f3w z u\u017cyciem wci\u0105garek lub wci\u0105gnik\u00f3w. Wykorzystuje si\u0119 j\u0105 m.in. do proces\u00f3w monta\u017cowych, transportowych, prze\u0142adunkowych oraz produkcyjnych. Zapisuj\u0105c si\u0119 na nasz kurs na uprawnienia do obs\u0142ugi i konserwacji suwnic, mo\u017cesz liczy\u0107 na kompleksowe przeszkolenie do wykonywania [&hellip;]<\/p>\n","protected":false},"author":10,"featured_media":2628,"parent":823,"menu_order":0,"comment_status":"closed","ping_status":"closed","template":"","meta":{"footnotes":""},"class_list":["post-2627","page","type-page","status-publish","has-post-thumbnail","hentry"],"aioseo_notices":[],"_links":{"self":[{"href":"https:\/\/szkolenia-udt.pl\/es\/wp-json\/wp\/v2\/pages\/2627","targetHints":{"allow":["GET"]}}],"collection":[{"href":"https:\/\/szkolenia-udt.pl\/es\/wp-json\/wp\/v2\/pages"}],"about":[{"href":"https:\/\/szkolenia-udt.pl\/es\/wp-json\/wp\/v2\/types\/page"}],"author":[{"embeddable":true,"href":"https:\/\/szkolenia-udt.pl\/es\/wp-json\/wp\/v2\/users\/10"}],"replies":[{"embeddable":true,"href":"https:\/\/szkolenia-udt.pl\/es\/wp-json\/wp\/v2\/comments?post=2627"}],"version-history":[{"count":8,"href":"https:\/\/szkolenia-udt.pl\/es\/wp-json\/wp\/v2\/pages\/2627\/revisions"}],"predecessor-version":[{"id":4686,"href":"https:\/\/szkolenia-udt.pl\/es\/wp-json\/wp\/v2\/pages\/2627\/revisions\/4686"}],"up":[{"embeddable":true,"href":"https:\/\/szkolenia-udt.pl\/es\/wp-json\/wp\/v2\/pages\/823"}],"wp:featuredmedia":[{"embeddable":true,"href":"https:\/\/szkolenia-udt.pl\/es\/wp-json\/wp\/v2\/media\/2628"}],"wp:attachment":[{"href":"https:\/\/szkolenia-udt.pl\/es\/wp-json\/wp\/v2\/media?parent=2627"}],"curies":[{"name":"wp","href":"https:\/\/api.w.org\/{rel}","templated":true}]}}