{"id":2707,"date":"2022-04-22T15:04:25","date_gmt":"2022-04-22T13:04:25","guid":{"rendered":"https:\/\/szkolenia-udt.pl\/?page_id=2707"},"modified":"2023-03-26T10:08:53","modified_gmt":"2023-03-26T08:08:53","slug":"plataformas-moviles","status":"publish","type":"page","link":"https:\/\/szkolenia-udt.pl\/es\/kursy\/uprawnienia-udt-tdt-wdt\/podesty-ruchome\/","title":{"rendered":"Formaci\u00f3n para la autorizaci\u00f3n de plataformas m\u00f3viles"},"content":{"rendered":"<h2 class=\"wp-block-heading\"><strong>Curso de operador de plataformas m\u00f3viles en el CSO<\/strong>&nbsp;<\/h2>\n\n\n<div class=\"wp-block-image\">\n<figure class=\"alignright size-large is-resized\"><a href=\"https:\/\/szkolenia-udt.pl\/wp-content\/uploads\/2022\/04\/odk-ergon_podesty_ruchome13AHI_Aerial_1600x900.jpg\"><img loading=\"lazy\" decoding=\"async\" src=\"https:\/\/szkolenia-udt.pl\/wp-content\/uploads\/2022\/04\/odk-ergon_podesty_ruchome13AHI_Aerial_1600x900-1024x576.jpg\" alt=\"Plataformas m\u00f3viles\" class=\"wp-image-2713\" width=\"512\" height=\"288\" srcset=\"https:\/\/szkolenia-udt.pl\/wp-content\/uploads\/2022\/04\/odk-ergon_podesty_ruchome13AHI_Aerial_1600x900-1024x576.jpg 1024w, https:\/\/szkolenia-udt.pl\/wp-content\/uploads\/2022\/04\/odk-ergon_podesty_ruchome13AHI_Aerial_1600x900-300x169.jpg 300w, https:\/\/szkolenia-udt.pl\/wp-content\/uploads\/2022\/04\/odk-ergon_podesty_ruchome13AHI_Aerial_1600x900-768x432.jpg 768w, https:\/\/szkolenia-udt.pl\/wp-content\/uploads\/2022\/04\/odk-ergon_podesty_ruchome13AHI_Aerial_1600x900-1536x864.jpg 1536w, https:\/\/szkolenia-udt.pl\/wp-content\/uploads\/2022\/04\/odk-ergon_podesty_ruchome13AHI_Aerial_1600x900.jpg 1600w\" sizes=\"auto, (max-width: 512px) 100vw, 512px\" \/><\/a><\/figure>\n<\/div>\n\n\n<p><a href=\"https:\/\/szkolenia-udt.pl\/es\/o-firmie\/\">Centro de formaci\u00f3n de operadores<\/a> le inscribe en el curso de operador de plataformas m\u00f3viles. Tanto si trabaja en la industria de la construcci\u00f3n, el montaje o la electricidad y desea ampliar sus cualificaciones, como si pertenece a una ocupaci\u00f3n completamente distinta pero desea reciclarse, le invitamos a asistir a nuestras clases. La formaci\u00f3n tambi\u00e9n ser\u00e1 una excelente opci\u00f3n si necesita obtener cualificaciones y autorizaciones UDT para su equipo de profesionales.&nbsp;&nbsp;<\/p>\n\n\n\n<h2 class=\"wp-block-heading\"><strong>\u00bfPara qui\u00e9n es esta formaci\u00f3n y c\u00f3mo apuntarse?<\/strong>&nbsp;<\/h2>\n\n\n\n<p>La formaci\u00f3n en manejo de plataformas m\u00f3viles es realmente para todos. Tanto si ya est\u00e1 familiarizado con este \u00e1mbito como si es nuevo para usted, podemos prepararle adecuadamente para el examen UDT. La formaci\u00f3n se imparte a particulares, pero tambi\u00e9n a grupos organizados. Por lo tanto, si es propietario de una empresa y desea formar a su equipo, puede inscribir a todos sus empleados al mismo tiempo.\u00a0<\/p>\n\n\n\n<div class=\"filmw\">\n<div class=\"responsive-youtube\"><iframe loading=\"lazy\" title=\"Reproductor de v\u00eddeo de YouTube\" src=\"https:\/\/www.youtube.com\/embed\/OUKdY5V51M4\" width=\"560\" height=\"315\" frameborder=\"0\" allowfullscreen=\"allowfullscreen\"><\/iframe><\/div>\n<\/div>\n\n\n\n<h2 class=\"wp-block-heading\"><strong>\u00bfQui\u00e9n puede participar en el curso?<\/strong>&nbsp;<\/h2>\n\n\n\n<p>Los \u00fanicos requisitos que exigimos a los becarios son:&nbsp;<\/p>\n\n\n\n<ul class=\"wp-block-list\">\n<li>llegando a la edad de dieciocho a\u00f1os,&nbsp;<\/li>\n\n\n\n<li>educacion basica,&nbsp;<\/li>\n\n\n\n<li>ninguna contraindicaci\u00f3n sanitaria para ejercer la profesi\u00f3n de operador de plataformas m\u00f3viles.&nbsp;<\/li>\n<\/ul>\n\n\n\n<p>Por ello, le invitamos a inscribirse. Los clientes individuales pueden inscribirse por correo electr\u00f3nico o tel\u00e9fono.  Tambi\u00e9n estaremos encantados de responder a sus preguntas.&nbsp;&nbsp;&nbsp;<\/p>\n\n\n\n<h2 class=\"wp-block-heading\"><strong>Programa de formaci\u00f3n para operadores de plataformas a\u00e9reas de trabajo (OSO)<\/strong>&nbsp;<\/h2>\n\n\n\n<p><a href=\"https:\/\/szkolenia-udt.pl\/es\/kursy\/uprawnienia-udt-tdt-wdt\/podesty-ruchome-wiszace\/\">Capacitaci\u00f3n para plataformas m\u00f3viles<\/a> consta de una parte pr\u00e1ctica y otra te\u00f3rica. El programa est\u00e1 organizado de tal manera que prepara al alumno no s\u00f3lo para el examen UDT, sino sobre todo para el trabajo diario del futuro.&nbsp;&nbsp;<\/p>\n\n\n\n<h4 class=\"wp-block-heading\"><strong>Durante la capacitaci\u00f3n se abordar\u00e1n temas como:<\/strong>&nbsp;<\/h4>\n\n\n\n<ul class=\"wp-block-list\">\n<li>construcci\u00f3n y tipos de plataformas m\u00f3viles;&nbsp;<\/li>\n\n\n\n<li>informaci\u00f3n sobre la supervisi\u00f3n t\u00e9cnica del equipo;&nbsp;<\/li>\n\n\n\n<li>el trabajo del operario y sus responsabilidades antes, durante y despu\u00e9s del trabajo;&nbsp;<\/li>\n\n\n\n<li>ejercicios pr\u00e1cticos;&nbsp;<\/li>\n\n\n\n<li>normas de salud y seguridad;&nbsp;<\/li>\n<\/ul>\n\n\n\n<h4 class=\"wp-block-heading\"><strong>Categor\u00edas de plataformas m\u00f3viles discutidas durante la capacitaci\u00f3n:<\/strong>&nbsp;<\/h4>\n\n\n\n<ul class=\"wp-block-list\">\n<li>plataformas m\u00f3viles estacionarias,&nbsp;<\/li>\n\n\n\n<li>plataformas m\u00f3viles colgantes,&nbsp;<\/li>\n\n\n\n<li>plataformas de trabajo que suben del m\u00e1stil,&nbsp;<\/li>\n\n\n\n<li>plataformas m\u00f3viles,\u00a0<\/li>\n\n\n\n<li>plataformas en veh\u00edculos ferroviarios.&nbsp;<\/li>\n<\/ul>\n\n\n\n<h2 class=\"wp-block-heading\"><strong>Particularidades de las plataformas m\u00f3viles<\/strong>\u00a0<\/h2>\n\n\n<div class=\"wp-block-image\">\n<figure class=\"alignleft size-large is-resized\"><a href=\"https:\/\/szkolenia-udt.pl\/wp-content\/uploads\/2022\/04\/38300-e1650632216742.webp\"><img loading=\"lazy\" decoding=\"async\" src=\"https:\/\/szkolenia-udt.pl\/wp-content\/uploads\/2022\/04\/38300-e1650632216742-1024x555.webp\" alt=\"Plataformas m\u00f3viles\" class=\"wp-image-2711\" width=\"512\" height=\"278\" srcset=\"https:\/\/szkolenia-udt.pl\/wp-content\/uploads\/2022\/04\/38300-e1650632216742-1024x555.webp 1024w, https:\/\/szkolenia-udt.pl\/wp-content\/uploads\/2022\/04\/38300-e1650632216742-300x163.webp 300w, https:\/\/szkolenia-udt.pl\/wp-content\/uploads\/2022\/04\/38300-e1650632216742-768x416.webp 768w, https:\/\/szkolenia-udt.pl\/wp-content\/uploads\/2022\/04\/38300-e1650632216742-1536x833.webp 1536w, https:\/\/szkolenia-udt.pl\/wp-content\/uploads\/2022\/04\/38300-e1650632216742-2048x1110.webp 2048w\" sizes=\"auto, (max-width: 512px) 100vw, 512px\" \/><\/a><\/figure>\n<\/div>\n\n\n<p>Las plataformas m\u00f3viles son un dispositivo de elevaci\u00f3n utilizado para trasladar personas o cargas a determinadas alturas. Su construcci\u00f3n consta de una plataforma de trabajo, un brazo y un chasis. Var\u00eda en funci\u00f3n del tipo de plataforma m\u00f3vil. La plataforma de trabajo se asemeja a una gran cesta, por lo que tambi\u00e9n suele denominarse as\u00ed. En ella se trasladan trabajadores u objetos a los puestos de trabajo. Todas las plataformas m\u00f3viles est\u00e1n sujetas a supervisi\u00f3n t\u00e9cnica, por lo que la persona que las maneja debe tener un certificado UDT, que por supuesto puede obtener con nosotros realizando el curso y el examen UDT.\u00a0<\/p>\n\n\n\n<h2 class=\"wp-block-heading\"><strong>\u00bfCu\u00e1l es el costo del curso?<\/strong>&nbsp;<\/h2>\n\n\n\n<p>Adem\u00e1s de un determinado n\u00famero de horas de clases te\u00f3ricas (conferencia) y pr\u00e1cticas, el CSO proporciona material de formaci\u00f3n, como modelos de pruebas de examen y v\u00eddeos instructivos. Estos materiales se publican en una plataforma en l\u00ednea. De este modo, los estudiantes pueden consolidar sus conocimientos en cualquier momento. El centro tambi\u00e9n proporciona el material did\u00e1ctico necesario y ayuda con la inscripci\u00f3n y la organizaci\u00f3n del examen de la UDT.\u00a0<\/p>\n\n\n\n<h2 class=\"wp-block-heading\"><strong>lugar de entrenamiento<\/strong>&nbsp;<\/h2>\n\n\n\n<p>El Centro de Formaci\u00f3n de Operadores tiene su sede principal en Varsovia, pero organizamos cursos de formaci\u00f3n en toda Polonia. Tambi\u00e9n ofrecemos la posibilidad de desplazarnos a la sede del cliente en todo el pa\u00eds en el caso de cursos de formaci\u00f3n cerrados. Los detalles se acuerdan durante la inscripci\u00f3n. Tambi\u00e9n impartimos formaci\u00f3n en el extranjero.&nbsp;<\/p>\n\n\n\n<h2 class=\"wp-block-heading\"><strong>\u00bfQu\u00e9 pasa despu\u00e9s del final del curso?<\/strong>&nbsp;<\/h2>\n\n\n<div class=\"wp-block-image\">\n<figure class=\"alignright size-large is-resized\"><a href=\"https:\/\/szkolenia-udt.pl\/wp-content\/uploads\/2022\/04\/img-3.jpg\"><img loading=\"lazy\" decoding=\"async\" src=\"https:\/\/szkolenia-udt.pl\/wp-content\/uploads\/2022\/04\/img-3-1024x768.jpg\" alt=\"carretilla elevadora de almac\u00e9n\" class=\"wp-image-2715\" width=\"512\" height=\"384\" srcset=\"https:\/\/szkolenia-udt.pl\/wp-content\/uploads\/2022\/04\/img-3-1024x768.jpg 1024w, https:\/\/szkolenia-udt.pl\/wp-content\/uploads\/2022\/04\/img-3-300x225.jpg 300w, https:\/\/szkolenia-udt.pl\/wp-content\/uploads\/2022\/04\/img-3-768x576.jpg 768w, https:\/\/szkolenia-udt.pl\/wp-content\/uploads\/2022\/04\/img-3-1536x1152.jpg 1536w, https:\/\/szkolenia-udt.pl\/wp-content\/uploads\/2022\/04\/img-3-135x100.jpg 135w, https:\/\/szkolenia-udt.pl\/wp-content\/uploads\/2022\/04\/img-3.jpg 2048w\" sizes=\"auto, (max-width: 512px) 100vw, 512px\" \/><\/a><\/figure>\n<\/div>\n\n\n<p>Una vez finalizada la formaci\u00f3n, el aprendiz es enviado a un examen interno, evaluado por los instructores, seguido de un examen propiamente dicho, ya celebrado ante un tribunal designado por la Oficina de Inspecci\u00f3n T\u00e9cnica. La Inspecci\u00f3n T\u00e9cnica debe fijar una fecha para el examen en un plazo de 30 d\u00edas laborables a partir de la solicitud. Si se fija una fecha, se informa de ella aproximadamente 14 d\u00edas antes.\u00a0\u00a0<\/p>\n\n\n\n<h2 class=\"wp-block-heading\"><strong>Examen de habilitaci\u00f3n&nbsp;<\/strong>&nbsp;<\/h2>\n\n\n\n<p>El examen consta de una parte te\u00f3rica y una parte pr\u00e1ctica. El alcance del material que se tratar\u00e1 en la prueba de conocimientos lo facilita el CSO en las ayudas did\u00e1cticas de la plataforma en l\u00ednea. Una vez superada la parte te\u00f3rica, el participante es admitido a la parte pr\u00e1ctica. Durante la parte pr\u00e1ctica, el examinador comprueba las habilidades operativas y de mantenimiento del participante. Si aprueba la parte te\u00f3rica y suspende la parte pr\u00e1ctica, tendr\u00e1 que volver a aprobar las dos partes del examen. Los permisos para plataformas m\u00f3viles tienen validez nacional e internacional. Los documentos tambi\u00e9n pueden expedirse en otros idiomas. Dependiendo del equipo concreto, el permiso tiene una validez de entre 5 y 10 a\u00f1os.\u00a0<\/p>\n\n\n\n<h2 class=\"wp-block-heading\"><strong>Unas palabras sobre el SPA<\/strong>&nbsp;<\/h2>\n\n\n\n<p>El Centro OSO est\u00e1 especializado en formaci\u00f3n t\u00e9cnica desde hace muchos a\u00f1os. Durante este tiempo, hemos formado a miles de profesionales que han recibido la cualificaci\u00f3n necesaria para su trabajo. Adem\u00e1s de <a href=\"https:\/\/szkolenia-udt.pl\/es\/kursy\/podesty-ruchome\/\">formaci\u00f3n en el manejo de plataformas m\u00f3viles<\/a>y ofrecemos una amplia gama de cursos. Nuestro personal est\u00e1 formado por instructores con muchos a\u00f1os de experiencia y amplios conocimientos de la materia. Si tiene alguna pregunta, <a href=\"https:\/\/szkolenia-udt.pl\/es\/kontakt\/\">estamos a su disposici\u00f3n<\/a>.\u00a0<\/p>\n\n\n<div class=\"wp-block-image\">\n<figure class=\"aligncenter\"><a href=\"https:\/\/szkolenia-udt.pl\/wp-content\/uploads\/2022\/04\/0013-oso-podesty-ruchome-obsluga.jpg\"><img loading=\"lazy\" decoding=\"async\" width=\"1024\" height=\"853\" src=\"https:\/\/szkolenia-udt.pl\/wp-content\/uploads\/2022\/04\/0013-oso-podesty-ruchome-obsluga-1024x853.jpg\" alt=\"publicidad gr\u00e1fica de la formaci\u00f3n\" class=\"wp-image-2851\" srcset=\"https:\/\/szkolenia-udt.pl\/wp-content\/uploads\/2022\/04\/0013-oso-podesty-ruchome-obsluga-1024x853.jpg 1024w, https:\/\/szkolenia-udt.pl\/wp-content\/uploads\/2022\/04\/0013-oso-podesty-ruchome-obsluga-300x250.jpg 300w, https:\/\/szkolenia-udt.pl\/wp-content\/uploads\/2022\/04\/0013-oso-podesty-ruchome-obsluga-768x640.jpg 768w, https:\/\/szkolenia-udt.pl\/wp-content\/uploads\/2022\/04\/0013-oso-podesty-ruchome-obsluga.jpg 1200w\" sizes=\"auto, (max-width: 1024px) 100vw, 1024px\" \/><\/a><\/figure>\n<\/div>","protected":false},"excerpt":{"rendered":"<p>Kurs obs\u0142ugi podest\u00f3w ruchomych w OSO&nbsp; O\u015brodek Szkolenia Operator\u00f3w prowadzi zapisy na kurs operatora podest\u00f3w ruchomych. Zar\u00f3wno, je\u017celi pracujesz w bran\u017cy budowlanej, monta\u017cowej lub elektrycznej i chcesz poszerzy\u0107 swoje kwalifikacje, jak r\u00f3wnie\u017c w wypadku, gdy nale\u017cysz do grupy zupe\u0142nie innych zawod\u00f3w, ale chcesz si\u0119 przebran\u017cowi\u0107, zapraszamy na nasze zaj\u0119cia. Szkolenie b\u0119dzie tak\u017ce doskona\u0142ym wyborem, je\u015bli [&hellip;]<\/p>\n","protected":false},"author":10,"featured_media":2712,"parent":2266,"menu_order":0,"comment_status":"closed","ping_status":"closed","template":"","meta":{"footnotes":""},"class_list":["post-2707","page","type-page","status-publish","has-post-thumbnail","hentry"],"aioseo_notices":[],"_links":{"self":[{"href":"https:\/\/szkolenia-udt.pl\/es\/wp-json\/wp\/v2\/pages\/2707","targetHints":{"allow":["GET"]}}],"collection":[{"href":"https:\/\/szkolenia-udt.pl\/es\/wp-json\/wp\/v2\/pages"}],"about":[{"href":"https:\/\/szkolenia-udt.pl\/es\/wp-json\/wp\/v2\/types\/page"}],"author":[{"embeddable":true,"href":"https:\/\/szkolenia-udt.pl\/es\/wp-json\/wp\/v2\/users\/10"}],"replies":[{"embeddable":true,"href":"https:\/\/szkolenia-udt.pl\/es\/wp-json\/wp\/v2\/comments?post=2707"}],"version-history":[{"count":23,"href":"https:\/\/szkolenia-udt.pl\/es\/wp-json\/wp\/v2\/pages\/2707\/revisions"}],"predecessor-version":[{"id":4731,"href":"https:\/\/szkolenia-udt.pl\/es\/wp-json\/wp\/v2\/pages\/2707\/revisions\/4731"}],"up":[{"embeddable":true,"href":"https:\/\/szkolenia-udt.pl\/es\/wp-json\/wp\/v2\/pages\/2266"}],"wp:featuredmedia":[{"embeddable":true,"href":"https:\/\/szkolenia-udt.pl\/es\/wp-json\/wp\/v2\/media\/2712"}],"wp:attachment":[{"href":"https:\/\/szkolenia-udt.pl\/es\/wp-json\/wp\/v2\/media?parent=2707"}],"curies":[{"name":"wp","href":"https:\/\/api.w.org\/{rel}","templated":true}]}}