{"id":2719,"date":"2022-04-25T15:58:39","date_gmt":"2022-04-25T13:58:39","guid":{"rendered":"https:\/\/szkolenia-udt.pl\/?page_id=2719"},"modified":"2023-03-26T12:01:24","modified_gmt":"2023-03-26T10:01:24","slug":"carretillas-elevadoras","status":"publish","type":"page","link":"https:\/\/szkolenia-udt.pl\/es\/kursy\/uprawnienia-udt-tdt-wdt\/wozki-widlowe\/","title":{"rendered":"Curso de operador de carretillas elevadoras"},"content":{"rendered":"<div class=\"wp-block-image\">\n<figure class=\"aligncenter size-large is-resized\"><a href=\"https:\/\/szkolenia-udt.pl\/wp-content\/uploads\/2022\/04\/oso-reklama.edu_.pl-009-k-1920x800-1.jpg\"><img loading=\"lazy\" decoding=\"async\" src=\"https:\/\/szkolenia-udt.pl\/wp-content\/uploads\/2022\/04\/oso-reklama.edu_.pl-009-k-1920x800-1-1024x427.jpg\" alt=\"Carretilla elevadora en uso en un almac\u00e9n\" class=\"wp-image-2724\" width=\"1024\" height=\"427\" srcset=\"https:\/\/szkolenia-udt.pl\/wp-content\/uploads\/2022\/04\/oso-reklama.edu_.pl-009-k-1920x800-1-1024x427.jpg 1024w, https:\/\/szkolenia-udt.pl\/wp-content\/uploads\/2022\/04\/oso-reklama.edu_.pl-009-k-1920x800-1-300x125.jpg 300w, https:\/\/szkolenia-udt.pl\/wp-content\/uploads\/2022\/04\/oso-reklama.edu_.pl-009-k-1920x800-1-768x320.jpg 768w, https:\/\/szkolenia-udt.pl\/wp-content\/uploads\/2022\/04\/oso-reklama.edu_.pl-009-k-1920x800-1-1536x640.jpg 1536w, https:\/\/szkolenia-udt.pl\/wp-content\/uploads\/2022\/04\/oso-reklama.edu_.pl-009-k-1920x800-1.jpg 1920w\" sizes=\"auto, (max-width: 1024px) 100vw, 1024px\" \/><\/a><\/figure>\n<\/div>\n\n\n<h2 class=\"wp-block-heading\"><strong>\u00bfPor qu\u00e9 participar en la formaci\u00f3n?<\/strong><\/h2>\n\n\n\n<p>Aprender a manejar carretillas elevadoras y cualificarse es una excelente forma de progresar.  El trabajo de almac\u00e9n est\u00e1 estrechamente relacionado con este equipo. Una carretilla elevadora est\u00e1 dise\u00f1ada para levantar y mover materiales m\u00e1s pesados, de ah\u00ed las habilidades necesarias de conducci\u00f3n y manipulaci\u00f3n de cargas que aprender\u00e1s en nuestro curso.&nbsp;<\/p>\n\n\n\n<h2 class=\"wp-block-heading\"><strong>\u00bfQu\u00e9 son las licencias de montacargas?<\/strong>&nbsp;<\/h2>\n\n\n\n<p>La Oficina de Inspecci\u00f3n T\u00e9cnica ofrece varias categor\u00edas de licencias para camiones industriales. Estos son:&nbsp;<\/p>\n\n\n\n<ul class=\"wp-block-list\">\n<li><strong>carretillas elevadoras con mecanismo de elevaci\u00f3n mec\u00e1nico<\/strong> <strong>con brazo<\/strong> y <strong>carretillas elevadoras motorizadas con operador levantado con la carga<\/strong> (tambi\u00e9n le da derecho a manejar todos los dem\u00e1s <a href=\"https:\/\/szkolenia-udt.pl\/es\/kursy\/wozki-widlowe\/budowa-wozka-jezdniowego\/\">camiones industriales<\/a> carretillas elevadoras motorizadas) - validez de 5 a\u00f1os,&nbsp;<\/li>\n\n\n\n<li><strong>carretillas apiladoras motorizadas con mecanismo de elevaci\u00f3n mec\u00e1nico, excluidas las carretillas retr\u00e1ctiles y las carretillas apiladoras con operador posicionado con la carga<\/strong> - v\u00e1lido durante 10 a\u00f1os.&nbsp;&nbsp;<\/li>\n<\/ul>\n\n\n\n<h2 class=\"wp-block-heading\"><strong>\u00bfCu\u00e1les son los requisitos para poder tomar el curso?<\/strong>&nbsp;<\/h2>\n\n\n\n<p>Lo \u00fanico que necesitas para participar en nuestro curso es&nbsp;&nbsp;<\/p>\n\n\n\n<ul class=\"wp-block-list\">\n<li>al menos 18 a\u00f1os de edad,&nbsp;&nbsp;<\/li>\n\n\n\n<li>al menos la educaci\u00f3n primaria,&nbsp;&nbsp;<\/li>\n\n\n\n<li>ninguna contraindicaci\u00f3n para trabajar con carretillas elevadoras.<\/li>\n<\/ul>\n\n\n\n<div class=\"filmw\">\n<div class=\"responsive-youtube\"><iframe loading=\"lazy\" title=\"Reproductor de v\u00eddeo de YouTube\" src=\"https:\/\/www.youtube.com\/embed\/lBt7_7QgUVU\" width=\"560\" height=\"315\" frameborder=\"0\" allowfullscreen=\"allowfullscreen\"><\/iframe><\/div>\n<\/div>\n\n\n\n<h2 class=\"wp-block-heading\"><strong>\u00bfQui\u00e9n es el objetivo de nuestra formaci\u00f3n?<\/strong>&nbsp;<\/h2>\n\n\n\n<p>La formaci\u00f3n es una excelente manera de aprender habilidades espec\u00edficas que utilizar\u00e1 en el trabajo. Los cursos no s\u00f3lo son ideales para los m\u00e1s j\u00f3venes, sino tambi\u00e9n para quienes desean cambiar de profesi\u00f3n, buscan trabajo o quieren renovar sus conocimientos. Si buscas trabajo en el extranjero, un curso tambi\u00e9n es una buena opci\u00f3n en este caso. Las cualificaciones obtenidas en Polonia tambi\u00e9n se respetan en todos los pa\u00edses de la UE. Adem\u00e1s, . <a href=\"https:\/\/szkolenia-udt.pl\/es\/oferta\/\">NUESTRA OFERTA<\/a> es para cualquier persona que busque empleo, por ejemplo en almacenes, mayoristas, f\u00e1bricas o construcci\u00f3n.&nbsp;<\/p>\n\n\n\n<h2 class=\"wp-block-heading\"><strong>Examen<\/strong>&nbsp;<\/h2>\n\n\n\n<p>El examen UDT se divide en dos partes: te\u00f3rica y pr\u00e1ctica. Primero realizar\u00e1 el examen te\u00f3rico, que consiste en una prueba escrita bajo la supervisi\u00f3n de una comisi\u00f3n. La parte pr\u00e1ctica del examen tiene lugar en un campo de maniobras, tambi\u00e9n bajo la supervisi\u00f3n de una comisi\u00f3n. En esta parte, los examinadores comprueban tu capacidad para conducir y maniobrar la carretilla elevadora, teniendo tambi\u00e9n en cuenta el cumplimiento de las normas de salud y seguridad. <\/p>\n\n\n\n<h2 class=\"wp-block-heading\"><strong>\u00bfC\u00f3mo ense\u00f1amos?<\/strong>&nbsp;<\/h2>\n\n\n\n<p>Nos centramos en garantizar que nuestros cursos transmitan conocimientos de forma original y activadora. Creemos que un alumno comprometido ser\u00e1 capaz de enfrentarse no s\u00f3lo al examen, sino tambi\u00e9n al trabajo. Nuestros instructores cualificados se asegurar\u00e1n de que los cursos de formaci\u00f3n se impartan al m\u00e1s alto nivel educativo posible y no resulten mon\u00f3tonos.&nbsp;<\/p>\n\n\n<div class=\"wp-block-image\">\n<figure class=\"aligncenter size-large is-resized\"><a href=\"https:\/\/szkolenia-udt.pl\/wp-content\/uploads\/2022\/04\/stapler_background-scaled-1-e1650895034709.jpg\"><img loading=\"lazy\" decoding=\"async\" src=\"https:\/\/szkolenia-udt.pl\/wp-content\/uploads\/2022\/04\/stapler_background-scaled-1-e1650895034709-1024x417.jpg\" alt=\"nuevas carretillas elevadoras en l\u00ednea\" class=\"wp-image-2722\" width=\"1024\" height=\"417\" srcset=\"https:\/\/szkolenia-udt.pl\/wp-content\/uploads\/2022\/04\/stapler_background-scaled-1-e1650895034709-1024x417.jpg 1024w, https:\/\/szkolenia-udt.pl\/wp-content\/uploads\/2022\/04\/stapler_background-scaled-1-e1650895034709-300x122.jpg 300w, https:\/\/szkolenia-udt.pl\/wp-content\/uploads\/2022\/04\/stapler_background-scaled-1-e1650895034709-768x313.jpg 768w, https:\/\/szkolenia-udt.pl\/wp-content\/uploads\/2022\/04\/stapler_background-scaled-1-e1650895034709-1536x626.jpg 1536w, https:\/\/szkolenia-udt.pl\/wp-content\/uploads\/2022\/04\/stapler_background-scaled-1-e1650895034709.jpg 2048w\" sizes=\"auto, (max-width: 1024px) 100vw, 1024px\" \/><\/a><\/figure>\n<\/div>\n\n\n<h2 class=\"wp-block-heading\"><strong>tipos de montacargas<\/strong>&nbsp;<\/h2>\n\n\n\n<p>Las carretillas elevadoras, com\u00fanmente conocidas como montacargas, son t\u00e9rminos con los que nos referimos a las carretillas elevadoras. Utilizadas para la manipulaci\u00f3n, el transporte y el control, tienen dos grupos b\u00e1sicos especificados: por propulsi\u00f3n y por funci\u00f3n.&nbsp;<\/p>\n\n\n\n<h4 class=\"wp-block-heading\">Debido a la unidad, se distinguen los siguientes:&nbsp;<\/h4>\n\n\n<div class=\"wp-block-image\">\n<figure class=\"alignright size-large is-resized\"><a href=\"https:\/\/szkolenia-udt.pl\/wp-content\/uploads\/2022\/04\/d30s-7.jpg\"><img loading=\"lazy\" decoding=\"async\" src=\"https:\/\/szkolenia-udt.pl\/wp-content\/uploads\/2022\/04\/d30s-7-1024x808.jpg\" alt=\"carretilla elevadora en reposo\" class=\"wp-image-2720\" width=\"512\" height=\"404\" srcset=\"https:\/\/szkolenia-udt.pl\/wp-content\/uploads\/2022\/04\/d30s-7-1024x808.jpg 1024w, https:\/\/szkolenia-udt.pl\/wp-content\/uploads\/2022\/04\/d30s-7-300x237.jpg 300w, https:\/\/szkolenia-udt.pl\/wp-content\/uploads\/2022\/04\/d30s-7-768x606.jpg 768w, https:\/\/szkolenia-udt.pl\/wp-content\/uploads\/2022\/04\/d30s-7-1536x1213.jpg 1536w, https:\/\/szkolenia-udt.pl\/wp-content\/uploads\/2022\/04\/d30s-7.jpg 1824w\" sizes=\"auto, (max-width: 512px) 100vw, 512px\" \/><\/a><\/figure>\n<\/div>\n\n\n<ul class=\"wp-block-list\">\n<li><strong>carretillas elevadoras de combusti\u00f3n interna<\/strong> - Pueden funcionar con gas\u00f3leo, gasolina, GLP o GNC. Estos sistemas de propulsi\u00f3n se caracterizan por las emisiones de gases de escape, por lo que deben utilizarse en espacios abiertos. Este tipo de carretillas elevadoras s\u00f3lo pueden utilizarse en interiores si est\u00e1n equipadas con filtros especiales.&nbsp;<\/li>\n\n\n\n<li><strong>carretillas elevadoras el\u00e9ctricas <\/strong>(propulsadas por bater\u00eda) - funcionan con una bater\u00eda y se utilizan en zonas en las que las carretillas de combusti\u00f3n interna y las propulsadas por gas no pueden utilizarse debido a las emisiones.&nbsp;<\/li>\n\n\n\n<li><strong>carretillas elevadoras de gas<\/strong> - de gas, recomendada para espacios abiertos.&nbsp;<\/li>\n<\/ul>\n\n\n\n<h4 class=\"wp-block-heading\">Por otra parte, debido a las funciones desempe\u00f1adas, distinguimos:&nbsp;<\/h4>\n\n\n\n<ul class=\"wp-block-list\">\n<li><strong>carretillas elevadoras de alcance variable <\/strong>- Tambi\u00e9n conocidas como manipuladoras telesc\u00f3picas. Se caracterizan por tener una larga pluma telesc\u00f3pica, lo que permite un gran alcance de trabajo,&nbsp;<\/li>\n\n\n\n<li><strong>carretillas elevadoras todoterreno<\/strong> - utilizarse en zonas de dif\u00edcil acceso, con suelo irregular y resbaladizo (por ejemplo, obras de construcci\u00f3n),&nbsp;<\/li>\n\n\n\n<li><strong>cargadores laterales<\/strong> - Tambi\u00e9n denominadas carretillas de carga lateral, su principal caracter\u00edstica es que el operador se sienta lateralmente al sentido de la marcha,&nbsp;<\/li>\n\n\n\n<li><strong>carretillas retr\u00e1ctiles controladas desde un nivel o plataforma de trabajo<\/strong> - Con estos dispositivos, el operario controla el carro situ\u00e1ndose directamente en la plataforma o caminando junto al carro,&nbsp;<\/li>\n\n\n\n<li><strong>carretillas elevadoras con operador levantado con carga<\/strong>,&nbsp;<\/li>\n\n\n\n<li><strong>carretillas elevadoras con m\u00e1stil extensible<\/strong>.&nbsp;<\/li>\n<\/ul>\n\n\n\n<p>Debido al gran n\u00famero de tipos de carretillas elevadoras, se selecciona un programa de curso adecuado en funci\u00f3n de las necesidades y las particularidades, por lo que es importante tener en cuenta la cualificaci\u00f3n pertinente.&nbsp;<\/p>\n\n\n<div class=\"wp-block-image\">\n<figure class=\"alignleft size-large is-resized\"><a href=\"https:\/\/szkolenia-udt.pl\/wp-content\/uploads\/2022\/04\/GOPR1143_Tech-Reviewing-Checklist3-scaled.jpg\"><img loading=\"lazy\" decoding=\"async\" src=\"https:\/\/szkolenia-udt.pl\/wp-content\/uploads\/2022\/04\/GOPR1143_Tech-Reviewing-Checklist3-1024x768.jpg\" alt=\"operador de carretillas elevadoras\" class=\"wp-image-2721\" width=\"512\" height=\"384\" srcset=\"https:\/\/szkolenia-udt.pl\/wp-content\/uploads\/2022\/04\/GOPR1143_Tech-Reviewing-Checklist3-1024x768.jpg 1024w, https:\/\/szkolenia-udt.pl\/wp-content\/uploads\/2022\/04\/GOPR1143_Tech-Reviewing-Checklist3-300x225.jpg 300w, https:\/\/szkolenia-udt.pl\/wp-content\/uploads\/2022\/04\/GOPR1143_Tech-Reviewing-Checklist3-768x576.jpg 768w, https:\/\/szkolenia-udt.pl\/wp-content\/uploads\/2022\/04\/GOPR1143_Tech-Reviewing-Checklist3-1536x1152.jpg 1536w, https:\/\/szkolenia-udt.pl\/wp-content\/uploads\/2022\/04\/GOPR1143_Tech-Reviewing-Checklist3-2048x1536.jpg 2048w, https:\/\/szkolenia-udt.pl\/wp-content\/uploads\/2022\/04\/GOPR1143_Tech-Reviewing-Checklist3-135x100.jpg 135w\" sizes=\"auto, (max-width: 512px) 100vw, 512px\" \/><\/a><\/figure>\n<\/div>\n\n\n<h2 class=\"wp-block-heading\"><strong>Informaci\u00f3n adicional sobre derechos<\/strong>&nbsp;<\/h2>\n\n\n\n<p>Si est\u00e1 pensando en manejar carretillas elevadoras con mecanismo de elevaci\u00f3n mec\u00e1nico, sepa que est\u00e1 autorizada a manejarlas una persona que est\u00e9 certificada como operador de carretillas elevadoras mediante un certificado de cualificaci\u00f3n expedido por la Oficina de Inspecci\u00f3n T\u00e9cnica. Conviene saber que, no hace mucho, cambi\u00f3 la base jur\u00eddica de los permisos personales expedidos por el empresario y que autorizan el manejo de carretillas elevadoras. Dicha autorizaci\u00f3n se exped\u00eda, por supuesto, sobre la base de la superaci\u00f3n de la formaci\u00f3n. Aqu\u00ed tiene un \u00edndice \u00fatil para orientarse si ya es titular de un permiso. &nbsp;<\/p>\n\n\n\n<h4 class=\"wp-block-heading\"><strong>Permisos emitidos por el patr\u00f3n:<\/strong>&nbsp;<\/h4>\n\n\n\n<ul class=\"wp-block-list\">\n<li>emitido hasta el 31 de diciembre de 2004 seguir\u00e1 siendo v\u00e1lido hasta el 31 de diciembre de 2023&nbsp;<\/li>\n\n\n\n<li>emitido hasta el 31\/12\/2014 seguir\u00e1 siendo v\u00e1lido hasta el 31\/12\/2026&nbsp;<\/li>\n\n\n\n<li>emitido hasta el 01\/01\/2015 seguir\u00e1 siendo v\u00e1lido hasta el 31\/12\/2027&nbsp;<\/li>\n<\/ul>\n\n\n\n<p>&nbsp;<br>No dude en llamarnos para apuntarse a la formaci\u00f3n.&nbsp;<\/p>\n\n\n<div class=\"wp-block-image\">\n<figure class=\"aligncenter\"><a href=\"https:\/\/szkolenia-udt.pl\/wp-content\/uploads\/2022\/05\/0012-oso-wozki-widlowe-obsluga-konserwacja.jpeg\"><img loading=\"lazy\" decoding=\"async\" width=\"1024\" height=\"853\" src=\"https:\/\/szkolenia-udt.pl\/wp-content\/uploads\/2022\/05\/0012-oso-wozki-widlowe-obsluga-konserwacja-1024x853.jpeg\" alt=\"gr\u00e1fico descriptivo de la formaci\u00f3n\" class=\"wp-image-2858\" srcset=\"https:\/\/szkolenia-udt.pl\/wp-content\/uploads\/2022\/05\/0012-oso-wozki-widlowe-obsluga-konserwacja-1024x853.jpeg 1024w, https:\/\/szkolenia-udt.pl\/wp-content\/uploads\/2022\/05\/0012-oso-wozki-widlowe-obsluga-konserwacja-300x250.jpeg 300w, https:\/\/szkolenia-udt.pl\/wp-content\/uploads\/2022\/05\/0012-oso-wozki-widlowe-obsluga-konserwacja-768x640.jpeg 768w, https:\/\/szkolenia-udt.pl\/wp-content\/uploads\/2022\/05\/0012-oso-wozki-widlowe-obsluga-konserwacja.jpeg 1200w\" sizes=\"auto, (max-width: 1024px) 100vw, 1024px\" \/><\/a><\/figure>\n<\/div>","protected":false},"excerpt":{"rendered":"<p>Dlaczego warto wzi\u0105\u0107 udzia\u0142 w szkoleniu? Nauka obs\u0142ugi w\u00f3zk\u00f3w wid\u0142owych i zdobycie odpowiednich kwalifikacji to \u015bwietny spos\u00f3b na rozw\u00f3j.&nbsp; Praca na magazynie jest \u015bci\u015ble powi\u0105zana z tymi urz\u0105dzeniami. W\u00f3zek wid\u0142owy jest przeznaczony do podnoszenia i przenoszenia ci\u0119\u017cszych materia\u0142\u00f3w, st\u0105d potrzebne umiej\u0119tno\u015bci prowadzenia i operowania \u0142adunkiem, kt\u00f3rych nauczysz si\u0119 na naszym kursie!&nbsp; Jakie s\u0105 uprawnienia na [&hellip;]<\/p>\n","protected":false},"author":10,"featured_media":2720,"parent":2266,"menu_order":0,"comment_status":"closed","ping_status":"closed","template":"","meta":{"footnotes":""},"class_list":["post-2719","page","type-page","status-publish","has-post-thumbnail","hentry"],"aioseo_notices":[],"_links":{"self":[{"href":"https:\/\/szkolenia-udt.pl\/es\/wp-json\/wp\/v2\/pages\/2719","targetHints":{"allow":["GET"]}}],"collection":[{"href":"https:\/\/szkolenia-udt.pl\/es\/wp-json\/wp\/v2\/pages"}],"about":[{"href":"https:\/\/szkolenia-udt.pl\/es\/wp-json\/wp\/v2\/types\/page"}],"author":[{"embeddable":true,"href":"https:\/\/szkolenia-udt.pl\/es\/wp-json\/wp\/v2\/users\/10"}],"replies":[{"embeddable":true,"href":"https:\/\/szkolenia-udt.pl\/es\/wp-json\/wp\/v2\/comments?post=2719"}],"version-history":[{"count":8,"href":"https:\/\/szkolenia-udt.pl\/es\/wp-json\/wp\/v2\/pages\/2719\/revisions"}],"predecessor-version":[{"id":4763,"href":"https:\/\/szkolenia-udt.pl\/es\/wp-json\/wp\/v2\/pages\/2719\/revisions\/4763"}],"up":[{"embeddable":true,"href":"https:\/\/szkolenia-udt.pl\/es\/wp-json\/wp\/v2\/pages\/2266"}],"wp:featuredmedia":[{"embeddable":true,"href":"https:\/\/szkolenia-udt.pl\/es\/wp-json\/wp\/v2\/media\/2720"}],"wp:attachment":[{"href":"https:\/\/szkolenia-udt.pl\/es\/wp-json\/wp\/v2\/media?parent=2719"}],"curies":[{"name":"wp","href":"https:\/\/api.w.org\/{rel}","templated":true}]}}