{"id":2778,"date":"2022-05-06T09:33:34","date_gmt":"2022-05-06T07:33:34","guid":{"rendered":"https:\/\/szkolenia-udt.pl\/?page_id=2778"},"modified":"2023-03-26T12:14:41","modified_gmt":"2023-03-26T10:14:41","slug":"conjunto-de-conexiones-de-brida","status":"publish","type":"page","link":"https:\/\/szkolenia-udt.pl\/es\/kursy\/uprawnienia-udt-tdt-wdt\/polaczenia-kolnierzowe-montaz\/","title":{"rendered":"Curso de cualificaci\u00f3n de instalador de bridas"},"content":{"rendered":"<div class=\"wp-block-image\">\n<figure class=\"alignright size-large is-resized\"><a href=\"https:\/\/szkolenia-udt.pl\/wp-content\/uploads\/2022\/05\/still-flangemovie.jpg\"><img loading=\"lazy\" decoding=\"async\" src=\"https:\/\/szkolenia-udt.pl\/wp-content\/uploads\/2022\/05\/still-flangemovie-1024x576.jpg\" alt=\"construcci\u00f3n de la conexi\u00f3n de brida\" class=\"wp-image-2781\" width=\"512\" height=\"288\" srcset=\"https:\/\/szkolenia-udt.pl\/wp-content\/uploads\/2022\/05\/still-flangemovie-1024x576.jpg 1024w, https:\/\/szkolenia-udt.pl\/wp-content\/uploads\/2022\/05\/still-flangemovie-300x169.jpg 300w, https:\/\/szkolenia-udt.pl\/wp-content\/uploads\/2022\/05\/still-flangemovie-768x432.jpg 768w, https:\/\/szkolenia-udt.pl\/wp-content\/uploads\/2022\/05\/still-flangemovie-1536x864.jpg 1536w, https:\/\/szkolenia-udt.pl\/wp-content\/uploads\/2022\/05\/still-flangemovie.jpg 1920w\" sizes=\"auto, (max-width: 512px) 100vw, 512px\" \/><\/a><\/figure>\n<\/div>\n\n\n<h2 class=\"wp-block-heading\"><strong>Formaci\u00f3n en las OSC<\/strong>\u00a0<\/h2>\n\n\n\n<p><a href=\"https:\/\/szkolenia-udt.pl\/es\/o-firmie\/\">Centro de formaci\u00f3n de operadores<\/a> ofrece un curso de instalaci\u00f3n de bridas. Nuestro objetivo es ense\u00f1ar a los instaladores la correcta instalaci\u00f3n y el funcionamiento seguro de los equipos a presi\u00f3n: dep\u00f3sitos, tuber\u00edas, accesorios y tuber\u00edas, lo que requiere conocimientos de una fuente fiable en materia de salud y seguridad y teor\u00eda y pr\u00e1ctica.\u00a0<\/p>\n\n\n\n<h2 class=\"wp-block-heading\"><strong>Programa de entrenamiento<\/strong>&nbsp;<\/h2>\n\n\n\n<figure class=\"wp-block-table\"><table><tbody><tr><td><strong>Programa de formaci\u00f3n - teor\u00eda<\/strong>\u00a0<\/td><td><strong>Programa de formaci\u00f3n pr\u00e1ctica<\/strong>\u00a0<\/td><td><strong>\u00bfQu\u00e9 ofrecemos?<\/strong>&nbsp;<\/td><\/tr><tr><td><strong>Tipos de conexiones de brida<\/strong>&nbsp;<\/td><td>Ejercicios pr\u00e1cticos en el campo del montaje de conexiones bridadas.&nbsp;<\/td><td>Certificado T\u00dcV en versiones en polaco e ingl\u00e9s.&nbsp;<\/td><\/tr><tr><td><strong>Conocimiento de las aver\u00edas m\u00e1s comunes y c\u00f3mo prevenirlas<\/strong>&nbsp;<\/td><td>Selecci\u00f3n de equipos de protecci\u00f3n personal e inspecci\u00f3n del lugar de trabajo.&nbsp;<\/td><td>Habilidades necesarias requeridas para trabajar como instalador.&nbsp;<\/td><\/tr><tr><td><strong>Tipos de juntas y sus caracter\u00edsticas<\/strong>&nbsp;<\/td><td>Inspecci\u00f3n y selecci\u00f3n de juntas para montaje.&nbsp;<\/td><td>Preparaci\u00f3n exhaustiva para el examen, incluido el conocimiento de la teor\u00eda y la pr\u00e1ctica.&nbsp;<\/td><\/tr><tr><td><strong>Medidas generales de salud y seguridad<\/strong>&nbsp;<\/td><td>Secuencia de pasos para el montaje y desmontaje de conexiones bridadas.&nbsp;<\/td><td>Precios competitivos en comparaci\u00f3n con otras empresas que brindan servicios de capacitaci\u00f3n.&nbsp;<\/td><\/tr><tr><td><strong>Desmontaje seguro de uniones embridadas<\/strong>&nbsp;<\/td><td>Prueba de estanqueidad de la conexi\u00f3n de brida completa.&nbsp;<\/td><td>Organizaci\u00f3n de la formaci\u00f3n en las instalaciones del cliente.&nbsp;<\/td><\/tr><tr><td><strong>Preparaci\u00f3n de la superficie de sellado<\/strong>&nbsp;<\/td><td>Cuidado y supervisi\u00f3n del trabajo del instructor.&nbsp;<\/td><td>Certificado de finalizaci\u00f3n de la formaci\u00f3n, as\u00ed como los materiales de estudio necesarios.&nbsp;<\/td><\/tr><\/tbody><\/table><\/figure>\n\n\n\n<h2 class=\"wp-block-heading\"><strong>Derechos<\/strong>&nbsp;<\/h2>\n\n\n<div class=\"wp-block-image\">\n<figure class=\"alignleft size-large is-resized\"><a href=\"https:\/\/szkolenia-udt.pl\/wp-content\/uploads\/2022\/05\/HL-005-copy_lar-e1651822318974.jpg\"><img loading=\"lazy\" decoding=\"async\" src=\"https:\/\/szkolenia-udt.pl\/wp-content\/uploads\/2022\/05\/HL-005-copy_lar-e1651822318974-1024x384.jpg\" alt=\"conexi\u00f3n de brida\" class=\"wp-image-2780\" width=\"512\" height=\"192\" srcset=\"https:\/\/szkolenia-udt.pl\/wp-content\/uploads\/2022\/05\/HL-005-copy_lar-e1651822318974-1024x384.jpg 1024w, https:\/\/szkolenia-udt.pl\/wp-content\/uploads\/2022\/05\/HL-005-copy_lar-e1651822318974-300x113.jpg 300w, https:\/\/szkolenia-udt.pl\/wp-content\/uploads\/2022\/05\/HL-005-copy_lar-e1651822318974-768x288.jpg 768w, https:\/\/szkolenia-udt.pl\/wp-content\/uploads\/2022\/05\/HL-005-copy_lar-e1651822318974-1536x576.jpg 1536w, https:\/\/szkolenia-udt.pl\/wp-content\/uploads\/2022\/05\/HL-005-copy_lar-e1651822318974.jpg 1600w\" sizes=\"auto, (max-width: 512px) 100vw, 512px\" \/><\/a><\/figure>\n<\/div>\n\n\n<p>Ofrecemos una formaci\u00f3n completa para que pueda obtener un certificado T\u00dcV (seg\u00fan EN 1591-4) que le autorice a realizar y supervisar conexiones de bridas en toda Polonia y otros pa\u00edses europeos. Tras completar toda la formaci\u00f3n, que ser\u00e1 supervisada por nuestro personal altamente cualificado, realizaremos un examen para comprobar los conocimientos te\u00f3ricos y las habilidades pr\u00e1cticas del candidato. Tras superar ambas pruebas, recibir\u00e1 su licencia UDT y un certificado de finalizaci\u00f3n de la formaci\u00f3n.\u00a0\u00a0<\/p>\n\n\n\n<h2 class=\"wp-block-heading\">Sobre nosotros<\/h2>\n\n\n\n<p>La formaci\u00f3n en el Centro de Formaci\u00f3n de Operadores se imparte en toda Polonia, cumpliendo los requisitos de la Oficina de Inspecci\u00f3n T\u00e9cnica. Para familiarizarse con <a href=\"https:\/\/szkolenia-udt.pl\/es\/oferta\/\">oferta completa<\/a> formaci\u00f3n y otros servicios prestados por la OSC, visite nuestro sitio web oficial y ll\u00e1menos.\u00a0<\/p>\n\n\n<div class=\"wp-block-image\">\n<figure class=\"aligncenter\"><a href=\"https:\/\/szkolenia-udt.pl\/wp-content\/uploads\/2022\/05\/0060-oso.edu_.pl_.jpg\"><img loading=\"lazy\" decoding=\"async\" width=\"1024\" height=\"853\" src=\"https:\/\/szkolenia-udt.pl\/wp-content\/uploads\/2022\/05\/0060-oso.edu_.pl_-1024x853.jpg\" alt=\"gr\u00e1fico descriptivo del curso\" class=\"wp-image-2861\" srcset=\"https:\/\/szkolenia-udt.pl\/wp-content\/uploads\/2022\/05\/0060-oso.edu_.pl_-1024x853.jpg 1024w, https:\/\/szkolenia-udt.pl\/wp-content\/uploads\/2022\/05\/0060-oso.edu_.pl_-300x250.jpg 300w, https:\/\/szkolenia-udt.pl\/wp-content\/uploads\/2022\/05\/0060-oso.edu_.pl_-768x640.jpg 768w, https:\/\/szkolenia-udt.pl\/wp-content\/uploads\/2022\/05\/0060-oso.edu_.pl_.jpg 1200w\" sizes=\"auto, (max-width: 1024px) 100vw, 1024px\" \/><\/a><\/figure>\n<\/div>","protected":false},"excerpt":{"rendered":"<p>Szkolenie w OSO\u00a0 O\u015brodek Szkolenia Operator\u00f3w posiada w swojej ofercie kurs monta\u017cu po\u0142\u0105cze\u0144 ko\u0142nierzowych. Naszym celem jest nauczenie monta\u017cyst\u00f3w prawid\u0142owej instalacji i bezpiecznej eksploatacji urz\u0105dze\u0144 ci\u015bnieniowych: zbiornik\u00f3w, ruroci\u0105g\u00f3w, armatury i przewod\u00f3w, wymagaj\u0105cych znajomo\u015bci wiedzy z rzetelnego \u017ar\u00f3d\u0142a z zakresu BHP oraz teorii i praktyki.\u00a0 Program szkolenia&nbsp; Program szkolenia \u2013 teoria\u00a0 Program szkolenia \u2013 praktyka\u00a0 Co [&hellip;]<\/p>\n","protected":false},"author":10,"featured_media":2781,"parent":2266,"menu_order":0,"comment_status":"closed","ping_status":"closed","template":"","meta":{"footnotes":""},"class_list":["post-2778","page","type-page","status-publish","has-post-thumbnail","hentry"],"aioseo_notices":[],"_links":{"self":[{"href":"https:\/\/szkolenia-udt.pl\/es\/wp-json\/wp\/v2\/pages\/2778","targetHints":{"allow":["GET"]}}],"collection":[{"href":"https:\/\/szkolenia-udt.pl\/es\/wp-json\/wp\/v2\/pages"}],"about":[{"href":"https:\/\/szkolenia-udt.pl\/es\/wp-json\/wp\/v2\/types\/page"}],"author":[{"embeddable":true,"href":"https:\/\/szkolenia-udt.pl\/es\/wp-json\/wp\/v2\/users\/10"}],"replies":[{"embeddable":true,"href":"https:\/\/szkolenia-udt.pl\/es\/wp-json\/wp\/v2\/comments?post=2778"}],"version-history":[{"count":7,"href":"https:\/\/szkolenia-udt.pl\/es\/wp-json\/wp\/v2\/pages\/2778\/revisions"}],"predecessor-version":[{"id":4767,"href":"https:\/\/szkolenia-udt.pl\/es\/wp-json\/wp\/v2\/pages\/2778\/revisions\/4767"}],"up":[{"embeddable":true,"href":"https:\/\/szkolenia-udt.pl\/es\/wp-json\/wp\/v2\/pages\/2266"}],"wp:featuredmedia":[{"embeddable":true,"href":"https:\/\/szkolenia-udt.pl\/es\/wp-json\/wp\/v2\/media\/2781"}],"wp:attachment":[{"href":"https:\/\/szkolenia-udt.pl\/es\/wp-json\/wp\/v2\/media?parent=2778"}],"curies":[{"name":"wp","href":"https:\/\/api.w.org\/{rel}","templated":true}]}}