{"id":2784,"date":"2022-05-06T11:52:32","date_gmt":"2022-05-06T09:52:32","guid":{"rendered":"https:\/\/szkolenia-udt.pl\/?page_id=2784"},"modified":"2023-03-20T14:53:21","modified_gmt":"2023-03-20T13:53:21","slug":"andamio","status":"publish","type":"page","link":"https:\/\/szkolenia-udt.pl\/es\/kursy\/montazysta-rusztowan\/","title":{"rendered":"Montador de andamios - Curso SPA"},"content":{"rendered":"<h2 class=\"wp-block-heading\"><strong>Curso de instalador de andamios en OSO<\/strong><\/h2>\n\n\n<div class=\"wp-block-image\">\n<figure class=\"alignleft size-large is-resized\"><a href=\"https:\/\/szkolenia-udt.pl\/wp-content\/uploads\/2022\/05\/H61e44d7cfccc4584a6e821885c4445460.jpg\"><img loading=\"lazy\" decoding=\"async\" src=\"https:\/\/szkolenia-udt.pl\/wp-content\/uploads\/2022\/05\/H61e44d7cfccc4584a6e821885c4445460-1024x624.jpg\" alt=\"andamios instalados\" class=\"wp-image-2788\" width=\"512\" height=\"312\" srcset=\"https:\/\/szkolenia-udt.pl\/wp-content\/uploads\/2022\/05\/H61e44d7cfccc4584a6e821885c4445460-1024x624.jpg 1024w, https:\/\/szkolenia-udt.pl\/wp-content\/uploads\/2022\/05\/H61e44d7cfccc4584a6e821885c4445460-300x183.jpg 300w, https:\/\/szkolenia-udt.pl\/wp-content\/uploads\/2022\/05\/H61e44d7cfccc4584a6e821885c4445460-768x468.jpg 768w, https:\/\/szkolenia-udt.pl\/wp-content\/uploads\/2022\/05\/H61e44d7cfccc4584a6e821885c4445460.jpg 1458w\" sizes=\"auto, (max-width: 512px) 100vw, 512px\" \/><\/a><\/figure>\n<\/div>\n\n\n<p>Bienvenido al curso de montaje de andamios organizado por <a href=\"https:\/\/szkolenia-udt.pl\/es\/o-firmie\/\">Centro de formaci\u00f3n de operadores<\/a>.&nbsp;&nbsp;<\/p>\n\n\n\n<h2 class=\"wp-block-heading\"><strong>Particularidades del trabajo de andamista<\/strong>&nbsp;<\/h2>\n\n\n\n<p>Un andamista es un trabajador de la construcci\u00f3n que se encarga de montar y desmontar andamios. Su tarea consiste en garantizar que toda la estructura sea estable y, lo que es m\u00e1s importante, segura. La persona que ocupe este puesto debe ser capaz de leer los dibujos t\u00e9cnicos y los planos de la obra, que son la base para el correcto montaje de los andamios. Para trabajar como andamiero, es necesario completar un curso de formaci\u00f3n profesional y aprobar el examen IMBiGS, para el que puede prepararse con nuestro centro de formaci\u00f3n.&nbsp;&nbsp;&nbsp;<\/p>\n\n\n\n<h2 class=\"wp-block-heading\"><strong>\u00bfQui\u00e9n puede inscribirse en el curso?<\/strong>&nbsp;<\/h2>\n\n\n\n<p>Los entrenamientos de OSO est\u00e1n destinados tanto a individuos como a grupos organizados. El plan de estudios est\u00e1 estructurado para que sea posible formar personas desde cero. Todo estudiante que desee asistir a las clases deber\u00e1 cumplir con los siguientes requisitos formales:&nbsp;<\/p>\n\n\n\n<ul class=\"wp-block-list\">\n<li>haber cumplido 18 a\u00f1os,&nbsp;<\/li>\n\n\n\n<li>tener un m\u00ednimo de educaci\u00f3n b\u00e1sica,&nbsp;<\/li>\n\n\n\n<li>sin contraindicaciones sanitarias para el ejercicio de la profesi\u00f3n.&nbsp;<\/li>\n<\/ul>\n\n\n<div class=\"wp-block-image\">\n<figure class=\"alignright size-large is-resized\"><a href=\"https:\/\/szkolenia-udt.pl\/wp-content\/uploads\/2022\/05\/D145_32_093_1200-1.jpg\"><img loading=\"lazy\" decoding=\"async\" src=\"https:\/\/szkolenia-udt.pl\/wp-content\/uploads\/2022\/05\/D145_32_093_1200-1-1024x683.jpg\" alt=\"andamio\" class=\"wp-image-2787\" width=\"512\" height=\"342\" srcset=\"https:\/\/szkolenia-udt.pl\/wp-content\/uploads\/2022\/05\/D145_32_093_1200-1-1024x683.jpg 1024w, https:\/\/szkolenia-udt.pl\/wp-content\/uploads\/2022\/05\/D145_32_093_1200-1-300x200.jpg 300w, https:\/\/szkolenia-udt.pl\/wp-content\/uploads\/2022\/05\/D145_32_093_1200-1-768x512.jpg 768w, https:\/\/szkolenia-udt.pl\/wp-content\/uploads\/2022\/05\/D145_32_093_1200-1.jpg 1200w\" sizes=\"auto, (max-width: 512px) 100vw, 512px\" \/><\/a><\/figure>\n<\/div>\n\n\n<h2 class=\"wp-block-heading\"><strong>Contraindicaciones sanitarias<\/strong>&nbsp;<\/h2>\n\n\n\n<p>Para trabajar como andamiero, lo primero y m\u00e1s importante es no tener miedo a las alturas. Antes de empezar el curso, se le someter\u00e1 a un examen para determinar, entre otras cosas, si est\u00e1 capacitado para trabajar en alturas superiores a tres metros. El andamista debe tener una buena forma f\u00edsica, ya que subir a un andamio no es lo m\u00e1s f\u00e1cil.<\/p>\n\n\n\n<h4 class=\"wp-block-heading\">Las contraindicaciones sanitarias verificadas durante el estudio son:\u00a0<\/h4>\n\n\n\n<ul class=\"dwiekolumny wp-block-list\">\n<li>defectos de la vista,&nbsp;<\/li>\n\n\n\n<li>desequilibrios,&nbsp;<\/li>\n\n\n\n<li>tendencia a desmayarse,&nbsp;<\/li>\n\n\n\n<li>miedo a las alturas,&nbsp;<\/li>\n\n\n\n<li>enfermedades del sistema nervioso central y perif\u00e9rico,&nbsp;<\/li>\n\n\n\n<li>epilepsia,&nbsp;<\/li>\n\n\n\n<li>paresia de las extremidades,&nbsp;<\/li>\n\n\n\n<li>diabetes,&nbsp;<\/li>\n\n\n\n<li>enfermedades cardiovasculares,&nbsp;<\/li>\n\n\n\n<li>enfermedades respiratorias cr\u00f3nicas,&nbsp;<\/li>\n\n\n\n<li>alteraci\u00f3n significativa de la visi\u00f3n de los colores,&nbsp;<\/li>\n\n\n\n<li>p\u00e9rdida de audici\u00f3n, enfermedades del o\u00eddo.\u00a0<\/li>\n<\/ul>\n\n\n\n<h2 class=\"wp-block-heading\"><strong>\u00bfC\u00f3mo son los registros?<\/strong>&nbsp;<\/h2>\n\n\n\n<p>Para inscribirse en el curso, todo lo que necesita hacer es contactarnos por tel\u00e9fono. El candidato podr\u00e1 elegir el lugar y la fecha de la formaci\u00f3n. Despu\u00e9s de aceptar los t\u00e9rminos, nos registramos en el curso.&nbsp;&nbsp;&nbsp;<\/p>\n\n\n\n<h2 class=\"wp-block-heading\"><strong>Programa de entrenamiento<\/strong>&nbsp;<\/h2>\n\n\n\n<h4 class=\"wp-block-heading\">La parte te\u00f3rica de la formaci\u00f3n cubre temas relacionados, entre otros, con Con:&nbsp;<\/h4>\n\n\n\n<ul class=\"wp-block-list\">\n<li>divisi\u00f3n y funciones del andamiaje,&nbsp;<\/li>\n\n\n\n<li>construcci\u00f3n de determinados tipos de estructuras,&nbsp;<\/li>\n\n\n\n<li>familiarizarse con la documentaci\u00f3n t\u00e9cnica utilizada durante los trabajos,&nbsp;<\/li>\n\n\n\n<li>organizaci\u00f3n del sitio,&nbsp;<\/li>\n\n\n\n<li>los principios de higiene laboral en el montaje y desmontaje de andamios.&nbsp;<\/li>\n<\/ul>\n\n\n\n<h4 class=\"wp-block-heading\">La parte pr\u00e1ctica de la formaci\u00f3n incluye:&nbsp;<\/h4>\n\n\n\n<ul class=\"wp-block-list\">\n<li>aprender las actividades antes, durante y despu\u00e9s del trabajo,&nbsp;<\/li>\n\n\n\n<li>asegurar adecuadamente la zona de trabajo,&nbsp;<\/li>\n\n\n\n<li>ejercicios de montaje y desmontaje de andamios,&nbsp;<\/li>\n\n\n\n<li>actividades de inspecci\u00f3n de la salud estructural.&nbsp;<\/li>\n<\/ul>\n\n\n\n<h2 class=\"wp-block-heading\"><strong>\u00bfQu\u00e9 es el andamiaje? - uno de los temas tratados en clase<\/strong>\u00a0<\/h2>\n\n\n\n<p>Al matricularse en nuestro curso, obtendr\u00e1 un conocimiento exhaustivo de los andamios, que son estructuras (normalmente met\u00e1licas) que permiten el acceso seguro a estructuras altas. Hablando m\u00e1s ampliamente sobre su estructura, cada andamio se construye normalmente con postes de soporte verticales a los que se fijan postes horizontales. Encima de \u00e9stos se coloca una plataforma de tablones. En las estructuras modernas, esta plataforma est\u00e1 construida con metal prefabricado ligero, mientras que los postes verticales son de tubos de acero.\u00a0<\/p>\n\n\n\n<h2 class=\"wp-block-heading\"><strong>Clasificaci\u00f3n y tipos de andamios<\/strong><\/h2>\n\n\n\n<figure class=\"wp-block-table\"><table><tbody><tr><td>Construcci\u00f3n<\/td><td>forma de uso<\/td><td>Material de ejecuci\u00f3n<\/td><\/tr><tr><td>\n<ul>\n<li>Modular<\/li>\n<li>Pararse<\/li>\n<li>Especial<\/li>\n<li>Columnar (Varsovia)<\/li>\n<li>Estructura<\/li>\n<li>Koz\u0142\u00f3w<\/li>\n<li>Viga voladiza<\/li>\n<\/ul>\n<\/td><td>\n<ul>\n<li>M\u00f3vil (en funcionamiento)<\/li>\n<li>Todav\u00eda<\/li>\n<\/ul>\n<\/td><td>\n<ul>\n<li>De madera<\/li>\n<li>Aluminio<\/li>\n<li>Acero<\/li>\n<li>Otros materiales<\/li>\n<\/ul>\n<\/td><\/tr><\/tbody><\/table><\/figure>\n\n\n\n<h2 class=\"wp-block-heading\"><strong>\u00bfQu\u00e9 puedes obtener de nosotros?<\/strong>&nbsp;<\/h2>\n\n\n\n<p>Ofrecemos una formaci\u00f3n de alta calidad y un servicio de atenci\u00f3n al cliente profesional durante todo el proceso de formaci\u00f3n, desde la inscripci\u00f3n en el curso hasta el examen IMBiGS.&nbsp;&nbsp;<\/p>\n\n\n\n<p>Incluido en el precio de tu formaci\u00f3n, te damos acceso a material did\u00e1ctico, alojado en una plataforma online. Entre otras cosas, encontrar\u00e1s v\u00eddeos instructivos y ejemplos de preguntas que pueden aparecer en la parte te\u00f3rica del examen.&nbsp;&nbsp;&nbsp;<\/p>\n\n\n\n<figure class=\"wp-block-video\"><video controls poster=\"https:\/\/szkolenia-udt.pl\/wp-content\/uploads\/2023\/03\/okladka-rusztowania-OSO.EDU_.PL-OSO-3.jpg\" src=\"https:\/\/szkolenia-udt.pl\/wp-content\/uploads\/2023\/03\/rusztowania-SZKOLENIA-UDT.PL-OSO.mp4\"><\/video><\/figure>\n\n\n\n<h2 class=\"wp-block-heading\"><strong>lugar de entrenamiento<\/strong>&nbsp;<\/h2>\n\n\n\n<p>Los cursos de formaci\u00f3n se imparten en nuestras sucursales repartidas por toda Polonia: nos encontrar\u00e1 en Varsovia, entre otras. En el caso de cursos de formaci\u00f3n para grupos organizados, ofrecemos desplazamientos al lugar que elija el cliente, por todo el pa\u00eds.\u00a0\u00a0\u00a0<\/p>\n\n\n\n<h2 class=\"wp-block-heading\"><strong>El examen IMBiGS le permitir\u00e1 obtener la certificaci\u00f3n<\/strong>&nbsp;<\/h2>\n\n\n\n<p>Para que te certifiquen como andamiero, el resultado del examen debe ser positivo. El examen, al igual que la formaci\u00f3n, se divide en dos partes. Durante la parte te\u00f3rica del examen, se le dar\u00e1 una prueba para completar y durante la parte pr\u00e1ctica, se le pedir\u00e1 que demuestre sus habilidades en el montaje de andamios. Las cualificaciones de montaje de andamios las expide el Instituto de Mecanizaci\u00f3n de la Construcci\u00f3n y la Miner\u00eda de Rocas de Varsovia. Una vez aprobado el examen, el participante recibe una cartilla de montador de andamios. Las autorizaciones se conceden por tiempo indefinido y son v\u00e1lidas en todo el pa\u00eds y en los pa\u00edses de la UE. Es ilegal trabajar sin licencia.&nbsp;&nbsp;&nbsp;<\/p>\n\n\n\n<h2 class=\"wp-block-heading\"><strong>Perspectivas de empleo en Polonia y en el extranjero<\/strong>&nbsp;<\/h2>\n\n\n<div class=\"wp-block-image\">\n<figure class=\"alignleft size-large is-resized\"><a href=\"https:\/\/szkolenia-udt.pl\/wp-content\/uploads\/2022\/05\/D25_142_240_1200.jpg\"><img loading=\"lazy\" decoding=\"async\" src=\"https:\/\/szkolenia-udt.pl\/wp-content\/uploads\/2022\/05\/D25_142_240_1200-1024x683.jpg\" alt=\"montadores durante el montaje de andamios\" class=\"wp-image-2786\" width=\"512\" height=\"342\" srcset=\"https:\/\/szkolenia-udt.pl\/wp-content\/uploads\/2022\/05\/D25_142_240_1200-1024x683.jpg 1024w, https:\/\/szkolenia-udt.pl\/wp-content\/uploads\/2022\/05\/D25_142_240_1200-300x200.jpg 300w, https:\/\/szkolenia-udt.pl\/wp-content\/uploads\/2022\/05\/D25_142_240_1200-768x512.jpg 768w, https:\/\/szkolenia-udt.pl\/wp-content\/uploads\/2022\/05\/D25_142_240_1200.jpg 1200w\" sizes=\"auto, (max-width: 512px) 100vw, 512px\" \/><\/a><\/figure>\n<\/div>\n\n\n<p>El mercado laboral de montador de andamios ofrece grandes oportunidades a los posibles candidatos a este puesto. Con la cualificaci\u00f3n adecuada, puede encontrar empleo en el sector de la construcci\u00f3n: en empresas dedicadas a levantar nuevos edificios, reparar fachadas de edificios, construir puentes y t\u00faneles y realizar obras de acabado. Tambi\u00e9n se necesitan andamios en empresas de limpieza de ventanas y fachadas, empresas de construcci\u00f3n y montaje, empresas de construcci\u00f3n de carpas y escenarios para eventos multitudinarios, y en la creaci\u00f3n de estructuras independientes como publicidad o mantenimiento de chimeneas.\u00a0\u00a0<\/p>\n\n\n\n<p>Las perspectivas laborales de los andamios tambi\u00e9n se extienden m\u00e1s all\u00e1 de las fronteras de Polonia. Sin embargo, cabe se\u00f1alar que no todos los pa\u00edses europeos reconocen las cualificaciones adquiridas en Polonia. Por lo tanto, a la hora de elegir un pa\u00eds, es importante familiarizarse con la normativa pertinente del pa\u00eds en cuesti\u00f3n. La profesi\u00f3n de andamiero puede ser muy rentable en algunos pa\u00edses europeos.&nbsp;<\/p>\n\n\n\n<h2 class=\"wp-block-heading\"><strong>Elige SPA<\/strong>!\u00a0<\/h2>\n\n\n\n<p>El Centro de Formaci\u00f3n de Operadores es el mejor lugar para obtener cualificaciones profesionales. Nuestro equipo est\u00e1 formado por instructores con muchos a\u00f1os de experiencia docente. Durante el curso de formaci\u00f3n, nos esforzamos por demostrar un enfoque individual a nuestros alumnos. Gracias a nosotros, podr\u00e1 obtener cualificaciones y autorizaciones. Le invitamos a matricularse.<\/p>\n\n\n<div class=\"wp-block-image\">\n<figure class=\"aligncenter size-large\"><a href=\"https:\/\/szkolenia-udt.pl\/wp-content\/uploads\/2022\/05\/0076-oso.edu_.pl_.jpg\"><img loading=\"lazy\" decoding=\"async\" width=\"1024\" height=\"853\" src=\"https:\/\/szkolenia-udt.pl\/wp-content\/uploads\/2022\/05\/0076-oso.edu_.pl_-1024x853.jpg\" alt=\"gr\u00e1fico descriptivo de la formaci\u00f3n\" class=\"wp-image-2863\" srcset=\"https:\/\/szkolenia-udt.pl\/wp-content\/uploads\/2022\/05\/0076-oso.edu_.pl_-1024x853.jpg 1024w, https:\/\/szkolenia-udt.pl\/wp-content\/uploads\/2022\/05\/0076-oso.edu_.pl_-300x250.jpg 300w, https:\/\/szkolenia-udt.pl\/wp-content\/uploads\/2022\/05\/0076-oso.edu_.pl_-768x640.jpg 768w, https:\/\/szkolenia-udt.pl\/wp-content\/uploads\/2022\/05\/0076-oso.edu_.pl_.jpg 1200w\" sizes=\"auto, (max-width: 1024px) 100vw, 1024px\" \/><\/a><\/figure>\n<\/div>","protected":false},"excerpt":{"rendered":"<p>Kurs monta\u017cysty rusztowa\u0144 w OSO Zapraszamy na kurs monta\u017cysty rusztowa\u0144, organizowany przez O\u015brodek Szkolenia Operator\u00f3w.&nbsp;&nbsp; Specyfika pracy jako monta\u017cysta rusztowa\u0144&nbsp; Monta\u017cysta rusztowa\u0144 jest pracownikiem budowlanym odpowiedzianym za monta\u017c oraz demonta\u017c rusztowa\u0144. Jego zadaniem jest zadba\u0107 o to, aby ca\u0142a konstrukcja by\u0142a stabilna i, co najwa\u017cniejsze, bezpieczna. Osoba na tym stanowisku musi posiada\u0107 umiej\u0119tno\u015bci w zakresie [&hellip;]<\/p>\n","protected":false},"author":10,"featured_media":2786,"parent":22,"menu_order":0,"comment_status":"closed","ping_status":"closed","template":"","meta":{"footnotes":""},"class_list":["post-2784","page","type-page","status-publish","has-post-thumbnail","hentry"],"aioseo_notices":[],"_links":{"self":[{"href":"https:\/\/szkolenia-udt.pl\/es\/wp-json\/wp\/v2\/pages\/2784","targetHints":{"allow":["GET"]}}],"collection":[{"href":"https:\/\/szkolenia-udt.pl\/es\/wp-json\/wp\/v2\/pages"}],"about":[{"href":"https:\/\/szkolenia-udt.pl\/es\/wp-json\/wp\/v2\/types\/page"}],"author":[{"embeddable":true,"href":"https:\/\/szkolenia-udt.pl\/es\/wp-json\/wp\/v2\/users\/10"}],"replies":[{"embeddable":true,"href":"https:\/\/szkolenia-udt.pl\/es\/wp-json\/wp\/v2\/comments?post=2784"}],"version-history":[{"count":13,"href":"https:\/\/szkolenia-udt.pl\/es\/wp-json\/wp\/v2\/pages\/2784\/revisions"}],"predecessor-version":[{"id":4646,"href":"https:\/\/szkolenia-udt.pl\/es\/wp-json\/wp\/v2\/pages\/2784\/revisions\/4646"}],"up":[{"embeddable":true,"href":"https:\/\/szkolenia-udt.pl\/es\/wp-json\/wp\/v2\/pages\/22"}],"wp:featuredmedia":[{"embeddable":true,"href":"https:\/\/szkolenia-udt.pl\/es\/wp-json\/wp\/v2\/media\/2786"}],"wp:attachment":[{"href":"https:\/\/szkolenia-udt.pl\/es\/wp-json\/wp\/v2\/media?parent=2784"}],"curies":[{"name":"wp","href":"https:\/\/api.w.org\/{rel}","templated":true}]}}