{"id":2793,"date":"2022-05-09T15:43:45","date_gmt":"2022-05-09T13:43:45","guid":{"rendered":"https:\/\/szkolenia-udt.pl\/?page_id=2793"},"modified":"2023-03-26T10:49:40","modified_gmt":"2023-03-26T08:49:40","slug":"plataformas-de-acceso-suspendidas","status":"publish","type":"page","link":"https:\/\/szkolenia-udt.pl\/es\/kursy\/uprawnienia-udt-tdt-wdt\/podesty-ruchome-wiszace\/","title":{"rendered":"Capacitaci\u00f3n para plataformas m\u00f3viles"},"content":{"rendered":"<h2 class=\"wp-block-heading\"><strong>Sobre el curso<\/strong><\/h2>\n\n\n<div class=\"wp-block-image\">\n<figure class=\"alignright size-large is-resized\"><a href=\"https:\/\/szkolenia-udt.pl\/wp-content\/uploads\/2023\/03\/123.jpeg\"><img loading=\"lazy\" decoding=\"async\" src=\"https:\/\/szkolenia-udt.pl\/wp-content\/uploads\/2023\/03\/123-1024x683.jpeg\" alt=\"Plataforma m\u00f3vil colgante\" class=\"wp-image-4176\" width=\"512\" height=\"342\" srcset=\"https:\/\/szkolenia-udt.pl\/wp-content\/uploads\/2023\/03\/123-1024x683.jpeg 1024w, https:\/\/szkolenia-udt.pl\/wp-content\/uploads\/2023\/03\/123-300x200.jpeg 300w, https:\/\/szkolenia-udt.pl\/wp-content\/uploads\/2023\/03\/123-768x512.jpeg 768w, https:\/\/szkolenia-udt.pl\/wp-content\/uploads\/2023\/03\/123-1536x1024.jpeg 1536w, https:\/\/szkolenia-udt.pl\/wp-content\/uploads\/2023\/03\/123-18x12.jpeg 18w, https:\/\/szkolenia-udt.pl\/wp-content\/uploads\/2023\/03\/123.jpeg 1600w\" sizes=\"auto, (max-width: 512px) 100vw, 512px\" \/><\/a><\/figure>\n<\/div>\n\n\n<p>Si est\u00e1 pensando en realizar trabajos en altura o en encargar a sus empleados que los realicen, lo primero que debe tener en cuenta es el equipo adecuado. Para los trabajos en altura se suelen utilizar andamios. Sin embargo, para muchos trabajos, como la colocaci\u00f3n de vallas publicitarias o el mantenimiento de l\u00edneas de alta tensi\u00f3n, los andamios ordinarios no ser\u00e1n adecuados. En determinadas situaciones, merece la pena apoyar el trabajo utilizando plataformas m\u00f3viles. Estas m\u00e1quinas s\u00f3lo pueden ser manejadas y mantenidas por una persona que disponga de los certificados de cualificaci\u00f3n pertinentes.&nbsp;&nbsp;<\/p>\n\n\n\n<h2 class=\"wp-block-heading\"><strong>\u00bfC\u00f3mo puedo obtener un permiso para operar o mantener plataformas m\u00f3viles?<\/strong>&nbsp;<\/h2>\n\n\n\n<p>No todos pueden usar plataformas m\u00f3viles. La buena noticia es que casi cualquier persona puede adquirir los derechos requeridos. <a href=\"https:\/\/szkolenia-udt.pl\/es\/kursy\/podesty-ruchome\/obsluga-podestow-ruchomych\/\">Servicio de plataformas m\u00f3viles<\/a> requiere la posesi\u00f3n de los documentos pertinentes que autoricen el funcionamiento de la maquinaria. En el caso de las plataformas m\u00f3viles, siguen existiendo distintos tipos de autorizaciones, en funci\u00f3n de su tipo. Cuando se trata de los distintos tipos de plataformas, por ejemplo, fijas, suspendidas, de movimiento libre o con m\u00e1stil, la persona que maneja el equipo espec\u00edfico puede necesitar un permiso de un tipo concreto. El permiso para operar plataformas m\u00f3viles puede adquirirse en un centro de formaci\u00f3n profesional, que ofrece a sus clientes un curso espec\u00edfico y la oportunidad de realizar el examen UDT. Nuestra marca OSO organiza cursos de formaci\u00f3n para preparar el examen de operador y mantenedor de plataformas m\u00f3viles.\u00a0<\/p>\n\n\n\n<h2 class=\"wp-block-heading\"><strong>\u00bfC\u00f3mo formamos en las OSC?<\/strong>\u00a0<\/h2>\n\n\n\n<p>En OSO, nuestros formadores est\u00e1n siempre dispuestos a proporcionar a los clientes el m\u00e1s alto nivel de formaci\u00f3n. Nuestra marca lleva muchos a\u00f1os en el mercado. Cientos de personas satisfechas ya han recibido formaci\u00f3n en nuestras instalaciones. Ofrecemos una amplia gama de cursos diferentes de formaci\u00f3n t\u00e9cnica, incluidos los destinados a plataformas m\u00f3viles. Durante muchos a\u00f1os, hemos proporcionado a nuestros clientes un servicio satisfactorio al m\u00e1s alto nivel.\u00a0<\/p>\n\n\n\n<figure class=\"wp-block-video\"><video controls poster=\"https:\/\/szkolenia-udt.pl\/wp-content\/uploads\/2023\/03\/okladka-podnosnik-OSO.jpg\" src=\"https:\/\/szkolenia-udt.pl\/wp-content\/uploads\/2023\/03\/podnosnik-SZKOLENIA-UDT.PL-OSO.mp4\"><\/video><\/figure>\n\n\n\n<h2 class=\"wp-block-heading\"><strong>Requisitos formales<\/strong><\/h2>\n\n\n\n<p>Para participar en el curso sobre plataformas m\u00f3viles que ofrece OSO, deben cumplirse unas sencillas condiciones:&nbsp;<\/p>\n\n\n\n<ul class=\"wp-block-list\">\n<li>tener al menos 18 a\u00f1os;&nbsp;<\/li>\n\n\n\n<li>tener como m\u00ednimo estudios primarios;&nbsp;<\/li>\n\n\n\n<li>estar en posesi\u00f3n de un certificado m\u00e9dico que acredite que no existen contraindicaciones m\u00e9dicas para trabajar con la plataforma m\u00f3vil.&nbsp;<\/li>\n<\/ul>\n\n\n\n<p>Cualquier persona que cumpla con los requisitos anteriores puede participar en nuestros cursos.\u00a0\u00a0<\/p>\n\n\n\n<h2 class=\"wp-block-heading\"><strong>Inscripci\u00f3n para la formaci\u00f3n<\/strong>&nbsp;<\/h2>\n\n\n<div class=\"wp-block-image\">\n<figure class=\"alignleft size-large is-resized\"><a href=\"https:\/\/szkolenia-udt.pl\/wp-content\/uploads\/2022\/05\/operatorzy.edu_.pl-0013-587-gs4047.jpg\"><img loading=\"lazy\" decoding=\"async\" src=\"https:\/\/szkolenia-udt.pl\/wp-content\/uploads\/2022\/05\/operatorzy.edu_.pl-0013-587-gs4047-1024x682.jpg\" alt=\"empleado que maneja una plataforma elevadora de tijera\" class=\"wp-image-2797\" width=\"512\" height=\"341\" srcset=\"https:\/\/szkolenia-udt.pl\/wp-content\/uploads\/2022\/05\/operatorzy.edu_.pl-0013-587-gs4047-1024x682.jpg 1024w, https:\/\/szkolenia-udt.pl\/wp-content\/uploads\/2022\/05\/operatorzy.edu_.pl-0013-587-gs4047-300x200.jpg 300w, https:\/\/szkolenia-udt.pl\/wp-content\/uploads\/2022\/05\/operatorzy.edu_.pl-0013-587-gs4047-768x512.jpg 768w, https:\/\/szkolenia-udt.pl\/wp-content\/uploads\/2022\/05\/operatorzy.edu_.pl-0013-587-gs4047-1536x1024.jpg 1536w, https:\/\/szkolenia-udt.pl\/wp-content\/uploads\/2022\/05\/operatorzy.edu_.pl-0013-587-gs4047.jpg 2000w\" sizes=\"auto, (max-width: 512px) 100vw, 512px\" \/><\/a><\/figure>\n<\/div>\n\n\n<p>Para suscribirse usted o su grupo a <a href=\"https:\/\/szkolenia-udt.pl\/es\/kursy\/\">nuestros entrenamientos<\/a>Lo mejor es ponerse en contacto con nuestros asesores. Est\u00e1n dispuestos a facilitar toda la informaci\u00f3n necesaria y a preparar una oferta atractiva para cada cliente.  Le animamos a que compruebe <a href=\"https:\/\/szkolenia-udt.pl\/es\/oferta\/\">nuestra oferta<\/a> en el sitio web. Hacemos todo lo posible para que nuestros proyectos educativos se caractericen por una ense\u00f1anza de alta calidad.\u00a0 \u00a0<\/p>\n\n\n\n<h2 class=\"wp-block-heading\"><strong>\u00bfC\u00f3mo va el curso?<\/strong>&nbsp;<\/h2>\n\n\n\n<p>La marca OSO ofrece formaci\u00f3n para plataformas m\u00f3viles en ambas categor\u00edas. <a href=\"https:\/\/szkolenia-udt.pl\/es\/kursy\/podesty-ruchome\/\">Cursos para plataformas m\u00f3viles<\/a> constan de dos partes: te\u00f3rica y pr\u00e1ctica. La parte te\u00f3rica est\u00e1 dise\u00f1ada para proporcionar al alumno informaci\u00f3n b\u00e1sica sobre equipos como plataformas m\u00f3viles, es decir, el alumno aprender\u00e1:\u00a0<\/p>\n\n\n\n<ul class=\"wp-block-list\">\n<li>tipos y construcci\u00f3n de la plataforma m\u00f3vil,&nbsp;<\/li>\n\n\n\n<li>tareas de operario y mantenimiento en el puesto de trabajo (antes, durante y despu\u00e9s del trabajo),&nbsp;<\/li>\n\n\n\n<li>informaci\u00f3n sobre la supervisi\u00f3n t\u00e9cnica del dispositivo,&nbsp;<\/li>\n\n\n\n<li>reglas de salud y seguridad para trabajar con una plataforma m\u00f3vil.&nbsp;<\/li>\n<\/ul>\n\n\n\n<p>Adem\u00e1s de la parte te\u00f3rica, el curso para plataformas m\u00f3viles tambi\u00e9n incluye formaci\u00f3n pr\u00e1ctica. Las clases te\u00f3ricas pueden tener lugar en uno de nuestros centros, en un lugar adecuado designado por el cliente, o en l\u00ednea, en nuestra plataforma de e-learning. La formaci\u00f3n pr\u00e1ctica para plataformas m\u00f3viles tiene lugar en nuestros centros, totalmente equipados con el material did\u00e1ctico necesario. Nuestra sede est\u00e1 en Varsovia, pero impartimos formaci\u00f3n en todo el pa\u00eds. Para grupos organizados m\u00e1s grandes, nuestros formadores pueden desplazarse al lugar acordado con el cliente.<strong>\u00a0<\/strong>\u00a0\u00a0<\/p>\n\n\n\n<div class=\"filmw\">\n<div class=\"responsive-youtube\"><iframe loading=\"lazy\" title=\"Reproductor de v\u00eddeo de YouTube\" src=\"https:\/\/www.youtube.com\/embed\/OUKdY5V51M4\" width=\"560\" height=\"315\" frameborder=\"0\" allowfullscreen=\"allowfullscreen\"><\/iframe><\/div>\n<\/div>\n\n\n\n<h2 class=\"wp-block-heading\"><strong>titulaciones UDT<\/strong>&nbsp;<\/h2>\n\n\n\n<p>La formaci\u00f3n para plataformas m\u00f3viles concluye con un examen ante la comisi\u00f3n UDT. La superaci\u00f3n del examen permite obtener una licencia para operar o mantener plataformas m\u00f3viles. Quienes superan el curso con \u00e9xito y aprueban el examen reciben un certificado de aptitud. Si trabaja en el extranjero, puede necesitar un certificado en un formulario con foto. La marca OSO ofrece a nuestros clientes la expedici\u00f3n de dicho diploma.\u00a0\u00a0<\/p>\n\n\n\n<h2 class=\"wp-block-heading\"><strong>Particularidades de las plataformas m\u00f3viles<\/strong>&nbsp;<\/h2>\n\n\n<div class=\"wp-block-image\">\n<figure class=\"aligncenter size-large is-resized\"><a href=\"https:\/\/szkolenia-udt.pl\/wp-content\/uploads\/2022\/05\/4.Promax_Landingpage.jpg\"><img loading=\"lazy\" decoding=\"async\" src=\"https:\/\/szkolenia-udt.pl\/wp-content\/uploads\/2022\/05\/4.Promax_Landingpage-1024x365.jpg\" alt=\"plataformas a\u00e9reas con operador\" class=\"wp-image-2794\" width=\"1024\" height=\"365\" srcset=\"https:\/\/szkolenia-udt.pl\/wp-content\/uploads\/2022\/05\/4.Promax_Landingpage-1024x365.jpg 1024w, https:\/\/szkolenia-udt.pl\/wp-content\/uploads\/2022\/05\/4.Promax_Landingpage-300x107.jpg 300w, https:\/\/szkolenia-udt.pl\/wp-content\/uploads\/2022\/05\/4.Promax_Landingpage-768x274.jpg 768w, https:\/\/szkolenia-udt.pl\/wp-content\/uploads\/2022\/05\/4.Promax_Landingpage-1536x548.jpg 1536w, https:\/\/szkolenia-udt.pl\/wp-content\/uploads\/2022\/05\/4.Promax_Landingpage.jpg 1900w\" sizes=\"auto, (max-width: 1024px) 100vw, 1024px\" \/><\/a><\/figure>\n<\/div>\n\n\n<p>Las plataformas m\u00f3viles permiten llegar a muchos lugares altos, sobre todo en lugares donde es f\u00edsicamente imposible montar andamios. Constan de un cuerpo, una gr\u00faa elevadora y una plataforma de trabajo. La gr\u00faa, montada en el cuerpo, eleva la plataforma de trabajo hasta la altura deseada. Existen diferentes tipos de plataformas m\u00f3viles. Var\u00edan en funci\u00f3n del trabajo para el que se necesiten y del lugar donde se vayan a colocar. Adem\u00e1s, estos dispositivos tambi\u00e9n pueden diferir en el tipo de accionamiento: algunos son completamente fijos, mientras que otros se colocan sobre la carrocer\u00eda de un veh\u00edculo. Seg\u00fan el tipo de plataforma, el movimiento puede ser vertical o de rango completo, es decir, vertical y horizontal. Esto permite a las plataformas m\u00f3viles llegar a lugares de dif\u00edcil acceso. Adem\u00e1s, el uso de plataformas m\u00f3viles ahorra tiempo y recursos, sobre todo cuando montar un andamio completo llevar\u00eda demasiado tiempo. Es importante recordar que las plataformas m\u00f3viles tambi\u00e9n son equipos sujetos a inspecci\u00f3n t\u00e9cnica.\u00a0<\/p>\n\n\n\n<h2 class=\"wp-block-heading\"><strong>\u00bfQu\u00e9 distingue a la marca OSO?<\/strong>\u00a0<\/h2>\n\n\n\n<p>Nuestra marca se caracteriza no s\u00f3lo por un servicio de m\u00e1xima calidad, sino tambi\u00e9n por un trato personalizado a cada cliente. A los clientes particulares, podemos ofrecerles la participaci\u00f3n en nuestros cursos abiertos, que se celebran peri\u00f3dicamente y est\u00e1n abiertos a todo el mundo. Para los clientes empresariales o institucionales, la marca OSO ofrece paquetes de precios favorables y descuentos. Con nuestros cursos de formaci\u00f3n, puede estar seguro de que usted o sus empleados recibir\u00e1n siempre una formaci\u00f3n de la m\u00e1xima calidad.\u00a0<\/p>\n\n\n<div class=\"wp-block-image\">\n<figure class=\"aligncenter\"><a href=\"https:\/\/szkolenia-udt.pl\/wp-content\/uploads\/2022\/04\/0013-oso-podesty-ruchome-obsluga.jpg\"><img loading=\"lazy\" decoding=\"async\" width=\"1024\" height=\"853\" src=\"https:\/\/szkolenia-udt.pl\/wp-content\/uploads\/2022\/04\/0013-oso-podesty-ruchome-obsluga-1024x853.jpg\" alt=\"publicidad gr\u00e1fica de la formaci\u00f3n\" class=\"wp-image-2851\" srcset=\"https:\/\/szkolenia-udt.pl\/wp-content\/uploads\/2022\/04\/0013-oso-podesty-ruchome-obsluga-1024x853.jpg 1024w, https:\/\/szkolenia-udt.pl\/wp-content\/uploads\/2022\/04\/0013-oso-podesty-ruchome-obsluga-300x250.jpg 300w, https:\/\/szkolenia-udt.pl\/wp-content\/uploads\/2022\/04\/0013-oso-podesty-ruchome-obsluga-768x640.jpg 768w, https:\/\/szkolenia-udt.pl\/wp-content\/uploads\/2022\/04\/0013-oso-podesty-ruchome-obsluga.jpg 1200w\" sizes=\"auto, (max-width: 1024px) 100vw, 1024px\" \/><\/a><\/figure>\n<\/div>","protected":false},"excerpt":{"rendered":"<p>O kursie Je\u015bli rozwa\u017casz wykonywanie pracy na wysoko\u015bciach lub zlecenie takiej pracy swoim pracownikom, nale\u017cy przede wszystkim pami\u0119ta\u0107 o odpowiednim wyposa\u017ceniu. Do prac na wysoko\u015bci cz\u0119sto stosuje si\u0119 rusztowania. Jednak w przypadku wielu prac, takich jak umieszczanie billboard\u00f3w czy konserwacja linii wysokiego napi\u0119cia, zwyczajne rusztowanie nie b\u0119dzie odpowiednie. W pewnych sytuacjach warto wesprze\u0107 wykonywanie prac [&hellip;]<\/p>\n","protected":false},"author":10,"featured_media":4176,"parent":2266,"menu_order":0,"comment_status":"closed","ping_status":"closed","template":"","meta":{"footnotes":""},"class_list":["post-2793","page","type-page","status-publish","has-post-thumbnail","hentry"],"aioseo_notices":[],"_links":{"self":[{"href":"https:\/\/szkolenia-udt.pl\/es\/wp-json\/wp\/v2\/pages\/2793","targetHints":{"allow":["GET"]}}],"collection":[{"href":"https:\/\/szkolenia-udt.pl\/es\/wp-json\/wp\/v2\/pages"}],"about":[{"href":"https:\/\/szkolenia-udt.pl\/es\/wp-json\/wp\/v2\/types\/page"}],"author":[{"embeddable":true,"href":"https:\/\/szkolenia-udt.pl\/es\/wp-json\/wp\/v2\/users\/10"}],"replies":[{"embeddable":true,"href":"https:\/\/szkolenia-udt.pl\/es\/wp-json\/wp\/v2\/comments?post=2793"}],"version-history":[{"count":14,"href":"https:\/\/szkolenia-udt.pl\/es\/wp-json\/wp\/v2\/pages\/2793\/revisions"}],"predecessor-version":[{"id":4745,"href":"https:\/\/szkolenia-udt.pl\/es\/wp-json\/wp\/v2\/pages\/2793\/revisions\/4745"}],"up":[{"embeddable":true,"href":"https:\/\/szkolenia-udt.pl\/es\/wp-json\/wp\/v2\/pages\/2266"}],"wp:featuredmedia":[{"embeddable":true,"href":"https:\/\/szkolenia-udt.pl\/es\/wp-json\/wp\/v2\/media\/4176"}],"wp:attachment":[{"href":"https:\/\/szkolenia-udt.pl\/es\/wp-json\/wp\/v2\/media?parent=2793"}],"curies":[{"name":"wp","href":"https:\/\/api.w.org\/{rel}","templated":true}]}}