{"id":2820,"date":"2022-05-20T10:12:38","date_gmt":"2022-05-20T08:12:38","guid":{"rendered":"https:\/\/szkolenia-udt.pl\/?page_id=2820"},"modified":"2023-03-25T23:45:06","modified_gmt":"2023-03-25T22:45:06","slug":"carretillas-elevadoras-2","status":"publish","type":"page","link":"https:\/\/szkolenia-udt.pl\/es\/kursy\/uprawnienia-udt-tdt-wdt\/wozki-widlowe-oso\/","title":{"rendered":"Curso de operador de montacargas OSO"},"content":{"rendered":"<h2 class=\"wp-block-heading\">Sobre la formaci\u00f3n en las OSC<\/h2>\n\n\n\n<p>Organizada por OSO, la formaci\u00f3n est\u00e1 dedicada a todos los aspectos de un operador de carretillas elevadoras. Por tanto, tanto si trabaja en el sector del transporte o en la industria y desea mejorar su cualificaci\u00f3n, como si desea cambiar por completo su trayectoria profesional, nuestra formaci\u00f3n est\u00e1 hecha para usted. Se pueden adquirir amplios conocimientos y habilidades en el \u00e1mbito del manejo de carretillas elevadoras asistiendo a cursos de formaci\u00f3n profesional, en los que nuestros profesores har\u00e1n todo lo posible para preparar a los alumnos para el trabajo de la mejor manera posible. Llevamos muchos a\u00f1os compartiendo nuestros conocimientos y experiencia. Conf\u00ede en nosotros y aprobar el examen UDT s\u00f3lo ser\u00e1 una formalidad para usted.\u00a0<\/p>\n\n\n\n<h2 class=\"has-text-align-center wp-block-heading\"><a href=\"https:\/\/szkolenia-udt.pl\/wp-content\/uploads\/2022\/05\/odk-ergon-008-wozki-widlowe-podnosnikowe-item1-33-w1254.jpg\"><img loading=\"lazy\" decoding=\"async\" class=\"aligncenter wp-image-2823 size-large\" src=\"https:\/\/szkolenia-udt.pl\/wp-content\/uploads\/2022\/05\/odk-ergon-008-wozki-widlowe-podnosnikowe-item1-33-w1254-1024x369.jpg\" alt=\"Carretillas elevadoras de transporte de cargas\" width=\"750\" height=\"270\" srcset=\"https:\/\/szkolenia-udt.pl\/wp-content\/uploads\/2022\/05\/odk-ergon-008-wozki-widlowe-podnosnikowe-item1-33-w1254-1024x369.jpg 1024w, https:\/\/szkolenia-udt.pl\/wp-content\/uploads\/2022\/05\/odk-ergon-008-wozki-widlowe-podnosnikowe-item1-33-w1254-300x108.jpg 300w, https:\/\/szkolenia-udt.pl\/wp-content\/uploads\/2022\/05\/odk-ergon-008-wozki-widlowe-podnosnikowe-item1-33-w1254-768x276.jpg 768w, https:\/\/szkolenia-udt.pl\/wp-content\/uploads\/2022\/05\/odk-ergon-008-wozki-widlowe-podnosnikowe-item1-33-w1254-1536x553.jpg 1536w, https:\/\/szkolenia-udt.pl\/wp-content\/uploads\/2022\/05\/odk-ergon-008-wozki-widlowe-podnosnikowe-item1-33-w1254.jpg 1920w\" sizes=\"auto, (max-width: 750px) 100vw, 750px\" \/><\/a><\/h2>\n\n\n\n<h2 class=\"wp-block-heading\"><strong>\u00bfQu\u00e9 ofrecemos? - alcance del curso<\/strong>\u00a0<\/h2>\n\n\n\n<p>El curso ofrecido por la OSC proporciona:&nbsp;<\/p>\n\n\n\n<ul class=\"wp-block-list\">\n<li>conocimiento de los tipos y el dise\u00f1o de las carretillas elevadoras,&nbsp;<\/li>\n\n\n\n<li>conocimiento de las actividades previas y posteriores a la operaci\u00f3n en el equipo,&nbsp;<\/li>\n\n\n\n<li>capacidad para maniobrar la carretilla elevadora y la carga transportada,&nbsp;<\/li>\n\n\n\n<li>Conocimiento de la normativa sobre supervisi\u00f3n t\u00e9cnica,&nbsp;<\/li>\n\n\n\n<li>aprender los principios de la sustituci\u00f3n segura de bombonas de gas,&nbsp;<\/li>\n\n\n\n<li>ejercicios pr\u00e1cticos con equipos.&nbsp;<\/li>\n<\/ul>\n\n\n\n<p>Al elegir OSO, aprender\u00e1 a controlar correctamente una carretilla elevadora, ya que nuestros instructores dedican mucho tiempo a los ejercicios pr\u00e1cticos.&nbsp;<\/p>\n\n\n\n<h2 class=\"wp-block-heading\"><strong>\u00bfCu\u00e1les son los requisitos para ingresar al curso?<\/strong>&nbsp;<\/h2>\n\n\n\n<p>Para inscribirse en un curso de operador de montacargas, se deben cumplir los siguientes requisitos:&nbsp;<\/p>\n\n\n\n<ul class=\"wp-block-list\">\n<li>al menos 18 a\u00f1os de edad,&nbsp;<\/li>\n\n\n\n<li>al menos educaci\u00f3n primaria,&nbsp;<\/li>\n\n\n\n<li>ninguna contraindicaci\u00f3n de salud para trabajar en el puesto.&nbsp;<\/li>\n<\/ul>\n\n\n\n<h2 class=\"wp-block-heading\"><strong>\u00bfQu\u00e9 debes saber sobre las carretillas elevadoras?<\/strong>&nbsp;<\/h2>\n\n\n\n<p>Las carretillas elevadoras pertenecen a la categor\u00eda de equipos de manipulaci\u00f3n de materiales y son los equipos m\u00e1s comunes que se encuentran en almacenes y dep\u00f3sitos de edificios. Se utilizan principalmente en los sectores industrial, del transporte y alimentario. Estos equipos son indispensables para operaciones como:&nbsp;<\/p>\n\n\n\n<ul class=\"wp-block-list\">\n<li>transporte de varias cargas al mismo tiempo - permiten el transporte de muchos pal\u00e9s de un lugar a otro,&nbsp;<\/li>\n\n\n\n<li>almacenamiento alto: en almacenes, donde se almacenan mercanc\u00edas desde aproximadamente 7 metros hacia arriba, se necesitan veh\u00edculos con un m\u00e1stil retr\u00e1ctil,&nbsp;<\/li>\n\n\n\n<li>transporte de cargas de formas y tama\u00f1os inusuales - los elevadores laterales son especialmente \u00fatiles para este tipo de carga.&nbsp;<\/li>\n<\/ul>\n\n\n\n<div class=\"filmw\">\n<div class=\"responsive-youtube\"><iframe loading=\"lazy\" title=\"Reproductor de v\u00eddeo de YouTube\" src=\"https:\/\/www.youtube.com\/embed\/lBt7_7QgUVU\" width=\"560\" height=\"315\" frameborder=\"0\" allowfullscreen=\"allowfullscreen\"><\/iframe><\/div>\n<\/div>\n\n\n\n<h2 class=\"wp-block-heading\"><strong>Tipos de carretillas elevadoras<\/strong>&nbsp;<\/h2>\n\n\n\n<p>Distinguimos entre carretillas elevadoras:&nbsp;<\/p>\n\n\n\n<ul class=\"trzykolumny wp-block-list\">\n<li>frontal,&nbsp;<\/li>\n\n\n\n<li>lado,&nbsp;<\/li>\n\n\n\n<li>con un m\u00e1stil interior,&nbsp;<\/li>\n\n\n\n<li>con un operador levantado con la carga,&nbsp;<\/li>\n\n\n\n<li>port\u00f3n,&nbsp;<\/li>\n\n\n\n<li>telesc\u00f3pico,&nbsp;<\/li>\n\n\n\n<li>especializado con un brazo variable.&nbsp;<\/li>\n<\/ul>\n\n\n\n<h2 class=\"wp-block-heading\"><strong>Otra clasificaci\u00f3n de carretillas elevadoras<\/strong>&nbsp;<\/h2>\n\n\n\n<p>Por el tipo de accionamiento, podemos distinguir:&nbsp;<\/p>\n\n\n\n<ul class=\"wp-block-list\">\n<li><strong>carros el\u00e9ctricos <\/strong>- Gracias a su accionamiento por bater\u00eda, son silenciosos y garantizan unas emisiones de escape insignificantes. El operario en su trabajo puede encontrarse con veh\u00edculos con bater\u00eda de plomo-\u00e1cido, que requieren sucesivas recargas, y hay que tener especial cuidado durante este proceso. Tambi\u00e9n hay m\u00e1quinas m\u00e1s nuevas con bater\u00edas de iones de litio, cuya gran ventaja es que no hay riesgo de derramar \u00e1cido sulf\u00farico, lo que permite cargar la bater\u00eda en cualquier lugar del almac\u00e9n. Las carretillas elevadoras el\u00e9ctricas son extremadamente recargables y maniobrables, por lo que pueden desenvolverse en espacios reducidos o estrechos,\u00a0<\/li>\n\n\n\n<li><strong>camiones di\u00e9sel<\/strong> - se caracterizan por una mayor resistencia que los veh\u00edculos el\u00e9ctricos, rinden bien en tareas de varias horas, pero se utilizan principalmente en exteriores debido a los gases de escape,<\/li>\n\n\n\n<li><strong>Camiones cisterna GLP<\/strong> - Utilizadas principalmente en exteriores, su funcionamiento es m\u00e1s barato y tambi\u00e9n son muy duraderas, ya que permiten un funcionamiento casi continuo: s\u00f3lo hay que cambiar el cilindro.&nbsp;<\/li>\n<\/ul>\n\n\n<div class=\"wp-block-image\">\n<figure class=\"alignleft size-large is-resized\"><a href=\"https:\/\/szkolenia-udt.pl\/wp-content\/uploads\/2022\/05\/Combilift-\u2013-COMBI-CB-\u2013-Multi-Directional-counterbalance-forklift-\u2013-handling-long-loads-Building-Supply-DIY-Timber-Lumber-Outdoor-1200x800-1.jpg\"><img loading=\"lazy\" decoding=\"async\" src=\"https:\/\/szkolenia-udt.pl\/wp-content\/uploads\/2022\/05\/Combilift-\u2013-COMBI-CB-\u2013-Multi-Directional-counterbalance-forklift-\u2013-handling-long-loads-Building-Supply-DIY-Timber-Lumber-Outdoor-1200x800-1-1024x683.jpg\" alt=\"Una carretilla elevadora coloca la carga en altura\" class=\"wp-image-2821\" width=\"512\" height=\"342\" srcset=\"https:\/\/szkolenia-udt.pl\/wp-content\/uploads\/2022\/05\/Combilift-\u2013-COMBI-CB-\u2013-Multi-Directional-counterbalance-forklift-\u2013-handling-long-loads-Building-Supply-DIY-Timber-Lumber-Outdoor-1200x800-1-1024x683.jpg 1024w, https:\/\/szkolenia-udt.pl\/wp-content\/uploads\/2022\/05\/Combilift-\u2013-COMBI-CB-\u2013-Multi-Directional-counterbalance-forklift-\u2013-handling-long-loads-Building-Supply-DIY-Timber-Lumber-Outdoor-1200x800-1-300x200.jpg 300w, https:\/\/szkolenia-udt.pl\/wp-content\/uploads\/2022\/05\/Combilift-\u2013-COMBI-CB-\u2013-Multi-Directional-counterbalance-forklift-\u2013-handling-long-loads-Building-Supply-DIY-Timber-Lumber-Outdoor-1200x800-1-768x512.jpg 768w, https:\/\/szkolenia-udt.pl\/wp-content\/uploads\/2022\/05\/Combilift-\u2013-COMBI-CB-\u2013-Multi-Directional-counterbalance-forklift-\u2013-handling-long-loads-Building-Supply-DIY-Timber-Lumber-Outdoor-1200x800-1.jpg 1200w\" sizes=\"auto, (max-width: 512px) 100vw, 512px\" \/><\/a><\/figure>\n<\/div>\n\n\n<h2 class=\"wp-block-heading\"><strong>Carn\u00e9 de carretillero<\/strong>\u00a0<\/h2>\n\n\n\n<p>De conformidad con la Ley de Supervisi\u00f3n T\u00e9cnica y la normativa vigente en materia de salud y seguridad, cada operador debe estar en posesi\u00f3n de la correspondiente licencia expedida por la Oficina de Supervisi\u00f3n T\u00e9cnica, que s\u00f3lo puede obtenerse mediante un examen estatal. El operador de carretillas elevadoras debe cumplir los siguientes requisitos:&nbsp;<\/p>\n\n\n\n<ul class=\"wp-block-list\">\n<li>Haber completado el curso de operador de carretillas elevadoras (es necesario tener al menos estudios primarios y ser mayor de edad para realizar el curso; tambi\u00e9n son requisitos del examen),\u00a0<\/li>\n\n\n\n<li>un curso sobre c\u00f3mo cambiar las bombonas de gas si se utilizan camiones de GLP en la f\u00e1brica,&nbsp;<\/li>\n\n\n\n<li>un certificado m\u00e9dico que acredite que no existen contraindicaciones para este tipo de trabajo.&nbsp;<\/li>\n<\/ul>\n\n\n\n<h2 class=\"wp-block-heading\"><strong>Categor\u00edas de permisos<\/strong>&nbsp;<\/h2>\n\n\n\n<p>Los derechos se conceden por categor\u00edas:&nbsp;<\/p>\n\n\n\n<ul class=\"wp-block-list\">\n<li><strong>carretillas elevadoras con mecanismo de elevaci\u00f3n mec\u00e1nico <\/strong>(con brazo) y <strong>carretillas elevadoras con mecanismo de elevaci\u00f3n mec\u00e1nico<\/strong> (con la opci\u00f3n de elevar al operador con la carga),&nbsp;<\/li>\n\n\n\n<li><strong>carretillas elevadoras con mecanismo de elevaci\u00f3n mec\u00e1nico<\/strong> (excluidas las carretillas retr\u00e1ctiles y las carretillas con la opci\u00f3n de elevar al operador con la mercanc\u00eda levantada).\u00a0<\/li>\n<\/ul>\n\n\n\n<h2 class=\"wp-block-heading\"><strong>Funciones de un camionero<\/strong>&nbsp;<\/h2>\n\n\n\n<p>Es dif\u00edcil imaginar el funcionamiento eficaz de un almac\u00e9n, una planta de producci\u00f3n o un taller de construcci\u00f3n sin carretillas elevadoras. El trabajo de su operador consiste principalmente en la carga y descarga eficaz de mercanc\u00edas. El operador debe estar atento al estado t\u00e9cnico del veh\u00edculo que maneja. Tambi\u00e9n debe recordar que s\u00f3lo debe desplazarse por las v\u00edas para carretillas elevadoras designadas por la empresa. A veces, la persona empleada en este puesto tambi\u00e9n es responsable de recibir y comprobar los pedidos, prepararlos, etc.&nbsp;<\/p>\n\n\n\n<h2 class=\"wp-block-heading\"><strong>lugar de entrenamiento<\/strong>&nbsp;<\/h2>\n\n\n\n<p>Los cursos de formaci\u00f3n para operadores de carretillas elevadoras se imparten en varios lugares del pa\u00eds, incluida Varsovia. Tambi\u00e9n ofrecemos formaci\u00f3n a puerta cerrada, dirigida a grupos organizados y que tiene lugar en un lugar conveniente para el cliente previo acuerdo.&nbsp;<\/p>\n\n\n\n<h2 class=\"wp-block-heading\"><strong>\u00bfPor qu\u00e9 vale la pena entrenar con SPA?<\/strong>&nbsp;<\/h2>\n\n\n<div class=\"wp-block-image\">\n<figure class=\"alignright size-large is-resized\"><a href=\"https:\/\/szkolenia-udt.pl\/wp-content\/uploads\/2022\/05\/liste-amlift-_0.jpg\"><img loading=\"lazy\" decoding=\"async\" src=\"https:\/\/szkolenia-udt.pl\/wp-content\/uploads\/2022\/05\/liste-amlift-_0-1024x768.jpg\" alt=\"Curso de montacargas: alumnos y profesores durante las clases\" class=\"wp-image-2822\" width=\"512\" height=\"384\" srcset=\"https:\/\/szkolenia-udt.pl\/wp-content\/uploads\/2022\/05\/liste-amlift-_0-1024x768.jpg 1024w, https:\/\/szkolenia-udt.pl\/wp-content\/uploads\/2022\/05\/liste-amlift-_0-300x225.jpg 300w, https:\/\/szkolenia-udt.pl\/wp-content\/uploads\/2022\/05\/liste-amlift-_0-768x576.jpg 768w, https:\/\/szkolenia-udt.pl\/wp-content\/uploads\/2022\/05\/liste-amlift-_0-135x100.jpg 135w, https:\/\/szkolenia-udt.pl\/wp-content\/uploads\/2022\/05\/liste-amlift-_0.jpg 1030w\" sizes=\"auto, (max-width: 512px) 100vw, 512px\" \/><\/a><\/figure>\n<\/div>\n\n\n<p>Al completar la formaci\u00f3n que organizamos, podr\u00e1 adquirir los conocimientos necesarios para conducir una carretilla elevadora de forma aut\u00f3noma y segura. El curso que ofrecemos proporciona preparaci\u00f3n te\u00f3rica y pr\u00e1ctica para trabajar como operador. Durante la formaci\u00f3n, nos centramos en la cualificaci\u00f3n integral de nuestros aprendices. Tenemos muchos a\u00f1os de experiencia. y durante el per\u00edodo de nuestra actividad ya hemos formado a miles de personas.\u00a0<\/p>\n\n\n\n<p>Actualmente, muchas empresas est\u00e1n trasladando sus almacenes del oeste a Polonia, por lo que puede esperar un aumento en la demanda de operadores de montacargas. \u00a1Aproveche esta oportunidad y cont\u00e1ctenos hoy! Cumplimos con las expectativas de nuestros clientes y aportamos conocimientos de forma clara y eficaz.\u00a0\u00a0<\/p>\n\n\n\n<p>Le animamos a que utilice nuestros servicios. Otros cursos de formaci\u00f3n de <a href=\"https:\/\/szkolenia-udt.pl\/es\/oferta\/\">nuestra oferta<\/a> entre ellos:&nbsp;<\/p>\n\n\n\n<ul class=\"wp-block-list\">\n<li>entrenamiento energ\u00e9tico <a href=\"https:\/\/szkolenia-udt.pl\/es\/kursy\/sep-g1-g2-g3\/g1\/\">G1<\/a>, <a href=\"https:\/\/szkolenia-udt.pl\/es\/kursy\/sep-g1-g2-g3\/g2\/\">G2<\/a>, <a href=\"https:\/\/szkolenia-udt.pl\/es\/kursy\/sep-g1-g2-g3\/g3\/\">G3<\/a>,&nbsp;<\/li>\n\n\n\n<li>trabajos en altura,&nbsp;<\/li>\n\n\n\n<li>funcionamiento de las plataformas m\u00f3viles.&nbsp;<\/li>\n<\/ul>\n\n\n<div class=\"wp-block-image\">\n<figure class=\"aligncenter\"><a href=\"https:\/\/szkolenia-udt.pl\/wp-content\/uploads\/2022\/05\/0008-oso-wozki-widlowe-wysokiego-skladowania.jpg\"><img loading=\"lazy\" decoding=\"async\" width=\"1024\" height=\"853\" src=\"https:\/\/szkolenia-udt.pl\/wp-content\/uploads\/2022\/05\/0008-oso-wozki-widlowe-wysokiego-skladowania-1024x853.jpg\" alt=\"publicidad gr\u00e1fica de la formaci\u00f3n\" class=\"wp-image-2868\" srcset=\"https:\/\/szkolenia-udt.pl\/wp-content\/uploads\/2022\/05\/0008-oso-wozki-widlowe-wysokiego-skladowania-1024x853.jpg 1024w, https:\/\/szkolenia-udt.pl\/wp-content\/uploads\/2022\/05\/0008-oso-wozki-widlowe-wysokiego-skladowania-300x250.jpg 300w, https:\/\/szkolenia-udt.pl\/wp-content\/uploads\/2022\/05\/0008-oso-wozki-widlowe-wysokiego-skladowania-768x640.jpg 768w, https:\/\/szkolenia-udt.pl\/wp-content\/uploads\/2022\/05\/0008-oso-wozki-widlowe-wysokiego-skladowania.jpg 1200w\" sizes=\"auto, (max-width: 1024px) 100vw, 1024px\" \/><\/a><\/figure>\n<\/div>","protected":false},"excerpt":{"rendered":"<p>O szkoleniu w OSO Organizowane przez OSO szkolenie po\u015bwi\u0119cone jest wszystkim aspektom pracy operatora w\u00f3zk\u00f3w wid\u0142owych. Zatem zar\u00f3wno, je\u015bli pracujesz w bran\u017cy transportowej lub przemy\u015ble i chcesz podnie\u015b\u0107 swoje kwalifikacje, b\u0105d\u017a te\u017c pragniesz ca\u0142kowicie zmieni\u0107 \u015bcie\u017ck\u0119 swojej kariery zawodowej, nasze szkolenie jest w\u0142a\u015bnie dla Ciebie.\u00a0Kompleksow\u0105 wiedz\u0119 i umiej\u0119tno\u015bci z zakresu poruszania si\u0119 tzw. widlakiem, mo\u017cna [&hellip;]<\/p>\n","protected":false},"author":10,"featured_media":2823,"parent":2266,"menu_order":0,"comment_status":"closed","ping_status":"closed","template":"","meta":{"footnotes":""},"class_list":["post-2820","page","type-page","status-publish","has-post-thumbnail","hentry"],"aioseo_notices":[],"_links":{"self":[{"href":"https:\/\/szkolenia-udt.pl\/es\/wp-json\/wp\/v2\/pages\/2820","targetHints":{"allow":["GET"]}}],"collection":[{"href":"https:\/\/szkolenia-udt.pl\/es\/wp-json\/wp\/v2\/pages"}],"about":[{"href":"https:\/\/szkolenia-udt.pl\/es\/wp-json\/wp\/v2\/types\/page"}],"author":[{"embeddable":true,"href":"https:\/\/szkolenia-udt.pl\/es\/wp-json\/wp\/v2\/users\/10"}],"replies":[{"embeddable":true,"href":"https:\/\/szkolenia-udt.pl\/es\/wp-json\/wp\/v2\/comments?post=2820"}],"version-history":[{"count":10,"href":"https:\/\/szkolenia-udt.pl\/es\/wp-json\/wp\/v2\/pages\/2820\/revisions"}],"predecessor-version":[{"id":4716,"href":"https:\/\/szkolenia-udt.pl\/es\/wp-json\/wp\/v2\/pages\/2820\/revisions\/4716"}],"up":[{"embeddable":true,"href":"https:\/\/szkolenia-udt.pl\/es\/wp-json\/wp\/v2\/pages\/2266"}],"wp:featuredmedia":[{"embeddable":true,"href":"https:\/\/szkolenia-udt.pl\/es\/wp-json\/wp\/v2\/media\/2823"}],"wp:attachment":[{"href":"https:\/\/szkolenia-udt.pl\/es\/wp-json\/wp\/v2\/media?parent=2820"}],"curies":[{"name":"wp","href":"https:\/\/api.w.org\/{rel}","templated":true}]}}