{"id":2958,"date":"2022-06-24T15:42:16","date_gmt":"2022-06-24T13:42:16","guid":{"rendered":"https:\/\/szkolenia-udt.pl\/?page_id=2958"},"modified":"2023-03-19T17:59:56","modified_gmt":"2023-03-19T16:59:56","slug":"trabajo-arriesgado","status":"publish","type":"page","link":"https:\/\/szkolenia-udt.pl\/es\/kursy\/bhp-ppoz\/ryzykowna-praca\/","title":{"rendered":"Salud y seguridad en el trabajo para quienes realizan trabajos de riesgo"},"content":{"rendered":"<h2 class=\"wp-block-heading\">Sobre la formaci\u00f3n<\/h2>\n\n\n\n<p>Nuestro <a href=\"https:\/\/szkolenia-udt.pl\/es\/o-firmie\/\">Centro de formaci\u00f3n de operadores<\/a> organiza un curso centrado en la Salud y la Seguridad en el Trabajo. La formaci\u00f3n se dirige principalmente a quienes realizan trabajos especialmente peligrosos, a la documentaci\u00f3n necesaria sobre ellos y a la supervisi\u00f3n de los mismos.&nbsp;<\/p>\n\n\n\n<figure class=\"wp-block-image size-large\"><img decoding=\"async\" src=\"https:\/\/szkolenia-udt.pl\/wp-content\/uploads\/2022\/06\/hard-hats-decorative.jpg\" alt=\"Salud y seguridad en el trabajo en lugares vulnerables\"\/><\/figure>\n\n\n\n<h2 class=\"wp-block-heading\"><strong>Nuestra formaci\u00f3n en salud y seguridad<\/strong>&nbsp;<\/h2>\n\n\n\n<p>Para poder aplicar todos los procedimientos de salud y seguridad en el trabajo, resulta muy \u00fatil la formaci\u00f3n especializada de los empleados. En nuestro Centro de Formaci\u00f3n de Operarios, sus cargos aprender\u00e1n f\u00e1cilmente toda la informaci\u00f3n que necesitan saber sobre los principios de la eliminaci\u00f3n segura e higi\u00e9nica en trabajos delicados. Los m\u00e9todos utilizados durante la formaci\u00f3n son principalmente: conferencias, presentaciones, ejercicios pr\u00e1cticos, debates y pruebas finales.&nbsp;<\/p>\n\n\n\n<h2 class=\"wp-block-heading\"><strong>Prop\u00f3sito de la capacitaci\u00f3n<\/strong>&nbsp;<\/h2>\n\n\n\n<p>El objetivo del curso de formaci\u00f3n es completar el conocimiento de las competencias actualizando al mismo tiempo los conocimientos sobre salud y seguridad en el trabajo. Adem\u00e1s, en nuestro curso los participantes aprender\u00e1n a organizar los trabajos especialmente peligrosos, a identificar los riesgos y a manejar con destreza los equipos y recursos en la realizaci\u00f3n de trabajos especialmente peligrosos. Cada cursillista aprender\u00e1 conceptos relacionados con el derecho laboral, la legislaci\u00f3n vigente, los accidentes y las normas de salud y seguridad.&nbsp;<\/p>\n\n\n\n<p><strong>A la lista de otros temas de nuestro programa de formaci\u00f3n<\/strong><strong>ego<\/strong><strong> incluyen:<\/strong>&nbsp;<\/p>\n\n\n\n<ul class=\"wp-block-list\">\n<li>el concepto de trabajo especialmente peligroso,&nbsp;<\/li>\n\n\n\n<li>caracter\u00edsticas y lista de trabajos especialmente peligrosos,&nbsp;<\/li>\n\n\n\n<li>trabajo con mayores riesgos,&nbsp;<\/li>\n\n\n\n<li>documentaci\u00f3n de los trabajos de riesgo (tipos, formas y contenido de los documentos),&nbsp;<\/li>\n\n\n\n<li>lista de trabajos peligrosos de la empresa,&nbsp;<\/li>\n\n\n\n<li>formar a las personas en materia de seguridad contra incendios,&nbsp;<\/li>\n\n\n\n<li>obligaciones del empresario (por ejemplo, instrucci\u00f3n de los trabajadores, medidas de seguridad, formaci\u00f3n peri\u00f3dica, cumplimiento de las obligaciones),&nbsp;<\/li>\n\n\n\n<li>las normas de salud y seguridad, incluidos los trabajos especialmente peligrosos,&nbsp;<\/li>\n\n\n\n<li>peligros causados por factores presentes en trabajos sensibles,&nbsp;<\/li>\n\n\n\n<li>el trabajo peligroso y el trabajador temporal,&nbsp;<\/li>\n\n\n\n<li>infracci\u00f3n de la legislaci\u00f3n,&nbsp;<\/li>\n\n\n\n<li>uso de equipos de protecci\u00f3n individual,&nbsp;<\/li>\n\n\n\n<li>ejemplos de circunstancias y causas de accidentes y aplicaci\u00f3n de medidas preventivas,&nbsp;<\/li>\n\n\n\n<li>principios de primeros auxilios para personas heridas y gesti\u00f3n de accidentes.&nbsp;<\/li>\n<\/ul>\n\n\n\n<h2 class=\"wp-block-heading\"><strong>Ventajas de participar en el curso<\/strong>&nbsp;<\/h2>\n\n\n\n<p>Los beneficios que obtendr\u00e1 de la formaci\u00f3n incluyen:&nbsp;<\/p>\n\n\n\n<ul class=\"wp-block-list\">\n<li>recibir valiosos conocimientos sobre seguridad al realizar trabajos especialmente peligrosos,&nbsp;<\/li>\n\n\n\n<li>sensibilizar al personal directivo sobre la importancia de la responsabilidad de los trabajadores en el contexto del trabajo en condiciones peligrosas,&nbsp;<\/li>\n\n\n\n<li>recibir valiosos modelos de documentos para ayudar en la preparaci\u00f3n de la documentaci\u00f3n,&nbsp;<\/li>\n\n\n\n<li>eliminaci\u00f3n de fuentes de peligro al realizar trabajos de naturaleza especialmente peligrosa,&nbsp;<\/li>\n\n\n\n<li>conocimiento de c\u00f3mo reducir de forma segura el tiempo dedicado a realizar trabajos de naturaleza especialmente peligrosa,&nbsp;<\/li>\n\n\n\n<li>conocimiento de c\u00f3mo deben reducirse los accidentes (mortales, colectivos y graves),&nbsp;<\/li>\n\n\n\n<li>conocimiento de c\u00f3mo cuidar la vida y la salud de los trabajadores mientras est\u00e1n en el trabajo.&nbsp;<\/li>\n<\/ul>\n\n\n\n<h2 class=\"wp-block-heading\"><strong>Requisitos<\/strong><strong> de los estudiantes<\/strong><strong><\/strong>&nbsp;<\/h2>\n\n\n\n<p>Para inscribirse en el curso debe&nbsp;&nbsp;<\/p>\n\n\n\n<ul class=\"wp-block-list\">\n<li>ser mayor de edad,&nbsp;<\/li>\n\n\n\n<li>tener un certificado de buena salud,<\/li>\n\n\n\n<li>tener como m\u00ednimo estudios primarios.&nbsp;<\/li>\n<\/ul>\n\n\n\n<h2 class=\"wp-block-heading\"><strong>Principios de trabajo seguro<\/strong>&nbsp;<\/h2>\n\n\n\n<p>A la hora de crear normas para realizar trabajos vulnerables con seguridad, podemos dividirlas en cuatro grupos.&nbsp;<\/p>\n\n\n\n<ul class=\"wp-block-list\">\n<li>El primer paso es identificar cualquier trabajo que pueda poner en peligro a los trabajadores.&nbsp;<\/li>\n\n\n\n<li>El segundo paso es formular reglas y procedimientos en detalle.&nbsp;<\/li>\n\n\n\n<li>El siguiente paso, y probablemente el m\u00e1s importante, es comunicar los resultados a los empleados.&nbsp;<\/li>\n\n\n\n<li>La etapa final es verificar que las reglas hayan entrado en vigor y se cumplan en el lugar de trabajo.&nbsp;<\/li>\n<\/ul>\n\n\n\n<h2 class=\"wp-block-heading\"><strong>Obligaciones del empresario<\/strong>&nbsp;<\/h2>\n\n\n\n<p>Todo empresario est\u00e1 obligado a observar y eliminar constantemente cualquier inconveniente y asegurarse de que se respetan las normas de salud y seguridad en el trabajo. Debe formar peri\u00f3dicamente al personal en las normas de salud y seguridad, y velar por los derechos de las mujeres embarazadas o los trabajadores j\u00f3venes.\u00a0<\/p>\n\n\n\n<figure class=\"wp-block-image size-large\"><img decoding=\"async\" src=\"https:\/\/szkolenia-udt.pl\/wp-content\/uploads\/2022\/06\/sdcsdc.jpg\" alt=\"Instructor hablando con un alumno\"\/><\/figure>\n\n\n\n<h2 class=\"wp-block-heading\"><strong>Seguridad en el trabajo: requisitos<\/strong>&nbsp;<\/h2>\n\n\n\n<p>La normativa legal condiciona los principios de unas condiciones de trabajo seguras. El C\u00f3digo Laboral aborda tanto medidas avanzadas como aspectos aparentemente insignificantes. Garantizar unas condiciones de trabajo plenamente \u00f3ptimas consiste en una serie de factores clave, empezando por elementos menores como monitores que no da\u00f1en la vista, la provisi\u00f3n de iluminaci\u00f3n adecuada, el dise\u00f1o de escritorios de ordenador y sillas ergon\u00f3micas \u00f3ptimas, y extendi\u00e9ndose a aspectos m\u00e1s serios como la provisi\u00f3n de soluciones eficaces de protecci\u00f3n contra incendios, ropa de protecci\u00f3n o de trabajo, la comprobaci\u00f3n del estado t\u00e9cnico de los equipos y el equipamiento especial de los locales, incluidos los botiquines de primeros auxilios. Todas las normas descritas se tratan al mismo nivel y se aplican en la misma medida. Esto se debe al deseo de garantizar unos locales seguros e higi\u00e9nicos.&nbsp;<\/p>\n\n\n\n<h2 class=\"wp-block-heading\"><strong>Sobre nosotros<\/strong>&nbsp;<\/h2>\n\n\n\n<p>El principal objetivo de nuestra empresa es proporcionar a nuestros clientes servicios de formaci\u00f3n de la m\u00e1xima calidad. Metod\u00f3logos cualificados y el resto de nuestro personal, con muchos a\u00f1os de experiencia en formaci\u00f3n, garantizan la calidad de la formaci\u00f3n y la mayor satisfacci\u00f3n posible en todas nuestras instalaciones.&nbsp;<\/p>\n\n\n\n<h2 class=\"wp-block-heading\"><strong>Ubicaci\u00f3n y precio del curso<\/strong>&nbsp;<\/h2>\n\n\n\n<p>Las clases se imparten en nuestras sucursales repartidas por todo el pa\u00eds, pero tambi\u00e9n organizamos clases cerradas para grupos organizados, con desplazamiento hasta el cliente. Impartimos cursos a precios muy competitivos. Llame a nuestro servicio de atenci\u00f3n al cliente para concertar cualquier coste.&nbsp;<\/p>\n\n\n\n<figure class=\"wp-block-image size-large\"><img decoding=\"async\" src=\"https:\/\/szkolenia-udt.pl\/wp-content\/uploads\/2022\/06\/0084-oso.edu_.pl_.jpg\" alt=\"Publicidad gr\u00e1fica sobre formaci\u00f3n en salud y seguridad\"\/><\/figure>","protected":false},"excerpt":{"rendered":"<p>O szkoleniu Nasz O\u015brodek Szkolenia Operator\u00f3w organizuje kurs skupiony na tematyce Bezpiecze\u0144stwa i Higieny Pracy. Szkolenie kierowane jest przede wszystkim do os\u00f3b wykonuj\u0105cych szczeg\u00f3lnie niebezpieczne prace, niezb\u0119dn\u0105 dokumentacj\u0119 w ich zakresie oraz nadz\u00f3r nad nimi.&nbsp; Nasze szkolenia z zakresu BHP&nbsp; Aby m\u00f3c wdr\u0105\u017cy\u0107 do pracy wszelkie procedury BHP, niezwykle przydatne s\u0105 specjalistyczne szkolenia dla pracownik\u00f3w. [&hellip;]<\/p>\n","protected":false},"author":10,"featured_media":2952,"parent":2739,"menu_order":0,"comment_status":"closed","ping_status":"closed","template":"","meta":{"footnotes":""},"class_list":["post-2958","page","type-page","status-publish","has-post-thumbnail","hentry"],"aioseo_notices":[],"_links":{"self":[{"href":"https:\/\/szkolenia-udt.pl\/es\/wp-json\/wp\/v2\/pages\/2958","targetHints":{"allow":["GET"]}}],"collection":[{"href":"https:\/\/szkolenia-udt.pl\/es\/wp-json\/wp\/v2\/pages"}],"about":[{"href":"https:\/\/szkolenia-udt.pl\/es\/wp-json\/wp\/v2\/types\/page"}],"author":[{"embeddable":true,"href":"https:\/\/szkolenia-udt.pl\/es\/wp-json\/wp\/v2\/users\/10"}],"replies":[{"embeddable":true,"href":"https:\/\/szkolenia-udt.pl\/es\/wp-json\/wp\/v2\/comments?post=2958"}],"version-history":[{"count":6,"href":"https:\/\/szkolenia-udt.pl\/es\/wp-json\/wp\/v2\/pages\/2958\/revisions"}],"predecessor-version":[{"id":4598,"href":"https:\/\/szkolenia-udt.pl\/es\/wp-json\/wp\/v2\/pages\/2958\/revisions\/4598"}],"up":[{"embeddable":true,"href":"https:\/\/szkolenia-udt.pl\/es\/wp-json\/wp\/v2\/pages\/2739"}],"wp:featuredmedia":[{"embeddable":true,"href":"https:\/\/szkolenia-udt.pl\/es\/wp-json\/wp\/v2\/media\/2952"}],"wp:attachment":[{"href":"https:\/\/szkolenia-udt.pl\/es\/wp-json\/wp\/v2\/media?parent=2958"}],"curies":[{"name":"wp","href":"https:\/\/api.w.org\/{rel}","templated":true}]}}