{"id":2963,"date":"2022-06-27T12:58:06","date_gmt":"2022-06-27T10:58:06","guid":{"rendered":"https:\/\/szkolenia-udt.pl\/?page_id=2963"},"modified":"2023-03-26T09:49:23","modified_gmt":"2023-03-26T07:49:23","slug":"maquinaria-de-construccion","status":"publish","type":"page","link":"https:\/\/szkolenia-udt.pl\/es\/kursy\/uprawnienia-udt-tdt-wdt\/maszyny-budowlane\/","title":{"rendered":"SPA - un curso para un operador de maquinaria de construcci\u00f3n"},"content":{"rendered":"<div class=\"wp-block-image\">\n<figure class=\"alignleft size-large is-resized\"><a href=\"https:\/\/szkolenia-udt.pl\/wp-content\/uploads\/2022\/06\/p.jpg\"><img loading=\"lazy\" decoding=\"async\" src=\"https:\/\/szkolenia-udt.pl\/wp-content\/uploads\/2022\/06\/p-1024x684.jpg\" alt=\"Formaci\u00f3n sobre datos de maquinaria de construcci\u00f3n\" class=\"wp-image-2967\" width=\"512\" height=\"342\" srcset=\"https:\/\/szkolenia-udt.pl\/wp-content\/uploads\/2022\/06\/p-1024x684.jpg 1024w, https:\/\/szkolenia-udt.pl\/wp-content\/uploads\/2022\/06\/p-300x200.jpg 300w, https:\/\/szkolenia-udt.pl\/wp-content\/uploads\/2022\/06\/p-768x513.jpg 768w, https:\/\/szkolenia-udt.pl\/wp-content\/uploads\/2022\/06\/p.jpg 1200w\" sizes=\"auto, (max-width: 512px) 100vw, 512px\" \/><\/a><\/figure>\n<\/div>\n\n\n<h2 class=\"wp-block-heading\">Sobre la formaci\u00f3n<\/h2>\n\n\n\n<p>En el sector de la construcci\u00f3n podemos contar con un empleo estable y muy bien remunerado. Sin embargo, trabajar en una obra es uno de los trabajos m\u00e1s pesados y bastante dif\u00edciles en t\u00e9rminos de condici\u00f3n f\u00edsica, pero tambi\u00e9n teniendo en cuenta las condiciones meteorol\u00f3gicas. Por lo tanto, es muy importante tener las cualificaciones adecuadas y las competencias necesarias para garantizar que los trabajadores mantengan unas condiciones de trabajo seguras.\u00a0<\/p>\n\n\n\n<h2 class=\"wp-block-heading\"><strong>Requisitos que deben cumplirse para matricularse en el<\/strong> <strong>curso<\/strong>\u00a0<\/h2>\n\n\n\n<p>Para participar en la formaci\u00f3n debe&nbsp;&nbsp;<\/p>\n\n\n\n<ul class=\"wp-block-list\">\n<li>tener al menos estudios primarios,&nbsp;&nbsp;<\/li>\n\n\n\n<li>ser mayor de edad,&nbsp;<\/li>\n\n\n\n<li>estar en posesi\u00f3n de un certificado m\u00e9dico que acredite que no existen impedimentos de salud para trabajar como operador de una apisonadora, excavadora u otra maquinaria de construcci\u00f3n.&nbsp;<\/li>\n<\/ul>\n\n\n\n<h2 class=\"wp-block-heading\"><strong>Curso y examen<\/strong>&nbsp;<\/h2>\n\n\n\n<p>Ofrecemos formaci\u00f3n cerrada (para grupos organizados) y abierta (para clientes individuales). Las clases en nuestro <a href=\"https:\/\/szkolenia-udt.pl\/es\/o-firmie\/\">Centro de Formaci\u00f3n de Operadores<\/a> est\u00e1n dirigidos por instructores e int\u00e9rpretes experimentados. Los cursos terminan con un examen estatal que consta de dos partes. La primera es un examen te\u00f3rico y la segunda es un examen pr\u00e1ctico. Tras aprobar el examen IMBiGS, se recibe un certificado de finalizaci\u00f3n del curso, as\u00ed como la autorizaci\u00f3n estatal para trabajar en el puesto elegido y una inscripci\u00f3n en el cuaderno del operador.&nbsp;<\/p>\n\n\n\n<h2 class=\"wp-block-heading\"><strong>Formaci\u00f3n para el operador de excavadora del grupo III<\/strong>&nbsp;<\/h2>\n\n\n\n<h3 class=\"wp-block-heading\"><strong>Tipos de autorizaci\u00f3n para excavadoras<\/strong>&nbsp;<\/h3>\n\n\n\n<figure class=\"wp-block-table\"><table><tbody><tr><td><strong>Clase III<\/strong>&nbsp;<\/td><td>Los permisos del Grupo III permiten trabajar con excavadoras monocazo de hasta 25 toneladas.&nbsp;<\/td><\/tr><tr><td><strong>Clase I<\/strong>&nbsp;<\/td><td>Las calificaciones del Grupo I habilitan el trabajo con excavadoras de un solo cangil\u00f3n a partir de 25 toneladas.&nbsp;<\/td><\/tr><\/tbody><\/table><\/figure>\n\n\n<div class=\"wp-block-image\">\n<figure class=\"alignright size-full is-resized\"><a href=\"https:\/\/szkolenia-udt.pl\/wp-content\/uploads\/2022\/06\/operatorzy.edu_.pl-jcb-15c-1-1-5t-mini-excavator79ea9367.jpg\"><img loading=\"lazy\" decoding=\"async\" src=\"https:\/\/szkolenia-udt.pl\/wp-content\/uploads\/2022\/06\/operatorzy.edu_.pl-jcb-15c-1-1-5t-mini-excavator79ea9367.jpg\" alt=\"excavadora en funcionamiento\" class=\"wp-image-2966\" width=\"469\" height=\"352\" srcset=\"https:\/\/szkolenia-udt.pl\/wp-content\/uploads\/2022\/06\/operatorzy.edu_.pl-jcb-15c-1-1-5t-mini-excavator79ea9367.jpg 1024w, https:\/\/szkolenia-udt.pl\/wp-content\/uploads\/2022\/06\/operatorzy.edu_.pl-jcb-15c-1-1-5t-mini-excavator79ea9367-300x225.jpg 300w, https:\/\/szkolenia-udt.pl\/wp-content\/uploads\/2022\/06\/operatorzy.edu_.pl-jcb-15c-1-1-5t-mini-excavator79ea9367-768x576.jpg 768w, https:\/\/szkolenia-udt.pl\/wp-content\/uploads\/2022\/06\/operatorzy.edu_.pl-jcb-15c-1-1-5t-mini-excavator79ea9367-135x100.jpg 135w\" sizes=\"auto, (max-width: 469px) 100vw, 469px\" \/><\/a><\/figure>\n<\/div>\n\n\n<h3 class=\"wp-block-heading\"><strong>Alcance y finalidad de la formaci\u00f3n para las excavadoras monocabezal de las clases I y III<\/strong>\u00a0<\/h3>\n\n\n\n<p>Para obtener la cualificaci\u00f3n correspondiente, primero hay que estar cualificado en la clase III y s\u00f3lo despu\u00e9s en la clase I. No obstante, la normativa permite obtener al mismo tiempo las cualificaciones de clase III y de clase I. El objetivo del curso es preparar a los participantes para obtener las cualificaciones necesarias para desempe\u00f1ar correctamente el trabajo de operador de excavadora en la clase III y capacitarlos lo mejor posible para el examen IMBiGS que se realiza ante una comisi\u00f3n examinadora.\u00a0<\/p>\n\n\n\n<h3 class=\"wp-block-heading\"><strong>Competencias que podemos obtener del curso de formaci\u00f3n<\/strong>&nbsp;<\/h3>\n\n\n\n<p>Al tomar parte en nuestro curso, los participantes obtendr\u00e1n principalmente:&nbsp;<\/p>\n\n\n\n<ul class=\"wp-block-list\">\n<li>conocimiento de las m\u00e1quinas de construcci\u00f3n modernas,&nbsp;<\/li>\n\n\n\n<li>la capacidad de utilizar documentaci\u00f3n tecnol\u00f3gica y t\u00e9cnica,&nbsp;<\/li>\n\n\n\n<li>informaci\u00f3n sobre seguridad contra incendios y normas y reglamentos de salud y seguridad,&nbsp;<\/li>\n\n\n\n<li>capacidad de controlar el trabajo realizado,&nbsp;<\/li>\n\n\n\n<li>organizaci\u00f3n del trabajo de excavadoras en diversas condiciones clim\u00e1ticas,&nbsp;<\/li>\n\n\n\n<li>capacidad para trabajar y operar con excavadoras,&nbsp;<\/li>\n\n\n\n<li>preparaci\u00f3n para el examen IMBiGS y operador de excavadoras,&nbsp;<\/li>\n\n\n\n<li>conocimiento de la realizaci\u00f3n de inspecciones y reparaciones de excavadoras.&nbsp;<\/li>\n<\/ul>\n\n\n\n<h2 class=\"wp-block-heading\"><strong>Curso de operador de apisonadora<\/strong>&nbsp;<\/h2>\n\n\n\n<h3 class=\"wp-block-heading\"><strong>Alcance y finalidad de la formaci\u00f3n de operadores de apisonadoras<\/strong>\u00a0<\/h3>\n\n\n\n<p>El programa de formaci\u00f3n abarca las apisonadoras, es decir, su construcci\u00f3n, funcionamiento y caracter\u00edsticas tecnol\u00f3gicas. El curso incluye clases te\u00f3ricas y pr\u00e1cticas sobre salud y seguridad en el trabajo y sobre el uso y funcionamiento correctos de la maquinaria de trabajo. El objetivo de la formaci\u00f3n es preparar a los participantes para que dominen las cualificaciones necesarias para realizar trabajos como operador de apisonadoras en el \u00e1mbito del grupo de autorizaci\u00f3n II. Este grupo abarca todos los tama\u00f1os y tipos de apisonadoras. El curso finaliza con la superaci\u00f3n de un examen IMBiGS ante una comisi\u00f3n examinadora, en cuyo caso, si el participante aprueba, se le otorga una licencia estatal que acredita su capacidad para trabajar con apisonadoras del grupo II y una anotaci\u00f3n en el libro de registro del operador. Al final del curso, el participante tambi\u00e9n recibe un documento que certifica que ha completado la formaci\u00f3n.\u00a0<\/p>\n\n\n\n<h3 class=\"wp-block-heading\"><strong>Competencias que podemos obtener del curso de formaci\u00f3n<\/strong>&nbsp;<\/h3>\n\n\n\n<p>Al tomar parte en nuestro curso, los participantes obtendr\u00e1n principalmente:&nbsp;<\/p>\n\n\n\n<ul class=\"wp-block-list\">\n<li>experiencia adquirida mediante la participaci\u00f3n activa en la reparaci\u00f3n y el mantenimiento de apisonadoras,&nbsp;<\/li>\n\n\n\n<li>capacidad para controlar la calidad del trabajo realizado,&nbsp;<\/li>\n\n\n\n<li>capacidad para organizar el \u00e1mbito de trabajo de las apisonadoras en diferentes condiciones meteorol\u00f3gicas y clim\u00e1ticas,&nbsp;<\/li>\n\n\n\n<li>capacidad para dirigir la organizaci\u00f3n del trabajo,&nbsp;<\/li>\n\n\n\n<li>capacidad para trabajar con apisonadoras de diversos tipos.&nbsp;<\/li>\n<\/ul>\n\n\n<div class=\"wp-block-image\">\n<figure class=\"alignleft size-large is-resized\"><a href=\"https:\/\/szkolenia-udt.pl\/wp-content\/uploads\/2022\/06\/kurso.eu-077.jpg\"><img loading=\"lazy\" decoding=\"async\" src=\"https:\/\/szkolenia-udt.pl\/wp-content\/uploads\/2022\/06\/kurso.eu-077-1024x784.jpg\" alt=\"Programa de formaci\u00f3n\" class=\"wp-image-2965\" width=\"512\" height=\"392\" srcset=\"https:\/\/szkolenia-udt.pl\/wp-content\/uploads\/2022\/06\/kurso.eu-077-1024x784.jpg 1024w, https:\/\/szkolenia-udt.pl\/wp-content\/uploads\/2022\/06\/kurso.eu-077-300x230.jpg 300w, https:\/\/szkolenia-udt.pl\/wp-content\/uploads\/2022\/06\/kurso.eu-077-768x588.jpg 768w, https:\/\/szkolenia-udt.pl\/wp-content\/uploads\/2022\/06\/kurso.eu-077-1536x1176.jpg 1536w, https:\/\/szkolenia-udt.pl\/wp-content\/uploads\/2022\/06\/kurso.eu-077.jpg 1568w\" sizes=\"auto, (max-width: 512px) 100vw, 512px\" \/><\/a><\/figure>\n<\/div>\n\n\n<h2 class=\"wp-block-heading\"><strong>\u00bfCu\u00e1l es el precio del curso?<\/strong>&nbsp;<\/h2>\n\n\n\n<p>En comparaci\u00f3n con otras empresas, <a href=\"https:\/\/szkolenia-udt.pl\/es\/oferta\/\">precio<\/a> con nosotros es muy atractivo, ya que siempre nos preocupamos por mantenerlo competitivo y garantizar as\u00ed la satisfacci\u00f3n del cliente. Adem\u00e1s, para grupos organizados m\u00e1s grandes, podemos ofrecer descuentos econ\u00f3micos. Puede obtener toda la informaci\u00f3n sobre costes poni\u00e9ndose en contacto con nosotros por tel\u00e9fono.&nbsp;<\/p>\n\n\n\n<h2 class=\"wp-block-heading\"><strong>\u00bfDonde puedes encontrarnos?<\/strong>&nbsp;<\/h2>\n\n\n\n<p>Todos los interesados en obtener autorizaciones est\u00e1n cordialmente invitados a nuestro Centro de Formaci\u00f3n de Operadores. Colaboramos con UDT, TDT, WDT e IMBiGS, ofreciendo formaci\u00f3n de aprendizaje para operadores y mantenedores de equipos, incluida maquinaria de construcci\u00f3n. Gracias a nosotros, puedes obtener cualificaciones para apisonadoras, excavadoras y andamios, entre otros.  Impartimos clases en toda Polonia, incluida Varsovia. En el caso de la formaci\u00f3n cerrada, tambi\u00e9n podemos impartir la formaci\u00f3n directamente en las instalaciones del cliente.&nbsp;&nbsp;<\/p>\n\n\n\n<p><a href=\"https:\/\/szkolenia-udt.pl\/es\/kontakt\/\">Estamos deseando trabajar con usted<\/a>!&nbsp;<\/p>\n\n\n<div class=\"wp-block-image\">\n<figure class=\"aligncenter\"><a href=\"https:\/\/szkolenia-udt.pl\/wp-content\/uploads\/2022\/06\/0077-oso.edu_.pl_.jpg\"><img loading=\"lazy\" decoding=\"async\" width=\"1024\" height=\"853\" src=\"https:\/\/szkolenia-udt.pl\/wp-content\/uploads\/2022\/06\/0077-oso.edu_.pl_-1024x853.jpg\" alt=\"Gr\u00e1ficos publicitarios de la formaci\u00f3n\" class=\"wp-image-2964\" srcset=\"https:\/\/szkolenia-udt.pl\/wp-content\/uploads\/2022\/06\/0077-oso.edu_.pl_-1024x853.jpg 1024w, https:\/\/szkolenia-udt.pl\/wp-content\/uploads\/2022\/06\/0077-oso.edu_.pl_-300x250.jpg 300w, https:\/\/szkolenia-udt.pl\/wp-content\/uploads\/2022\/06\/0077-oso.edu_.pl_-768x640.jpg 768w, https:\/\/szkolenia-udt.pl\/wp-content\/uploads\/2022\/06\/0077-oso.edu_.pl_.jpg 1200w\" sizes=\"auto, (max-width: 1024px) 100vw, 1024px\" \/><\/a><\/figure>\n<\/div>","protected":false},"excerpt":{"rendered":"<p>O szkoleniu W bran\u017cy budowlanej mo\u017cemy liczy\u0107 na stabilne zatrudnienie i bardzo dobre wynagrodzenie. Praca na budowie jest jednak jedn\u0105 z ci\u0119\u017cszych i do\u015b\u0107 trudnych pod wzgl\u0119dem kondycji fizycznej, ale r\u00f3wnie\u017c zwa\u017cywszy na warunki atmosferyczne. Dlatego tak bardzo wa\u017cne s\u0105 odpowiednie kwalifikacje i niezb\u0119dne umiej\u0119tno\u015bci, dzi\u0119ki kt\u00f3rym pracownicy utrzymaj\u0105 bezpieczne warunki pracy.\u00a0 Wymagania, jakie nale\u017cy [&hellip;]<\/p>\n","protected":false},"author":10,"featured_media":2965,"parent":2266,"menu_order":0,"comment_status":"closed","ping_status":"closed","template":"","meta":{"footnotes":""},"class_list":["post-2963","page","type-page","status-publish","has-post-thumbnail","hentry"],"aioseo_notices":[],"_links":{"self":[{"href":"https:\/\/szkolenia-udt.pl\/es\/wp-json\/wp\/v2\/pages\/2963","targetHints":{"allow":["GET"]}}],"collection":[{"href":"https:\/\/szkolenia-udt.pl\/es\/wp-json\/wp\/v2\/pages"}],"about":[{"href":"https:\/\/szkolenia-udt.pl\/es\/wp-json\/wp\/v2\/types\/page"}],"author":[{"embeddable":true,"href":"https:\/\/szkolenia-udt.pl\/es\/wp-json\/wp\/v2\/users\/10"}],"replies":[{"embeddable":true,"href":"https:\/\/szkolenia-udt.pl\/es\/wp-json\/wp\/v2\/comments?post=2963"}],"version-history":[{"count":10,"href":"https:\/\/szkolenia-udt.pl\/es\/wp-json\/wp\/v2\/pages\/2963\/revisions"}],"predecessor-version":[{"id":4728,"href":"https:\/\/szkolenia-udt.pl\/es\/wp-json\/wp\/v2\/pages\/2963\/revisions\/4728"}],"up":[{"embeddable":true,"href":"https:\/\/szkolenia-udt.pl\/es\/wp-json\/wp\/v2\/pages\/2266"}],"wp:featuredmedia":[{"embeddable":true,"href":"https:\/\/szkolenia-udt.pl\/es\/wp-json\/wp\/v2\/media\/2965"}],"wp:attachment":[{"href":"https:\/\/szkolenia-udt.pl\/es\/wp-json\/wp\/v2\/media?parent=2963"}],"curies":[{"name":"wp","href":"https:\/\/api.w.org\/{rel}","templated":true}]}}