{"id":2973,"date":"2022-06-28T14:46:18","date_gmt":"2022-06-28T12:46:18","guid":{"rendered":"https:\/\/szkolenia-udt.pl\/?page_id=2973"},"modified":"2025-07-19T22:59:31","modified_gmt":"2025-07-19T20:59:31","slug":"pagina-de-inicio","status":"publish","type":"page","link":"https:\/\/szkolenia-udt.pl\/","title":{"rendered":"Hogar"},"content":{"rendered":"<div class=\"roww\">\n<div class=\"podzial\">\n<h2>Carretillas elevadoras - \u00a1Obtenga calificaciones UDT!<\/h2>\n<p><a href=\"https:\/\/szkolenia-udt.pl\/wp-content\/uploads\/2014\/11\/wozki1a.jpg\"><img loading=\"lazy\" decoding=\"async\" class=\"alignright wp-image-1203 size-full\" src=\"https:\/\/szkolenia-udt.pl\/wp-content\/uploads\/2014\/11\/wozki1a.jpg\" alt=\"\" width=\"300\" height=\"225\" srcset=\"https:\/\/szkolenia-udt.pl\/wp-content\/uploads\/2014\/11\/wozki1a.jpg 300w, https:\/\/szkolenia-udt.pl\/wp-content\/uploads\/2014\/11\/wozki1a-135x100.jpg 135w\" sizes=\"auto, (max-width: 300px) 100vw, 300px\" \/><\/a>La licencia de montacargas es uno de los cursos m\u00e1s buscados, con nosotros recibir\u00e1s amplios conocimientos y habilidades, gracias a los cuales aprobar\u00e1s el examen UDT. En nuestra oferta encontrar\u00e1 cursos para carretillas elevadoras y cargadoras telesc\u00f3picas y dispositivos relacionados, que incluyen:<\/p>\n<ul>\n<li>alto almacenamiento,<\/li>\n<li>mecanismo de elevaci\u00f3n,<\/li>\n<li>levantar al operador y la carga,<\/li>\n<li>con alcance variable,<\/li>\n<li>cargadores telesc\u00f3picos,<\/li>\n<li>camiones industriales.<\/li>\n<\/ul>\n<p><a class=\"read-more bttn\" href=\"https:\/\/szkolenia-udt.pl\/es\/cursos\/carretillas-elevadoras\/\">Lee mas<\/a><\/p>\n<\/div>\n<div class=\"podzial\">\n<h2>Plataformas m\u00f3viles y ascensores - Formaci\u00f3n UDT<\/h2>\n<p><a href=\"https:\/\/szkolenia-udt.pl\/wp-content\/uploads\/2014\/11\/platf-no\u017cycowaa.jpg\"><img loading=\"lazy\" decoding=\"async\" class=\"alignright wp-image-1208 size-full\" src=\"https:\/\/szkolenia-udt.pl\/wp-content\/uploads\/2014\/11\/platf-no\u017cycowaa.jpg\" alt=\"\" width=\"300\" height=\"225\" srcset=\"https:\/\/szkolenia-udt.pl\/wp-content\/uploads\/2014\/11\/platf-no\u017cycowaa.jpg 300w, https:\/\/szkolenia-udt.pl\/wp-content\/uploads\/2014\/11\/platf-no\u017cycowaa-135x100.jpg 135w\" sizes=\"auto, (max-width: 300px) 100vw, 300px\" \/><\/a>Realizamos clases profesionales de preparaci\u00f3n para el examen UDT a precios atractivos. Gracias a nosotros, obtendr\u00e1 conocimientos y habilidades para operar plataformas y ascensores, tales como:<\/p>\n<ul>\n<li>plataformas m\u00f3viles,<\/li>\n<li>plataformas a\u00e9reas (ascensores),<\/li>\n<li>elevadores de tijera,<\/li>\n<li>plataformas colgantes y de m\u00e1stil,<\/li>\n<li>plataformas vehiculares y ferroviarias,<\/li>\n<li>plataformas estacionarias y de movimiento lento,<\/li>\n<li>y cargando<\/li>\n<\/ul>\n<p><a class=\"read-more bttn\" href=\"https:\/\/szkolenia-udt.pl\/es\/cursos\/plataformas-moviles\/\">Lee mas<\/a><\/p>\n<\/div>\n<\/div>\n<div class=\"roww\">\n<div class=\"podzial\">\n<h2>Entrenamiento en altitud\/Alpinismo\/IRATA<\/h2>\n<p><a href=\"https:\/\/szkolenia-udt.pl\/wp-content\/uploads\/2021\/11\/pracawysok.jpg\"><img loading=\"lazy\" decoding=\"async\" class=\"alignright wp-image-2578 size-medium\" src=\"https:\/\/szkolenia-udt.pl\/wp-content\/uploads\/2021\/11\/pracawysok-300x200.jpg\" alt=\"\" width=\"300\" height=\"200\" srcset=\"https:\/\/szkolenia-udt.pl\/wp-content\/uploads\/2021\/11\/pracawysok-300x200.jpg 300w, https:\/\/szkolenia-udt.pl\/wp-content\/uploads\/2021\/11\/pracawysok-1024x681.jpg 1024w, https:\/\/szkolenia-udt.pl\/wp-content\/uploads\/2021\/11\/pracawysok-768x511.jpg 768w, https:\/\/szkolenia-udt.pl\/wp-content\/uploads\/2021\/11\/pracawysok-1536x1022.jpg 1536w, https:\/\/szkolenia-udt.pl\/wp-content\/uploads\/2021\/11\/pracawysok.jpg 1551w\" sizes=\"auto, (max-width: 300px) 100vw, 300px\" \/><\/a>El trabajo de escalada es cada vez m\u00e1s popular y, por lo tanto, aumenta la necesidad de entrenamiento en altura. Sabemos lo importante que es la seguridad cuando se trabaja en altura, por lo que le damos mucha importancia durante las clases. Realizamos formaci\u00f3n en todo tipo de formaci\u00f3n:<\/p>\n<ul>\n<li>acceso a la construcci\u00f3n (por ejemplo, servicio de arneses),<\/li>\n<li>acceso a la construcci\u00f3n con elementos de t\u00e9cnicas de acceso por cuerda,<\/li>\n<li>crear puntos de seguridad temporales,<\/li>\n<li>entrenamiento de escalada en t\u00e9cnicas de acceso por cuerda,<\/li>\n<li>formaci\u00f3n en la evacuaci\u00f3n de personas en altura,<\/li>\n<li>formaci\u00f3n en evacuaci\u00f3n de personas de espacios confinados,<\/li>\n<li>Curso de habilitaci\u00f3n IRATA - todos los niveles L1, L2 y L3.<\/li>\n<\/ul>\n<p><a class=\"read-more bttn\" href=\"https:\/\/szkolenia-udt.pl\/es\/cursos\/trabajo-en-altura\/\">Lee mas<\/a><\/p>\n<\/div>\n<div class=\"podzial\">\n<h2>Gr\u00faas, polipastos y cabrestantes, gr\u00faas y una se\u00f1al de gancho<\/h2>\n<p><a href=\"https:\/\/szkolenia-udt.pl\/wp-content\/uploads\/2021\/09\/suwnice_1.jpg\"><img loading=\"lazy\" decoding=\"async\" class=\"alignright wp-image-2517 size-medium\" src=\"https:\/\/szkolenia-udt.pl\/wp-content\/uploads\/2021\/09\/suwnice_1-300x252.jpg\" alt=\"\" width=\"300\" height=\"252\" srcset=\"https:\/\/szkolenia-udt.pl\/wp-content\/uploads\/2021\/09\/suwnice_1-300x252.jpg 300w, https:\/\/szkolenia-udt.pl\/wp-content\/uploads\/2021\/09\/suwnice_1-1024x859.jpg 1024w, https:\/\/szkolenia-udt.pl\/wp-content\/uploads\/2021\/09\/suwnice_1-768x644.jpg 768w, https:\/\/szkolenia-udt.pl\/wp-content\/uploads\/2021\/09\/suwnice_1.jpg 1455w\" sizes=\"auto, (max-width: 300px) 100vw, 300px\" \/><\/a>Te invitamos a nuestro centro de formaci\u00f3n en el uso de aparatos de elevaci\u00f3n. Nuestra oferta de cursos te permitir\u00e1 adquirir conocimientos y habilidades para desempe\u00f1arte en puestos como:<\/p>\n<ul>\n<li>gr\u00faas de p\u00f3rtico,<\/li>\n<li>montacargas<\/li>\n<li>cabrestantes,<\/li>\n<li>gr\u00faas,<\/li>\n<li>se\u00f1alizador - gancho.<\/li>\n<\/ul>\n<p><a class=\"read-more bttn\" href=\"https:\/\/szkolenia-udt.pl\/es\/cursos\/gruas-2\/\">Lee mas<\/a><\/p>\n<\/div>\n<\/div>\n<div class=\"roww\">\n<div class=\"podzial\">\n<h2>HDS y gr\u00faas torre - Cursos UDT<\/h2>\n<p><a href=\"https:\/\/szkolenia-udt.pl\/wp-content\/uploads\/2015\/07\/reshds_wywrotka_trojstronna_W3F_Volvo_6x4_2.jpg\"><img loading=\"lazy\" decoding=\"async\" class=\"alignright wp-image-1361 size-full\" src=\"https:\/\/szkolenia-udt.pl\/wp-content\/uploads\/2015\/07\/reshds_wywrotka_trojstronna_W3F_Volvo_6x4_2.jpg\" alt=\"\" width=\"300\" height=\"225\" srcset=\"https:\/\/szkolenia-udt.pl\/wp-content\/uploads\/2015\/07\/reshds_wywrotka_trojstronna_W3F_Volvo_6x4_2.jpg 300w, https:\/\/szkolenia-udt.pl\/wp-content\/uploads\/2015\/07\/reshds_wywrotka_trojstronna_W3F_Volvo_6x4_2-135x100.jpg 135w\" sizes=\"auto, (max-width: 300px) 100vw, 300px\" \/><\/a>Te invitamos a la formaci\u00f3n para la cualificaci\u00f3n para trabajar como operador de gr\u00faa, desde gr\u00faas torre hasta HDS. Tenemos sucursales en las principales ciudades polacas y tambi\u00e9n estamos listos para ir al lugar indicado por el cliente. En nuestra oferta encontrar\u00e1s cursos sobre gr\u00faas:<\/p>\n<ul>\n<li>torre,<\/li>\n<li>autopropulsado,<\/li>\n<li>disco duro port\u00e1til,<\/li>\n<li>estacionario,<\/li>\n<li>ferrocarril y en veh\u00edculos ferroviarios,<\/li>\n<li>carril,<\/li>\n<li>a bordo,<\/li>\n<li>flotante,<\/li>\n<li>construcci\u00f3n naval.<\/li>\n<\/ul>\n<p><a class=\"read-more bttn\" href=\"https:\/\/szkolenia-udt.pl\/es\/cursos\/hd\/\">Lee mas<\/a><\/p>\n<\/div>\n<div class=\"podzial\">\n<h2>Montador de andamios - Formaci\u00f3n UDT<\/h2>\n<p><a href=\"https:\/\/szkolenia-udt.pl\/wp-content\/uploads\/2022\/05\/D25_142_240_1200.jpg\"><img loading=\"lazy\" decoding=\"async\" class=\"size-medium wp-image-2786 alignright\" src=\"https:\/\/szkolenia-udt.pl\/wp-content\/uploads\/2022\/05\/D25_142_240_1200-300x200.jpg\" alt=\"\" width=\"300\" height=\"200\" srcset=\"https:\/\/szkolenia-udt.pl\/wp-content\/uploads\/2022\/05\/D25_142_240_1200-300x200.jpg 300w, https:\/\/szkolenia-udt.pl\/wp-content\/uploads\/2022\/05\/D25_142_240_1200-1024x683.jpg 1024w, https:\/\/szkolenia-udt.pl\/wp-content\/uploads\/2022\/05\/D25_142_240_1200-768x512.jpg 768w, https:\/\/szkolenia-udt.pl\/wp-content\/uploads\/2022\/05\/D25_142_240_1200.jpg 1200w\" sizes=\"auto, (max-width: 300px) 100vw, 300px\" \/><\/a>Te invitamos a nuestro centro de formaci\u00f3n en el campo del montaje de andamios, con nosotros adquirir\u00e1s conocimientos y habilidades \u00fatiles mientras trabajas en este puesto. Gracias a nosotros sabr\u00e1s:<\/p>\n<ul>\n<li>reglas para el montaje de andamios met\u00e1licos,<\/li>\n<li>reglas para el montaje de andamios de acero y tuber\u00edas de sistema,<\/li>\n<li>normas para el desmontaje del andamio.<\/li>\n<\/ul>\n<p><a class=\"read-more bttn\" href=\"https:\/\/szkolenia-udt.pl\/es\/cursos\/andamio\/\">Lee mas<\/a><\/p>\n<\/div>\n<\/div>\n<div class=\"roww\">\n<div class=\"podzial\">\n<h2>Formaci\u00f3n para titulaciones UDT<\/h2>\n<p>Te invitamos a nuestro centro de cursos sobre dispositivos que requieren titulaci\u00f3n UDT. Gracias a la experiencia y conocimiento de nuestro personal, el examen debe ser solo un tr\u00e1mite que te permitir\u00e1 comenzar a trabajar como operador de uno de los siguientes dispositivos:<\/p>\n<ul>\n<li><a href=\"https:\/\/szkolenia-udt.pl\/wp-content\/uploads\/2021\/08\/szkolenia-udt.pl-0014-OPUBLIKOWANY-v11.jpg\"><img loading=\"lazy\" decoding=\"async\" class=\"alignright wp-image-2495 size-medium\" src=\"https:\/\/szkolenia-udt.pl\/wp-content\/uploads\/2021\/08\/szkolenia-udt.pl-0014-OPUBLIKOWANY-v11-300x200.jpg\" alt=\"El conservador de la UDT realiza las reparaciones de la plataforma a\u00e9rea, observando las normas de seguridad e higiene y las normas de inspecci\u00f3n t\u00e9cnica\" width=\"300\" height=\"200\" srcset=\"https:\/\/szkolenia-udt.pl\/wp-content\/uploads\/2021\/08\/szkolenia-udt.pl-0014-OPUBLIKOWANY-v11-300x200.jpg 300w, https:\/\/szkolenia-udt.pl\/wp-content\/uploads\/2021\/08\/szkolenia-udt.pl-0014-OPUBLIKOWANY-v11-1024x683.jpg 1024w, https:\/\/szkolenia-udt.pl\/wp-content\/uploads\/2021\/08\/szkolenia-udt.pl-0014-OPUBLIKOWANY-v11-768x512.jpg 768w, https:\/\/szkolenia-udt.pl\/wp-content\/uploads\/2021\/08\/szkolenia-udt.pl-0014-OPUBLIKOWANY-v11.jpg 1200w\" sizes=\"auto, (max-width: 300px) 100vw, 300px\" \/><\/a>cabrestantes y polipastos,<\/li>\n<li>gr\u00faas de p\u00f3rtico,<\/li>\n<li>gr\u00faas estacionarias,<\/li>\n<li>gr\u00faas m\u00f3viles,<\/li>\n<li>gr\u00faas torre y de montaje r\u00e1pido,<\/li>\n<li>gr\u00faas m\u00f3viles y port\u00e1tiles,<\/li>\n<li>transelevadores,<\/li>\n<li>declaraciones de bienes,<\/li>\n<li>elevadores de barcos,<\/li>\n<li>plataformas m\u00f3viles colgantes,<\/li>\n<li>plataformas m\u00f3viles estacionarias,<\/li>\n<li>plataformas de trabajo que suben del m\u00e1stil,<\/li>\n<li>Carretillas elevadoras,<\/li>\n<li>gr\u00faas de construcci\u00f3n,<\/li>\n<li>ascensores de mercanc\u00edas y pasajeros.<\/li>\n<\/ul>\n<p><a class=\"read-more bttn\" href=\"https:\/\/szkolenia-udt.pl\/es\/cursos\/udt-derechos-tdt-wdt\/\">Lee mas<\/a><\/p>\n<\/div>\n<div class=\"podzial\">\n<h2>Cursos de soldadura<\/h2>\n<p><a href=\"https:\/\/szkolenia-udt.pl\/wp-content\/uploads\/2022\/01\/spawanie_szkoleniaudt.jpg\"><img loading=\"lazy\" decoding=\"async\" class=\"size-medium wp-image-2584 alignright\" src=\"https:\/\/szkolenia-udt.pl\/wp-content\/uploads\/2022\/01\/spawanie_szkoleniaudt-300x200.jpg\" alt=\"Una t\u00e9cnica de uni\u00f3n de metal utilizando alambre como aglutinante.\" width=\"300\" height=\"200\" srcset=\"https:\/\/szkolenia-udt.pl\/wp-content\/uploads\/2022\/01\/spawanie_szkoleniaudt-300x200.jpg 300w, https:\/\/szkolenia-udt.pl\/wp-content\/uploads\/2022\/01\/spawanie_szkoleniaudt-1024x683.jpg 1024w, https:\/\/szkolenia-udt.pl\/wp-content\/uploads\/2022\/01\/spawanie_szkoleniaudt-768x512.jpg 768w, https:\/\/szkolenia-udt.pl\/wp-content\/uploads\/2022\/01\/spawanie_szkoleniaudt.jpg 1483w\" sizes=\"auto, (max-width: 300px) 100vw, 300px\" \/><\/a>Te invitamos a nuestro centro a realizar un curso de soldador, gracias al cual adquirir\u00e1s conocimientos y habilidades que te ayudar\u00e1n a conseguir un puesto de trabajo en este puesto. Con nosotros aprender\u00e1 no solo a soldar, sino tambi\u00e9n a soldar y soldar. En nuestra oferta:<\/p>\n<p><strong>Soldadura:\u00a0\u00a0<\/strong><\/p>\n<ul>\n<li>MIG\/MAG,<\/li>\n<li>TIG,<\/li>\n<li>artes marciales mixtas,<\/li>\n<li>SIERRA,<\/li>\n<li>soldadura por arco de plasma,<\/li>\n<\/ul>\n<p><strong>Soldadura:\u00a0\u00a0<\/strong><\/p>\n<ul>\n<li>electrofusi\u00f3n<\/li>\n<li>extremo.<\/li>\n<\/ul>\n<p><strong>Soldadura:\u00a0\u00a0<\/strong><\/p>\n<ul>\n<li>suave,<\/li>\n<li>dif\u00edcil.<\/li>\n<\/ul>\n<p><a class=\"read-more bttn\" href=\"https:\/\/szkolenia-udt.pl\/es\/cursos\/soldadura\/\">Lee mas<\/a><\/p>\n<\/div>\n<\/div>\n<div class=\"roww\">\n<div class=\"podzial\">\n<h2>Conexiones de brida - cursos<\/h2>\n<p>Lo invitamos a nuestro centro para un curso, gracias al cual aprender\u00e1 a ensamblar correctamente las conexiones de brida. La creciente demanda de este tipo de trabajos hace que se necesiten especialistas cualificados en este campo. Las clases se llevan a cabo de acuerdo con la norma PN EN 1591-4.<\/p>\n<p><a class=\"read-more bttn\" href=\"https:\/\/szkolenia-udt.pl\/es\/cursos\/udt-derechos-tdt-wdt\/conjunto-de-conexiones-de-brida\/\">Lee mas<\/a><\/p>\n<\/div>\n<div class=\"podzial\">\n<h2>Capacitaci\u00f3n peri\u00f3dica en seguridad y salud.<\/h2>\n<p><a href=\"https:\/\/szkolenia-udt.pl\/wp-content\/uploads\/2022\/06\/oso.edu_.pl-84-91-0K2A8465.jpg\"><img loading=\"lazy\" decoding=\"async\" class=\"alignright\" src=\"https:\/\/szkolenia-udt.pl\/wp-content\/uploads\/2022\/06\/oso.edu_.pl-84-91-0K2A8465-300x200.jpg\" alt=\"\" width=\"300\" height=\"200\" \/><\/a>Cada empleador est\u00e1 obligado a proporcionar una formaci\u00f3n adecuada en materia de salud y seguridad a los empleados. Adem\u00e1s de la capacitaci\u00f3n inicial que un empleado debe recibir al ingresar al puesto, cada miembro del personal debe recibir capacitaci\u00f3n peri\u00f3dica cada pocos a\u00f1os.<\/p>\n<ul>\n<li>Para los empleados de los servicios de OHS<\/li>\n<li>Para empleadores<\/li>\n<li>Para trabajadores de cuello azul<\/li>\n<li>Para ingenieros y trabajadores t\u00e9cnicos.<\/li>\n<\/ul>\n<p><a class=\"read-more bttn\" href=\"https:\/\/szkolenia-udt.pl\/es\/cursos\/fuego-y-seguridad\/trabajo-arriesgado\/\">Lee mas<\/a><\/p>\n<\/div>\n<\/div>\n<div class=\"roww\">\n<div class=\"podzial\">\n<h2>Montacargas<\/h2>\n<p>Las gr\u00faas, conocidas coloquialmente como ascensores, se utilizan para mover mercanc\u00edas o personas de forma vertical. A menudo se confunden con todo el grupo de gr\u00faas del que forman parte. Se requiere capacitaci\u00f3n especial de UDT para operar la gr\u00faa. Tipos de gr\u00faas:<\/p>\n<ul>\n<li>eje (ascensores)<\/li>\n<li>circular<\/li>\n<li>construcci\u00f3n vertical<\/li>\n<li>Puerto<\/li>\n<li>en pendiente<\/li>\n<\/ul>\n<p><a class=\"read-more bttn\" href=\"https:\/\/szkolenia-udt.pl\/es\/cursos\/udt-derechos-tdt-wdt\/\">Lee mas<\/a><\/p>\n<\/div>\n<div class=\"podzial\">\n<h2>Cursos G1, G2, G3<\/h2>\n<p><a href=\"https:\/\/szkolenia-udt.pl\/wp-content\/uploads\/2017\/12\/SEP_2016-1030x687.jpg\"><img loading=\"lazy\" decoding=\"async\" class=\"size-medium wp-image-1943 alignright\" src=\"https:\/\/szkolenia-udt.pl\/wp-content\/uploads\/2017\/12\/SEP_2016-1030x687-300x200.jpg\" alt=\"\" width=\"300\" height=\"200\" srcset=\"https:\/\/szkolenia-udt.pl\/wp-content\/uploads\/2017\/12\/SEP_2016-1030x687-300x200.jpg 300w, https:\/\/szkolenia-udt.pl\/wp-content\/uploads\/2017\/12\/SEP_2016-1030x687-768x512.jpg 768w, https:\/\/szkolenia-udt.pl\/wp-content\/uploads\/2017\/12\/SEP_2016-1030x687-1024x683.jpg 1024w, https:\/\/szkolenia-udt.pl\/wp-content\/uploads\/2017\/12\/SEP_2016-1030x687.jpg 1030w\" sizes=\"auto, (max-width: 300px) 100vw, 300px\" \/><\/a>Realizamos cursos de preparaci\u00f3n para los ex\u00e1menes ante las comisiones SEP, PSE, SIMP, SITPS en las categor\u00edas G1, G2 y G3 - si desea obtener autorizaciones de hasta 1 kV o m\u00e1s, nuestro centro le ofrece un servicio completo y profesional.  Con nosotros podr\u00e1 obtener m\u00e1s f\u00e1cilmente las autorizaciones concedidas por SEP, PSE, SIMP, SITPS para las categor\u00edas G1 - electricidad, G2 - calor y G3 - gas. Las autorizaciones le permiten trabajar con:<\/p>\n<div style=\"float: left; width: 50%;\">\n<p>G1:<\/p>\n<ul>\n<li>dispositivos de generaci\u00f3n de energ\u00eda<\/li>\n<li>equipo de electr\u00f3lisis<\/li>\n<li>dispositivos electrot\u00e9rmicos<\/li>\n<li>equipos de control y medida<\/li>\n<\/ul>\n<p>G2:<\/p>\n<ul>\n<li>calderas de vapor y agua<\/li>\n<li>bombas y ventiladores<\/li>\n<li>compresores<\/li>\n<li>instalaciones t\u00e9rmicas<\/li>\n<\/ul>\n<\/div>\n<div style=\"float: left; width: 50%;\">\n<p>G3:<\/p>\n<ul>\n<li>turbinas de gas<\/li>\n<li>dispositivos de almacenamiento<\/li>\n<li>equipos para la produccion de combustibles gaseosos<\/li>\n<\/ul>\n<\/div>\n<div style=\"clear: both;\"><a class=\"read-more bttn\" href=\"https:\/\/szkolenia-udt.pl\/es\/cursos\/sep-g1-g2-g3\/\">Lee mas<\/a><\/div>\n<\/div>\n<\/div>\n<div class=\"roww\">\n<div class=\"podzial\">\n<h2>Venta de dispositivos<\/h2>\n<p>Le animamos a consultar nuestra oferta de venta<\/p>\n<ul>\n<li>gr\u00faas HDS,<\/li>\n<li>montacargas,<\/li>\n<li>elevadores de tijera y plataformas a\u00e9reas,<\/li>\n<li>cargadores telesc\u00f3picos.<\/li>\n<\/ul>\n<p>Vendemos dispositivos de las marcas m\u00e1s populares del mundo a precios competitivos<\/p>\n<ul>\n<li>Linde,<\/li>\n<li>haulotte,<\/li>\n<li>Genio,<\/li>\n<li>manitou,<\/li>\n<li>jlg,<\/li>\n<li>Todav\u00eda,<\/li>\n<li>toyota,<\/li>\n<li>Jungheinrich.<\/li>\n<\/ul>\n<\/div>\n<div class=\"podzial\">\n<h2>Mantenimiento de equipo<\/h2>\n<p>El mantenimiento de los equipos que vendemos es de gran importancia en t\u00e9rminos de prolongar su vida \u00fatil y garantizar largos a\u00f1os de funcionamiento sin problemas. El costo del mantenimiento del dispositivo es mucho m\u00e1s bajo que los costos que puede causar una falla repentina. Nuestra empresa ofrece servicios de reparaci\u00f3n y mantenimiento de los dispositivos antes mencionados, y tambi\u00e9n nos ocupamos de puentes gr\u00faa y otro tipo de plataformas m\u00f3viles. \u00a1Gracias a nosotros, su equipo funcionar\u00e1 como nuevo!<\/p>\n<ul>\n<li>jlg,<\/li>\n<li>Todav\u00eda,<\/li>\n<li>toyota,<\/li>\n<li>haulotte,<\/li>\n<li>Genio,<\/li>\n<li>manitou,<\/li>\n<li>Linde,<\/li>\n<li>Jungheinrich.<\/li>\n<\/ul>\n<\/div>\n<\/div>\n<div class=\"wyjustuj fullekran\">\n<h2 style=\"text-align: center;\">\u00a1Consulta ahora los detalles de nuestra oferta e inscr\u00edbete en un curso en el Centro de Formaci\u00f3n de Operadores de OSO!<\/h2>\n<div>\n<p>Entrenamiento en linea<\/p>\n<p>Damas y caballeros,<\/p>\n<p>OSO implementa educaci\u00f3n #BHP #UDT #TDT #SEP utilizando tecnolog\u00eda moderna e Internet, en forma de en l\u00ednea, es decir, e-learning y seminarios web: transmisi\u00f3n de audio y video en tiempo real.<\/p>\n<p>Nuestros cursos electr\u00f3nicos #UDT #TDT #SEP #BHP y # Altura en acceso a la construcci\u00f3n, as\u00ed como para se\u00f1alizadores #H o # est\u00e1n disponibles en el sitio web.<\/p>\n<p><a class=\"read-more bttn\" href=\"\/es\/e-tipos\/\">Lee mas<\/a><\/p>\n<\/div>\n<\/div>","protected":false},"excerpt":{"rendered":"<p>W\u00f3zki wid\u0142owe &#8211; zdob\u0105d\u017a uprawnienia UDT! Uprawnienia na w\u00f3zki wid\u0142owe s\u0105 jednymi z najcz\u0119\u015bciej poszukiwanych kurs\u00f3w, z nami otrzymasz kompleksow\u0105 wiedz\u0119 i umiej\u0119tno\u015bci, dzi\u0119ki kt\u00f3rym zdasz egzamin UDT. W naszej ofercie znajdziesz kursy na w\u00f3zki wid\u0142owe i \u0142adowarki teleskopowe oraz pokrewne urz\u0105dzenia w tym: wysokiego sk\u0142adowania, podno\u015bnikowe, unosz\u0105ce operatora i \u0142adunek, ze zmiennym wysi\u0119giem, \u0142adowarki [&hellip;]<\/p>\n","protected":false},"author":3,"featured_media":0,"parent":0,"menu_order":0,"comment_status":"closed","ping_status":"closed","template":"template-home.php","meta":{"footnotes":""},"class_list":["post-2973","page","type-page","status-publish","hentry"],"aioseo_notices":[],"_links":{"self":[{"href":"https:\/\/szkolenia-udt.pl\/es\/wp-json\/wp\/v2\/pages\/2973","targetHints":{"allow":["GET"]}}],"collection":[{"href":"https:\/\/szkolenia-udt.pl\/es\/wp-json\/wp\/v2\/pages"}],"about":[{"href":"https:\/\/szkolenia-udt.pl\/es\/wp-json\/wp\/v2\/types\/page"}],"author":[{"embeddable":true,"href":"https:\/\/szkolenia-udt.pl\/es\/wp-json\/wp\/v2\/users\/3"}],"replies":[{"embeddable":true,"href":"https:\/\/szkolenia-udt.pl\/es\/wp-json\/wp\/v2\/comments?post=2973"}],"version-history":[{"count":14,"href":"https:\/\/szkolenia-udt.pl\/es\/wp-json\/wp\/v2\/pages\/2973\/revisions"}],"predecessor-version":[{"id":5728,"href":"https:\/\/szkolenia-udt.pl\/es\/wp-json\/wp\/v2\/pages\/2973\/revisions\/5728"}],"wp:attachment":[{"href":"https:\/\/szkolenia-udt.pl\/es\/wp-json\/wp\/v2\/media?parent=2973"}],"curies":[{"name":"wp","href":"https:\/\/api.w.org\/{rel}","templated":true}]}}