{"id":2986,"date":"2022-06-30T13:52:12","date_gmt":"2022-06-30T11:52:12","guid":{"rendered":"https:\/\/szkolenia-udt.pl\/?page_id=2986"},"modified":"2023-03-24T20:34:25","modified_gmt":"2023-03-24T19:34:25","slug":"tecnico-de-mantenimiento-de-planta","status":"publish","type":"page","link":"https:\/\/szkolenia-udt.pl\/es\/kursy\/uprawnienia-udt-tdt-wdt\/konserwator-urzadzen\/","title":{"rendered":"Curso de mantenimiento de equipos para discapacitados"},"content":{"rendered":"<div class=\"wp-block-image\">\n<figure class=\"alignleft size-large is-resized\"><a href=\"https:\/\/szkolenia-udt.pl\/wp-content\/uploads\/2022\/06\/oso.edu_.pl-0027.jpg\"><img loading=\"lazy\" decoding=\"async\" src=\"https:\/\/szkolenia-udt.pl\/wp-content\/uploads\/2022\/06\/oso.edu_.pl-0027-1024x768.jpg\" alt=\"galer\u00eda de fotos de los participantes de los cursos de mantenimiento de equipos para discapacitados\" class=\"wp-image-2987\" width=\"512\" height=\"384\" srcset=\"https:\/\/szkolenia-udt.pl\/wp-content\/uploads\/2022\/06\/oso.edu_.pl-0027-1024x768.jpg 1024w, https:\/\/szkolenia-udt.pl\/wp-content\/uploads\/2022\/06\/oso.edu_.pl-0027-300x225.jpg 300w, https:\/\/szkolenia-udt.pl\/wp-content\/uploads\/2022\/06\/oso.edu_.pl-0027-768x576.jpg 768w, https:\/\/szkolenia-udt.pl\/wp-content\/uploads\/2022\/06\/oso.edu_.pl-0027-135x100.jpg 135w, https:\/\/szkolenia-udt.pl\/wp-content\/uploads\/2022\/06\/oso.edu_.pl-0027.jpg 1067w\" sizes=\"auto, (max-width: 512px) 100vw, 512px\" \/><\/a><\/figure>\n<\/div>\n\n\n<h2 class=\"wp-block-heading\">Supervisi\u00f3n t\u00e9cnica<\/h2>\n\n\n\n<p>Seg\u00fan la legislaci\u00f3n, los equipos para personas con discapacidad est\u00e1n sujetos a supervisi\u00f3n t\u00e9cnica. Esto significa que ser\u00e1 necesario que cualquier persona interesada en trabajar en el mantenimiento de estas m\u00e1quinas obtenga un certificado autorizado por la Oficina de Inspecci\u00f3n T\u00e9cnica. El primer paso para obtener un certificado de autorizaci\u00f3n es apuntarse a un curso de preparaci\u00f3n para la certificaci\u00f3n UDT en mantenimiento de plataformas.\u00a0\u00a0<\/p>\n\n\n\n<h2 class=\"wp-block-heading\"><strong>Formaci\u00f3n en las OSC<\/strong>&nbsp;<\/h2>\n\n\n\n<p>Con nuestro curso sobre mantenimiento e instalaci\u00f3n de equipos especiales para personas con discapacidad, recibir\u00e1 la formaci\u00f3n completa necesaria para desempe\u00f1ar su trabajo en este \u00e1mbito. Encontrar\u00e1 una descripci\u00f3n detallada del curso sobre equipos para discapacitados en la oferta de OSO. Dichos cursos son impartidos por mantenedores e instaladores certificados, por lo que estamos seguros de que los <a href=\"https:\/\/szkolenia-udt.pl\/es\/kursy\/\">nuestros entrenamientos<\/a> estar\u00e1 al m\u00e1s alto nivel.&nbsp;<\/p>\n\n\n\n<h2 class=\"wp-block-heading\"><strong>Alcance de la formaci\u00f3n<\/strong>\u00a0<\/h2>\n\n\n\n<p>Nuestra formaci\u00f3n incluye:&nbsp;<\/p>\n\n\n\n<ul class=\"wp-block-list\">\n<li>instalaci\u00f3n de equipos especializados para personas con discapacidad,&nbsp;<\/li>\n\n\n\n<li>su correcto mantenimiento.\u00a0<\/li>\n<\/ul>\n\n\n<div class=\"wp-block-image\">\n<figure class=\"alignright size-full is-resized\"><a href=\"https:\/\/szkolenia-udt.pl\/wp-content\/uploads\/2022\/06\/oso.edu_.pl-0027.png\"><img loading=\"lazy\" decoding=\"async\" src=\"https:\/\/szkolenia-udt.pl\/wp-content\/uploads\/2022\/06\/oso.edu_.pl-0027.png\" alt=\"una persona discapacitada movi\u00e9ndose en un rellano en un hospital\" class=\"wp-image-2988\" width=\"500\" height=\"334\" srcset=\"https:\/\/szkolenia-udt.pl\/wp-content\/uploads\/2022\/06\/oso.edu_.pl-0027.png 1000w, https:\/\/szkolenia-udt.pl\/wp-content\/uploads\/2022\/06\/oso.edu_.pl-0027-300x200.png 300w, https:\/\/szkolenia-udt.pl\/wp-content\/uploads\/2022\/06\/oso.edu_.pl-0027-768x512.png 768w\" sizes=\"auto, (max-width: 500px) 100vw, 500px\" \/><\/a><\/figure>\n<\/div>\n\n\n<h2 class=\"wp-block-heading\"><strong>\u00bfQu\u00e9 aprender\u00e1s durante el curso?<\/strong>&nbsp;<\/h2>\n\n\n\n<p>Las clases se imparten en dos m\u00f3dulos: te\u00f3rico y pr\u00e1ctico. Durante el primero, los participantes aprenden informaci\u00f3n b\u00e1sica sobre:&nbsp;<\/p>\n\n\n\n<ul class=\"wp-block-list\">\n<li>tipos y construcci\u00f3n de plataformas para el transporte de personas con discapacidad,&nbsp;<\/li>\n\n\n\n<li>fallas t\u00edpicas que enfrentan los conservadores de equipos de manejo,&nbsp;<\/li>\n\n\n\n<li>disposiciones legales relativas al trabajo de un trabajador de mantenimiento para personas con discapacidad,&nbsp;<\/li>\n\n\n\n<li>deberes como conservador de equipos,&nbsp;<\/li>\n\n\n\n<li>normas de salud y seguridad.&nbsp;<\/li>\n<\/ul>\n\n\n\n<h2 class=\"wp-block-heading\"><strong>Derechos<\/strong>&nbsp;<\/h2>\n\n\n\n<p>El certificado UDT es la confirmaci\u00f3n de las competencias que ha adquirido y la prueba de sus cualificaciones. S\u00f3lo as\u00ed podr\u00e1 manejar legalmente equipos para discapacitados. La autorizaci\u00f3n para manejar y mantener plataformas de carga para el transporte de personas con discapacidad es v\u00e1lida durante un periodo de cinco a\u00f1os a partir de su expedici\u00f3n.&nbsp;<strong>&nbsp;<\/strong>&nbsp;<\/p>\n\n\n\n<h2 class=\"wp-block-heading\"><strong>Requisitos para participar en el curso<\/strong>&nbsp;<\/h2>\n\n\n\n<p>Para poder matricularse en el curso y as\u00ed obtener la titulaci\u00f3n UDT se deben cumplir tres requisitos:&nbsp;<\/p>\n\n\n\n<ul class=\"wp-block-list\">\n<li>ser mayor de 18 a\u00f1os,&nbsp;<\/li>\n\n\n\n<li>completar al menos la escuela primaria,&nbsp;<\/li>\n\n\n\n<li>no tener ninguna contraindicaci\u00f3n de salud para ejercer la profesi\u00f3n de restaurador.&nbsp;<\/li>\n<\/ul>\n\n\n\n<h2 class=\"wp-block-heading\"><strong>Responsabilidades del conservador<\/strong>&nbsp;<\/h2>\n\n\n\n<p>Las tareas del mantenedor de equipos incluyen actividades como:&nbsp;<\/p>\n\n\n\n<ul class=\"dwiekolumny wp-block-list\">\n<li>inspecciones t\u00e9cnicas peri\u00f3dicas,&nbsp;<\/li>\n\n\n\n<li>inspecciones t\u00e9cnicas iniciales,\u00a0<\/li>\n\n\n\n<li>mantenimiento y modernizaci\u00f3n de equipos,&nbsp;<\/li>\n\n\n\n<li>sustituci\u00f3n de piezas y fluidos,&nbsp;<\/li>\n\n\n\n<li>reparaci\u00f3n de defectos,&nbsp;<\/li>\n\n\n\n<li>prevenci\u00f3n de accidentes,&nbsp;<\/li>\n\n\n\n<li>completar la documentaci\u00f3n t\u00e9cnica de los equipos.&nbsp;<\/li>\n<\/ul>\n\n\n\n<h2 class=\"wp-block-heading\"><strong>\u00bfQu\u00e9 son los dispositivos para personas con discapacidad?<\/strong>&nbsp;<\/h2>\n\n\n\n<p>Entre los dispositivos m\u00e1s populares de este tipo est\u00e1n las plataformas. Pueden encontrarse en oficinas, hospitales y otros lugares p\u00fablicos. He aqu\u00ed algunos ejemplos de este tipo de dispositivos:&nbsp;<\/p>\n\n\n\n<ul class=\"dwiekolumny wp-block-list\">\n<li>telesillas,&nbsp;<\/li>\n\n\n\n<li>plataformas escalonadas,\u00a0<\/li>\n\n\n\n<li>plataformas verticales,\u00a0<\/li>\n\n\n\n<li>plataformas verticales sin eje.\u00a0<\/li>\n<\/ul>\n\n\n\n<h2 class=\"wp-block-heading\"><strong>\u00bfQui\u00e9nes somos? - CSOS<\/strong>\u00a0<\/h2>\n\n\n\n<p>Llevamos muchos a\u00f1os prestando servicios integrales de formaci\u00f3n a diversos grupos profesionales. Nuestra oferta incluye, entre otros <a href=\"https:\/\/szkolenia-udt.pl\/es\/kursy\/szkolenie-audytorskie-udt\/\">formaci\u00f3n UDT<\/a> y HDS, as\u00ed como formaci\u00f3n en salud y seguridad, seguridad contra incendios y primeros auxilios. Con nosotros no s\u00f3lo adquirir\u00e1s las competencias necesarias, sino que tambi\u00e9n aprender\u00e1s a trabajar con seguridad.&nbsp;<\/p>\n\n\n\n<h2 class=\"wp-block-heading\"><strong>Otra informaci\u00f3n sobre el curso<\/strong>&nbsp;<\/h2>\n\n\n\n<p>Ofrecemos formaci\u00f3n abierta y cerrada. Formamos en toda Polonia, incluida Varsovia. Grupos organizados y propietarios de empresas <a href=\"https:\/\/szkolenia-udt.pl\/es\/kontakt\/\">no dude en ponerse en contacto con nosotros<\/a> para determinar la fecha y el lugar de la formaci\u00f3n. Debido al tama\u00f1o de los grupos y al tipo de formaci\u00f3n, fijamos los precios individualmente con el cliente.&nbsp;<\/p>\n\n\n\n<p>Consulte nuestra oferta actual de cursos abiertos.&nbsp;<\/p>\n\n\n\n<h2 class=\"wp-block-heading\"><strong>Estaremos encantados de responder a sus preguntas.<\/strong>\u00a0<\/h2>\n\n\n\n<p>Si tiene alguna pregunta sobre nuestros servicios, estamos siempre a su disposici\u00f3n: p\u00f3ngase en contacto con nosotros. Eche un vistazo a nuestro <a href=\"https:\/\/szkolenia-udt.pl\/es\/oferta\/\">oferta completa<\/a> formaci\u00f3n presentada en el sitio web y le animamos a elegir nuestros servicios!&nbsp;&nbsp;&nbsp;<\/p>\n\n\n<div class=\"wp-block-image\">\n<figure class=\"aligncenter\"><a href=\"https:\/\/szkolenia-udt.pl\/wp-content\/uploads\/2022\/06\/0027-oso-urzadzenia-dla-osob-niepelnosprawnych.jpg\"><img loading=\"lazy\" decoding=\"async\" width=\"1024\" height=\"853\" src=\"https:\/\/szkolenia-udt.pl\/wp-content\/uploads\/2022\/06\/0027-oso-urzadzenia-dla-osob-niepelnosprawnych-1024x853.jpg\" alt=\"publicidad gr\u00e1fica de la formaci\u00f3n\" class=\"wp-image-2990\" srcset=\"https:\/\/szkolenia-udt.pl\/wp-content\/uploads\/2022\/06\/0027-oso-urzadzenia-dla-osob-niepelnosprawnych-1024x853.jpg 1024w, https:\/\/szkolenia-udt.pl\/wp-content\/uploads\/2022\/06\/0027-oso-urzadzenia-dla-osob-niepelnosprawnych-300x250.jpg 300w, https:\/\/szkolenia-udt.pl\/wp-content\/uploads\/2022\/06\/0027-oso-urzadzenia-dla-osob-niepelnosprawnych-768x640.jpg 768w, https:\/\/szkolenia-udt.pl\/wp-content\/uploads\/2022\/06\/0027-oso-urzadzenia-dla-osob-niepelnosprawnych.jpg 1200w\" sizes=\"auto, (max-width: 1024px) 100vw, 1024px\" \/><\/a><\/figure>\n<\/div>","protected":false},"excerpt":{"rendered":"<p>Doz\u00f3r techniczny Wed\u0142ug przepis\u00f3w prawnych, urz\u0105dzenia dla os\u00f3b niepe\u0142nosprawnych s\u0105 obj\u0119te dozorem technicznym. Oznacza to, \u017ce dla wszystkich, kt\u00f3rzy s\u0105 zainteresowani prac\u0105 przy konserwacji tych maszyn, niezb\u0119dne b\u0119dzie uzyskanie certyfikatu zatwierdzonego przez Urz\u0105d Dozoru Technicznego. Pierwszym krokiem, jaki nale\u017cy wykona\u0107, by otrzyma\u0107 za\u015bwiadczenie uprawniaj\u0105ce, jest do\u0142\u0105czenie do kursu przygotowuj\u0105cego do uzyskania uprawnie\u0144 UDT w zakresie [&hellip;]<\/p>\n","protected":false},"author":10,"featured_media":2987,"parent":2266,"menu_order":0,"comment_status":"closed","ping_status":"closed","template":"","meta":{"footnotes":""},"class_list":["post-2986","page","type-page","status-publish","has-post-thumbnail","hentry"],"aioseo_notices":[],"_links":{"self":[{"href":"https:\/\/szkolenia-udt.pl\/es\/wp-json\/wp\/v2\/pages\/2986","targetHints":{"allow":["GET"]}}],"collection":[{"href":"https:\/\/szkolenia-udt.pl\/es\/wp-json\/wp\/v2\/pages"}],"about":[{"href":"https:\/\/szkolenia-udt.pl\/es\/wp-json\/wp\/v2\/types\/page"}],"author":[{"embeddable":true,"href":"https:\/\/szkolenia-udt.pl\/es\/wp-json\/wp\/v2\/users\/10"}],"replies":[{"embeddable":true,"href":"https:\/\/szkolenia-udt.pl\/es\/wp-json\/wp\/v2\/comments?post=2986"}],"version-history":[{"count":7,"href":"https:\/\/szkolenia-udt.pl\/es\/wp-json\/wp\/v2\/pages\/2986\/revisions"}],"predecessor-version":[{"id":4708,"href":"https:\/\/szkolenia-udt.pl\/es\/wp-json\/wp\/v2\/pages\/2986\/revisions\/4708"}],"up":[{"embeddable":true,"href":"https:\/\/szkolenia-udt.pl\/es\/wp-json\/wp\/v2\/pages\/2266"}],"wp:featuredmedia":[{"embeddable":true,"href":"https:\/\/szkolenia-udt.pl\/es\/wp-json\/wp\/v2\/media\/2987"}],"wp:attachment":[{"href":"https:\/\/szkolenia-udt.pl\/es\/wp-json\/wp\/v2\/media?parent=2986"}],"curies":[{"name":"wp","href":"https:\/\/api.w.org\/{rel}","templated":true}]}}