{"id":3004,"date":"2022-07-06T01:28:27","date_gmt":"2022-07-05T23:28:27","guid":{"rendered":"https:\/\/szkolenia-udt.pl\/?page_id=3004"},"modified":"2023-03-24T19:16:44","modified_gmt":"2023-03-24T18:16:44","slug":"formacion-practica-de-alpinismo","status":"publish","type":"page","link":"https:\/\/szkolenia-udt.pl\/es\/kursy\/prace-wysokosciowe\/prace-alpinistyczne-szkolenie-praktyczne\/","title":{"rendered":"Trabajo de escalada - formaci\u00f3n pr\u00e1ctica"},"content":{"rendered":"<h2 class=\"wp-block-heading\"><strong>Escalador industrial: \u00bfc\u00f3mo llegar a serlo?<\/strong>\u00a0<\/h2>\n\n\n\n<p>El trabajo de escalador industrial es cada vez m\u00e1s popular, y la profesi\u00f3n est\u00e1 cada vez m\u00e1s demandada<a href=\"https:\/\/szkolenia-udt.pl\/wp-content\/uploads\/2022\/04\/bac0663d5b51544f4e23fcf9a15c377b.jpg\"><img loading=\"lazy\" decoding=\"async\" title=\"entrenamiento OSO\" width=\"225\" height=\"300\" class=\"alignright\" src=\"https:\/\/szkolenia-udt.pl\/wp-content\/uploads\/2022\/04\/bac0663d5b51544f4e23fcf9a15c377b-225x300.jpg\" alt=\"entrenamiento OSO\"><\/a> en el mercado laboral. Hace falta valor y profesionalidad para hacerlo. No es un trabajo para personas de nervios d\u00e9biles. Despu\u00e9s de todo, las alturas pueden ser impresionantes. Una persona con miedo a las alturas desde luego no puede hacerlo. En las alturas se pueden hacer muchas cosas diferentes, como limpiar ventanas en edificios de oficinas, trabajar en plataformas petrol\u00edferas y diversos tipos de montaje. Para trabajar en altura se necesita una formaci\u00f3n especializada, por lo que le invitamos a participar en un curso organizado por el <a href=\"https:\/\/szkolenia-udt.pl\/es\/o-firmie\/\">O\u015brodek Szkolenia Operator\u00f3w OSO<\/a>.\u00a0<\/p>\n\n\n\n<h2 class=\"wp-block-heading\"><strong>M\u00e1s informaci\u00f3n sobre la formaci\u00f3n de las OSC<\/strong>&nbsp;<\/h2>\n\n\n\n<p>El Centro de Formaci\u00f3n de Operarios lleva muchos a\u00f1os formando a profesionales. Trabajando con nuestras instalaciones podr\u00e1 adquirir eficazmente, entre otras cosas. <a href=\"https:\/\/szkolenia-udt.pl\/es\/kursy\/prace-wysokosciowe\/kurs-alpinistyczny\/\">titulaciones de alpinismo<\/a>.\u00a0<\/p>\n\n\n\n<h2 class=\"wp-block-heading\"><strong>Categor\u00edas de trabajo en altura<\/strong>&nbsp;<\/h2>\n\n\n\n<p>Hay dos categor\u00edas de trabajo en altura:&nbsp;<\/p>\n\n\n\n<ul class=\"wp-block-list\">\n<li>acceso con cuerdas,&nbsp;<\/li>\n\n\n\n<li>acceso al edificio.&nbsp;<\/li>\n<\/ul>\n\n\n\n<h2 class=\"wp-block-heading\"><strong>Alcance de la formaci\u00f3n<\/strong>&nbsp;<\/h2>\n\n\n\n<p>Durante la formaci\u00f3n se proporciona la siguiente informaci\u00f3n:&nbsp;<\/p>\n\n\n\n<ul class=\"dwiekolumny wp-block-list\">\n<li>tipos de amenaza,&nbsp;<\/li>\n\n\n\n<li>aseguramiento individual y colectivo,\u00a0<\/li>\n\n\n\n<li>requisitos de salud y seguridad,&nbsp;<\/li>\n\n\n\n<li>requisitos legales,&nbsp;<\/li>\n\n\n\n<li>t\u00e9cnicas de rescate,&nbsp;<\/li>\n\n\n\n<li>habilidades pr\u00e1cticas,&nbsp;<\/li>\n\n\n\n<li>caracter\u00edsticas de la obra.&nbsp;<\/li>\n<\/ul>\n\n\n\n<p>Despu\u00e9s de completar la formaci\u00f3n, el participante de la formaci\u00f3n recibe un certificado que le permite trabajar en altura durante 3 a\u00f1os. Despu\u00e9s de eso, se debe completar un llamado curso de refuerzo.&nbsp;<\/p>\n\n\n\n<div class=\"filmw\">\n<div class=\"responsive-youtube\"><iframe loading=\"lazy\" title=\"Reproductor de v\u00eddeo de YouTube\" src=\"https:\/\/www.youtube.com\/embed\/QcT4h2Z50M0\" width=\"560\" height=\"315\" frameborder=\"0\" allowfullscreen=\"allowfullscreen\"><\/iframe><\/div>\n<\/div>\n\n\n\n<h2 class=\"wp-block-heading\"><strong>Alcance del trabajo de un escalador industrial<\/strong>&nbsp;<\/h2>\n\n\n\n<p>Asociamos el monta\u00f1ismo principalmente con la escalada de monta\u00f1as. Sin embargo, los conocimientos y habilidades tambi\u00e9n pueden ser \u00fatiles en un trabajo espec\u00edfico. Tambi\u00e9n se puede contratar a escaladores para trabajos de renovaci\u00f3n, reparaci\u00f3n, limpieza y techado. Se requiere equipo especializado y el uso de t\u00e9cnicas de cuerdas. Un escalador industrial puede realizar:\u00a0<\/p>\n\n\n\n<ul class=\"dwiekolumny wp-block-list\">\n<li>tala de \u00e1rboles,&nbsp;<\/li>\n\n\n\n<li>reparaci\u00f3n de canalones,&nbsp;<\/li>\n\n\n\n<li>limpieza de fachadas,&nbsp;<\/li>\n\n\n\n<li>servicios de soldadura,&nbsp;<\/li>\n\n\n\n<li>actividades en espacios confinados,&nbsp;<\/li>\n\n\n\n<li>accesorio de tuber\u00eda,&nbsp;<\/li>\n\n\n\n<li>limpieza de la nieve de los tejados.&nbsp;<\/li>\n<\/ul>\n\n\n\n<p>Un escalador industrial tambi\u00e9n debe tener habilidades manuales y ser capaz de manejar herramientas b\u00e1sicas. La experiencia en escalada tambi\u00e9n es muy importante en esta profesi\u00f3n, as\u00ed como un enfoque apasionado del trabajo.\u00a0\u00a0<\/p>\n\n\n\n<h2 class=\"wp-block-heading\"><strong>Combinar la pasi\u00f3n con una buena remuneraci\u00f3n<\/strong>&nbsp;<\/h2>\n\n\n\n<p>Los sueldos de los alpinistas industriales son atractivos tanto en Polonia como en el extranjero. El alpinismo industrial puede ser practicado tanto por hombres como por mujeres. La temporada de trabajo m\u00e1s activa para un alpinista industrial es el verano, debido a las favorables condiciones meteorol\u00f3gicas. Sin embargo, muchos alpinistas tambi\u00e9n trabajan en invierno, por ejemplo cuando quitan la nieve de los tejados o limpian ventanas.\u00a0\u00a0<\/p>\n\n\n\n<figure class=\"wp-block-video\"><video controls poster=\"https:\/\/szkolenia-udt.pl\/wp-content\/uploads\/2023\/03\/okladka-alpinista-OSO.jpg\" src=\"https:\/\/szkolenia-udt.pl\/wp-content\/uploads\/2023\/03\/wspinacz-SZKOLENIA-UDT.PL-OSO.mp4\"><\/video><\/figure>\n\n\n\n<h2 class=\"wp-block-heading\"><strong>Particularidades del trabajo de un escalador industrial<\/strong><\/h2>\n\n\n\n<h4 class=\"wp-block-heading\"><strong>En la profesi\u00f3n de escalador industrial, son muy importantes los siguientes aspectos:<\/strong>&nbsp;<\/h4>\n\n\n\n<ul class=\"dwiekolumny wp-block-list\">\n<li>seguridad del trabajo,&nbsp;<\/li>\n\n\n\n<li>resistencia,&nbsp;<\/li>\n\n\n\n<li>fuerza,&nbsp;<\/li>\n\n\n\n<li>mayor\u00eda de edad,&nbsp;<\/li>\n\n\n\n<li>experiencia en escalada.&nbsp;<\/li>\n<\/ul>\n\n\n\n<p>Los monta\u00f1eros industriales son profesionales duros que desarrollan su trabajo con total responsabilidad. La profesi\u00f3n es exigente, pero da muchas satisfacciones. El trabajo es realizado por especialistas seleccionados.&nbsp;<\/p>\n\n\n\n<h4 class=\"wp-block-heading\"><strong>En el trabajo de un monta\u00f1ero son importantes elementos como:<\/strong>&nbsp;<\/h4>\n\n\n\n<ul class=\"wp-block-list\">\n<li>preparaci\u00f3n f\u00edsica,&nbsp;<\/li>\n\n\n\n<li>preparaci\u00f3n mental,&nbsp;<\/li>\n\n\n\n<li>experiencia en escalada.&nbsp;<\/li>\n<\/ul>\n\n\n\n<p>Cabe se\u00f1alar que las estructuras en las que trabajan los escaladores industriales son cada vez m\u00e1s altas. El trabajo en altura lo realizan representantes de empresas modernas. Un escalador industrial trabaja en campos muy diferentes de la industria. Puede realizar el mantenimiento de l\u00edneas el\u00e9ctricas, inspeccionar antenas de telecomunicaciones y trabajar en plataformas petrol\u00edferas.\u00a0\u00a0<\/p>\n\n\n\n<h2 class=\"wp-block-heading\"><strong>Requisitos de los becarios<\/strong>&nbsp;<\/h2>\n\n\n\n<p>Para participar en la formaci\u00f3n debe cumplir los siguientes requisitos:&nbsp;&nbsp;<\/p>\n\n\n\n<ul class=\"wp-block-list\">\n<li>al menos 18 a\u00f1os de edad, &nbsp;<\/li>\n\n\n\n<li>ninguna contraindicaci\u00f3n sanitaria para trabajar.\u00a0<a href=\"https:\/\/szkolenia-udt.pl\/wp-content\/uploads\/2022\/04\/26-27767.png\"><img loading=\"lazy\" decoding=\"async\" title=\"entrenamiento OSO\" width=\"300\" height=\"287\" class=\"alignright\" src=\"https:\/\/szkolenia-udt.pl\/wp-content\/uploads\/2022\/04\/26-27767-300x287.png\" alt=\"entrenamiento OSO\"><\/a><\/li>\n\n\n\n<li>al menos educaci\u00f3n primaria,&nbsp;<\/li>\n<\/ul>\n\n\n\n<h2 class=\"wp-block-heading\"><strong>Coste de la formaci\u00f3n<\/strong>&nbsp;<\/h2>\n\n\n\n<p>Los precios de la formaci\u00f3n en monta\u00f1ismo son muy atractivos y muy inferiores a los de la competencia. Cuando se trata de cursos cerrados para grupos organizados m\u00e1s grandes, se ofrecen descuentos especiales. Le invitamos a ponerse en contacto con nosotros para obtener m\u00e1s informaci\u00f3n sobre <a href=\"https:\/\/szkolenia-udt.pl\/es\/oferta\/\">oferta completa<\/a> <a href=\"https:\/\/szkolenia-udt.pl\/es\/kursy\/\">nuestros cursos de formaci\u00f3n<\/a> \u00a1y ap\u00fantate a una selecci\u00f3n de ellos! \u00a1Ofrecemos precios atractivos, mentores experimentados y un certificado de aptitud!\u00a0\u00a0<\/p>","protected":false},"excerpt":{"rendered":"<p>Alpinista przemys\u0142owy \u2013 jak nim zosta\u0107?\u00a0 Praca alpinisty przemys\u0142owego staje si\u0119 coraz popularniejsza, a zaw\u00f3d ten jest coraz bardziej poszukiwany na rynku pracy. Do jego wykonywania potrzebna jest odwaga i profesjonalizm. Nie jest to praca dla ludzi o s\u0142abych nerwach. Wysoko\u015bci mog\u0105 by\u0107 bowiem bardzo imponuj\u0105ce. Osoba z l\u0119kiem wysoko\u015bci z pewno\u015bci\u0105 sobie nie poradzi. [&hellip;]<\/p>\n","protected":false},"author":10,"featured_media":2659,"parent":1874,"menu_order":0,"comment_status":"closed","ping_status":"closed","template":"","meta":{"footnotes":""},"class_list":["post-3004","page","type-page","status-publish","has-post-thumbnail","hentry"],"aioseo_notices":[],"_links":{"self":[{"href":"https:\/\/szkolenia-udt.pl\/es\/wp-json\/wp\/v2\/pages\/3004","targetHints":{"allow":["GET"]}}],"collection":[{"href":"https:\/\/szkolenia-udt.pl\/es\/wp-json\/wp\/v2\/pages"}],"about":[{"href":"https:\/\/szkolenia-udt.pl\/es\/wp-json\/wp\/v2\/types\/page"}],"author":[{"embeddable":true,"href":"https:\/\/szkolenia-udt.pl\/es\/wp-json\/wp\/v2\/users\/10"}],"replies":[{"embeddable":true,"href":"https:\/\/szkolenia-udt.pl\/es\/wp-json\/wp\/v2\/comments?post=3004"}],"version-history":[{"count":9,"href":"https:\/\/szkolenia-udt.pl\/es\/wp-json\/wp\/v2\/pages\/3004\/revisions"}],"predecessor-version":[{"id":4672,"href":"https:\/\/szkolenia-udt.pl\/es\/wp-json\/wp\/v2\/pages\/3004\/revisions\/4672"}],"up":[{"embeddable":true,"href":"https:\/\/szkolenia-udt.pl\/es\/wp-json\/wp\/v2\/pages\/1874"}],"wp:featuredmedia":[{"embeddable":true,"href":"https:\/\/szkolenia-udt.pl\/es\/wp-json\/wp\/v2\/media\/2659"}],"wp:attachment":[{"href":"https:\/\/szkolenia-udt.pl\/es\/wp-json\/wp\/v2\/media?parent=3004"}],"curies":[{"name":"wp","href":"https:\/\/api.w.org\/{rel}","templated":true}]}}