{"id":3016,"date":"2022-07-07T15:48:56","date_gmt":"2022-07-07T13:48:56","guid":{"rendered":"https:\/\/szkolenia-udt.pl\/?page_id=3016"},"modified":"2023-03-26T12:35:35","modified_gmt":"2023-03-26T10:35:35","slug":"curso-para-fumadores","status":"publish","type":"page","link":"https:\/\/szkolenia-udt.pl\/es\/kursy\/sep-g1-g2-g3\/kurs-palacza\/","title":{"rendered":"Curso para el ahumador de hornos y calderas de calefacci\u00f3n central"},"content":{"rendered":"<h2 class=\"wp-block-heading\"><strong>Inf\u00f3rmese con las OSC<\/strong><\/h2>\n\n\n\n<p>\u00bfHa pensado en ampliar sus cualificaciones y cualificarse para un nuevo puesto? \u00bfO le faltan trabajadores cualificados? Ahora puede cambiar de profesi\u00f3n o formar a su equipo junto con el Centro de Formaci\u00f3n de Operarios de OSO inscribi\u00e9ndose en un curso de su elecci\u00f3n de la <a href=\"https:\/\/szkolenia-udt.pl\/es\/oferta\/\">nuestra oferta<\/a>\u00a1! Actualmente existe un gran inter\u00e9s por el curso de quemador de cocinas y calderas de CO, con el que podr\u00e1 obtener la cualificaci\u00f3n necesaria para el trabajo.&nbsp;&nbsp;&nbsp;<\/p>\n\n\n\n<h2 class=\"wp-block-heading\"><strong>\u00bfPor qu\u00e9 se requieren permisos para operar calderas de CO?<\/strong>&nbsp;<\/h2>\n\n\n<div class=\"wp-block-image\">\n<figure class=\"alignright size-full is-resized\"><a href=\"https:\/\/szkolenia-udt.pl\/wp-content\/uploads\/2022\/07\/CBLE_Dryback_three-quater_1000.jpg\"><img loading=\"lazy\" decoding=\"async\" src=\"https:\/\/szkolenia-udt.pl\/wp-content\/uploads\/2022\/07\/CBLE_Dryback_three-quater_1000.jpg\" alt=\"Permisos para un fogonero de calderas de CO\" class=\"wp-image-3017\" width=\"500\" height=\"500\" srcset=\"https:\/\/szkolenia-udt.pl\/wp-content\/uploads\/2022\/07\/CBLE_Dryback_three-quater_1000.jpg 1000w, https:\/\/szkolenia-udt.pl\/wp-content\/uploads\/2022\/07\/CBLE_Dryback_three-quater_1000-300x300.jpg 300w, https:\/\/szkolenia-udt.pl\/wp-content\/uploads\/2022\/07\/CBLE_Dryback_three-quater_1000-150x150.jpg 150w, https:\/\/szkolenia-udt.pl\/wp-content\/uploads\/2022\/07\/CBLE_Dryback_three-quater_1000-768x768.jpg 768w\" sizes=\"auto, (max-width: 500px) 100vw, 500px\" \/><\/a><\/figure>\n<\/div>\n\n\n<p>En viviendas unifamiliares u otros edificios de dimensiones reducidas, se instalan calderas de poca potencia y su funcionamiento es bastante sencillo. Sin embargo, hay edificios, como hospitales, hoteles o bloques de pisos, para los que una simple caldera peque\u00f1a no ser\u00e1 suficiente para calentar. En esos lugares se instalar\u00e1n calderas de m\u00e1s de 50 kW de potencia, y para manejarlas se necesitar\u00e1 una cualificaci\u00f3n G2\/E.&nbsp;&nbsp;&nbsp;<\/p>\n\n\n\n<h2 class=\"wp-block-heading\"><strong>\u00bfC\u00f3mo es la capacitaci\u00f3n y su programa?<\/strong>&nbsp;<\/h2>\n\n\n\n<p>El programa de formaci\u00f3n est\u00e1 dise\u00f1ado para ense\u00f1ar desde la base, por lo que los alumnos se agrupan seg\u00fan el mismo nivel de conocimientos previos. La formaci\u00f3n consta de una parte te\u00f3rica y otra pr\u00e1ctica, y las clases son impartidas por instructores cualificados y experimentados. El objetivo de la formaci\u00f3n es que los alumnos adquieran los conocimientos y habilidades necesarios para su trabajo. Se hace todo lo posible para que, al final del curso, el alumno est\u00e9 preparado para presentarse al examen.\u00a0\u00a0<\/p>\n\n\n\n<h4 class=\"wp-block-heading\"><strong>El programa de formaci\u00f3n abarca temas relacionados con:<\/strong>&nbsp;<\/h4>\n\n\n\n<ul class=\"dwiekolumny wp-block-list\">\n<li>normas generales y temas seleccionados,&nbsp;<\/li>\n\n\n\n<li>reglamentos sobre supervisi\u00f3n t\u00e9cnica,&nbsp;<\/li>\n\n\n\n<li>organizaci\u00f3n del trabajo con dispositivos t\u00e9rmicos,&nbsp;<\/li>\n\n\n\n<li>el alcance de las funciones de un fumador de estufa de calefacci\u00f3n central,&nbsp;<\/li>\n\n\n\n<li>informaci\u00f3n seleccionada sobre tecnolog\u00eda t\u00e9rmica,&nbsp;<\/li>\n\n\n\n<li>accesorios y materiales,&nbsp;<\/li>\n\n\n\n<li>diagrama de una sala de calderas de calefacci\u00f3n central,&nbsp;<\/li>\n\n\n\n<li>agua en la gesti\u00f3n del calor,&nbsp;<\/li>\n\n\n\n<li>informaci\u00f3n general sobre calderas de vapor y agua,&nbsp;<\/li>\n\n\n\n<li>funcionamiento de calderas,&nbsp;<\/li>\n\n\n\n<li>redes e instalaciones de calor,&nbsp;<\/li>\n\n\n\n<li>dispositivos industriales de vapor y agua caliente,&nbsp;<\/li>\n\n\n\n<li>combustibles s\u00f3lidos y l\u00edquidos,&nbsp;<\/li>\n\n\n\n<li>Normas de salud y seguridad para los equipos t\u00e9rmicos y el quemador de CO, protecci\u00f3n contra incendios, emergencias m\u00e9dicas.&nbsp;<\/li>\n<\/ul>\n\n\n\n<h2 class=\"wp-block-heading\"><strong>\u00bfQui\u00e9n puede convertirse en fogonero de calderas de CO?<\/strong>&nbsp;<\/h2>\n\n\n\n<p>La oferta del Centro de Formaci\u00f3n de Operadores de CSO se dirige a cualquier persona que cumpla tres condiciones b\u00e1sicas:&nbsp;&nbsp;<\/p>\n\n\n\n<ul class=\"wp-block-list\">\n<li>18 a\u00f1os como m\u00ednimo,&nbsp;&nbsp;<\/li>\n\n\n\n<li>educacion basica,&nbsp;&nbsp;&nbsp;<\/li>\n\n\n\n<li>ninguna contraindicaci\u00f3n sanitaria.&nbsp;&nbsp;<\/li>\n<\/ul>\n\n\n\n<p>Siempre que tenga el deseo de obtener una nueva cualificaci\u00f3n, nos basta con que cumpla estas condiciones. Si no est\u00e1 seguro de su estado de salud, no tiene de qu\u00e9 preocuparse. Una vez inscrito en el curso, y antes de empezar, se le remitir\u00e1 a un examen sin cita previa para determinar su aptitud para trabajar en cocinas y calderas de calefacci\u00f3n central.&nbsp;<\/p>\n\n\n\n<h2 class=\"wp-block-heading\"><strong>El trabajo del quemador de la caldera de CO.<\/strong>&nbsp;<\/h2>\n\n\n\n<p>La participaci\u00f3n en la capacitaci\u00f3n es para preparar al estudiante para el trabajo en el futuro. Vale la pena saber que el trabajo de un ahumador no se trata solo de entregar combustible a los gatos, sino tambi\u00e9n de realizar actividades que mejoren su funcionamiento. Sus deberes incluyen:&nbsp;<\/p>\n\n\n\n<ul class=\"dwiekolumny wp-block-list\">\n<li>controlar el funcionamiento del equipo de limpieza y descarga de gases de combusti\u00f3n,&nbsp;<\/li>\n\n\n\n<li>control de equipos auxiliares,&nbsp;<\/li>\n\n\n\n<li>control de los equipos de control y medici\u00f3n,\u00a0<\/li>\n\n\n\n<li>garantizar el buen funcionamiento de los equipos,&nbsp;<\/li>\n\n\n\n<li>lecturas de aparatos especializados,&nbsp;<\/li>\n\n\n\n<li>control de la presi\u00f3n y la temperatura,&nbsp;<\/li>\n\n\n\n<li>verificaci\u00f3n de la estanqueidad de tuber\u00edas, accesorios e instalaciones de suministro de calor,&nbsp;<\/li>\n\n\n\n<li>llevar un registro de lecturas de contadores e instrumentos de medida.&nbsp;<\/li>\n<\/ul>\n\n\n<div class=\"wp-block-image\">\n<figure class=\"alignright size-full is-resized\"><a href=\"https:\/\/szkolenia-udt.pl\/wp-content\/uploads\/2022\/07\/Rotating_Comp1.jpg\"><img loading=\"lazy\" decoding=\"async\" src=\"https:\/\/szkolenia-udt.pl\/wp-content\/uploads\/2022\/07\/Rotating_Comp1.jpg\" alt=\"Tipos de calderas de calefacci\u00f3n central.\" class=\"wp-image-3019\" width=\"330\" height=\"220\" srcset=\"https:\/\/szkolenia-udt.pl\/wp-content\/uploads\/2022\/07\/Rotating_Comp1.jpg 660w, https:\/\/szkolenia-udt.pl\/wp-content\/uploads\/2022\/07\/Rotating_Comp1-300x200.jpg 300w\" sizes=\"auto, (max-width: 330px) 100vw, 330px\" \/><\/a><\/figure>\n<\/div>\n\n\n<h2 class=\"wp-block-heading\">&nbsp;<strong>Calderas y sus tipos.<\/strong>&nbsp;<\/h2>\n\n\n\n<p>Las calderas funcionan calentando agua mientras queman el combustible en la caldera, y su finalidad es calentar el edificio de destino. Hay distintos tipos de combustible y formas de quemarlo, lo que se traduce en costes de calefacci\u00f3n. El combustible puede estar en forma s\u00f3lida, l\u00edquida o gaseosa. La clasificaci\u00f3n de las calderas es muy amplia y se tratar\u00e1 en detalle durante las clases te\u00f3ricas de formaci\u00f3n.&nbsp;&nbsp;<\/p>\n\n\n\n<h4 class=\"wp-block-heading\"><strong>En cuanto a las calderas, pueden agruparse de forma sencilla y r\u00e1pida seg\u00fan criterios b\u00e1sicos:<\/strong>&nbsp;<\/h4>\n\n\n\n<figure class=\"wp-block-table\"><table><thead><tr><th>Portador de calor<\/th><th>Tipo de dise\u00f1o adaptado al tipo de combustible<\/th><th>Material utilizado<\/th><\/tr><\/thead><tbody><tr><td>\n<ul>\n<li>agua<\/li>\n<li>vapor<\/li>\n<\/ul>\n<\/td><td>\n<ul>\n<li>aceite<\/li>\n<li>gas<\/li>\n<li>el\u00e9ctrico<\/li>\n<li>para combustibles s\u00f3lidos<\/li>\n<li>calderas de combusti\u00f3n variable<\/li>\n<li>calderas con calentadores de agua dom\u00e9sticos<\/li>\n<\/ul>\n<\/td><td>\n<ul>\n<li>acero<\/li>\n<li>hierro fundido<\/li>\n<li>hecho de acero aleado<\/li>\n<li>de aleaciones ligeras a base de aluminio<\/li>\n<\/ul>\n<\/td><\/tr><\/tbody><\/table><\/figure>\n\n\n\n<h2 class=\"wp-block-heading\"><strong>Inscripci\u00f3n para la formaci\u00f3n<\/strong>&nbsp;<\/h2>\n\n\n\n<p>Puede inscribirse en el curso por tel\u00e9fono. Durante la conversaci\u00f3n, verificamos la experiencia previa del candidato para asignarle un grupo adecuado. Organizamos la fecha y el lugar de la formaci\u00f3n. Esto incluye las actividades de formaci\u00f3n, as\u00ed como el material did\u00e1ctico, que se sube a una plataforma en l\u00ednea.&nbsp;<\/p>\n\n\n\n<h2 class=\"wp-block-heading\"><strong>lugar de entrenamiento<\/strong>&nbsp;<\/h2>\n\n\n\n<p><a href=\"https:\/\/szkolenia-udt.pl\/es\/o-firmie\/\">Centro de formaci\u00f3n de operadores<\/a> imparte formaci\u00f3n en todo el pa\u00eds y, en caso de formaci\u00f3n para un grupo organizado de empleados de una empresa concreta, ofrecemos desplazamientos a las instalaciones del cliente.&nbsp;&nbsp;<\/p>\n\n\n\n<h2 class=\"wp-block-heading\"><strong>Los beneficios de completar la formaci\u00f3n.<\/strong>&nbsp;<\/h2>\n\n\n<div class=\"wp-block-image\">\n<figure class=\"alignleft size-large is-resized\"><a href=\"https:\/\/szkolenia-udt.pl\/wp-content\/uploads\/2022\/07\/Mechanical-Engineering-1-scaled.webp\"><img loading=\"lazy\" decoding=\"async\" src=\"https:\/\/szkolenia-udt.pl\/wp-content\/uploads\/2022\/07\/Mechanical-Engineering-1-1024x683.webp\" alt=\"Trabajo de fumador: programa formativo y alcance y ubicaci\u00f3n\" class=\"wp-image-3018\" width=\"512\" height=\"342\" srcset=\"https:\/\/szkolenia-udt.pl\/wp-content\/uploads\/2022\/07\/Mechanical-Engineering-1-1024x683.webp 1024w, https:\/\/szkolenia-udt.pl\/wp-content\/uploads\/2022\/07\/Mechanical-Engineering-1-300x200.webp 300w, https:\/\/szkolenia-udt.pl\/wp-content\/uploads\/2022\/07\/Mechanical-Engineering-1-768x512.webp 768w, https:\/\/szkolenia-udt.pl\/wp-content\/uploads\/2022\/07\/Mechanical-Engineering-1-1536x1024.webp 1536w, https:\/\/szkolenia-udt.pl\/wp-content\/uploads\/2022\/07\/Mechanical-Engineering-1-2048x1365.webp 2048w\" sizes=\"auto, (max-width: 512px) 100vw, 512px\" \/><\/a><\/figure>\n<\/div>\n\n\n<p>La superaci\u00f3n del curso de formaci\u00f3n le permite presentarse a un examen ante un tribunal de cualificaci\u00f3n designado por el Presidente de la Autoridad Reguladora de la Energ\u00eda. Si aprueba, obtendr\u00e1 una licencia de calefacci\u00f3n de la categor\u00eda G2\/E, que le permitir\u00e1 trabajar en el funcionamiento, mantenimiento, reparaci\u00f3n e instalaci\u00f3n de hornos y calderas de calefacci\u00f3n central. Lamentablemente, no se conceden indefinidamente, sino por un periodo de cinco a\u00f1os. Antes de la fecha de caducidad, tendr\u00e1 que presentar una solicitud para renovarlos.&nbsp;&nbsp;&nbsp;<\/p>\n\n\n\n<h2 class=\"wp-block-heading\"><strong>\u00bfPor qu\u00e9 vale la pena elegir SPA?<\/strong>&nbsp;<\/h2>\n\n\n\n<p>Nuestra tarea es formar a futuros profesionales en diversos campos, por lo que la calidad de la formaci\u00f3n que ofrecemos es del m\u00e1s alto nivel. Llevamos muchos a\u00f1os operando en el mercado, y este tiempo nos ha permitido adquirir la experiencia necesaria, no s\u00f3lo en lo que se refiere a la realizaci\u00f3n de cursos de formaci\u00f3n, sino tambi\u00e9n a su organizaci\u00f3n completa y a la preparaci\u00f3n eficaz de los alumnos para sus ex\u00e1menes de cualificaci\u00f3n. Aprender con nosotros es un placer.\u00a0\u00a0<\/p>\n\n\n\n<p><a href=\"https:\/\/szkolenia-udt.pl\/es\/kontakt\/\">Cont\u00e1ctenos<\/a> \u00a1y ent\u00e9rate de los beneficios de participar en la capacitaci\u00f3n SPA!\u00a0 \u00a0<\/p>\n\n\n<div class=\"wp-block-image\">\n<figure class=\"aligncenter\"><a href=\"https:\/\/szkolenia-udt.pl\/wp-content\/uploads\/2022\/07\/0003-oso-kurs-g-2-cieplo.jpg\"><img loading=\"lazy\" decoding=\"async\" width=\"1024\" height=\"853\" src=\"https:\/\/szkolenia-udt.pl\/wp-content\/uploads\/2022\/07\/0003-oso-kurs-g-2-cieplo-1024x853.jpg\" alt=\"gr\u00e1fico descriptivo de la formaci\u00f3n\" class=\"wp-image-3024\" srcset=\"https:\/\/szkolenia-udt.pl\/wp-content\/uploads\/2022\/07\/0003-oso-kurs-g-2-cieplo-1024x853.jpg 1024w, https:\/\/szkolenia-udt.pl\/wp-content\/uploads\/2022\/07\/0003-oso-kurs-g-2-cieplo-300x250.jpg 300w, https:\/\/szkolenia-udt.pl\/wp-content\/uploads\/2022\/07\/0003-oso-kurs-g-2-cieplo-768x640.jpg 768w, https:\/\/szkolenia-udt.pl\/wp-content\/uploads\/2022\/07\/0003-oso-kurs-g-2-cieplo.jpg 1200w\" sizes=\"auto, (max-width: 1024px) 100vw, 1024px\" \/><\/a><\/figure>\n<\/div>","protected":false},"excerpt":{"rendered":"<p>Szk\u00f3l si\u0119 z OSO! My\u015bla\u0142e\u015b o tym, \u017ceby rozszerzy\u0107 swoje kwalifikacje i zdoby\u0107 uprawnienia do pracy na nowym stanowisku? A mo\u017ce brak Ci wykwalikowanych pracownik\u00f3w? Ju\u017c teraz mo\u017cesz zmieni\u0107 sw\u00f3j zaw\u00f3d lub przeszkoli\u0107 sw\u00f3j zesp\u00f3\u0142 razem z O\u015brodkiem Szkolenia Operator\u00f3w OSO, zapisuj\u0105c si\u0119 na wybrany kurs z naszej oferty! Aktualnie du\u017cym zainteresowaniem cieszy si\u0119 kurs [&hellip;]<\/p>\n","protected":false},"author":10,"featured_media":3017,"parent":1895,"menu_order":0,"comment_status":"closed","ping_status":"closed","template":"","meta":{"footnotes":""},"class_list":["post-3016","page","type-page","status-publish","has-post-thumbnail","hentry"],"aioseo_notices":[],"_links":{"self":[{"href":"https:\/\/szkolenia-udt.pl\/es\/wp-json\/wp\/v2\/pages\/3016","targetHints":{"allow":["GET"]}}],"collection":[{"href":"https:\/\/szkolenia-udt.pl\/es\/wp-json\/wp\/v2\/pages"}],"about":[{"href":"https:\/\/szkolenia-udt.pl\/es\/wp-json\/wp\/v2\/types\/page"}],"author":[{"embeddable":true,"href":"https:\/\/szkolenia-udt.pl\/es\/wp-json\/wp\/v2\/users\/10"}],"replies":[{"embeddable":true,"href":"https:\/\/szkolenia-udt.pl\/es\/wp-json\/wp\/v2\/comments?post=3016"}],"version-history":[{"count":8,"href":"https:\/\/szkolenia-udt.pl\/es\/wp-json\/wp\/v2\/pages\/3016\/revisions"}],"predecessor-version":[{"id":4772,"href":"https:\/\/szkolenia-udt.pl\/es\/wp-json\/wp\/v2\/pages\/3016\/revisions\/4772"}],"up":[{"embeddable":true,"href":"https:\/\/szkolenia-udt.pl\/es\/wp-json\/wp\/v2\/pages\/1895"}],"wp:featuredmedia":[{"embeddable":true,"href":"https:\/\/szkolenia-udt.pl\/es\/wp-json\/wp\/v2\/media\/3017"}],"wp:attachment":[{"href":"https:\/\/szkolenia-udt.pl\/es\/wp-json\/wp\/v2\/media?parent=3016"}],"curies":[{"name":"wp","href":"https:\/\/api.w.org\/{rel}","templated":true}]}}