{"id":3072,"date":"2022-08-04T13:19:41","date_gmt":"2022-08-04T11:19:41","guid":{"rendered":"https:\/\/szkolenia-udt.pl\/?page_id=3072"},"modified":"2024-01-12T12:51:55","modified_gmt":"2024-01-12T11:51:55","slug":"equipos-de-manipulacion","status":"publish","type":"page","link":"https:\/\/szkolenia-udt.pl\/es\/kursy\/uprawnienia-udt-tdt-wdt\/urzadzenia-transportu-bliskiego\/","title":{"rendered":"Curso de mantenimiento de equipos de manutenci\u00f3n"},"content":{"rendered":"<h2 class=\"wp-block-heading\">\u00bfQui\u00e9n puede realizar el mantenimiento de los equipos de manipulaci\u00f3n de materiales?&nbsp;<\/h2>\n\n\n<div class=\"wp-block-image\">\n<figure class=\"alignleft is-resized\"><a href=\"https:\/\/szkolenia-udt.pl\/wp-content\/uploads\/2022\/08\/2-2.jpeg\"><img loading=\"lazy\" decoding=\"async\" width=\"1024\" height=\"683\" src=\"https:\/\/szkolenia-udt.pl\/wp-content\/uploads\/2022\/08\/2-2-1024x683.jpeg\" alt=\"elevadores de m\u00e1stil en funcionamiento\" class=\"wp-image-3114\" style=\"width:512px;height:342px\" srcset=\"https:\/\/szkolenia-udt.pl\/wp-content\/uploads\/2022\/08\/2-2-1024x683.jpeg 1024w, https:\/\/szkolenia-udt.pl\/wp-content\/uploads\/2022\/08\/2-2-300x200.jpeg 300w, https:\/\/szkolenia-udt.pl\/wp-content\/uploads\/2022\/08\/2-2-768x512.jpeg 768w, https:\/\/szkolenia-udt.pl\/wp-content\/uploads\/2022\/08\/2-2-1536x1024.jpeg 1536w, https:\/\/szkolenia-udt.pl\/wp-content\/uploads\/2022\/08\/2-2-18x12.jpeg 18w, https:\/\/szkolenia-udt.pl\/wp-content\/uploads\/2022\/08\/2-2.jpeg 1600w\" sizes=\"auto, (max-width: 1024px) 100vw, 1024px\" \/><\/a><\/figure>\n<\/div>\n\n\n<p>Hoy en d\u00eda, los ascensores, las plataformas m\u00f3viles y otros dispositivos que facilitan el acceso a las personas con discapacidad son un elemento esencial de cualquier edificio destinado al uso p\u00fablico. En Polonia, este tipo de equipos pertenece a una categor\u00eda m\u00e1s amplia denominada equipos de manipulaci\u00f3n.&nbsp;<\/p>\n\n\n\n<p>Para realizar tareas de mantenimiento en equipos de manutenci\u00f3n, necesita un permiso especial expedido en Polonia por la Oficina de Inspecci\u00f3n T\u00e9cnica. Durante el curso organizado en la OSO, adquirir\u00e1 toda la informaci\u00f3n necesaria para superar con \u00e9xito el examen de mantenimiento de equipos de manipulaci\u00f3n.&nbsp;<\/p>\n\n\n\n<h2 class=\"wp-block-heading\">\u00bfPor qu\u00e9 un curso de mantenimiento de equipos de manipulaci\u00f3n de materiales?&nbsp;<\/h2>\n\n\n\n<p>En la situaci\u00f3n actual del mercado en Polonia, un trabajador cualificado vale mucho para un empresario. Aquellos con prestaciones de cualificaci\u00f3n que les permitan trabajar como operarios de mantenimiento de equipos de manipulaci\u00f3n pueden contar con salarios muy atractivos. Es una buena opci\u00f3n para quienes est\u00e9n dispuestos a cambiar de trabajo por otro mejor remunerado.&nbsp;<\/p>\n\n\n<div class=\"wp-block-image\">\n<figure class=\"alignright size-large is-resized\"><a href=\"https:\/\/szkolenia-udt.pl\/wp-content\/uploads\/2022\/08\/1-2.jpeg\"><img loading=\"lazy\" decoding=\"async\" width=\"1024\" height=\"877\" src=\"https:\/\/szkolenia-udt.pl\/wp-content\/uploads\/2022\/08\/1-2-1024x877.jpeg\" alt=\"carretillas elevadoras en reposo\" class=\"wp-image-3113\" style=\"width:426px;height:365px\" srcset=\"https:\/\/szkolenia-udt.pl\/wp-content\/uploads\/2022\/08\/1-2-1024x877.jpeg 1024w, https:\/\/szkolenia-udt.pl\/wp-content\/uploads\/2022\/08\/1-2-300x257.jpeg 300w, https:\/\/szkolenia-udt.pl\/wp-content\/uploads\/2022\/08\/1-2-768x658.jpeg 768w, https:\/\/szkolenia-udt.pl\/wp-content\/uploads\/2022\/08\/1-2-1536x1316.jpeg 1536w, https:\/\/szkolenia-udt.pl\/wp-content\/uploads\/2022\/08\/1-2-14x12.jpeg 14w, https:\/\/szkolenia-udt.pl\/wp-content\/uploads\/2022\/08\/1-2.jpeg 1600w\" sizes=\"auto, (max-width: 1024px) 100vw, 1024px\" \/><\/a><\/figure>\n<\/div>\n\n\n<p>La profesi\u00f3n de mantenimiento de equipos de manutenci\u00f3n tambi\u00e9n es muy segura en t\u00e9rminos de empleo. Los ascensores y las plataformas para discapacitados forman parte obligatoria de la mayor\u00eda de las obras del sector de la construcci\u00f3n actual. Por ello, la demanda de personas con carn\u00e9 para mantener este tipo de equipos aumenta con el n\u00famero de proyectos de construcci\u00f3n.&nbsp;<\/p>\n\n\n\n<h2 class=\"wp-block-heading\">\u00bfQui\u00e9n puede participar en la formaci\u00f3n?&nbsp;<\/h2>\n\n\n\n<p>Para poder presentarse al examen para convertirse en mantenedor de equipos de manipulaci\u00f3n de materiales, debe cumplir en primer lugar dos requisitos b\u00e1sicos:&nbsp;<\/p>\n\n\n\n<ul class=\"wp-block-list\">\n<li>Ser adulto<\/li>\n\n\n\n<li>Tener al menos estudios primarios<\/li>\n\n\n\n<li>gozar de una salud adecuada para el ejercicio de la profesi\u00f3n<\/li>\n<\/ul>\n\n\n\n<p>Las cualificaciones obtenidas en el curso de formaci\u00f3n de mantenimiento de equipos de manutenci\u00f3n tienen una validez de cinco a\u00f1os. Transcurrido este periodo, debo volver a pasar el examen con un resultado positivo para renovar mis prestaciones profesionales.&nbsp;&nbsp;<\/p>\n\n\n\n<h2 class=\"wp-block-heading\">\u00bfC\u00f3mo es el curso de mantenedor de equipos de manipulaci\u00f3n de materiales?&nbsp;<\/h2>\n\n\n\n<p>Al igual que el resto de los cursos ofrecidos por OSO, el curso de mantenimiento de equipos de manutenci\u00f3n tambi\u00e9n consta de tres partes: te\u00f3rica, pr\u00e1ctica y examen.<\/p>\n\n\n\n<figure class=\"wp-block-table\"><table><thead><tr><th>Parte te\u00f3rica<\/th><th>Parte pr\u00e1ctica<\/th><th>Examen final<\/th><\/tr><thead><tbody><tr><td>En esta parte de la formaci\u00f3n, los alumnos aprenden sobre salud y seguridad en el trabajo con equipos de manipulaci\u00f3n, su dise\u00f1o, los distintos tipos de equipos y c\u00f3mo conservar la documentaci\u00f3n necesaria para el mantenimiento.  Esta parte de la formaci\u00f3n suele consistir en conferencias impartidas por nuestros formadores. Para las necesidades del cliente, tambi\u00e9n es posible organizar esta parte del curso a distancia.<\/td><td>En la parte pr\u00e1ctica, los alumnos pueden practicar el funcionamiento y el mantenimiento de los equipos de manipulaci\u00f3n en un entorno seguro y controlado.  Nuestros formadores se centran en proporcionar a los alumnos los conocimientos necesarios no solo para aprobar el examen, sino tambi\u00e9n para poder trabajar de forma segura y eficaz con los equipos de manipulaci\u00f3n.<\/td><td>El curso de mantenimiento de equipos de manipulaci\u00f3n OSO finaliza con un examen ante una comisi\u00f3n designada por la UDT.  Al igual que la formaci\u00f3n, el examen consta de una parte te\u00f3rica y otra pr\u00e1ctica. En la parte te\u00f3rica, los alumnos deben realizar un examen compuesto por preguntas abiertas y cerradas en el que se eval\u00faan sus conocimientos sobre salud y seguridad en el trabajo y sobre la construcci\u00f3n y utilizaci\u00f3n de equipos. El examen pr\u00e1ctico se basa en la realizaci\u00f3n correcta de una serie de tareas relacionadas con el mantenimiento y el funcionamiento de los equipos de manutenci\u00f3n ante un jurado.  La superaci\u00f3n de ambas partes del examen otorga a los alumnos una licencia para trabajar como t\u00e9cnicos de mantenimiento de equipos de manipulaci\u00f3n de materiales.<\/td><\/tr><\/tbody><\/table><\/figure>\n\n\n\n<div>&nbsp;<\/div>\n\n\n\n<h2 class=\"wp-block-heading\">\u00bfQu\u00e9 duraci\u00f3n tiene el curso de mantenedor de equipos de manipulaci\u00f3n de materiales?&nbsp;<\/h2>\n\n\n<div class=\"wp-block-image\">\n<figure class=\"alignleft size-large is-resized\"><a href=\"https:\/\/szkolenia-udt.pl\/wp-content\/uploads\/2022\/08\/3-1.jpeg\"><img loading=\"lazy\" decoding=\"async\" width=\"1024\" height=\"760\" src=\"https:\/\/szkolenia-udt.pl\/wp-content\/uploads\/2022\/08\/3-1-1024x760.jpeg\" alt=\"elevador de m\u00e1stil in situ\" class=\"wp-image-3115\" style=\"width:512px;height:380px\" srcset=\"https:\/\/szkolenia-udt.pl\/wp-content\/uploads\/2022\/08\/3-1-1024x760.jpeg 1024w, https:\/\/szkolenia-udt.pl\/wp-content\/uploads\/2022\/08\/3-1-300x223.jpeg 300w, https:\/\/szkolenia-udt.pl\/wp-content\/uploads\/2022\/08\/3-1-768x570.jpeg 768w, https:\/\/szkolenia-udt.pl\/wp-content\/uploads\/2022\/08\/3-1-1536x1140.jpeg 1536w, https:\/\/szkolenia-udt.pl\/wp-content\/uploads\/2022\/08\/3-1-16x12.jpeg 16w, https:\/\/szkolenia-udt.pl\/wp-content\/uploads\/2022\/08\/3-1-135x100.jpeg 135w, https:\/\/szkolenia-udt.pl\/wp-content\/uploads\/2022\/08\/3-1.jpeg 1600w\" sizes=\"auto, (max-width: 1024px) 100vw, 1024px\" \/><\/a><\/figure>\n<\/div>\n\n\n<p>OSO ofrece cursos para personas de cualquier nivel de experiencia. Seg\u00fan esto, el curso puede durar desde unas horas hasta varios d\u00edas.&nbsp;<\/p>\n\n\n\n<p>Para las personas que no tienen experiencia previa en el mantenimiento de equipos de manipulaci\u00f3n, OSO ofrece cursos especializados, que suelen durar varios d\u00edas. Durante este tiempo, los alumnos adquieren los conocimientos y la experiencia necesarios para dar sus primeros pasos en el mantenimiento de este tipo de equipos.&nbsp;<\/p>\n\n\n\n<p>Para quienes s\u00f3lo deseen renovar cualificaciones previamente adquiridas, nuestra empresa ofrece cursos expr\u00e9s de pocas horas de duraci\u00f3n. Esta formaci\u00f3n suele durar un d\u00eda laborable y termina con un examen que se realiza el mismo d\u00eda.&nbsp;&nbsp;<\/p>\n\n\n\n<p>Si desea ampliar sus competencias profesionales o impartir formaci\u00f3n adicional a sus empleados, p\u00f3ngase en contacto con nuestra empresa. Las fechas de los cursos de formaci\u00f3n abiertos se publican regularmente en nuestro sitio web, junto con los precios. Clientes particulares <a href=\"https:\/\/szkolenia-udt.pl\/es\/kontakt\/\">no dude en ponerse en contacto con nosotros<\/a> con nuestros asesores. Podr\u00e1n preparar una oferta personalizada para cada cliente. Nuestra empresa ofrece precios de formaci\u00f3n atractivos y las empresas que deseen cooperar con OSO durante un periodo m\u00e1s largo pueden contar con tarifas preferentes.&nbsp;<\/p>","protected":false},"excerpt":{"rendered":"<p>Kto mo\u017ce prowadzi\u0107 konserwacje urz\u0105dze\u0144 transportu bliskiego?&nbsp; Wsp\u00f3\u0142cze\u015bnie windy, ruchome podesty i inne urz\u0105dzenia u\u0142atwiaj\u0105ce dost\u0119p osobom niepe\u0142nosprawnym s\u0105 podstawowym elementem ka\u017cdego budynku przeznaczonego do u\u017cytku publicznego. W Polsce urz\u0105dzenia tego typu zaliczaj\u0105 si\u0119 do szerszej kategorii zwanej urz\u0105dzeniami transportu bliskiego.&nbsp; Do prowadzenia konserwacji urz\u0105dze\u0144 transportu bliskiego trzeba posiada\u0107 specjalne pozwolenia wydawane w Polsce przez [&hellip;]<\/p>\n","protected":false},"author":10,"featured_media":3074,"parent":2266,"menu_order":0,"comment_status":"closed","ping_status":"closed","template":"","meta":{"footnotes":""},"class_list":["post-3072","page","type-page","status-publish","has-post-thumbnail","hentry"],"aioseo_notices":[],"_links":{"self":[{"href":"https:\/\/szkolenia-udt.pl\/es\/wp-json\/wp\/v2\/pages\/3072","targetHints":{"allow":["GET"]}}],"collection":[{"href":"https:\/\/szkolenia-udt.pl\/es\/wp-json\/wp\/v2\/pages"}],"about":[{"href":"https:\/\/szkolenia-udt.pl\/es\/wp-json\/wp\/v2\/types\/page"}],"author":[{"embeddable":true,"href":"https:\/\/szkolenia-udt.pl\/es\/wp-json\/wp\/v2\/users\/10"}],"replies":[{"embeddable":true,"href":"https:\/\/szkolenia-udt.pl\/es\/wp-json\/wp\/v2\/comments?post=3072"}],"version-history":[{"count":11,"href":"https:\/\/szkolenia-udt.pl\/es\/wp-json\/wp\/v2\/pages\/3072\/revisions"}],"predecessor-version":[{"id":5368,"href":"https:\/\/szkolenia-udt.pl\/es\/wp-json\/wp\/v2\/pages\/3072\/revisions\/5368"}],"up":[{"embeddable":true,"href":"https:\/\/szkolenia-udt.pl\/es\/wp-json\/wp\/v2\/pages\/2266"}],"wp:featuredmedia":[{"embeddable":true,"href":"https:\/\/szkolenia-udt.pl\/es\/wp-json\/wp\/v2\/media\/3074"}],"wp:attachment":[{"href":"https:\/\/szkolenia-udt.pl\/es\/wp-json\/wp\/v2\/media?parent=3072"}],"curies":[{"name":"wp","href":"https:\/\/api.w.org\/{rel}","templated":true}]}}