{"id":3126,"date":"2022-08-12T14:52:09","date_gmt":"2022-08-12T12:52:09","guid":{"rendered":"https:\/\/szkolenia-udt.pl\/?page_id=3126"},"modified":"2023-03-26T10:19:24","modified_gmt":"2023-03-26T08:19:24","slug":"formacion-en-udt","status":"publish","type":"page","link":"https:\/\/szkolenia-udt.pl\/es\/kursy\/uprawnienia-udt-tdt-wdt\/szkolenia-z-zakresu-udt\/","title":{"rendered":"Formaci\u00f3n UDT"},"content":{"rendered":"<h2 class=\"wp-block-heading\"><strong>UTB - equipos de manipulaci\u00f3n<\/strong>\u00a0<\/h2>\n\n\n<div class=\"wp-block-image\">\n<figure class=\"alignright size-large is-resized\"><a href=\"https:\/\/szkolenia-udt.pl\/wp-content\/uploads\/2022\/08\/1234.jpeg\"><img loading=\"lazy\" decoding=\"async\" src=\"https:\/\/szkolenia-udt.pl\/wp-content\/uploads\/2022\/08\/1234-1024x684.jpeg\" alt=\"foto de los instructores durante la formaci\u00f3n de la UTD\" class=\"wp-image-3128\" width=\"512\" height=\"342\" srcset=\"https:\/\/szkolenia-udt.pl\/wp-content\/uploads\/2022\/08\/1234-1024x684.jpeg 1024w, https:\/\/szkolenia-udt.pl\/wp-content\/uploads\/2022\/08\/1234-300x200.jpeg 300w, https:\/\/szkolenia-udt.pl\/wp-content\/uploads\/2022\/08\/1234-768x513.jpeg 768w, https:\/\/szkolenia-udt.pl\/wp-content\/uploads\/2022\/08\/1234-1536x1025.jpeg 1536w, https:\/\/szkolenia-udt.pl\/wp-content\/uploads\/2022\/08\/1234-18x12.jpeg 18w, https:\/\/szkolenia-udt.pl\/wp-content\/uploads\/2022\/08\/1234.jpeg 1600w\" sizes=\"auto, (max-width: 512px) 100vw, 512px\" \/><\/a><\/figure>\n<\/div>\n\n\n<p>Los equipos de manipulaci\u00f3n de materiales son equipos que est\u00e1n bajo la supervisi\u00f3n t\u00e9cnica de la UDT. Entre ellos se incluyen:&nbsp;<\/p>\n\n\n\n<ul class=\"wp-block-list\">\n<li>gr\u00faas,&nbsp;&nbsp;<\/li>\n\n\n\n<li>varios tipos de gr\u00faas,&nbsp;&nbsp;<\/li>\n\n\n\n<li>montacargas,&nbsp;&nbsp;<\/li>\n\n\n\n<li>ascensores,&nbsp;&nbsp;<\/li>\n\n\n\n<li>plataformas m\u00f3viles,&nbsp;&nbsp;<\/li>\n\n\n\n<li>gr\u00faas de p\u00f3rtico,&nbsp;&nbsp;<\/li>\n\n\n\n<li>polipastos y cabrestantes.&nbsp;&nbsp;<\/li>\n<\/ul>\n\n\n\n<p>Esto significa que s\u00f3lo pueden ser manejados, reparados, mantenidos e inspeccionados por una persona certificada para ello. Por este motivo, hemos desarrollado cursos profesionales para quienes deseen adquirirlos. Llevamos muchos a\u00f1os impartiendo cursos de formaci\u00f3n profesional para empleados en toda Polonia. Ofrecemos cursos profesionales que le brindan la oportunidad de obtener las autorizaciones de la Oficina de Inspecci\u00f3n T\u00e9cnica y, a continuaci\u00f3n, encontrar un empleo como operador de equipos.\u00a0\u00a0<\/p>\n\n\n\n<h2 class=\"wp-block-heading\"><strong>Formaci\u00f3n de las OSC<\/strong>&nbsp;<\/h2>\n\n\n\n<p>En nuestra oferta puede encontrar formaci\u00f3n para, entre otras cosas:&nbsp;<\/p>\n\n\n\n<ul class=\"dwiekolumny wp-block-list\">\n<li>plataformas elevadoras m\u00f3viles,&nbsp;<\/li>\n\n\n\n<li>plataformas m\u00f3viles estacionarias,&nbsp;<\/li>\n\n\n\n<li>plataformas de trabajo que suben del m\u00e1stil,&nbsp;<\/li>\n\n\n\n<li>plataformas m\u00f3viles colgantes,&nbsp;<\/li>\n\n\n\n<li>plataformas a\u00e9reas de trabajo,&nbsp;<\/li>\n\n\n\n<li>elevadores de tijera,&nbsp;<\/li>\n\n\n\n<li>gr\u00faas de p\u00f3rtico,&nbsp;<\/li>\n\n\n\n<li>HDS (cami\u00f3n gr\u00faa hidr\u00e1ulico).&nbsp;<\/li>\n<\/ul>\n\n\n\n<h2 class=\"wp-block-heading\"><strong>Nuestro personal<\/strong>&nbsp;<\/h2>\n\n\n\n<p>Contamos con instructores magn\u00edficamente cualificados, que imparten clases basadas en programas creados en colaboraci\u00f3n con los organismos certificadores que expiden los t\u00edtulos. Cada persona que realiza este curso recibe apoyo y tiene acceso a material did\u00e1ctico.&nbsp;&nbsp;<\/p>\n\n\n<div class=\"wp-block-image\">\n<figure class=\"alignleft size-large is-resized\"><a href=\"https:\/\/szkolenia-udt.pl\/wp-content\/uploads\/2022\/08\/123.webp\"><img loading=\"lazy\" decoding=\"async\" src=\"https:\/\/szkolenia-udt.pl\/wp-content\/uploads\/2022\/08\/123-1024x769.webp\" alt=\"foto de los aprendices\" class=\"wp-image-3127\" width=\"512\" height=\"385\" srcset=\"https:\/\/szkolenia-udt.pl\/wp-content\/uploads\/2022\/08\/123-1024x769.webp 1024w, https:\/\/szkolenia-udt.pl\/wp-content\/uploads\/2022\/08\/123-300x225.webp 300w, https:\/\/szkolenia-udt.pl\/wp-content\/uploads\/2022\/08\/123-768x576.webp 768w, https:\/\/szkolenia-udt.pl\/wp-content\/uploads\/2022\/08\/123-1536x1153.webp 1536w, https:\/\/szkolenia-udt.pl\/wp-content\/uploads\/2022\/08\/123-16x12.webp 16w, https:\/\/szkolenia-udt.pl\/wp-content\/uploads\/2022\/08\/123.webp 1600w\" sizes=\"auto, (max-width: 512px) 100vw, 512px\" \/><\/a><\/figure>\n<\/div>\n\n\n<h2 class=\"wp-block-heading\"><strong>Alcance de nuestros cursos<\/strong>&nbsp;<\/h2>\n\n\n\n<p>Garantizamos una preparaci\u00f3n exhaustiva de los participantes mediante conferencias, en las que se imparten conocimientos te\u00f3ricos, pero tambi\u00e9n realizamos clases pr\u00e1cticas, gracias a las cuales los participantes asimilan a\u00fan mejor la informaci\u00f3n adquirida. Dependiendo del n\u00famero de participantes, fijamos un precio individual para la formaci\u00f3n, con atractivos descuentos disponibles para grupos m\u00e1s grandes. Para m\u00e1s informaci\u00f3n o si tiene m\u00e1s preguntas, p\u00f3ngase en contacto con nosotros en <a href=\"https:\/\/szkolenia-udt.pl\/es\/kontakt\/\">contact\u00e1ndonos<\/a>.\u00a0<\/p>\n\n\n\n<h2 class=\"wp-block-heading\"><strong>Formulario y horario de las clases<\/strong>&nbsp;<\/h2>\n\n\n\n<p>El curso se imparte en dos modalidades:&nbsp;&nbsp;<\/p>\n\n\n\n<ul class=\"wp-block-list\">\n<li><strong>abra <\/strong>- dirigido a cualquier persona interesada y realizado seg\u00fan el calendario publicado en nuestro sitio web,\u00a0\u00a0\u00a0<\/li>\n\n\n\n<li><strong>cerrado <\/strong>- dise\u00f1adas para grupos organizados por determinados empresarios o instituciones. Estas clases pueden impartirse individualmente, teniendo en cuenta las necesidades de los clientes. Para grupos cerrados, los cursos de formaci\u00f3n se imparten en nuestras sucursales, pero tambi\u00e9n podemos desplazarnos f\u00e1cilmente e impartirlos en cualquier lugar de Polonia.\u00a0<\/li>\n<\/ul>\n\n\n\n<h2 class=\"wp-block-heading\"><strong>UDT - informaci\u00f3n clave<\/strong>\u00a0<\/h2>\n\n\n\n<p>La Oficina de Inspecci\u00f3n T\u00e9cnica es la autoridad facultada para garantizar el funcionamiento seguro de todos los equipos t\u00e9cnicos e instalaciones legalmente sujetos a supervisi\u00f3n t\u00e9cnica. Ofrece tanto actividades de certificaci\u00f3n UDT-CERT como formaci\u00f3n de la Academia UDT.\u00a0\u00a0<\/p>\n\n\n\n<h4 class=\"wp-block-heading\"><strong>Las principales tareas de la Oficina de Inspecci\u00f3n T\u00e9cnica son:<\/strong>&nbsp;&nbsp;<\/h4>\n\n\n\n<ul class=\"dwiekolumny wp-block-list\">\n<li>certificaci\u00f3n de la calidad de los equipos,&nbsp;&nbsp;<\/li>\n\n\n\n<li>emitir dict\u00e1menes y dictar resoluciones,&nbsp;&nbsp;<\/li>\n\n\n\n<li>supervisi\u00f3n t\u00e9cnica de los equipos,&nbsp;&nbsp;<\/li>\n\n\n\n<li>an\u00e1lisis de da\u00f1os,&nbsp;&nbsp;&nbsp;<\/li>\n\n\n\n<li>controlar el grado de riesgo,&nbsp;&nbsp;<\/li>\n\n\n\n<li>registro de los equipos puestos en servicio,&nbsp;&nbsp;<\/li>\n\n\n\n<li>verificaci\u00f3n de las cualificaciones,&nbsp;&nbsp;<\/li>\n\n\n\n<li>llevar a cabo actividades para mejorar las cualificaciones profesionales.&nbsp;<\/li>\n<\/ul>\n\n\n\n<h2 class=\"wp-block-heading\"><strong>titulaciones UDT<\/strong>&nbsp;<\/h2>\n\n\n<div class=\"wp-block-image\">\n<figure class=\"aligncenter size-large is-resized\"><a href=\"https:\/\/szkolenia-udt.pl\/wp-content\/uploads\/2022\/08\/UDT-ERGON1.jpeg\"><img loading=\"lazy\" decoding=\"async\" src=\"https:\/\/szkolenia-udt.pl\/wp-content\/uploads\/2022\/08\/UDT-ERGON1-1024x433.jpeg\" alt=\"Formaci\u00f3n para la autorizaci\u00f3n de la UDT\" class=\"wp-image-3129\" width=\"768\" height=\"325\" srcset=\"https:\/\/szkolenia-udt.pl\/wp-content\/uploads\/2022\/08\/UDT-ERGON1-1024x433.jpeg 1024w, https:\/\/szkolenia-udt.pl\/wp-content\/uploads\/2022\/08\/UDT-ERGON1-300x127.jpeg 300w, https:\/\/szkolenia-udt.pl\/wp-content\/uploads\/2022\/08\/UDT-ERGON1-768x325.jpeg 768w, https:\/\/szkolenia-udt.pl\/wp-content\/uploads\/2022\/08\/UDT-ERGON1-1536x650.jpeg 1536w, https:\/\/szkolenia-udt.pl\/wp-content\/uploads\/2022\/08\/UDT-ERGON1-18x8.jpeg 18w, https:\/\/szkolenia-udt.pl\/wp-content\/uploads\/2022\/08\/UDT-ERGON1.jpeg 1588w\" sizes=\"auto, (max-width: 768px) 100vw, 768px\" \/><\/a><\/figure>\n<\/div>\n\n\n<p>El certificado UDT es una cualificaci\u00f3n para las personas que desean operar o mantener equipos sujetos a supervisi\u00f3n t\u00e9cnica, en particular equipos de manipulaci\u00f3n de materiales. El certificado es expedido por una comisi\u00f3n designada por la Oficina de Inspecci\u00f3n T\u00e9cnica y tiene por objeto confirmar el conocimiento de las especificaciones de inspecci\u00f3n t\u00e9cnica, los reglamentos y normas exigidos y la capacidad para realizar actividades pr\u00e1cticas relacionadas con el funcionamiento o el mantenimiento de equipos. Toda persona que desee ejercer una profesi\u00f3n que requiera un certificado UDT debe completar la formaci\u00f3n pertinente y superar un examen de habilitaci\u00f3n. El certificado de cualificaci\u00f3n se expide tras superar con \u00e9xito un examen estatal ante una comisi\u00f3n designada por la Oficina de Inspecci\u00f3n T\u00e9cnica. Este examen eval\u00faa tanto los conocimientos te\u00f3ricos como las aptitudes pr\u00e1cticas en el manejo del equipo de manutenci\u00f3n elegido. Para poder presentarse al examen, debe presentar la correspondiente solicitud de verificaci\u00f3n de las cualificaciones necesarias para manejar y mantener el equipo t\u00e9cnico. Le ofrecemos ayuda para inscribirse en el examen UDT.\u00a0<\/p>\n\n\n\n<p>Le invitamos a que se ponga en contacto con nosotros y se inscriba en los cursos de formaci\u00f3n que imparte nuestra empresa.<\/p>","protected":false},"excerpt":{"rendered":"<p>UTB \u2013 Urz\u0105dzenia Transportu Bliskiego\u00a0 Urz\u0105dzenia transportu bliskiego to urz\u0105dzenia, kt\u00f3re s\u0105 obj\u0119te dozorem technicznym UDT. S\u0105 to mi\u0119dzy innymi:&nbsp; Oznacza to, \u017ce ich obs\u0142ug\u0119, napraw\u0119, konserwacj\u0119 i przegl\u0105d mo\u017ce wykonywa\u0107 tyko osoba posiadaj\u0105ca do tego odpowiednie uprawnienia.\u00a0W zwi\u0105zku z powy\u017cszym, stworzyli\u015bmy profesjonalne kursy dla os\u00f3b ch\u0119tnych je zdoby\u0107. Profesjonalne szkolenia dla pracownik\u00f3w s\u0105 prowadzone [&hellip;]<\/p>\n","protected":false},"author":10,"featured_media":3127,"parent":2266,"menu_order":0,"comment_status":"closed","ping_status":"closed","template":"","meta":{"footnotes":""},"class_list":["post-3126","page","type-page","status-publish","has-post-thumbnail","hentry"],"aioseo_notices":[],"_links":{"self":[{"href":"https:\/\/szkolenia-udt.pl\/es\/wp-json\/wp\/v2\/pages\/3126","targetHints":{"allow":["GET"]}}],"collection":[{"href":"https:\/\/szkolenia-udt.pl\/es\/wp-json\/wp\/v2\/pages"}],"about":[{"href":"https:\/\/szkolenia-udt.pl\/es\/wp-json\/wp\/v2\/types\/page"}],"author":[{"embeddable":true,"href":"https:\/\/szkolenia-udt.pl\/es\/wp-json\/wp\/v2\/users\/10"}],"replies":[{"embeddable":true,"href":"https:\/\/szkolenia-udt.pl\/es\/wp-json\/wp\/v2\/comments?post=3126"}],"version-history":[{"count":3,"href":"https:\/\/szkolenia-udt.pl\/es\/wp-json\/wp\/v2\/pages\/3126\/revisions"}],"predecessor-version":[{"id":4736,"href":"https:\/\/szkolenia-udt.pl\/es\/wp-json\/wp\/v2\/pages\/3126\/revisions\/4736"}],"up":[{"embeddable":true,"href":"https:\/\/szkolenia-udt.pl\/es\/wp-json\/wp\/v2\/pages\/2266"}],"wp:featuredmedia":[{"embeddable":true,"href":"https:\/\/szkolenia-udt.pl\/es\/wp-json\/wp\/v2\/media\/3127"}],"wp:attachment":[{"href":"https:\/\/szkolenia-udt.pl\/es\/wp-json\/wp\/v2\/media?parent=3126"}],"curies":[{"name":"wp","href":"https:\/\/api.w.org\/{rel}","templated":true}]}}