{"id":3132,"date":"2022-08-12T15:49:56","date_gmt":"2022-08-12T13:49:56","guid":{"rendered":"https:\/\/szkolenia-udt.pl\/?page_id=3132"},"modified":"2023-03-20T13:59:24","modified_gmt":"2023-03-20T12:59:24","slug":"ppoz-en-persona","status":"publish","type":"page","link":"https:\/\/szkolenia-udt.pl\/es\/kursy\/bhp-ppoz\/ppoz-w-oso\/","title":{"rendered":"Formaci\u00f3n en seguridad contra incendios en el OSO"},"content":{"rendered":"<h2 class=\"wp-block-heading\"><strong>Formaci\u00f3n en las OSC<\/strong>\u00a0<\/h2>\n\n\n<div class=\"wp-block-image\">\n<figure class=\"alignright size-large is-resized\"><a href=\"https:\/\/szkolenia-udt.pl\/wp-content\/uploads\/2022\/08\/2-4.jpeg\"><img loading=\"lazy\" decoding=\"async\" src=\"https:\/\/szkolenia-udt.pl\/wp-content\/uploads\/2022\/08\/2-4-1024x868.jpeg\" alt=\"extintores en la sala de formaci\u00f3n\" class=\"wp-image-3134\" width=\"512\" height=\"434\" srcset=\"https:\/\/szkolenia-udt.pl\/wp-content\/uploads\/2022\/08\/2-4-1024x868.jpeg 1024w, https:\/\/szkolenia-udt.pl\/wp-content\/uploads\/2022\/08\/2-4-300x254.jpeg 300w, https:\/\/szkolenia-udt.pl\/wp-content\/uploads\/2022\/08\/2-4-768x651.jpeg 768w, https:\/\/szkolenia-udt.pl\/wp-content\/uploads\/2022\/08\/2-4-1536x1302.jpeg 1536w, https:\/\/szkolenia-udt.pl\/wp-content\/uploads\/2022\/08\/2-4-14x12.jpeg 14w, https:\/\/szkolenia-udt.pl\/wp-content\/uploads\/2022\/08\/2-4.jpeg 1600w\" sizes=\"auto, (max-width: 512px) 100vw, 512px\" \/><\/a><\/figure>\n<\/div>\n\n\n<p>En nuestro sitio web encontrar\u00e1 cursos de formaci\u00f3n de expertos en seguridad contra incendios. Se trata de cursos que garantizan que los empleados est\u00e9n debidamente preparados para desempe\u00f1ar su trabajo con seguridad. Ponemos todo nuestro empe\u00f1o en garantizar la mejor calidad posible de nuestras clases. Disponemos de modernas instalaciones y aulas de formaci\u00f3n, as\u00ed como de instructores competentes, disponibles y bien cualificados. Adem\u00e1s, nos centramos en un programa amplio y de desarrollo. Tambi\u00e9n contamos con muchos a\u00f1os de experiencia y nuestros cursos se imparten de acuerdo con la legislaci\u00f3n m\u00e1s reciente.\u00a0\u00a0<\/p>\n\n\n\n<h2 class=\"wp-block-heading\"><strong>\u00bfC\u00f3mo nos formamos?<\/strong><\/h2>\n\n\n\n<p>Ofrecemos formaci\u00f3n en dos partes: te\u00f3rica y pr\u00e1ctica. Durante las clases, los participantes adquieren los conocimientos y habilidades obligatorios para cumplir todos los requisitos legales y situacionales.&nbsp;&nbsp;<\/p>\n\n\n\n<h4 class=\"wp-block-heading\"><strong>Los temas de formaci\u00f3n incluyen principalmente:<\/strong>&nbsp;<\/h4>\n\n\n\n<ul class=\"wp-block-list\">\n<li>manejo de equipos port\u00e1tiles de lucha contra incendios,&nbsp;<\/li>\n\n\n\n<li>se\u00f1alizaci\u00f3n de incendios y evacuaci\u00f3n,&nbsp;<\/li>\n\n\n\n<li>procedimientos de emergencia y evacuaci\u00f3n,&nbsp;<\/li>\n\n\n\n<li>el despliegue de equipos de lucha contra incendios,&nbsp;<\/li>\n\n\n\n<li>normas para un contacto adecuado con los servicios pertinentes,&nbsp;<\/li>\n\n\n\n<li>prestar primeros auxilios a la v\u00edctima,&nbsp;<\/li>\n\n\n\n<li>riesgos de incendio en el lugar de trabajo,&nbsp;<\/li>\n\n\n\n<li>el manual de instrucciones contra incendios para el trabajo en cuesti\u00f3n.&nbsp;<\/li>\n<\/ul>\n\n\n\n<p>La parte te\u00f3rica se complementa con ejercicios pr\u00e1cticos. Cabe se\u00f1alar que los temas mencionados pueden adaptarse y perfeccionarse individualmente a las necesidades de nuestros clientes. Todas las personas que completen el curso recibir\u00e1n un certificado de formaci\u00f3n en seguridad contra incendios.&nbsp;<\/p>\n\n\n\n<h2 class=\"wp-block-heading\"><strong>\u00bfQu\u00e9 tipos de formaci\u00f3n ofrecemos?\u00a0<\/strong><\/h2>\n\n\n\n<p>En nuestra oferta encontrar\u00e1 dos tipos de formaci\u00f3n:&nbsp;<\/p>\n\n\n\n<figure class=\"wp-block-table\"><table><tbody><tr><td><strong>Tipo:<\/strong>&nbsp;<\/td><td><strong>\u00bfPara qui\u00e9n?<\/strong>&nbsp;<\/td><td><strong>Objetivo<\/strong>&nbsp;<\/td><\/tr><tr><td><strong>Preliminar<\/strong>&nbsp;<\/td><td>Dise\u00f1ado para los nuevos empleados de una empresa determinada.&nbsp;<\/td><td>Familiarizaci\u00f3n con la legislaci\u00f3n y las instrucciones vigentes en materia de seguridad contra incendios y explicaci\u00f3n de las normas de conducta en caso de incendio.&nbsp;<\/td><\/tr><tr><td><strong>Peri\u00f3dico<\/strong>&nbsp;<\/td><td>Destinado a los empleados de una determinada empresa.&nbsp;<\/td><td>Completar y actualizar conocimientos.&nbsp;<\/td><\/tr><\/tbody><\/table><\/figure>\n\n\n\n<h2 class=\"wp-block-heading\"><strong>\u00bfD\u00f3nde puede encontrarnos?<\/strong>&nbsp;<\/h2>\n\n\n<div class=\"wp-block-image\">\n<figure class=\"alignleft size-large is-resized\"><a href=\"https:\/\/szkolenia-udt.pl\/wp-content\/uploads\/2022\/08\/1-1.webp\"><img loading=\"lazy\" decoding=\"async\" src=\"https:\/\/szkolenia-udt.pl\/wp-content\/uploads\/2022\/08\/1-1-1024x683.webp\" alt=\"Participantes en el curso de formaci\u00f3n sobre seguridad contra incendios \" class=\"wp-image-3133\" width=\"512\" height=\"342\" srcset=\"https:\/\/szkolenia-udt.pl\/wp-content\/uploads\/2022\/08\/1-1-1024x683.webp 1024w, https:\/\/szkolenia-udt.pl\/wp-content\/uploads\/2022\/08\/1-1-300x200.webp 300w, https:\/\/szkolenia-udt.pl\/wp-content\/uploads\/2022\/08\/1-1-768x512.webp 768w, https:\/\/szkolenia-udt.pl\/wp-content\/uploads\/2022\/08\/1-1-1536x1024.webp 1536w, https:\/\/szkolenia-udt.pl\/wp-content\/uploads\/2022\/08\/1-1-18x12.webp 18w, https:\/\/szkolenia-udt.pl\/wp-content\/uploads\/2022\/08\/1-1.webp 1600w\" sizes=\"auto, (max-width: 512px) 100vw, 512px\" \/><\/a><\/figure>\n<\/div>\n\n\n<p>Nuestra sede est\u00e1 en Varsovia, pero impartimos formaci\u00f3n en todo el pa\u00eds y en el extranjero. Seg\u00fan el calendario actual, puede apuntarse a la formaci\u00f3n sobre seguridad contra incendios en el lugar que elija. Para obtener una lista detallada de las fechas de los cursos, le animamos a que se ponga en contacto con nuestra oficina por tel\u00e9fono. Estamos a su disposici\u00f3n en el n\u00famero de tel\u00e9fono que figura en nuestro sitio web.&nbsp;<\/p>\n\n\n\n<h2 class=\"wp-block-heading\"><strong>Oferta de desplazamiento al cliente<\/strong>&nbsp;<\/h2>\n\n\n\n<p>En el caso de los cursos cerrados dirigidos a grupos organizados, ofrecemos viajes e impartici\u00f3n de cursos en cualquier lugar de Polonia. <a href=\"https:\/\/szkolenia-udt.pl\/es\/oferta\/\">Precio<\/a> depende del n\u00famero de personas y, por tanto, se determina individualmente. Los grupos m\u00e1s grandes pueden beneficiarse de atractivos descuentos. Para inscribirse en el curso o conocer las respuestas a cualquier otra pregunta que pueda tener, p\u00f3ngase en contacto con nosotros en <a href=\"https:\/\/szkolenia-udt.pl\/es\/kontakt\/\">contact\u00e1ndonos<\/a>.&nbsp;<\/p>\n\n\n\n<h2 class=\"wp-block-heading\"><strong>\u00bfQu\u00e9 es la protecci\u00f3n contra incendios?<\/strong>&nbsp;<\/h2>\n\n\n\n<p>La protecci\u00f3n contra incendios es la acci\u00f3n que se lleva a cabo para proteger la vida y la salud de las personas y los animales y salvaguardar los bienes del fuego, los desastres naturales y otros peligros locales. Se entiende como normas legalmente reguladas que obligan a los gestores y propietarios de edificios, as\u00ed como de terrenos, a utilizar sistemas de protecci\u00f3n contra incendios dise\u00f1ados adecuadamente que puedan minimizar el riesgo de incendio y eliminar eficazmente sus efectos.&nbsp;<\/p>\n\n\n\n<h2 class=\"wp-block-heading\"><strong>Protecci\u00f3n contra incendios en el lugar de trabajo<\/strong>&nbsp;<\/h2>\n\n\n\n<p>Cualquiera que utilice un edificio, instalaci\u00f3n, entorno o terreno est\u00e1 obligado a protegerlo contra los riesgos de incendio, independientemente de que sea una persona f\u00edsica, jur\u00eddica, organizaci\u00f3n o instituci\u00f3n. De acuerdo con la ley, cualquier persona que tenga la posesi\u00f3n de un edificio, terreno o instalaci\u00f3n es responsable de garantizar la protecci\u00f3n contra incendios.  Por lo tanto, est\u00e1 obligada a:\u00a0<\/p>\n\n\n<div class=\"wp-block-image\">\n<figure class=\"alignright size-large is-resized\"><a href=\"https:\/\/szkolenia-udt.pl\/wp-content\/uploads\/2022\/08\/3.webp\"><img loading=\"lazy\" decoding=\"async\" src=\"https:\/\/szkolenia-udt.pl\/wp-content\/uploads\/2022\/08\/3-1024x678.webp\" alt=\"foto del uso de un extintor durante un incendio\" class=\"wp-image-3135\" width=\"512\" height=\"339\" srcset=\"https:\/\/szkolenia-udt.pl\/wp-content\/uploads\/2022\/08\/3-1024x678.webp 1024w, https:\/\/szkolenia-udt.pl\/wp-content\/uploads\/2022\/08\/3-300x199.webp 300w, https:\/\/szkolenia-udt.pl\/wp-content\/uploads\/2022\/08\/3-768x509.webp 768w, https:\/\/szkolenia-udt.pl\/wp-content\/uploads\/2022\/08\/3-1536x1018.webp 1536w, https:\/\/szkolenia-udt.pl\/wp-content\/uploads\/2022\/08\/3-18x12.webp 18w, https:\/\/szkolenia-udt.pl\/wp-content\/uploads\/2022\/08\/3.webp 1600w\" sizes=\"auto, (max-width: 512px) 100vw, 512px\" \/><\/a><\/figure>\n<\/div>\n\n\n<ul class=\"wp-block-list\">\n<li>garantizar el mantenimiento y la reparaci\u00f3n de los extintores y equipos de lucha contra incendios para que sean eficaces y fiables;&nbsp;<\/li>\n\n\n\n<li>disponer de un extintor de incendios y otros equipos obligatorios contra incendios y de rescate en el edificio, la estructura o el terreno;&nbsp;<\/li>\n\n\n\n<li>designar a las personas responsables de la evacuaci\u00f3n de los trabajadores restantes, del contacto con los servicios y de las medidas de primeros auxilios;&nbsp;<\/li>\n\n\n\n<li>cumplir los requisitos de protecci\u00f3n contra incendios: tecnol\u00f3gicos, de instalaci\u00f3n y t\u00e9cnicos;&nbsp;<\/li>\n\n\n\n<li>las personas que se encuentran en el edificio deben garantizar la seguridad y una evacuaci\u00f3n sin contratiempos;&nbsp;<\/li>\n\n\n\n<li>adaptar el edificio, la estructura o el lugar a la operaci\u00f3n de rescate;&nbsp;<\/li>\n\n\n\n<li>familiarizar a sus empleados con la normativa aplicable en materia de incendios;&nbsp;<\/li>\n\n\n\n<li>identificar posibles soluciones para hacer frente a un incendio, una cat\u00e1strofe natural u otra emergencia.&nbsp;<\/li>\n<\/ul>\n\n\n\n<h2 class=\"wp-block-heading\"><strong>Responsabilidades del empleado<\/strong>&nbsp;<\/h2>\n\n\n\n<p>Las responsabilidades del personal incluyen:&nbsp;<\/p>\n\n\n\n<ul class=\"wp-block-list\">\n<li>&nbsp;informar al empresario de los peligros o accidentes que se adviertan;&nbsp;<\/li>\n\n\n\n<li>&nbsp;realizaci\u00f3n de la formaci\u00f3n inicial en salud y seguridad en el trabajo y seguridad contra incendios (para los nuevos empleados);&nbsp;&nbsp;<\/li>\n\n\n\n<li>realizaci\u00f3n de formaciones peri\u00f3dicas en materia de salud y seguridad en el trabajo y de seguridad contra incendios (en el caso del personal fijo);&nbsp;<\/li>\n\n\n\n<li>&nbsp;conocer y cumplir la normativa en materia de salud, seguridad y protecci\u00f3n contra incendios.&nbsp;&nbsp;<\/li>\n<\/ul>\n\n\n\n<p>Le invitamos cordialmente a los cursos de formaci\u00f3n en nuestra <a href=\"https:\/\/szkolenia-udt.pl\/es\/o-firmie\/\">Centro de Formaci\u00f3n de Operadores<\/a>donde realizamos cursos de seguridad contra incendios. Ofrecemos asistencia profesional a precios asequibles. Le invitamos a inscribirse y participar en nuestros cursos de formaci\u00f3n.<\/p>\n\n\n<div class=\"wp-block-image\">\n<figure class=\"aligncenter size-full is-resized\"><a href=\"https:\/\/szkolenia-udt.pl\/wp-content\/uploads\/2022\/08\/0094-oso.edu_.pl_.jpg\"><img loading=\"lazy\" decoding=\"async\" src=\"https:\/\/szkolenia-udt.pl\/wp-content\/uploads\/2022\/08\/0094-oso.edu_.pl_.jpg\" alt=\"\" class=\"wp-image-3136\" width=\"454\" height=\"378\" srcset=\"https:\/\/szkolenia-udt.pl\/wp-content\/uploads\/2022\/08\/0094-oso.edu_.pl_.jpg 446w, https:\/\/szkolenia-udt.pl\/wp-content\/uploads\/2022\/08\/0094-oso.edu_.pl_-300x250.jpg 300w, https:\/\/szkolenia-udt.pl\/wp-content\/uploads\/2022\/08\/0094-oso.edu_.pl_-14x12.jpg 14w\" sizes=\"auto, (max-width: 454px) 100vw, 454px\" \/><\/a><\/figure>\n<\/div>","protected":false},"excerpt":{"rendered":"<p>Szkolenia w OSO\u00a0 Na naszej stronie mo\u017cna znale\u017a\u0107 fachowe szkolenia w zakresie ochrony PPO\u017b. S\u0105 to kursy, kt\u00f3re zapewniaj\u0105 odpowiednie przygotowanie pracownik\u00f3w do bezpiecznego wykonywania pracy. Przek\u0142adamy wszelkie si\u0142y, aby zapewni\u0107 jak najlepsz\u0105 jako\u015b\u0107 naszych zaj\u0119\u0107.\u00a0Dysponujemy nowoczesnym zapleczem i salami szkoleniowymi oraz kompetentnymi instruktorami, kt\u00f3rzy s\u0105 dyspozycyjni i \u015bwietnie wykwalifikowani. Opr\u00f3cz tego stawiamy na obszerny [&hellip;]<\/p>\n","protected":false},"author":10,"featured_media":3135,"parent":2739,"menu_order":0,"comment_status":"closed","ping_status":"closed","template":"","meta":{"footnotes":""},"class_list":["post-3132","page","type-page","status-publish","has-post-thumbnail","hentry"],"aioseo_notices":[],"_links":{"self":[{"href":"https:\/\/szkolenia-udt.pl\/es\/wp-json\/wp\/v2\/pages\/3132","targetHints":{"allow":["GET"]}}],"collection":[{"href":"https:\/\/szkolenia-udt.pl\/es\/wp-json\/wp\/v2\/pages"}],"about":[{"href":"https:\/\/szkolenia-udt.pl\/es\/wp-json\/wp\/v2\/types\/page"}],"author":[{"embeddable":true,"href":"https:\/\/szkolenia-udt.pl\/es\/wp-json\/wp\/v2\/users\/10"}],"replies":[{"embeddable":true,"href":"https:\/\/szkolenia-udt.pl\/es\/wp-json\/wp\/v2\/comments?post=3132"}],"version-history":[{"count":8,"href":"https:\/\/szkolenia-udt.pl\/es\/wp-json\/wp\/v2\/pages\/3132\/revisions"}],"predecessor-version":[{"id":4625,"href":"https:\/\/szkolenia-udt.pl\/es\/wp-json\/wp\/v2\/pages\/3132\/revisions\/4625"}],"up":[{"embeddable":true,"href":"https:\/\/szkolenia-udt.pl\/es\/wp-json\/wp\/v2\/pages\/2739"}],"wp:featuredmedia":[{"embeddable":true,"href":"https:\/\/szkolenia-udt.pl\/es\/wp-json\/wp\/v2\/media\/3135"}],"wp:attachment":[{"href":"https:\/\/szkolenia-udt.pl\/es\/wp-json\/wp\/v2\/media?parent=3132"}],"curies":[{"name":"wp","href":"https:\/\/api.w.org\/{rel}","templated":true}]}}