{"id":3143,"date":"2022-08-18T13:21:16","date_gmt":"2022-08-18T11:21:16","guid":{"rendered":"https:\/\/szkolenia-udt.pl\/?page_id=3143"},"modified":"2023-03-20T14:13:38","modified_gmt":"2023-03-20T13:13:38","slug":"corte-con-soplete","status":"publish","type":"page","link":"https:\/\/szkolenia-udt.pl\/es\/kursy\/spawanie\/ciecie-palnikiem\/","title":{"rendered":"Corte con soplete oxiacetil\u00e9nico"},"content":{"rendered":"<h2 class=\"wp-block-heading\"><strong>Sobre nosotros<\/strong><\/h2>\n\n\n<div class=\"wp-block-image\">\n<figure class=\"alignright size-large is-resized\"><a href=\"https:\/\/szkolenia-udt.pl\/wp-content\/uploads\/2022\/08\/2-5.jpeg\"><img loading=\"lazy\" decoding=\"async\" src=\"https:\/\/szkolenia-udt.pl\/wp-content\/uploads\/2022\/08\/2-5-1024x682.jpeg\" alt=\"Cuando se utiliza el soplete de acetileno-ox\u00edgeno\" class=\"wp-image-3145\" width=\"512\" height=\"341\" srcset=\"https:\/\/szkolenia-udt.pl\/wp-content\/uploads\/2022\/08\/2-5-1024x682.jpeg 1024w, https:\/\/szkolenia-udt.pl\/wp-content\/uploads\/2022\/08\/2-5-300x200.jpeg 300w, https:\/\/szkolenia-udt.pl\/wp-content\/uploads\/2022\/08\/2-5-768x511.jpeg 768w, https:\/\/szkolenia-udt.pl\/wp-content\/uploads\/2022\/08\/2-5-1536x1022.jpeg 1536w, https:\/\/szkolenia-udt.pl\/wp-content\/uploads\/2022\/08\/2-5-18x12.jpeg 18w, https:\/\/szkolenia-udt.pl\/wp-content\/uploads\/2022\/08\/2-5.jpeg 1600w\" sizes=\"auto, (max-width: 512px) 100vw, 512px\" \/><\/a><\/figure>\n<\/div>\n\n\n<p>Desde hace muchos a\u00f1os, impartimos formaci\u00f3n especializada en el manejo de equipos t\u00e9cnicos, como gr\u00faas, plataformas m\u00f3viles o carretillas elevadoras, formaci\u00f3n para caldereros de hornos y calderas de calefacci\u00f3n central y <a href=\"https:\/\/szkolenia-udt.pl\/es\/kursy\/prace-wysokosciowe\/\">cursos de altitud<\/a> y soldadura, incluida la formaci\u00f3n en corte con soplete oxiacetil\u00e9nico. Operamos en toda Polonia y fuera de ella. Tambi\u00e9n colaboramos con centros de examen estatales como: UDT, TDT, WDT o IMBiGS.\u00a0\u00a0<\/p>\n\n\n\n<h2 class=\"wp-block-heading\"><strong>\u00bfQu\u00e9 garantiza la formaci\u00f3n de las OSC?<\/strong>\u00a0<\/h2>\n\n\n\n<p>Al realizar nuestro curso, aprender\u00e1 en particular: la normativa legal y t\u00e9cnica, la organizaci\u00f3n del trabajo, la tecnolog\u00eda t\u00e9rmica, la salud y la seguridad en el trabajo y los principios del corte con acetileno-ox\u00edgeno.\u00a0\u00a0<\/p>\n\n\n\n<h2 class=\"wp-block-heading\"><strong>Requisitos<\/strong><\/h2>\n\n\n\n<p>Para abordar la formaci\u00f3n debes tener:\u00a0<\/p>\n\n\n\n<ul class=\"wp-block-list\">\n<li>18 a\u00f1os como m\u00ednimo,&nbsp;<\/li>\n\n\n\n<li>haber completado al menos la ense\u00f1anza primaria,&nbsp;<\/li>\n\n\n\n<li>certificado m\u00e9dico de que no existen contraindicaciones para realizar trabajos de corte con oxiacetileno.\u00a0<\/li>\n<\/ul>\n\n\n\n<h2 class=\"wp-block-heading\"><strong>Corte con soplete oxiacetil\u00e9nico<\/strong>\u00a0<\/h2>\n\n\n<div class=\"wp-block-image\">\n<figure class=\"alignleft size-large is-resized\"><img loading=\"lazy\" decoding=\"async\" src=\"https:\/\/szkolenia-udt.pl\/wp-content\/uploads\/2022\/08\/1-4-775x1024.jpeg\" alt=\"Corte por plasma\" class=\"wp-image-3144\" width=\"388\" height=\"512\" srcset=\"https:\/\/szkolenia-udt.pl\/wp-content\/uploads\/2022\/08\/1-4-775x1024.jpeg 775w, https:\/\/szkolenia-udt.pl\/wp-content\/uploads\/2022\/08\/1-4-227x300.jpeg 227w, https:\/\/szkolenia-udt.pl\/wp-content\/uploads\/2022\/08\/1-4-768x1015.jpeg 768w, https:\/\/szkolenia-udt.pl\/wp-content\/uploads\/2022\/08\/1-4-1163x1536.jpeg 1163w, https:\/\/szkolenia-udt.pl\/wp-content\/uploads\/2022\/08\/1-4-9x12.jpeg 9w, https:\/\/szkolenia-udt.pl\/wp-content\/uploads\/2022\/08\/1-4.jpeg 1211w\" sizes=\"auto, (max-width: 388px) 100vw, 388px\" \/><\/figure>\n<\/div>\n\n\n<p>El oxicorte acetil\u00e9nico es un m\u00e9todo de separaci\u00f3n de metales, sobre todo aceros de baja aleaci\u00f3n y bajo contenido en carbono. El proceso de corte por gas consiste en llevar el material a la temperatura de ignici\u00f3n y, a continuaci\u00f3n, quemar y soplar los \u00f3xidos met\u00e1licos l\u00edquidos mediante un chorro de ox\u00edgeno a presi\u00f3n. El corte por acetileno-ox\u00edgeno permite que el material alcance r\u00e1pidamente temperaturas muy elevadas.\u00a0\u00a0<\/p>\n\n\n\n<h4 class=\"wp-block-heading\">Si el material se va a cortar con acetileno-ox\u00edgeno, debe cumplir dos condiciones b\u00e1sicas. \u00c9stas son:<\/h4>\n\n\n\n<ul class=\"wp-block-list\">\n<li>La ignici\u00f3n del metal debe producirse a una temperatura inferior a su punto de fusi\u00f3n;&nbsp;<\/li>\n\n\n\n<li>La fusi\u00f3n de los \u00f3xidos b\u00e1sicos debe producirse a una temperatura inferior a la de ignici\u00f3n.&nbsp;<\/li>\n<\/ul>\n\n\n\n<h4 class=\"wp-block-heading\"><strong>Metales no aptos para el corte con gas:<\/strong>&nbsp;<\/h4>\n\n\n\n<ul class=\"trzykolumny wp-block-list\">\n<li>lat\u00f3n;&nbsp;<\/li>\n\n\n\n<li>bronce;&nbsp;<\/li>\n\n\n\n<li>tungsteno;&nbsp;<\/li>\n\n\n\n<li>titanio;&nbsp;<\/li>\n\n\n\n<li>hierro fundido;&nbsp;<\/li>\n\n\n\n<li>hierro.&nbsp;<\/li>\n<\/ul>\n\n\n\n<p>Cuando se trata de conseguir un corte de alta calidad, hay que centrarse en guiar la antorcha, manteniendo la distancia entre la boquilla de la antorcha y el material que se est\u00e1 cortando y la velocidad de corte lo m\u00e1s constante posible. Cuando resulta dif\u00edcil mantener la distancia, se utilizan rodillos gu\u00eda. La distancia entre la boquilla y el material a cortar depende del grosor del material. La calidad del corte depende de la elecci\u00f3n del soplete. Las antorchas se dividen en universales y de corte.\u00a0\u00a0<\/p>\n\n\n\n<h2 class=\"wp-block-heading\">Ventajas e inconvenientes del corte por gas<\/h2>\n\n\n\n<div class=\"wp-block-group dwiekolumny\"><div class=\"wp-block-group__inner-container is-layout-constrained wp-block-group-is-layout-constrained\">\n<h4 class=\"wp-block-heading\"><strong>Ventajas del corte con gas:<\/strong>&nbsp;<\/h4>\n\n\n\n<ul class=\"wp-block-list\">\n<li>posibilidad de cortar en diferentes \u00e1ngulos;&nbsp;<\/li>\n\n\n\n<li>la posibilidad de automatizaci\u00f3n;&nbsp;<\/li>\n\n\n\n<li>gama de corte muy amplia;&nbsp;<\/li>\n\n\n\n<li>buena calidad de corte para materiales m\u00e1s gruesos;&nbsp;<\/li>\n\n\n\n<li>filos perpendiculares.&nbsp;<\/li>\n<\/ul>\n\n\n\n<h4 class=\"wp-block-heading\"><strong>Desventajas del corte con gas:<\/strong>&nbsp;<\/h4>\n\n\n\n<ul class=\"wp-block-list\">\n<li>baja velocidad de corte;&nbsp;<\/li>\n\n\n\n<li>gran zona afectada por el calor;&nbsp;<\/li>\n\n\n\n<li>no corte de aceros de alta aleaci\u00f3n;&nbsp;<\/li>\n\n\n\n<li>Mayor tiempo de paso a trav\u00e9s del material.&nbsp;<\/li>\n<\/ul>\n<\/div><\/div>\n\n\n\n<h2 class=\"wp-block-heading\"><strong>\u00bfD\u00f3nde se utiliza el soplete de acetileno-ox\u00edgeno?<\/strong>\u00a0<\/h2>\n\n\n\n<p>Este tipo de soplete no s\u00f3lo se utiliza en grandes empresas, sino tambi\u00e9n en peque\u00f1as empresas o talleres. Es la base de todos los trabajos de mecanizado, corte y soldadura de diversas aleaciones met\u00e1licas. Se utiliza all\u00ed donde la precisi\u00f3n es esencial.  El corte con soplete oxiacetil\u00e9nico genera unos costes de funcionamiento relativamente bajos.&nbsp;<\/p>\n\n\n\n<h2 class=\"wp-block-heading\"><strong>Corte por plasma<\/strong>&nbsp;<\/h2>\n\n\n\n<p>Consiste en fundir y expulsar el metal del hueco de corte con un arco de plasma que brilla entre el electrodo y la pieza. El electrodo se enfr\u00eda con agua o aire. En el corte por plasma, el material se funde localmente, a temperaturas de hasta 2.000 grados Celsius.&nbsp;&nbsp;<\/p>\n\n\n<div class=\"wp-block-image\">\n<figure class=\"alignright size-large is-resized\"><a href=\"https:\/\/szkolenia-udt.pl\/wp-content\/uploads\/2022\/08\/3-3.jpeg\"><img loading=\"lazy\" decoding=\"async\" src=\"https:\/\/szkolenia-udt.pl\/wp-content\/uploads\/2022\/08\/3-3-768x1024.jpeg\" alt=\"Cuando se utiliza el soplete de acetileno-ox\u00edgeno\" class=\"wp-image-3146\" width=\"384\" height=\"512\" srcset=\"https:\/\/szkolenia-udt.pl\/wp-content\/uploads\/2022\/08\/3-3-768x1024.jpeg 768w, https:\/\/szkolenia-udt.pl\/wp-content\/uploads\/2022\/08\/3-3-225x300.jpeg 225w, https:\/\/szkolenia-udt.pl\/wp-content\/uploads\/2022\/08\/3-3-1152x1536.jpeg 1152w, https:\/\/szkolenia-udt.pl\/wp-content\/uploads\/2022\/08\/3-3-9x12.jpeg 9w, https:\/\/szkolenia-udt.pl\/wp-content\/uploads\/2022\/08\/3-3.jpeg 1200w\" sizes=\"auto, (max-width: 384px) 100vw, 384px\" \/><\/a><\/figure>\n<\/div>\n\n\n<h4 class=\"wp-block-heading\"><strong>M\u00e9todos de corte por plasma:<\/strong>&nbsp;<\/h4>\n\n\n\n<ul class=\"wp-block-list\">\n<li><strong>biselado<\/strong> - El quemador se coloca sobre la pieza en un \u00e1ngulo adecuado;&nbsp;<\/li>\n\n\n\n<li><strong>b\u00e1sico<\/strong> - consiste en el mecanizado cl\u00e1sico de la pieza desde el borde;&nbsp;<\/li>\n\n\n\n<li><strong>plantilla<\/strong> - el procesado del material se realiza utilizando un patr\u00f3n preparado previamente;\u00a0<\/li>\n\n\n\n<li><strong>gubia<\/strong> - Colocando la antorcha de plasma en \u00e1ngulo, para que el material no se corte, se forman ranuras regulares;\u00a0<\/li>\n\n\n\n<li><strong>mecanizado<\/strong> - se realiza con m\u00e1quinas CNC y robots industriales, la forma m\u00e1s segura de cortar;&nbsp;<\/li>\n\n\n\n<li><strong>corte de varias hojas al mismo tiempo<\/strong> - menor funcionamiento del quemador y ahorro de tiempo.\u00a0<\/li>\n<\/ul>\n\n\n\n<h2 class=\"wp-block-heading\">Otros cursos<\/h2>\n\n\n\n<p>Le invitamos a realizar cursos sobre, entre otras cosas\u00a0<\/p>\n\n\n\n<ul class=\"wp-block-list\">\n<li>corte con soplete,&nbsp;<\/li>\n\n\n\n<li>soldadura,&nbsp;<\/li>\n\n\n\n<li>soldadura,&nbsp;<\/li>\n\n\n\n<li>conexiones embridadas,&nbsp;<\/li>\n\n\n\n<li>soldadura.&nbsp;<\/li>\n<\/ul>\n\n\n\n<p>Tambi\u00e9n formamos a futuros operadores y mantenedores de maquinaria, es decir, gr\u00faas, HDS, plataformas m\u00f3viles, volquetes y otros. Llevamos muchos a\u00f1os trabajando en toda Polonia. Ofrecemos preparaci\u00f3n profesional y certificaci\u00f3n T\u00dcV.&nbsp;<\/p>\n\n\n\n<p>Le invitamos a inscribirse en cursos de formaci\u00f3n abiertos y a ponerse en contacto con nosotros para cursos de formaci\u00f3n cerrados.&nbsp;<\/p>\n\n\n<div class=\"wp-block-image\">\n<figure class=\"aligncenter\"><a href=\"https:\/\/szkolenia-udt.pl\/wp-content\/uploads\/2022\/08\/0071-oso.edu_.pl_.jpg\"><img loading=\"lazy\" decoding=\"async\" width=\"1024\" height=\"853\" src=\"https:\/\/szkolenia-udt.pl\/wp-content\/uploads\/2022\/08\/0071-oso.edu_.pl_-1024x853.jpg\" alt=\"publicidad gr\u00e1fica de la formaci\u00f3n\" class=\"wp-image-3147\" srcset=\"https:\/\/szkolenia-udt.pl\/wp-content\/uploads\/2022\/08\/0071-oso.edu_.pl_-1024x853.jpg 1024w, https:\/\/szkolenia-udt.pl\/wp-content\/uploads\/2022\/08\/0071-oso.edu_.pl_-300x250.jpg 300w, https:\/\/szkolenia-udt.pl\/wp-content\/uploads\/2022\/08\/0071-oso.edu_.pl_-768x640.jpg 768w, https:\/\/szkolenia-udt.pl\/wp-content\/uploads\/2022\/08\/0071-oso.edu_.pl_-14x12.jpg 14w, https:\/\/szkolenia-udt.pl\/wp-content\/uploads\/2022\/08\/0071-oso.edu_.pl_.jpg 1200w\" sizes=\"auto, (max-width: 1024px) 100vw, 1024px\" \/><\/a><\/figure>\n<\/div>","protected":false},"excerpt":{"rendered":"<p>O nas Ju\u017c od wielu lat prowadzimy specjalistyczne szkolenia z zakresu obs\u0142ugi urz\u0105dze\u0144 technicznych, np. \u017curawi, podest\u00f3w ruchomych czy w\u00f3zk\u00f3w wid\u0142owych, szkolenia na palaczy piec\u00f3w i kot\u0142\u00f3w CO oraz kursy wysoko\u015bciowe i spawalnicze, w tym szkolenia z ci\u0119\u0107 palnikiem acetylenowo\u2013tlenowym.\u00a0Dzia\u0142amy na terenie ca\u0142ej Polski i nie tylko. Wsp\u00f3\u0142pracujemy tak\u017ce z pa\u0144stwowymi o\u015brodkami egzaminacyjnymi, takimi jak [&hellip;]<\/p>\n","protected":false},"author":10,"featured_media":3145,"parent":2583,"menu_order":0,"comment_status":"closed","ping_status":"closed","template":"","meta":{"footnotes":""},"class_list":["post-3143","page","type-page","status-publish","has-post-thumbnail","hentry"],"aioseo_notices":[],"_links":{"self":[{"href":"https:\/\/szkolenia-udt.pl\/es\/wp-json\/wp\/v2\/pages\/3143","targetHints":{"allow":["GET"]}}],"collection":[{"href":"https:\/\/szkolenia-udt.pl\/es\/wp-json\/wp\/v2\/pages"}],"about":[{"href":"https:\/\/szkolenia-udt.pl\/es\/wp-json\/wp\/v2\/types\/page"}],"author":[{"embeddable":true,"href":"https:\/\/szkolenia-udt.pl\/es\/wp-json\/wp\/v2\/users\/10"}],"replies":[{"embeddable":true,"href":"https:\/\/szkolenia-udt.pl\/es\/wp-json\/wp\/v2\/comments?post=3143"}],"version-history":[{"count":6,"href":"https:\/\/szkolenia-udt.pl\/es\/wp-json\/wp\/v2\/pages\/3143\/revisions"}],"predecessor-version":[{"id":4627,"href":"https:\/\/szkolenia-udt.pl\/es\/wp-json\/wp\/v2\/pages\/3143\/revisions\/4627"}],"up":[{"embeddable":true,"href":"https:\/\/szkolenia-udt.pl\/es\/wp-json\/wp\/v2\/pages\/2583"}],"wp:featuredmedia":[{"embeddable":true,"href":"https:\/\/szkolenia-udt.pl\/es\/wp-json\/wp\/v2\/media\/3145"}],"wp:attachment":[{"href":"https:\/\/szkolenia-udt.pl\/es\/wp-json\/wp\/v2\/media?parent=3143"}],"curies":[{"name":"wp","href":"https:\/\/api.w.org\/{rel}","templated":true}]}}