{"id":3150,"date":"2022-08-19T09:19:35","date_gmt":"2022-08-19T07:19:35","guid":{"rendered":"https:\/\/szkolenia-udt.pl\/?page_id=3150"},"modified":"2023-03-20T12:59:25","modified_gmt":"2023-03-20T11:59:25","slug":"formacion-de-las-personas-en-materia-de-salud-y-seguridad","status":"publish","type":"page","link":"https:\/\/szkolenia-udt.pl\/es\/kursy\/bhp-ppoz\/szkolenia-bhp-oso\/","title":{"rendered":"Formaci\u00f3n en salud y seguridad en el trabajo"},"content":{"rendered":"<div class=\"wp-block-image\">\n<figure class=\"alignright size-large is-resized\"><a href=\"https:\/\/szkolenia-udt.pl\/wp-content\/uploads\/2022\/08\/1-5.jpeg\"><img loading=\"lazy\" decoding=\"async\" src=\"https:\/\/szkolenia-udt.pl\/wp-content\/uploads\/2022\/08\/1-5-1024x512.jpeg\" alt=\"formaci\u00f3n en salud y seguridad\" class=\"wp-image-3151\" width=\"512\" height=\"256\" srcset=\"https:\/\/szkolenia-udt.pl\/wp-content\/uploads\/2022\/08\/1-5-1024x512.jpeg 1024w, https:\/\/szkolenia-udt.pl\/wp-content\/uploads\/2022\/08\/1-5-300x150.jpeg 300w, https:\/\/szkolenia-udt.pl\/wp-content\/uploads\/2022\/08\/1-5-768x384.jpeg 768w, https:\/\/szkolenia-udt.pl\/wp-content\/uploads\/2022\/08\/1-5-1536x768.jpeg 1536w, https:\/\/szkolenia-udt.pl\/wp-content\/uploads\/2022\/08\/1-5-18x9.jpeg 18w, https:\/\/szkolenia-udt.pl\/wp-content\/uploads\/2022\/08\/1-5.jpeg 1600w\" sizes=\"auto, (max-width: 512px) 100vw, 512px\" \/><\/a><\/figure>\n<\/div>\n\n\n<h2 class=\"wp-block-heading\"><strong>Sobre nosotros<\/strong>&nbsp;<\/h2>\n\n\n\n<p>En nuestro <a href=\"https:\/\/szkolenia-udt.pl\/es\/o-firmie\/\">Centro de Formaci\u00f3n de Operadores<\/a> Ofrecemos varios tipos de formaci\u00f3n, incluida formaci\u00f3n en salud y seguridad para quienes trabajan en condiciones peligrosas y formaci\u00f3n en manejo de carretillas elevadoras y soldadura por fibra \u00f3ptica.\u00a0<\/p>\n\n\n\n<h2 class=\"wp-block-heading\"><strong>\u00bfPor qu\u00e9 hacer un curso de salud y seguridad en OSO?<\/strong>\u00a0<\/h2>\n\n\n\n<p>Para los trabajadores que ocupan puestos especialmente peligrosos, la formaci\u00f3n debe realizarse al menos una vez al a\u00f1o. Es obligaci\u00f3n del empresario proteger la salud y la vida de los trabajadores ofreci\u00e9ndoles condiciones de trabajo seguras e higi\u00e9nicas.&nbsp;&nbsp;&nbsp;<\/p>\n\n\n\n<h2 class=\"wp-block-heading\"><strong>Prop\u00f3sito de la capacitaci\u00f3n<\/strong>&nbsp;<\/h2>\n\n\n\n<p>El objetivo del curso es prevenir los accidentes laborales, familiarizar a los empleados con los posibles peligros y los principios de una correcta evacuaci\u00f3n y primeros auxilios.&nbsp;&nbsp;<\/p>\n\n\n\n<h4 class=\"wp-block-heading\">Adem\u00e1s, los principios rectores de la formaci\u00f3n incluyen:&nbsp;<\/h4>\n\n\n\n<ul class=\"wp-block-list\">\n<li>Reducci\u00f3n de riesgos al realizar trabajos especialmente peligrosos,&nbsp;<\/li>\n\n\n\n<li>identificaci\u00f3n y evaluaci\u00f3n de riesgos en trabajos especialmente peligrosos,&nbsp;<\/li>\n\n\n\n<li>capacidad para manejar equipos y equipos de protecci\u00f3n individual,&nbsp;<\/li>\n\n\n\n<li>requisitos legales y organizativos para los operarios que realizan trabajos especialmente peligrosos,\u00a0<\/li>\n\n\n\n<li>capacidad para organizar pr\u00e1cticas de trabajo seguras,&nbsp;<\/li>\n\n\n\n<li>Formaci\u00f3n pr\u00e1ctica de los participantes en los principios de los primeros auxilios seg\u00fan las normas m\u00e1s recientes del ERC y la AHA,&nbsp;<\/li>\n\n\n\n<li>garantizar la seguridad de los dem\u00e1s trabajadores,&nbsp;<\/li>\n\n\n\n<li>obtener muestras de la documentaci\u00f3n necesaria para realizar trabajos especialmente peligrosos.&nbsp;<\/li>\n<\/ul>\n\n\n\n<h2 class=\"wp-block-heading\"><strong>Forma de las clases<\/strong>&nbsp;<\/h2>\n\n\n\n<p>La frecuencia y la forma de la formaci\u00f3n dependen del tipo de puesto que ocupe el trabajador. La formaci\u00f3n en salud y seguridad debe ser organizada e impartida por los empresarios o, a petici\u00f3n de \u00e9stos, por unidades organizativas autorizadas para impartir formaci\u00f3n en salud y seguridad.\u00a0<\/p>\n\n\n\n<figure class=\"wp-block-table\"><table><thead><tr><th><strong>TIPOS DE FORMACI\u00d3N IMPARTIDOS EN NUESTRO CENTRO<\/strong>\u00a0<\/th><\/tr><\/thead><tbody><tr><td><strong>Preliminar <\/strong>-<strong> <\/strong>debe tener lugar el d\u00eda en que el empleado se incorpora al puesto de trabajo.<\/td><\/tr><tr><td><strong>Peri\u00f3dico <\/strong>-<strong> <\/strong>debe tener lugar en el plazo de un a\u00f1o a partir de la contrataci\u00f3n o, en el caso de los directivos (como m\u00e1ximo 6 meses despu\u00e9s de la formaci\u00f3n inicial).\u00a0<\/td><\/tr><\/tbody><\/table><\/figure>\n\n\n\n<h2 class=\"wp-block-heading\"><strong>Instrucci\u00f3n adecuada<\/strong>&nbsp;<\/h2>\n\n\n\n<p>Cuando se trata de la salud y la seguridad de los que realizan trabajos especialmente peligrosos, la instrucci\u00f3n debe incluir una divisi\u00f3n del trabajo con nombre y apellidos. Tambi\u00e9n son importantes el orden en que deben realizarse las tareas y los requisitos de salud y seguridad para cada actividad. Cada empleado debe saber qu\u00e9 tareas son de su responsabilidad. Los empleados que realicen trabajos como el acceso mediante cuerdas deben recibir formaci\u00f3n especializada adicional para trabajos en altura. Nuestros profesores e instructores cuentan con los conocimientos, la experiencia profesional y las aptitudes pedag\u00f3gicas necesarias para garantizar la correcta aplicaci\u00f3n de los programas de formaci\u00f3n. Las clases se imparten en salas adecuadamente equipadas.&nbsp;<\/p>\n\n\n\n<h2 class=\"has-text-align-center wp-block-heading\"><a href=\"https:\/\/szkolenia-udt.pl\/wp-content\/uploads\/2022\/08\/3-1.webp\"><img loading=\"lazy\" decoding=\"async\" class=\"aligncenter wp-image-3153 size-large\" src=\"https:\/\/szkolenia-udt.pl\/wp-content\/uploads\/2022\/08\/3-1-1024x674.webp\" alt=\"formaci\u00f3n en salud y seguridad\" width=\"750\" height=\"494\" srcset=\"https:\/\/szkolenia-udt.pl\/wp-content\/uploads\/2022\/08\/3-1-1024x674.webp 1024w, https:\/\/szkolenia-udt.pl\/wp-content\/uploads\/2022\/08\/3-1-300x197.webp 300w, https:\/\/szkolenia-udt.pl\/wp-content\/uploads\/2022\/08\/3-1-768x505.webp 768w, https:\/\/szkolenia-udt.pl\/wp-content\/uploads\/2022\/08\/3-1-1536x1011.webp 1536w, https:\/\/szkolenia-udt.pl\/wp-content\/uploads\/2022\/08\/3-1-18x12.webp 18w, https:\/\/szkolenia-udt.pl\/wp-content\/uploads\/2022\/08\/3-1.webp 1600w\" sizes=\"auto, (max-width: 750px) 100vw, 750px\" \/><\/a><\/h2>\n\n\n\n<h2 class=\"wp-block-heading\"><strong>Obligaciones de los empresarios en materia de salud y seguridad de los trabajadores<\/strong>&nbsp;<\/h2>\n\n\n\n<p>El empresario es responsable de garantizar unas condiciones de trabajo seguras y saludables mediante, entre otras cosas&nbsp;<\/p>\n\n\n\n<ul class=\"wp-block-list\">\n<li>proporcionar gratuitamente al trabajador equipos de protecci\u00f3n individual e informaci\u00f3n sobre c\u00f3mo utilizarlos,&nbsp;<\/li>\n\n\n\n<li>Impartir sistem\u00e1ticamente formaci\u00f3n sobre salud y seguridad a los empleados,&nbsp;<\/li>\n\n\n\n<li>publicar instrucciones y orientaciones detalladas sobre salud y seguridad en el trabajo,&nbsp;<\/li>\n\n\n\n<li>Dar a conocer a los trabajadores los reglamentos y las normas de salud y seguridad de los distintos lugares de trabajo.&nbsp;<\/li>\n<\/ul>\n\n\n\n<h2 class=\"wp-block-heading\"><strong>Examen final de formaci\u00f3n<\/strong>&nbsp;<\/h2>\n\n\n\n<p>El curso de formaci\u00f3n en salud y seguridad en el trabajo concluye con un examen que verifica que el participante ha adquirido los conocimientos cubiertos en el programa y la capacidad de realizar y organizar el trabajo de acuerdo con los principios de salud y seguridad en el trabajo. Una vez superado el curso, el participante recibe un certificado expedido por el organizador de la formaci\u00f3n. El documento del certificado se conserva en el expediente personal del participante en la formaci\u00f3n.&nbsp;<\/p>\n\n\n\n<h2 class=\"wp-block-heading\"><strong>\u00c1mbito tem\u00e1tico de las actividades<\/strong>&nbsp;<\/h2>\n\n\n\n<p>Los temas tratados en los distintos paneles del curso son los siguientes:&nbsp;<\/p>\n\n\n\n<ul class=\"wp-block-list\">\n<li>uso del equipo de protecci\u00f3n personal,&nbsp;<\/li>\n\n\n\n<li>los factores de riesgo que entra\u00f1a la realizaci\u00f3n de trabajos especialmente peligrosos,&nbsp;<\/li>\n\n\n\n<li>protecci\u00f3n contra incendios, se\u00f1alizaci\u00f3n correcta en los lugares de trabajo,&nbsp;<\/li>\n\n\n\n<li>los principios de creaci\u00f3n de documentaci\u00f3n sobre salud y seguridad en el lugar de trabajo,&nbsp;<\/li>\n\n\n\n<li>normas de salud y seguridad,&nbsp;<\/li>\n\n\n\n<li>principios de actuaci\u00f3n en caso de accidente y primeros auxilios,&nbsp;<\/li>\n\n\n\n<li>circunstancias y causas de los accidentes en trabajos especialmente peligrosos (ejemplos),&nbsp;<\/li>\n\n\n\n<li>normas para la realizaci\u00f3n de trabajos en atm\u00f3sferas potencialmente explosivas,&nbsp;<\/li>\n\n\n\n<li>normas para la evacuaci\u00f3n de los trabajadores,&nbsp;<\/li>\n\n\n\n<li>debate sobre incidentes aut\u00e9nticos ocurridos durante trabajos inadecuados en espacios confinados.<\/li>\n<\/ul>\n\n\n<div class=\"wp-block-image\">\n<figure class=\"alignleft size-large is-resized\"><a href=\"https:\/\/szkolenia-udt.pl\/wp-content\/uploads\/2022\/08\/2.webp\"><img loading=\"lazy\" decoding=\"async\" src=\"https:\/\/szkolenia-udt.pl\/wp-content\/uploads\/2022\/08\/2-1024x768.webp\" alt=\"formaci\u00f3n en salud y seguridad\" class=\"wp-image-3152\" width=\"512\" height=\"384\" srcset=\"https:\/\/szkolenia-udt.pl\/wp-content\/uploads\/2022\/08\/2-1024x768.webp 1024w, https:\/\/szkolenia-udt.pl\/wp-content\/uploads\/2022\/08\/2-300x225.webp 300w, https:\/\/szkolenia-udt.pl\/wp-content\/uploads\/2022\/08\/2-768x576.webp 768w, https:\/\/szkolenia-udt.pl\/wp-content\/uploads\/2022\/08\/2-1536x1152.webp 1536w, https:\/\/szkolenia-udt.pl\/wp-content\/uploads\/2022\/08\/2-16x12.webp 16w, https:\/\/szkolenia-udt.pl\/wp-content\/uploads\/2022\/08\/2-135x100.webp 135w, https:\/\/szkolenia-udt.pl\/wp-content\/uploads\/2022\/08\/2.webp 1600w\" sizes=\"auto, (max-width: 512px) 100vw, 512px\" \/><\/a><\/figure>\n<\/div>\n\n\n<h2 class=\"wp-block-heading\"><strong>Validez de la formaci\u00f3n<\/strong>&nbsp;<\/h2>\n\n\n\n<p>Dependiendo del puesto que se ocupe, la validez de la formaci\u00f3n oscila entre 1 y 6 a\u00f1os. En lo que respecta a los empresarios y supervisores, los empleados t\u00e9cnicos y administrativos o los empleados cuyo trabajo implique una responsabilidad en materia de salud y seguridad - la formaci\u00f3n es v\u00e1lida durante un periodo de 5 a\u00f1os. Las personas empleadas en puestos de trabajo para los que se imparte formaci\u00f3n en forma de instrucci\u00f3n deben recibir formaci\u00f3n al menos cada 3 a\u00f1os. Sin embargo, en puestos de trabajo en los que existan riesgos especialmente elevados para la seguridad o la salud de los empleados - al menos una vez al a\u00f1o.\u00a0<\/p>\n\n\n\n<h2 class=\"wp-block-heading\"><strong>Precio de la formaci\u00f3n<\/strong>&nbsp;<\/h2>\n\n\n\n<p><a href=\"https:\/\/szkolenia-udt.pl\/es\/oferta\/\">Precio<\/a> <a href=\"https:\/\/szkolenia-udt.pl\/es\/kursy\/\">de nuestros cursos<\/a> depende del grupo de personas que asistan. Hemos previsto atractivos descuentos para grupos organizados m\u00e1s numerosos, ya que somos conscientes de que los futuros alumnos buscan una buena formaci\u00f3n a buen precio. Para m\u00e1s informaci\u00f3n, ll\u00e1menos.&nbsp;<\/p>\n\n\n\n<h2 class=\"wp-block-heading\"><strong>\u00bfD\u00f3nde puede encontrarnos?<\/strong>&nbsp;<\/h2>\n\n\n\n<p>Tenemos nuestra sede en Varsovia, pero ofrecemos nuestros servicios en todo el pa\u00eds. Para grupos cerrados, nos desplazamos a empresas o a un lugar acordado. No dude en ponerse en contacto con nuestra oficina para obtener m\u00e1s informaci\u00f3n.<\/p>\n\n\n<div class=\"wp-block-image\">\n<figure class=\"aligncenter\"><a href=\"https:\/\/szkolenia-udt.pl\/wp-content\/uploads\/2022\/08\/0084-oso.edu_.pl_.jpg\"><img loading=\"lazy\" decoding=\"async\" width=\"1024\" height=\"853\" src=\"https:\/\/szkolenia-udt.pl\/wp-content\/uploads\/2022\/08\/0084-oso.edu_.pl_-1024x853.jpg\" alt=\"formaci\u00f3n en salud y seguridad\" class=\"wp-image-3154\" srcset=\"https:\/\/szkolenia-udt.pl\/wp-content\/uploads\/2022\/08\/0084-oso.edu_.pl_-1024x853.jpg 1024w, https:\/\/szkolenia-udt.pl\/wp-content\/uploads\/2022\/08\/0084-oso.edu_.pl_-300x250.jpg 300w, https:\/\/szkolenia-udt.pl\/wp-content\/uploads\/2022\/08\/0084-oso.edu_.pl_-768x640.jpg 768w, https:\/\/szkolenia-udt.pl\/wp-content\/uploads\/2022\/08\/0084-oso.edu_.pl_-14x12.jpg 14w, https:\/\/szkolenia-udt.pl\/wp-content\/uploads\/2022\/08\/0084-oso.edu_.pl_.jpg 1200w\" sizes=\"auto, (max-width: 1024px) 100vw, 1024px\" \/><\/a><\/figure>\n<\/div>","protected":false},"excerpt":{"rendered":"<p>O nas&nbsp; W naszym O\u015brodku Szkolenia Operator\u00f3w prowadzimy r\u00f3\u017cnego rodzaju szkolenia m.in. BHP dla os\u00f3b wykonuj\u0105cych prac\u0119 w niebezpiecznych warunkach oraz z obs\u0142ugi w\u00f3zk\u00f3w wid\u0142owych czy spawania \u015bwiat\u0142owod\u00f3w.\u00a0 Dlaczego warto podj\u0105\u0107 kurs z zakresu BHP w OSO?\u00a0 Dla pracownik\u00f3w zatrudnionych na stanowiskach szczeg\u00f3lnie niebezpiecznych, szkolenia powinno przeprowadza\u0107 si\u0119 co najmniej raz w roku. Obowi\u0105zkiem pracodawcy [&hellip;]<\/p>\n","protected":false},"author":10,"featured_media":3152,"parent":2739,"menu_order":0,"comment_status":"closed","ping_status":"closed","template":"","meta":{"footnotes":""},"class_list":["post-3150","page","type-page","status-publish","has-post-thumbnail","hentry"],"aioseo_notices":[],"_links":{"self":[{"href":"https:\/\/szkolenia-udt.pl\/es\/wp-json\/wp\/v2\/pages\/3150","targetHints":{"allow":["GET"]}}],"collection":[{"href":"https:\/\/szkolenia-udt.pl\/es\/wp-json\/wp\/v2\/pages"}],"about":[{"href":"https:\/\/szkolenia-udt.pl\/es\/wp-json\/wp\/v2\/types\/page"}],"author":[{"embeddable":true,"href":"https:\/\/szkolenia-udt.pl\/es\/wp-json\/wp\/v2\/users\/10"}],"replies":[{"embeddable":true,"href":"https:\/\/szkolenia-udt.pl\/es\/wp-json\/wp\/v2\/comments?post=3150"}],"version-history":[{"count":3,"href":"https:\/\/szkolenia-udt.pl\/es\/wp-json\/wp\/v2\/pages\/3150\/revisions"}],"predecessor-version":[{"id":4615,"href":"https:\/\/szkolenia-udt.pl\/es\/wp-json\/wp\/v2\/pages\/3150\/revisions\/4615"}],"up":[{"embeddable":true,"href":"https:\/\/szkolenia-udt.pl\/es\/wp-json\/wp\/v2\/pages\/2739"}],"wp:featuredmedia":[{"embeddable":true,"href":"https:\/\/szkolenia-udt.pl\/es\/wp-json\/wp\/v2\/media\/3152"}],"wp:attachment":[{"href":"https:\/\/szkolenia-udt.pl\/es\/wp-json\/wp\/v2\/media?parent=3150"}],"curies":[{"name":"wp","href":"https:\/\/api.w.org\/{rel}","templated":true}]}}