{"id":3173,"date":"2022-08-23T14:52:09","date_gmt":"2022-08-23T12:52:09","guid":{"rendered":"https:\/\/szkolenia-udt.pl\/?page_id=3173"},"modified":"2023-03-24T18:51:25","modified_gmt":"2023-03-24T17:51:25","slug":"curso-de-arnes-de-construccion","status":"publish","type":"page","link":"https:\/\/szkolenia-udt.pl\/es\/kursy\/prace-wysokosciowe\/kurs-na-szelki-budowlane\/","title":{"rendered":"Curso de arn\u00e9s de construcci\u00f3n"},"content":{"rendered":"<div class=\"wp-block-image\">\n<figure class=\"alignright size-large is-resized\"><a href=\"https:\/\/szkolenia-udt.pl\/wp-content\/uploads\/2023\/03\/qwe.jpeg\"><img loading=\"lazy\" decoding=\"async\" src=\"https:\/\/szkolenia-udt.pl\/wp-content\/uploads\/2023\/03\/qwe-1024x683.jpeg\" alt=\"tirantes de construcci\u00f3n\" class=\"wp-image-4178\" width=\"512\" height=\"342\" srcset=\"https:\/\/szkolenia-udt.pl\/wp-content\/uploads\/2023\/03\/qwe-1024x683.jpeg 1024w, https:\/\/szkolenia-udt.pl\/wp-content\/uploads\/2023\/03\/qwe-300x200.jpeg 300w, https:\/\/szkolenia-udt.pl\/wp-content\/uploads\/2023\/03\/qwe-768x512.jpeg 768w, https:\/\/szkolenia-udt.pl\/wp-content\/uploads\/2023\/03\/qwe-1536x1024.jpeg 1536w, https:\/\/szkolenia-udt.pl\/wp-content\/uploads\/2023\/03\/qwe-18x12.jpeg 18w, https:\/\/szkolenia-udt.pl\/wp-content\/uploads\/2023\/03\/qwe.jpeg 1600w\" sizes=\"auto, (max-width: 512px) 100vw, 512px\" \/><\/a><\/figure>\n<\/div>\n\n\n<h2 class=\"wp-block-heading\">Sobre la formaci\u00f3n<\/h2>\n\n\n\n<p>Realizar trabajos en altura implica enormes riesgos y muchos peligros. Para protegerse de las ca\u00eddas, el uso de arneses de construcci\u00f3n es esencial. Reducen la posibilidad de lesiones y, lo que es m\u00e1s importante, le protegen de las ca\u00eddas. En el curso de formaci\u00f3n, aprender\u00e1 las normas b\u00e1sicas de salud y seguridad. <a href=\"https:\/\/szkolenia-udt.pl\/es\/o-firmie\/\">Centro de formaci\u00f3n de operadores<\/a> garantiza una organizaci\u00f3n de las clases adaptada a las necesidades de los alumnos.\u00a0<\/p>\n\n\n\n<h2 class=\"wp-block-heading\"><strong>Curso de formaci\u00f3n<\/strong>&nbsp;<\/h2>\n\n\n\n<p>A continuaci\u00f3n se enumeran los temas tratados en nuestras clases.&nbsp;<\/p>\n\n\n\n<figure class=\"wp-block-table\"><table><tbody><tr><td><strong>Edici\u00f3n<\/strong>&nbsp;<\/td><td><strong>Debate sobre el tema<\/strong>&nbsp;<\/td><\/tr><tr><td>Requerimientos legales&nbsp;<\/td><td>El participante aprende sobre las normas de seguridad y salud y la legislaci\u00f3n relativa al trabajo en altura.&nbsp;<\/td><\/tr><tr><td>Naturaleza del trabajo&nbsp;<\/td><td>Reconocimiento de los peligros del lugar de trabajo, estimaci\u00f3n de los riesgos e informaci\u00f3n sobre las condiciones f\u00edsicas del trabajo.&nbsp;<\/td><\/tr><tr><td>Equipo&nbsp;<\/td><td>Los alumnos aprenden a seleccionar correctamente el equipo (por ejemplo, arneses), a utilizarlo y a controlarlo en caso de situaciones no deseadas.&nbsp;<\/td><\/tr><tr><td>Garant\u00eda&nbsp;<\/td><td>Familiarizaci\u00f3n con el uso de los equipos de protecci\u00f3n individual y las medidas de prevenci\u00f3n de accidentes.&nbsp;<\/td><\/tr><tr><td>Practica&nbsp;<\/td><td>Aprendizaje de habilidades pr\u00e1cticas que resultar\u00e1n \u00fatiles cuando se trabaje en altura.&nbsp;<\/td><\/tr><tr><td>Rescate&nbsp;<\/td><td>Los participantes aprenden habilidades de rescate y las ponen en pr\u00e1ctica. Aprenden, por ejemplo, lo que significa el \"shock de ahorcamiento\" y c\u00f3mo prevenirlo.&nbsp;<\/td><\/tr><\/tbody><\/table><\/figure>\n\n\n\n<p>Todos los temas tratados son sumamente importantes para trabajar de forma correcta y segura en trabajos en altura y alpinismo. Al finalizar el curso en el OSO, los participantes reciben una licencia para trabajar en altura. Esta licencia tiene una validez de tres a\u00f1os.&nbsp;&nbsp;<\/p>\n\n\n\n<h2 class=\"wp-block-heading\"><strong>\u00bfQu\u00e9 ofrece el curso?&nbsp;<\/strong>&nbsp;<\/h2>\n\n\n<div class=\"wp-block-image\">\n<figure class=\"alignleft size-large is-resized\"><a href=\"https:\/\/szkolenia-udt.pl\/wp-content\/uploads\/2022\/08\/2-8.jpeg\"><img loading=\"lazy\" decoding=\"async\" src=\"https:\/\/szkolenia-udt.pl\/wp-content\/uploads\/2022\/08\/2-8-1024x683.jpeg\" alt=\"Escalador industrial\" class=\"wp-image-3175\" width=\"512\" height=\"342\" srcset=\"https:\/\/szkolenia-udt.pl\/wp-content\/uploads\/2022\/08\/2-8-1024x683.jpeg 1024w, https:\/\/szkolenia-udt.pl\/wp-content\/uploads\/2022\/08\/2-8-300x200.jpeg 300w, https:\/\/szkolenia-udt.pl\/wp-content\/uploads\/2022\/08\/2-8-768x512.jpeg 768w, https:\/\/szkolenia-udt.pl\/wp-content\/uploads\/2022\/08\/2-8-1536x1024.jpeg 1536w, https:\/\/szkolenia-udt.pl\/wp-content\/uploads\/2022\/08\/2-8-18x12.jpeg 18w, https:\/\/szkolenia-udt.pl\/wp-content\/uploads\/2022\/08\/2-8.jpeg 1600w\" sizes=\"auto, (max-width: 512px) 100vw, 512px\" \/><\/a><\/figure>\n<\/div>\n\n\n<p>Si vamos a utilizar <a href=\"https:\/\/szkolenia-udt.pl\/es\/kursy\/prace-wysokosciowe\/ochrona-przed-upadkiem\/\">arn\u00e9s de seguridad<\/a> en el trabajo o nuestros empleados tendr\u00e1n que hacerlo, puede ser necesaria una formaci\u00f3n sobre el uso de dicho accesorio. Esto puede aprenderse por cuenta propia, pero el curso ofrece mucho m\u00e1s que una simple instrucci\u00f3n sobre el uso del arn\u00e9s: es s\u00f3lo una parte del mismo. Ser\u00e1 extremadamente \u00fatil para el trabajo de alpinismo. El curso de formaci\u00f3n le proporciona un certificado de cualificaci\u00f3n para trabajar en altura. Esto ser\u00e1 especialmente importante para los empleadores si tiene intenci\u00f3n de solicitar un puesto como escalador industrial o simplemente como trabajador que realiza trabajos, por ejemplo en un tejado.\u00a0<\/p>\n\n\n\n<h2 class=\"wp-block-heading\"><strong>Requisitos de los becarios<\/strong>&nbsp;<\/h2>\n\n\n\n<p>Para iniciar la formaci\u00f3n, deben cumplirse los siguientes requisitos:&nbsp;<\/p>\n\n\n\n<ul class=\"wp-block-list\">\n<li>tener al menos 18 a\u00f1os,<\/li>\n\n\n\n<li>tener al menos una educaci\u00f3n b\u00e1sica,<\/li>\n\n\n\n<li>no tener contraindicaciones de salud para trabajar a m\u00e1s de tres metros de altura. <\/li>\n<\/ul>\n\n\n\n<p>Si los interesados en inscribirse en el curso tienen pruebas que les permitan trabajar por encima de los tres metros, ser\u00e1 una facilidad formal adicional.\u00a0<\/p>\n\n\n\n<h2 class=\"wp-block-heading\"><strong>Construcci\u00f3n del arn\u00e9s<\/strong>&nbsp;<\/h2>\n\n\n\n<p>Estos equipos deben adaptarse al tipo de trabajo realizado. La norma EN361 especifica los requisitos espec\u00edficos a los que debe someterse la construcci\u00f3n del arn\u00e9s. Adem\u00e1s, es importante el material del que deben estar hechos, como poliamida, poli\u00e9ster o incluso acero. Normalmente, los arneses tienen uno o dos puntos de enganche, que cumplen otra norma, marcada como A. Este elemento est\u00e1 situado en la parte trasera, en la espalda, y en la parte delantera, cerca del estern\u00f3n. Conviene saber que la presencia de un solo punto de enganche significa que la norma s\u00f3lo se cumple a medias y la designaci\u00f3n es literalmente \"media A\", es decir, A\/2. El arn\u00e9s puede disponer de un cintur\u00f3n \u00fatil para el trabajo apoyado: est\u00e1 formado por una correa y dos hebillas situadas en el cintur\u00f3n de cadera. Otro elemento opcional es un punto situado en el abdomen. \u00c9ste, a su vez, est\u00e1 pensado para ser \u00fatil en trabajos con cuerda. Depende de nosotros decidir si lo necesitamos. Si va a trabajar en posici\u00f3n de apoyo, deber\u00eda considerar la compra de un arn\u00e9s con cintur\u00f3n. Comprueba siempre que el arn\u00e9s no tenga defectos antes de empezar a trabajar. Recuerde que la inspecci\u00f3n peri\u00f3dica del equipo no le exime de comprobar que funciona correctamente.<\/p>\n\n\n\n<h2 class=\"wp-block-heading\"><strong>\u00bfQui\u00e9n debe llevar ortodoncia?<\/strong>&nbsp;<\/h2>\n\n\n<div class=\"wp-block-image\">\n<figure class=\"alignright size-large is-resized\"><a href=\"https:\/\/szkolenia-udt.pl\/wp-content\/uploads\/2022\/08\/1-7.jpeg\"><img loading=\"lazy\" decoding=\"async\" src=\"https:\/\/szkolenia-udt.pl\/wp-content\/uploads\/2022\/08\/1-7-1024x682.jpeg\" alt=\"Trabajos en altura\" class=\"wp-image-3174\" width=\"512\" height=\"341\" srcset=\"https:\/\/szkolenia-udt.pl\/wp-content\/uploads\/2022\/08\/1-7-1024x682.jpeg 1024w, https:\/\/szkolenia-udt.pl\/wp-content\/uploads\/2022\/08\/1-7-300x200.jpeg 300w, https:\/\/szkolenia-udt.pl\/wp-content\/uploads\/2022\/08\/1-7-768x512.jpeg 768w, https:\/\/szkolenia-udt.pl\/wp-content\/uploads\/2022\/08\/1-7-1536x1023.jpeg 1536w, https:\/\/szkolenia-udt.pl\/wp-content\/uploads\/2022\/08\/1-7-18x12.jpeg 18w, https:\/\/szkolenia-udt.pl\/wp-content\/uploads\/2022\/08\/1-7.jpeg 1600w\" sizes=\"auto, (max-width: 512px) 100vw, 512px\" \/><\/a><\/figure>\n<\/div>\n\n\n<p>Los arneses de seguridad est\u00e1n dise\u00f1ados para quienes realizan trabajos en altura. Estos trabajos incluyen la limpieza de la fachada o las ventanas de un edificio. Especialmente peligrosos son los trabajos en edificios altos, as\u00ed como la pintura de fachadas, que requiere el uso de un arn\u00e9s, y adem\u00e1s, los trabajos el\u00e9ctricos y de monta\u00f1ismo, es decir, la realizaci\u00f3n de instalaciones el\u00e9ctricas, la tala de \u00e1rboles o la instalaci\u00f3n de anuncios en vallas publicitarias. No s\u00f3lo en el sector de la construcci\u00f3n utilizaremos arneses, sino tambi\u00e9n en trabajos de rescate para acciones que requieran trepar por superficies inestables.\u00a0\u00a0<\/p>\n\n\n\n<h2 class=\"wp-block-heading\"><strong>\u00bfCu\u00e1nto cuesta el curso?<\/strong>&nbsp;<\/h2>\n\n\n\n<p><a href=\"https:\/\/szkolenia-udt.pl\/es\/oferta\/\">Precio de la formaci\u00f3n<\/a> de los trabajos en altura y el uso adecuado del equipo se determina individualmente y depende del n\u00famero de participantes. Podemos preparar descuentos adecuados para grupos organizados m\u00e1s grandes. Le garantizamos que nuestros precios son atractivos. En nuestro sitio web encontrar\u00e1 un calendario con las fechas concretas y el lugar de las sesiones de formaci\u00f3n abiertas. Estamos a su entera disposici\u00f3n.\u00a0\u00a0<\/p>\n\n\n\n<p>Si le interesa nuestra oferta y desea m\u00e1s informaci\u00f3n, no dude en ponerse en contacto con nosotros. Intentaremos responderle lo antes posible. El Centro de Formaci\u00f3n de Operadores le invita a participar en un curso de formaci\u00f3n.<\/p>\n\n\n<div class=\"wp-block-image\">\n<figure class=\"aligncenter\"><a href=\"https:\/\/szkolenia-udt.pl\/wp-content\/uploads\/2022\/08\/0028-oso-kurs-alpinistyczny-wysokosciowy.jpg\"><img loading=\"lazy\" decoding=\"async\" width=\"1024\" height=\"853\" src=\"https:\/\/szkolenia-udt.pl\/wp-content\/uploads\/2022\/08\/0028-oso-kurs-alpinistyczny-wysokosciowy-1024x853.jpg\" alt=\"Gr\u00e1ficos publicitarios de la formaci\u00f3n\" class=\"wp-image-3177\" srcset=\"https:\/\/szkolenia-udt.pl\/wp-content\/uploads\/2022\/08\/0028-oso-kurs-alpinistyczny-wysokosciowy-1024x853.jpg 1024w, https:\/\/szkolenia-udt.pl\/wp-content\/uploads\/2022\/08\/0028-oso-kurs-alpinistyczny-wysokosciowy-300x250.jpg 300w, https:\/\/szkolenia-udt.pl\/wp-content\/uploads\/2022\/08\/0028-oso-kurs-alpinistyczny-wysokosciowy-768x640.jpg 768w, https:\/\/szkolenia-udt.pl\/wp-content\/uploads\/2022\/08\/0028-oso-kurs-alpinistyczny-wysokosciowy-14x12.jpg 14w, https:\/\/szkolenia-udt.pl\/wp-content\/uploads\/2022\/08\/0028-oso-kurs-alpinistyczny-wysokosciowy.jpg 1200w\" sizes=\"auto, (max-width: 1024px) 100vw, 1024px\" \/><\/a><\/figure>\n<\/div>","protected":false},"excerpt":{"rendered":"<p>O szkoleniu Prowadzenie prac wysoko\u015bciowych wi\u0105\u017ce si\u0119 z ogromnym ryzykiem i wieloma niebezpiecze\u0144stwami. Aby uchroni\u0107 si\u0119 przed upadkiem, konieczne jest u\u017cywanie szelek budowlanych. Ograniczaj\u0105 one mo\u017cliwo\u015b\u0107 doznania uszczerbku na zdrowiu i, co wa\u017cne, chroni\u0105 od upadku. Na szkoleniu poznasz podstawowe przepisy bezpiecze\u0144stwa i higieny pracy. O\u015brodek Szkolenia Operator\u00f3w zapewnia organizacj\u0119 zaj\u0119\u0107 na miar\u0119 potrzeb kursant\u00f3w.\u00a0 [&hellip;]<\/p>\n","protected":false},"author":10,"featured_media":4178,"parent":1874,"menu_order":0,"comment_status":"closed","ping_status":"closed","template":"","meta":{"footnotes":""},"class_list":["post-3173","page","type-page","status-publish","has-post-thumbnail","hentry"],"aioseo_notices":[],"_links":{"self":[{"href":"https:\/\/szkolenia-udt.pl\/es\/wp-json\/wp\/v2\/pages\/3173","targetHints":{"allow":["GET"]}}],"collection":[{"href":"https:\/\/szkolenia-udt.pl\/es\/wp-json\/wp\/v2\/pages"}],"about":[{"href":"https:\/\/szkolenia-udt.pl\/es\/wp-json\/wp\/v2\/types\/page"}],"author":[{"embeddable":true,"href":"https:\/\/szkolenia-udt.pl\/es\/wp-json\/wp\/v2\/users\/10"}],"replies":[{"embeddable":true,"href":"https:\/\/szkolenia-udt.pl\/es\/wp-json\/wp\/v2\/comments?post=3173"}],"version-history":[{"count":6,"href":"https:\/\/szkolenia-udt.pl\/es\/wp-json\/wp\/v2\/pages\/3173\/revisions"}],"predecessor-version":[{"id":4661,"href":"https:\/\/szkolenia-udt.pl\/es\/wp-json\/wp\/v2\/pages\/3173\/revisions\/4661"}],"up":[{"embeddable":true,"href":"https:\/\/szkolenia-udt.pl\/es\/wp-json\/wp\/v2\/pages\/1874"}],"wp:featuredmedia":[{"embeddable":true,"href":"https:\/\/szkolenia-udt.pl\/es\/wp-json\/wp\/v2\/media\/4178"}],"wp:attachment":[{"href":"https:\/\/szkolenia-udt.pl\/es\/wp-json\/wp\/v2\/media?parent=3173"}],"curies":[{"name":"wp","href":"https:\/\/api.w.org\/{rel}","templated":true}]}}