{"id":3185,"date":"2022-08-30T09:17:55","date_gmt":"2022-08-30T07:17:55","guid":{"rendered":"https:\/\/szkolenia-udt.pl\/?page_id=3185"},"modified":"2023-03-24T18:25:47","modified_gmt":"2023-03-24T17:25:47","slug":"curso-de-montanismo","status":"publish","type":"page","link":"https:\/\/szkolenia-udt.pl\/es\/kursy\/prace-wysokosciowe\/kurs-alpinistyczny\/","title":{"rendered":"Curso de monta\u00f1ismo"},"content":{"rendered":"<div class=\"wp-block-image\">\n<figure class=\"alignleft is-resized\"><a href=\"https:\/\/szkolenia-udt.pl\/wp-content\/uploads\/2022\/08\/3-5.jpeg\"><img loading=\"lazy\" decoding=\"async\" src=\"https:\/\/szkolenia-udt.pl\/wp-content\/uploads\/2022\/08\/3-5-1024x768.jpeg\" alt=\"Persona que trabaja en altura\" class=\"wp-image-3188\" width=\"512\" height=\"384\" srcset=\"https:\/\/szkolenia-udt.pl\/wp-content\/uploads\/2022\/08\/3-5-1024x768.jpeg 1024w, https:\/\/szkolenia-udt.pl\/wp-content\/uploads\/2022\/08\/3-5-300x225.jpeg 300w, https:\/\/szkolenia-udt.pl\/wp-content\/uploads\/2022\/08\/3-5-768x576.jpeg 768w, https:\/\/szkolenia-udt.pl\/wp-content\/uploads\/2022\/08\/3-5-1536x1152.jpeg 1536w, https:\/\/szkolenia-udt.pl\/wp-content\/uploads\/2022\/08\/3-5-16x12.jpeg 16w, https:\/\/szkolenia-udt.pl\/wp-content\/uploads\/2022\/08\/3-5-135x100.jpeg 135w, https:\/\/szkolenia-udt.pl\/wp-content\/uploads\/2022\/08\/3-5.jpeg 1600w\" sizes=\"auto, (max-width: 512px) 100vw, 512px\" \/><\/a><\/figure>\n<\/div>\n\n\n<p>Un trabajador que tenga que realizar trabajos en altura deber\u00eda recibir formaci\u00f3n en monta\u00f1ismo. De este modo, garantizar\u00e1 su seguridad y la de los dem\u00e1s trabajadores. El curso es un requisito para empezar a trabajar. Sin la formaci\u00f3n adecuada, uno puede exponerse a consecuencias legales. Pero m\u00e1s grave a\u00fan es el posible da\u00f1o a la salud o incluso la p\u00e9rdida de la vida. Por ello, le invitamos a asistir a un curso de formaci\u00f3n en el Centro de Formaci\u00f3n de Operarios.\u00a0<\/p>\n\n\n\n<h2 class=\"wp-block-heading\"><strong>\u00bfA qui\u00e9n va dirigido el curso?<\/strong>&nbsp;<\/h2>\n\n\n\n<p>Ofrecemos <a href=\"https:\/\/szkolenia-udt.pl\/es\/kursy\/prace-wysokosciowe\/prace-alpinistyczne-szkolenie-praktyczne\/\">curso de monta\u00f1ismo<\/a> de las t\u00e9cnicas de acceso mediante cuerdas. Est\u00e1 dise\u00f1ado para quienes pretendan trabajar en altura en fijaciones con cuerdas. El futuro alumno debe ser capaz de soportar condiciones meteorol\u00f3gicas dif\u00edciles, como fuertes vientos, lluvia, nieve o altas temperaturas. Trabajar con tales inconvenientes requiere, por tanto, resistencia y paciencia. Adem\u00e1s, una buena forma f\u00edsica ser\u00e1 una ventaja.\u00a0\u00a0<\/p>\n\n\n\n<h2 class=\"wp-block-heading\"><strong>Derechos<\/strong>&nbsp;<\/h2>\n\n\n\n<p>Seg\u00fan la normativa, los trabajadores deben recibir formaci\u00f3n en trabajos en altura con regularidad, al menos cada tres a\u00f1os, ya que ese es el tiempo de validez del certificado de aptitud. Transcurrido este tiempo, se debe realizar un curso de reciclaje para actualizar y refrescar los conocimientos existentes. Sin embargo, es importante saber que s\u00f3lo aprobando el examen se obtiene la cualificaci\u00f3n. Por eso es necesario hacer un curso, \u00a1y nuestro Centro de Formaci\u00f3n de Operadores lo hace posible!\u00a0<\/p>\n\n\n<div class=\"wp-block-image\">\n<figure class=\"alignright\"><a href=\"https:\/\/szkolenia-udt.pl\/wp-content\/uploads\/2022\/08\/1-8.jpeg\"><img loading=\"lazy\" decoding=\"async\" width=\"200\" height=\"300\" src=\"https:\/\/szkolenia-udt.pl\/wp-content\/uploads\/2022\/08\/1-8-200x300.jpeg\" alt=\"Instructor en traje de trabajo\" class=\"wp-image-3186\" srcset=\"https:\/\/szkolenia-udt.pl\/wp-content\/uploads\/2022\/08\/1-8-200x300.jpeg 200w, https:\/\/szkolenia-udt.pl\/wp-content\/uploads\/2022\/08\/1-8-682x1024.jpeg 682w, https:\/\/szkolenia-udt.pl\/wp-content\/uploads\/2022\/08\/1-8-768x1154.jpeg 768w, https:\/\/szkolenia-udt.pl\/wp-content\/uploads\/2022\/08\/1-8-1022x1536.jpeg 1022w, https:\/\/szkolenia-udt.pl\/wp-content\/uploads\/2022\/08\/1-8-8x12.jpeg 8w, https:\/\/szkolenia-udt.pl\/wp-content\/uploads\/2022\/08\/1-8.jpeg 1065w\" sizes=\"auto, (max-width: 200px) 100vw, 200px\" \/><\/a><\/figure>\n<\/div>\n\n\n<h2 class=\"wp-block-heading\"><strong>Requisitos formales<\/strong>&nbsp;<\/h2>\n\n\n\n<p>El curso propiamente dicho est\u00e1 abierto a quienes:&nbsp;&nbsp;<\/p>\n\n\n\n<ul class=\"wp-block-list\">\n<li>son mayores de 18 a\u00f1os,&nbsp;&nbsp;<\/li>\n\n\n\n<li>tener al menos estudios primarios,&nbsp;&nbsp;<\/li>\n\n\n\n<li>gozar de buena salud - las contraindicaciones de salud, como las enfermedades card\u00edacas o la epilepsia, le descalifican inmediatamente para realizar el curso y convertirse en alpinista.\u00a0\u00a0<\/li>\n<\/ul>\n\n\n\n<h2 class=\"wp-block-heading\"><strong>Alcance del programa de formaci\u00f3n<\/strong>&nbsp;<\/h2>\n\n\n\n<p>Le ofrecemos ejemplos de los temas incluidos en nuestro curso. Tambi\u00e9n explicamos brevemente los detalles del tema en la siguiente tabla.&nbsp;<\/p>\n\n\n\n<figure class=\"wp-block-table\"><table><tbody><tr><td><strong>Asunto<\/strong>&nbsp;<\/td><td><strong>Detalles<\/strong>&nbsp;<\/td><\/tr><tr><td>Base jur\u00eddica del escalador industrial&nbsp;<\/td><td>Los participantes aprenden acerca de los reglamentos de salud y seguridad y las normas legales (EN). Tambi\u00e9n conocer\u00e1n los peligros de los trabajos en altura.\u00a0<\/td><\/tr><tr><td>Preparaci\u00f3n para el trabajo&nbsp;<\/td><td>Los instructores ense\u00f1an a hacer nudos (por ejemplo, figuras de ochos, mariposas alpinas, etc.) y otros elementos necesarios para iniciarse.&nbsp;<\/td><\/tr><tr><td>Garant\u00eda&nbsp;<\/td><td>Los alumnos aprenden a colocarse el equipo de aseguramiento y a desplazarse tanto vertical como horizontalmente.&nbsp;<\/td><\/tr><tr><td>Rescate en caso de accidente&nbsp;<\/td><td>Demostraci\u00f3n de las operaciones de rescate y de las formas adecuadas de transportar a una persona herida.&nbsp;<\/td><\/tr><tr><td>Habilidades pr\u00e1cticas&nbsp;<\/td><td>Los participantes aprenden en la pr\u00e1ctica los pasos dominados en la parte te\u00f3rica del curso y los realizan bajo la supervisi\u00f3n de un instructor.&nbsp;<\/td><\/tr><\/tbody><\/table><\/figure>\n\n\n\n<p>Estos son s\u00f3lo algunos de los temas que ofrecemos en la formaci\u00f3n de monta\u00f1ismo. Su alcance puede ampliarse en consecuencia a petici\u00f3n del cliente.&nbsp;<\/p>\n\n\n\n<div class=\"filmw\">\n<div class=\"responsive-youtube\"><iframe loading=\"lazy\" title=\"Reproductor de v\u00eddeo de YouTube\" src=\"https:\/\/www.youtube.com\/embed\/QcT4h2Z50M0\" width=\"560\" height=\"315\" frameborder=\"0\" allowfullscreen=\"allowfullscreen\"><\/iframe><\/div>\n<\/div>\n\n\n\n<h2 class=\"wp-block-heading\"><strong>\u00bfPor qu\u00e9 nosotros?<\/strong>&nbsp;<\/h2>\n\n\n\n<p>En el Centro de Formaci\u00f3n de Operadores, puede estar seguro de que recibir\u00e1 la formaci\u00f3n adecuada en servicios de alpinismo de acceso mediante cuerdas. Nuestra empresa cuenta con personal profesional con amplia experiencia. Le aseguramos que con nosotros aprender\u00e1 todo y aprobar\u00e1 el examen estatal. Ense\u00f1amos todo en equipos modernos, adaptados a las \u00faltimas exigencias y con las homologaciones correspondientes. En nuestras clases, aplicamos t\u00e9cnicas de ense\u00f1anza basadas en actividades para que los conocimientos sean mejor absorbidos por nuestros alumnos. Adem\u00e1s, esto se traduce en mejores resultados en el examen. Puedes confiar en nosotros: te ense\u00f1aremos todo lo relacionado con el monta\u00f1ismo industrial.\u00a0<\/p>\n\n\n\n<h2 class=\"wp-block-heading\"><strong>Precio del curso<\/strong>&nbsp;<\/h2>\n\n\n\n<p>Sabemos lo importante que es un criterio para la selecci\u00f3n de un centro de formaci\u00f3n <a href=\"https:\/\/szkolenia-udt.pl\/es\/oferta\/\">precio<\/a>. El coste de nuestra formaci\u00f3n se determina individualmente con cada cliente. Esto se debe, entre otras cosas, al n\u00famero variable de participantes dispuestos a tomar parte en el curso. Ofrecemos precios competitivos. Adem\u00e1s, hacemos grandes descuentos en nuestros servicios. El precio del curso tambi\u00e9n incluye el examen estatal.\u00a0<\/p>\n\n\n\n<h2 class=\"wp-block-heading\"><strong>Fechas, formato y lugar del curso<\/strong>&nbsp;<\/h2>\n\n\n<div class=\"wp-block-image\">\n<figure class=\"alignright size-large is-resized\"><a href=\"https:\/\/szkolenia-udt.pl\/wp-content\/uploads\/2022\/08\/2-9.jpeg\"><img loading=\"lazy\" decoding=\"async\" src=\"https:\/\/szkolenia-udt.pl\/wp-content\/uploads\/2022\/08\/2-9-1024x683.jpeg\" alt=\"Trabajador de la cuerda\" class=\"wp-image-3187\" width=\"512\" height=\"342\" srcset=\"https:\/\/szkolenia-udt.pl\/wp-content\/uploads\/2022\/08\/2-9-1024x683.jpeg 1024w, https:\/\/szkolenia-udt.pl\/wp-content\/uploads\/2022\/08\/2-9-300x200.jpeg 300w, https:\/\/szkolenia-udt.pl\/wp-content\/uploads\/2022\/08\/2-9-768x512.jpeg 768w, https:\/\/szkolenia-udt.pl\/wp-content\/uploads\/2022\/08\/2-9-1536x1024.jpeg 1536w, https:\/\/szkolenia-udt.pl\/wp-content\/uploads\/2022\/08\/2-9-18x12.jpeg 18w, https:\/\/szkolenia-udt.pl\/wp-content\/uploads\/2022\/08\/2-9.jpeg 1600w\" sizes=\"auto, (max-width: 512px) 100vw, 512px\" \/><\/a><\/figure>\n<\/div>\n\n\n<p><a href=\"https:\/\/szkolenia-udt.pl\/es\/kontakt\/\">Cont\u00e1ctenos<\/a> ll\u00e1menos o env\u00edenos un correo electr\u00f3nico y le daremos toda la informaci\u00f3n que necesite sobre las fechas actuales <a href=\"https:\/\/szkolenia-udt.pl\/es\/kursy\/\">nuestros cursos de formaci\u00f3n<\/a> en las distintas sucursales de CSO. Tambi\u00e9n haremos un presupuesto inicial para el curso. Tambi\u00e9n podemos organizar la formaci\u00f3n para un grupo organizado, en cuyo caso el plan de estudios puede modificarse en consecuencia. De este modo, los empleados tambi\u00e9n aprender\u00e1n sobre temas espec\u00edficos de su lugar de trabajo. Sin embargo, si es usted una persona que quiere ampliar sus competencias por su cuenta, puede apuntarse a una formaci\u00f3n abierta. Quien lo desee puede concertar una cita para una fecha concreta en la sucursal.\u00a0<\/p>\n\n\n\n<h2 class=\"wp-block-heading\"><strong>\u00bfD\u00f3nde voy a utilizar las habilidades?<\/strong>&nbsp;<\/h2>\n\n\n\n<p>Con la formaci\u00f3n de monta\u00f1ero, podr\u00e1 realizar trabajos como talar \u00e1rboles, pintar o reparar fachadas de edificios, trabajar en tejados (en trabajos de techado o retirada de nieve) y colocar anuncios en vallas publicitarias. El curso ser\u00e1 adecuado para personas que utilicen anclajes en el lugar de trabajo, as\u00ed como para desplazarse entre ellos. La cualificaci\u00f3n tambi\u00e9n puede utilizarse en otros muchos \u00e1mbitos relacionados con la construcci\u00f3n, entre otros.\u00a0\u00a0<\/p>\n\n\n\n<h2 class=\"wp-block-heading\">Aprenda del CSO<\/h2>\n\n\n\n<p>Le invitamos cordialmente a aprovechar nuestra oferta de formaci\u00f3n. El Centro de Formaci\u00f3n de Operadores cuenta con instructores con muchos a\u00f1os de experiencia en su profesi\u00f3n. Con nosotros adquirir\u00e1 autorizaciones para realizar trabajos de alpinismo. P\u00f3ngase en contacto con nosotros si est\u00e1 interesado en nuestros servicios: ll\u00e1menos o env\u00edenos un correo electr\u00f3nico. Todos los detalles est\u00e1n publicados en el sitio web.\u00a0<\/p>\n\n\n<div class=\"wp-block-image\">\n<figure class=\"aligncenter size-large\"><a href=\"https:\/\/szkolenia-udt.pl\/wp-content\/uploads\/2022\/08\/0028-oso-kurs-alpinistyczny-wysokosciowy-1.jpg\"><img loading=\"lazy\" decoding=\"async\" width=\"1024\" height=\"853\" src=\"https:\/\/szkolenia-udt.pl\/wp-content\/uploads\/2022\/08\/0028-oso-kurs-alpinistyczny-wysokosciowy-1-1024x853.jpg\" alt=\"Gr\u00e1ficos publicitarios de la formaci\u00f3n\" class=\"wp-image-3189\" srcset=\"https:\/\/szkolenia-udt.pl\/wp-content\/uploads\/2022\/08\/0028-oso-kurs-alpinistyczny-wysokosciowy-1-1024x853.jpg 1024w, https:\/\/szkolenia-udt.pl\/wp-content\/uploads\/2022\/08\/0028-oso-kurs-alpinistyczny-wysokosciowy-1-300x250.jpg 300w, https:\/\/szkolenia-udt.pl\/wp-content\/uploads\/2022\/08\/0028-oso-kurs-alpinistyczny-wysokosciowy-1-768x640.jpg 768w, https:\/\/szkolenia-udt.pl\/wp-content\/uploads\/2022\/08\/0028-oso-kurs-alpinistyczny-wysokosciowy-1-14x12.jpg 14w, https:\/\/szkolenia-udt.pl\/wp-content\/uploads\/2022\/08\/0028-oso-kurs-alpinistyczny-wysokosciowy-1.jpg 1200w\" sizes=\"auto, (max-width: 1024px) 100vw, 1024px\" \/><\/a><\/figure>\n<\/div>","protected":false},"excerpt":{"rendered":"<p>Pracownik, kt\u00f3ry ma do czynienia z pracami na wysoko\u015bci, powinien wzi\u0105\u0107 udzia\u0142 w szkoleniu alpinistycznym. Dzi\u0119ki temu, zapewni on bezpiecze\u0144stwo nie tylko sobie samemu, ale te\u017c innym w miejscu pracy.\u00a0Kurs jest wymogiem koniecznym do rozpocz\u0119cia prac. Bez odpowiedniego przeszkolenia mo\u017cna narazi\u0107 si\u0119 na konsekwencje prawne. Powa\u017cniejsz\u0105 spraw\u0105 jest jednak ewentualny uszczerbek na zdrowiu, a nawet [&hellip;]<\/p>\n","protected":false},"author":10,"featured_media":3188,"parent":1874,"menu_order":0,"comment_status":"closed","ping_status":"closed","template":"","meta":{"footnotes":""},"class_list":["post-3185","page","type-page","status-publish","has-post-thumbnail","hentry"],"aioseo_notices":[],"_links":{"self":[{"href":"https:\/\/szkolenia-udt.pl\/es\/wp-json\/wp\/v2\/pages\/3185","targetHints":{"allow":["GET"]}}],"collection":[{"href":"https:\/\/szkolenia-udt.pl\/es\/wp-json\/wp\/v2\/pages"}],"about":[{"href":"https:\/\/szkolenia-udt.pl\/es\/wp-json\/wp\/v2\/types\/page"}],"author":[{"embeddable":true,"href":"https:\/\/szkolenia-udt.pl\/es\/wp-json\/wp\/v2\/users\/10"}],"replies":[{"embeddable":true,"href":"https:\/\/szkolenia-udt.pl\/es\/wp-json\/wp\/v2\/comments?post=3185"}],"version-history":[{"count":8,"href":"https:\/\/szkolenia-udt.pl\/es\/wp-json\/wp\/v2\/pages\/3185\/revisions"}],"predecessor-version":[{"id":4656,"href":"https:\/\/szkolenia-udt.pl\/es\/wp-json\/wp\/v2\/pages\/3185\/revisions\/4656"}],"up":[{"embeddable":true,"href":"https:\/\/szkolenia-udt.pl\/es\/wp-json\/wp\/v2\/pages\/1874"}],"wp:featuredmedia":[{"embeddable":true,"href":"https:\/\/szkolenia-udt.pl\/es\/wp-json\/wp\/v2\/media\/3188"}],"wp:attachment":[{"href":"https:\/\/szkolenia-udt.pl\/es\/wp-json\/wp\/v2\/media?parent=3185"}],"curies":[{"name":"wp","href":"https:\/\/api.w.org\/{rel}","templated":true}]}}