{"id":3201,"date":"2022-08-30T12:23:00","date_gmt":"2022-08-30T10:23:00","guid":{"rendered":"https:\/\/szkolenia-udt.pl\/?page_id=3201"},"modified":"2023-03-26T11:43:48","modified_gmt":"2023-03-26T09:43:48","slug":"un-tdt","status":"publish","type":"page","link":"https:\/\/szkolenia-udt.pl\/es\/kursy\/uprawnienia-udt-tdt-wdt\/uno-tdt\/","title":{"rendered":"UNO - uso, riesgos y poderes de la TDT"},"content":{"rendered":"<div class=\"wp-block-image\">\n<figure class=\"alignleft size-large is-resized\"><a href=\"https:\/\/szkolenia-udt.pl\/wp-content\/uploads\/2022\/08\/2-10.jpeg\"><img loading=\"lazy\" decoding=\"async\" src=\"https:\/\/szkolenia-udt.pl\/wp-content\/uploads\/2022\/08\/2-10-1024x678.jpeg\" alt=\"Reparaci\u00f3n de cisternas\" class=\"wp-image-3203\" width=\"512\" height=\"339\" srcset=\"https:\/\/szkolenia-udt.pl\/wp-content\/uploads\/2022\/08\/2-10-1024x678.jpeg 1024w, https:\/\/szkolenia-udt.pl\/wp-content\/uploads\/2022\/08\/2-10-300x199.jpeg 300w, https:\/\/szkolenia-udt.pl\/wp-content\/uploads\/2022\/08\/2-10-768x509.jpeg 768w, https:\/\/szkolenia-udt.pl\/wp-content\/uploads\/2022\/08\/2-10-1536x1018.jpeg 1536w, https:\/\/szkolenia-udt.pl\/wp-content\/uploads\/2022\/08\/2-10-18x12.jpeg 18w, https:\/\/szkolenia-udt.pl\/wp-content\/uploads\/2022\/08\/2-10.jpeg 1600w\" sizes=\"auto, (max-width: 512px) 100vw, 512px\" \/><\/a><\/figure>\n<\/div>\n\n\n<h2 class=\"wp-block-heading\"><strong>Especificidad UNO<\/strong><\/h2>\n\n\n\n<p>El equipo que se utiliza para el llenado y vaciado de cisternas es una maquinaria bastante compleja, y para manejarlo se requiere una cualificaci\u00f3n espec\u00edfica otorgada por la Supervisi\u00f3n T\u00e9cnica del Transporte, que es v\u00e1lida durante un periodo de cinco a\u00f1os desde su adquisici\u00f3n. La funci\u00f3n principal del equipo UNO es el llenado y vaciado seguro de cisternas con materias primas l\u00edquidas. Existen varios cursos de preparaci\u00f3n para el manejo de dichos equipos y para el examen, cuya superaci\u00f3n ante una comisi\u00f3n designada por la TDT habilita para el manejo de equipos UNO. Le ense\u00f1amos todo lo que necesita saber sobre UNO en nuestros cursos de formaci\u00f3n especialmente desarrollados en <a href=\"https:\/\/szkolenia-udt.pl\/es\/o-firmie\/\">Centro de Formaci\u00f3n de Operadores<\/a>.\u00a0<\/p>\n\n\n\n<h2 class=\"wp-block-heading\"><strong>Formaci\u00f3n de UNO en las OSC<\/strong>&nbsp;<\/h2>\n\n\n\n<p>Para prepararse de forma fiable para el examen TDT, es necesario conocer todo el material aplicable. En nuestra formaci\u00f3n, queremos centrarnos en algunos de los puntos m\u00e1s importantes, cuyo dominio le proporcionar\u00e1 la base para trabajar con equipos de llenado y vaciado. Para poder realizar nuestra formaci\u00f3n UNO, debe cumplir los siguientes requisitos:&nbsp;<\/p>\n\n\n\n<ul class=\"wp-block-list\">\n<li>tener al menos 18 a\u00f1os,&nbsp;<\/li>\n\n\n\n<li>Tener un m\u00ednimo de formaci\u00f3n profesional,&nbsp;<\/li>\n\n\n\n<li>disponer de un certificado m\u00e9dico que acredite que no existen contraindicaciones de salud para trabajar con las m\u00e1quinas de relleno UNO.&nbsp;<\/li>\n<\/ul>\n\n\n\n<h2 class=\"wp-block-heading\"><strong>Alcance de la formaci\u00f3n<\/strong>&nbsp;<\/h2>\n\n\n\n<p>Tienes que saber que trabajar en estas condiciones y entornos entra\u00f1a riesgos y peligros para la salud. As\u00ed que necesitar\u00e1s conocer aspectos como:&nbsp;<\/p>\n\n\n<div class=\"wp-block-image\">\n<figure class=\"alignright size-large is-resized\"><a href=\"https:\/\/szkolenia-udt.pl\/wp-content\/uploads\/2022\/08\/3-7.jpeg\"><img loading=\"lazy\" decoding=\"async\" src=\"https:\/\/szkolenia-udt.pl\/wp-content\/uploads\/2022\/08\/3-7-1024x680.jpeg\" alt=\"Equipo UNO\" class=\"wp-image-3204\" width=\"512\" height=\"340\" srcset=\"https:\/\/szkolenia-udt.pl\/wp-content\/uploads\/2022\/08\/3-7-1024x680.jpeg 1024w, https:\/\/szkolenia-udt.pl\/wp-content\/uploads\/2022\/08\/3-7-300x199.jpeg 300w, https:\/\/szkolenia-udt.pl\/wp-content\/uploads\/2022\/08\/3-7-768x510.jpeg 768w, https:\/\/szkolenia-udt.pl\/wp-content\/uploads\/2022\/08\/3-7-1536x1020.jpeg 1536w, https:\/\/szkolenia-udt.pl\/wp-content\/uploads\/2022\/08\/3-7-18x12.jpeg 18w, https:\/\/szkolenia-udt.pl\/wp-content\/uploads\/2022\/08\/3-7.jpeg 1600w\" sizes=\"auto, (max-width: 512px) 100vw, 512px\" \/><\/a><\/figure>\n<\/div>\n\n\n<ul class=\"wp-block-list\">\n<li>materiales peligrosos y sus propiedades,&nbsp;<\/li>\n\n\n\n<li>supervisi\u00f3n t\u00e9cnica de los equipos y conocimiento de la construcci\u00f3n de tanques,&nbsp;<\/li>\n\n\n\n<li>el proceso correcto de llenado y vaciado de recipientes populares y el funcionamiento de las m\u00e1quinas vertedoras,&nbsp;<\/li>\n\n\n\n<li>etiquetado correcto de todos los recipientes,&nbsp;<\/li>\n\n\n\n<li>normas de salud y seguridad y de protecci\u00f3n contra incendios,&nbsp;<\/li>\n<\/ul>\n\n\n\n<p>Dedicamos al menos varias horas a cada elemento de nuestro curso, ya que queremos asegurarnos de que todos los participantes comprendan a fondo el tema. La formaci\u00f3n incluye partes pr\u00e1cticas y te\u00f3ricas.&nbsp;<\/p>\n\n\n\n<figure class=\"wp-block-table\"><table><thead><tr><th>Parte de la formaci\u00f3n<\/th><th>Temas<\/th><th>Ejercicios<\/th><\/tr><\/thead><tbody><tr><td><strong>Programa de entrenamiento<\/strong><\/td><td>\n<ul>\n<li>Materiales peligrosos<\/li>\n<li>Dise\u00f1o del tanque<\/li>\n<li>Familiarizaci\u00f3n con la se\u00f1alizaci\u00f3n<\/li>\n<li>Normas de salud, seguridad e higiene<\/li>\n<\/ul>\n<\/td><td>\n<ul>\n<li>Realizaci\u00f3n de la vigilancia t\u00e9cnica<\/li>\n<li>Funcionamiento del equipo UNO<\/li>\n<li>Llenado y vaciado de dep\u00f3sitos<\/li>\n<\/ul>\n<\/td><\/tr><\/tbody><\/table><\/figure>\n\n\n\n<ol class=\"wp-block-list\" start=\"1\">\n<li><strong>Programa de formaci\u00f3n detallado y familiarizaci\u00f3n con las materias peligrosas y la se\u00f1alizaci\u00f3n de los dep\u00f3sitos<\/strong>\u00a0<\/li>\n<\/ol>\n\n\n\n<p>Durante el curso de formaci\u00f3n, le familiarizaremos con los materiales y sustancias con los que trabajar\u00e1 cuando maneje el UNO. Adem\u00e1s, le explicaremos las abreviaturas de etiquetado, como ADR o RID. El curso incluye:&nbsp;<\/p>\n\n\n\n<ul class=\"wp-block-list\">\n<li>materiales seguros bajo presi\u00f3n,&nbsp;<\/li>\n\n\n\n<li>materiales gaseosos,&nbsp;<\/li>\n\n\n\n<li>l\u00edquidos inflamables,&nbsp;<\/li>\n\n\n\n<li>diferentes clases de materiales ADR\/RID.&nbsp;<\/li>\n<\/ul>\n\n\n\n<p>Esta parte ser\u00e1 especialmente importante, ya que los conocimientos b\u00e1sicos sobre materiales peligrosos y marcado de cisternas determinan las pr\u00e1cticas de trabajo seguras. Como introducci\u00f3n a la formaci\u00f3n, es probable que esta parte sea m\u00e1s larga y detallada. El desconocimiento de las propiedades de las distintas sustancias y materiales, junto con su correcto etiquetado, supone una amenaza directa para la salud y la vida del operario de UNO.&nbsp;<\/p>\n\n\n\n<ol class=\"wp-block-list\" start=\"2\">\n<li><strong>Conocimiento del dise\u00f1o de tanques y equipos<\/strong>&nbsp;<\/li>\n<\/ol>\n\n\n\n<p>En esta secci\u00f3n se presentar\u00e1n los elementos que componen la construcci\u00f3n de cisternas, como los vagones cisterna y el equipo para vaciar y llenar las cisternas. Conviene saber que la construcci\u00f3n de una cisterna de este tipo debe cumplir una lista de muchos requisitos para transportar sustancias de la forma m\u00e1s segura y correcta posible. Otro aspecto importante es tambi\u00e9n la resistencia de los distintos tipos de cisternas, que impide que el material se escape en caso de aver\u00eda o accidente. En esta parte del curso aprender\u00e1, entre otras cosas, sobre la construcci\u00f3n detallada de vagones cisterna para el transporte:&nbsp;<\/p>\n\n\n\n<ul class=\"wp-block-list\">\n<li>materiales s\u00f3lidos,&nbsp;<\/li>\n\n\n\n<li>sustancias qu\u00edmicas,&nbsp;<\/li>\n\n\n\n<li>combustibles gaseosos,&nbsp;<\/li>\n\n\n\n<li>Residuos,&nbsp;<\/li>\n\n\n\n<li>alimentos.&nbsp;<\/li>\n<\/ul>\n\n\n\n<ol class=\"wp-block-list\" start=\"3\">\n<li><strong>Conocimientos de salud, seguridad e higiene en el trabajo<\/strong>&nbsp;<\/li>\n<\/ol>\n\n\n\n<p>La siguiente etapa de la formaci\u00f3n, no menos importante, ser\u00e1 todo el tema de las normas de salud y seguridad y el comportamiento en caso de incendio, que es tan f\u00e1cil que se produzca en un entorno de gases y materiales inflamables. Presentaremos:&nbsp;<\/p>\n\n\n\n<ul class=\"wp-block-list\">\n<li>las normas m\u00e1s importantes para mantener la seguridad cuando se trabaja con equipos UNO y los dep\u00f3sitos m\u00e1s comunes,&nbsp;<\/li>\n\n\n\n<li>rutas para la protecci\u00f3n contra posibles incendios,&nbsp;<\/li>\n\n\n\n<li>formas de combatir una posible cat\u00e1strofe en el lugar de trabajo,&nbsp;<\/li>\n\n\n\n<li>pasos teniendo en cuenta la preparaci\u00f3n para el trabajo en tanques y equipos UNO,&nbsp;<\/li>\n\n\n\n<li>t\u00e9cnicas para garantizar la seguridad no s\u00f3lo de ellos mismos, sino tambi\u00e9n de todos los que les rodean.&nbsp;<\/li>\n<\/ul>\n\n\n<div class=\"wp-block-image\">\n<figure class=\"alignleft size-large is-resized\"><a href=\"https:\/\/szkolenia-udt.pl\/wp-content\/uploads\/2022\/08\/1-10.jpeg\"><img loading=\"lazy\" decoding=\"async\" src=\"https:\/\/szkolenia-udt.pl\/wp-content\/uploads\/2022\/08\/1-10-1024x683.jpeg\" alt=\"Supervisi\u00f3n t\u00e9cnica del transporte\" class=\"wp-image-3202\" width=\"512\" height=\"342\" srcset=\"https:\/\/szkolenia-udt.pl\/wp-content\/uploads\/2022\/08\/1-10-1024x683.jpeg 1024w, https:\/\/szkolenia-udt.pl\/wp-content\/uploads\/2022\/08\/1-10-300x200.jpeg 300w, https:\/\/szkolenia-udt.pl\/wp-content\/uploads\/2022\/08\/1-10-768x512.jpeg 768w, https:\/\/szkolenia-udt.pl\/wp-content\/uploads\/2022\/08\/1-10-1536x1024.jpeg 1536w, https:\/\/szkolenia-udt.pl\/wp-content\/uploads\/2022\/08\/1-10-18x12.jpeg 18w, https:\/\/szkolenia-udt.pl\/wp-content\/uploads\/2022\/08\/1-10.jpeg 1600w\" sizes=\"auto, (max-width: 512px) 100vw, 512px\" \/><\/a><\/figure>\n<\/div>\n\n\n<ol class=\"wp-block-list\" start=\"4\">\n<li><strong>Inspecci\u00f3n t\u00e9cnica de la TDT<\/strong>&nbsp;<\/li>\n<\/ol>\n\n\n\n<p>Como sabes, los equipos de UNO est\u00e1n sujetos a la Supervisi\u00f3n T\u00e9cnica del Transporte. Con nosotros, aprender\u00e1 a realizar la supervisi\u00f3n t\u00e9cnica de los equipos, es decir&nbsp;<\/p>\n\n\n\n<ul class=\"wp-block-list\">\n<li>l\u00edneas de carga flexibles,&nbsp;<\/li>\n\n\n\n<li>Brazos de carga portuarios (utilizados en los buques de navegaci\u00f3n mar\u00edtima),&nbsp;<\/li>\n\n\n\n<li>equipos de llenado y vaciado de las cisternas de transporte.&nbsp;<\/li>\n<\/ul>\n\n\n\n<p>La supervisi\u00f3n t\u00e9cnica es un tema muy importante, y en nuestra formaci\u00f3n constituye una parte muy importante del segmento de pr\u00e1cticas. Esta supervisi\u00f3n garantiza la seguridad y la longevidad de los equipos, por lo que practicarla es una obligaci\u00f3n para nosotros.&nbsp;<\/p>\n\n\n\n<ol class=\"wp-block-list\" start=\"5\">\n<li><strong>Funcionamiento del equipo - llenado y vaciado<\/strong>\u00a0<\/li>\n<\/ol>\n\n\n\n<p>En esta secci\u00f3n, nos centraremos en el manejo de los equipos mencionados y en la pr\u00e1ctica de todo el proceso de llenado con vaciado de dep\u00f3sitos. Son estas habilidades las que requerir\u00e1 su futuro trabajo una vez que reciba su certificado TDT, por lo que nuestra formaci\u00f3n se centrar\u00e1 en gran medida en aprender a manejar el equipo UNO en la pr\u00e1ctica. Hay muchos materiales peligrosos cuyo desbordamiento y transporte de forma incorrecta puede acabar de forma catastr\u00f3fica. Como operador de equipos UNO, por lo tanto, necesita:\u00a0<\/p>\n\n\n\n<ul class=\"wp-block-list\">\n<li>saber con qu\u00e9 sustancias hay que tener especial cuidado,&nbsp;<\/li>\n\n\n\n<li>conocer las propiedades de las distintas sustancias,&nbsp;<\/li>\n\n\n\n<li>ser capaz de evaluar los riesgos asociados a materiales espec\u00edficos.&nbsp;<\/li>\n<\/ul>\n\n\n\n<h2 class=\"wp-block-heading\"><strong>No dude en ponerse en contacto con nosotros<\/strong>&nbsp;<\/h2>\n\n\n\n<p>Si est\u00e1 interesado en nuestra nueva oferta de formaci\u00f3n para equipos UNO, ll\u00e1menos o escr\u00edbanos para conocer los detalles del curso. OSO le est\u00e1 esperando, le damos la bienvenida y le recomendamos a todos <a href=\"https:\/\/szkolenia-udt.pl\/es\/kursy\/\">nuestros entrenamientos<\/a>.\u00a0<\/p>\n\n\n<div class=\"wp-block-image\">\n<figure class=\"aligncenter\"><a href=\"https:\/\/szkolenia-udt.pl\/wp-content\/uploads\/2022\/08\/0051-oso.edu_.pl_.jpg\"><img loading=\"lazy\" decoding=\"async\" width=\"1024\" height=\"853\" src=\"https:\/\/szkolenia-udt.pl\/wp-content\/uploads\/2022\/08\/0051-oso.edu_.pl_-1024x853.jpg\" alt=\"gr\u00e1fico que describe la formaci\u00f3n de los operadores de UNO\" class=\"wp-image-3208\" srcset=\"https:\/\/szkolenia-udt.pl\/wp-content\/uploads\/2022\/08\/0051-oso.edu_.pl_-1024x853.jpg 1024w, https:\/\/szkolenia-udt.pl\/wp-content\/uploads\/2022\/08\/0051-oso.edu_.pl_-300x250.jpg 300w, https:\/\/szkolenia-udt.pl\/wp-content\/uploads\/2022\/08\/0051-oso.edu_.pl_-768x640.jpg 768w, https:\/\/szkolenia-udt.pl\/wp-content\/uploads\/2022\/08\/0051-oso.edu_.pl_-14x12.jpg 14w, https:\/\/szkolenia-udt.pl\/wp-content\/uploads\/2022\/08\/0051-oso.edu_.pl_.jpg 1200w\" sizes=\"auto, (max-width: 1024px) 100vw, 1024px\" \/><\/a><\/figure>\n<\/div>","protected":false},"excerpt":{"rendered":"<p>Specyfika UNO Urz\u0105dzenia, kt\u00f3re s\u0142u\u017c\u0105 do nape\u0142niania i opr\u00f3\u017cniania zbiornik\u00f3w to dosy\u0107 skomplikowane maszyny, a do ich obs\u0142ugi potrzebne s\u0105 konkretne uprawnienia przyznawane przez Transportowy Doz\u00f3r Techniczny, kt\u00f3re s\u0105 wa\u017cne przez okres 5 lat od ich uzyskania.\u00a0G\u0142\u00f3wn\u0105 funkcj\u0105 urz\u0105dze\u0144 UNO jest bezpieczne nape\u0142nienie wraz z opr\u00f3\u017cnianiem zbiornik\u00f3w surowcami p\u0142ynnymi. Istniej\u0105 r\u00f3\u017cne oferty kurs\u00f3w przygotowuj\u0105ce do [&hellip;]<\/p>\n","protected":false},"author":10,"featured_media":3203,"parent":2266,"menu_order":0,"comment_status":"closed","ping_status":"closed","template":"","meta":{"footnotes":""},"class_list":["post-3201","page","type-page","status-publish","has-post-thumbnail","hentry"],"aioseo_notices":[],"_links":{"self":[{"href":"https:\/\/szkolenia-udt.pl\/es\/wp-json\/wp\/v2\/pages\/3201","targetHints":{"allow":["GET"]}}],"collection":[{"href":"https:\/\/szkolenia-udt.pl\/es\/wp-json\/wp\/v2\/pages"}],"about":[{"href":"https:\/\/szkolenia-udt.pl\/es\/wp-json\/wp\/v2\/types\/page"}],"author":[{"embeddable":true,"href":"https:\/\/szkolenia-udt.pl\/es\/wp-json\/wp\/v2\/users\/10"}],"replies":[{"embeddable":true,"href":"https:\/\/szkolenia-udt.pl\/es\/wp-json\/wp\/v2\/comments?post=3201"}],"version-history":[{"count":7,"href":"https:\/\/szkolenia-udt.pl\/es\/wp-json\/wp\/v2\/pages\/3201\/revisions"}],"predecessor-version":[{"id":4760,"href":"https:\/\/szkolenia-udt.pl\/es\/wp-json\/wp\/v2\/pages\/3201\/revisions\/4760"}],"up":[{"embeddable":true,"href":"https:\/\/szkolenia-udt.pl\/es\/wp-json\/wp\/v2\/pages\/2266"}],"wp:featuredmedia":[{"embeddable":true,"href":"https:\/\/szkolenia-udt.pl\/es\/wp-json\/wp\/v2\/media\/3203"}],"wp:attachment":[{"href":"https:\/\/szkolenia-udt.pl\/es\/wp-json\/wp\/v2\/media?parent=3201"}],"curies":[{"name":"wp","href":"https:\/\/api.w.org\/{rel}","templated":true}]}}