{"id":3239,"date":"2022-09-01T09:15:24","date_gmt":"2022-09-01T07:15:24","guid":{"rendered":"https:\/\/szkolenia-udt.pl\/?page_id=3239"},"modified":"2023-03-26T11:25:38","modified_gmt":"2023-03-26T09:25:38","slug":"autorizaciones-de-tdt","status":"publish","type":"page","link":"https:\/\/szkolenia-udt.pl\/es\/kursy\/uprawnienia-udt-tdt-wdt\/tdt-uprawniania\/","title":{"rendered":"Curso de certificaci\u00f3n TDT"},"content":{"rendered":"<div class=\"wp-block-image\">\n<figure class=\"alignright size-full is-resized\"><a href=\"https:\/\/szkolenia-udt.pl\/wp-content\/uploads\/2022\/08\/transportowy-dozor-techniczny-zaswiadczenie-kwalifikacyjne.jpeg\"><img loading=\"lazy\" decoding=\"async\" src=\"https:\/\/szkolenia-udt.pl\/wp-content\/uploads\/2022\/08\/transportowy-dozor-techniczny-zaswiadczenie-kwalifikacyjne.jpeg\" alt=\"Autorizaci\u00f3n TDT - tarjeta\" class=\"wp-image-3226\" width=\"296\" height=\"387\" srcset=\"https:\/\/szkolenia-udt.pl\/wp-content\/uploads\/2022\/08\/transportowy-dozor-techniczny-zaswiadczenie-kwalifikacyjne.jpeg 592w, https:\/\/szkolenia-udt.pl\/wp-content\/uploads\/2022\/08\/transportowy-dozor-techniczny-zaswiadczenie-kwalifikacyjne-230x300.jpeg 230w, https:\/\/szkolenia-udt.pl\/wp-content\/uploads\/2022\/08\/transportowy-dozor-techniczny-zaswiadczenie-kwalifikacyjne-9x12.jpeg 9w\" sizes=\"auto, (max-width: 296px) 100vw, 296px\" \/><\/a><\/figure>\n<\/div>\n\n\n<p>La supervisi\u00f3n t\u00e9cnica es necesaria para que puertos, marinas, telef\u00e9ricos o remontes funcionen eficazmente. Tambi\u00e9n hay profesiones necesarias para el correcto cuidado de maquinaria y equipos t\u00e9cnicos que, al mismo tiempo, requieren autorizaciones, como la Supervisi\u00f3n T\u00e9cnica de Transportes.\u00a0\u00a0<\/p>\n\n\n\n<h2 class=\"wp-block-heading\"><strong>Certificaci\u00f3n TDT<\/strong>&nbsp;<\/h2>\n\n\n\n<p>Con los gruistas podemos mover materiales muy pesados en naves de producci\u00f3n, obras de construcci\u00f3n o astilleros. En cambio, los que trabajan en plataformas m\u00f3viles de m\u00e1stil pueden realizar trabajos en la fachada de edificios o pintar paredes. Para trabajar como operador se necesita una licencia. Debido a la demanda casi constante de ocupaciones que implican el manejo de las m\u00e1quinas mencionadas y de muchas otras, nuestros <a href=\"https:\/\/szkolenia-udt.pl\/es\/o-firmie\/\">Centro de formaci\u00f3n de operadores<\/a> (OSO) le ofrece cursos de formaci\u00f3n profesional, tras los cuales los alumnos adquirir\u00e1n los conocimientos y competencias pertinentes en la profesi\u00f3n elegida. Despu\u00e9s de los cursos de formaci\u00f3n, puede presentarse a un examen y obtener el certificado TDT necesario.\u00a0<\/p>\n\n\n\n<h2 class=\"wp-block-heading\"><strong>\u00bfQu\u00e9 hace la TDT y cu\u00e1les son sus competencias?<\/strong>\u00a0<\/h2>\n\n\n<div class=\"wp-block-image\">\n<figure class=\"alignleft size-large is-resized\"><a href=\"https:\/\/szkolenia-udt.pl\/wp-content\/uploads\/2022\/09\/1.jpeg\"><img loading=\"lazy\" decoding=\"async\" src=\"https:\/\/szkolenia-udt.pl\/wp-content\/uploads\/2022\/09\/1-1024x768.jpeg\" alt=\"cami\u00f3n cisterna de combustible\" class=\"wp-image-3240\" width=\"512\" height=\"384\" srcset=\"https:\/\/szkolenia-udt.pl\/wp-content\/uploads\/2022\/09\/1-1024x768.jpeg 1024w, https:\/\/szkolenia-udt.pl\/wp-content\/uploads\/2022\/09\/1-300x225.jpeg 300w, https:\/\/szkolenia-udt.pl\/wp-content\/uploads\/2022\/09\/1-768x576.jpeg 768w, https:\/\/szkolenia-udt.pl\/wp-content\/uploads\/2022\/09\/1-1536x1152.jpeg 1536w, https:\/\/szkolenia-udt.pl\/wp-content\/uploads\/2022\/09\/1-16x12.jpeg 16w, https:\/\/szkolenia-udt.pl\/wp-content\/uploads\/2022\/09\/1-135x100.jpeg 135w, https:\/\/szkolenia-udt.pl\/wp-content\/uploads\/2022\/09\/1.jpeg 1600w\" sizes=\"auto, (max-width: 512px) 100vw, 512px\" \/><\/a><\/figure>\n<\/div>\n\n\n<p>TDT son las siglas en ingl\u00e9s de Supervisi\u00f3n T\u00e9cnica del Transporte - es una entidad jur\u00eddica nacional basada en la Ley de 21 de diciembre de 2000 sobre Supervisi\u00f3n T\u00e9cnica. Es una unidad de la DT (Supervisi\u00f3n T\u00e9cnica), que est\u00e1 subordinada al ministro responsable de los asuntos de transporte. Supervisa los equipos t\u00e9cnicos instalados en el \u00e1mbito ferroviario, las v\u00edas de apartado y el transporte ferroviario, as\u00ed como las cisternas (entre otras, las cisternas, que utilizamos en el tr\u00e1fico por carretera, ferroviario y fluvial). La TDT est\u00e1 sujeta a la Ley de Supervisi\u00f3n T\u00e9cnica. Por ejemplo, el transporte de mercanc\u00edas peligrosas, y expide certificados de aprobaci\u00f3n de veh\u00edculos para el transporte de mercanc\u00edas peligrosas. Los establecimientos que fabrican, reparan, modernizan y montan equipos t\u00e9cnicos deben estar autorizados para ello. Estas autorizaciones tambi\u00e9n las expide la Supervisi\u00f3n T\u00e9cnica del Transporte. Esta entidad tambi\u00e9n concede autorizaciones a los trabajadores de profesiones para las que se requieren autorizaciones de la TDT, como los que realizan uniones soldadas. Por otra parte, la mayor\u00eda de los operadores autorizados por la UDT (Oficina de Inspecci\u00f3n T\u00e9cnica) pueden manejar equipos registrados en la TDT.\u00a0<\/p>\n\n\n\n<h2 class=\"wp-block-heading\"><strong>Formaci\u00f3n de la TDT<\/strong>&nbsp;<\/h2>\n\n\n\n<p>Para obtener su permiso TDT, necesita tener la formaci\u00f3n adecuada y adquirir los conocimientos necesarios. Nuestros completos cursos del Centro de Formaci\u00f3n de Operarios (OSO) son impartidos al m\u00e1s alto nivel por expertos profesionales que est\u00e1n siempre a su disposici\u00f3n. Nuestra amplia oferta de formaci\u00f3n incluye, por ejemplo, cursos sobre el funcionamiento y montaje de recipientes a presi\u00f3n o un curso sobre el llenado y vaciado de dep\u00f3sitos a presi\u00f3n. Con la formaci\u00f3n sobre estos equipos, podr\u00e1 encontrar empleo f\u00e1cilmente.\u00a0\u00a0<\/p>\n\n\n<div class=\"wp-block-image\">\n<figure class=\"alignleft is-resized\"><a href=\"https:\/\/szkolenia-udt.pl\/wp-content\/uploads\/2022\/09\/12.jpeg\"><img loading=\"lazy\" decoding=\"async\" src=\"https:\/\/szkolenia-udt.pl\/wp-content\/uploads\/2022\/09\/12-1024x683.jpeg\" alt=\"persona de pie en el puerto\" class=\"wp-image-3241\" width=\"512\" height=\"342\" srcset=\"https:\/\/szkolenia-udt.pl\/wp-content\/uploads\/2022\/09\/12-1024x683.jpeg 1024w, https:\/\/szkolenia-udt.pl\/wp-content\/uploads\/2022\/09\/12-300x200.jpeg 300w, https:\/\/szkolenia-udt.pl\/wp-content\/uploads\/2022\/09\/12-768x512.jpeg 768w, https:\/\/szkolenia-udt.pl\/wp-content\/uploads\/2022\/09\/12-1536x1024.jpeg 1536w, https:\/\/szkolenia-udt.pl\/wp-content\/uploads\/2022\/09\/12-18x12.jpeg 18w, https:\/\/szkolenia-udt.pl\/wp-content\/uploads\/2022\/09\/12.jpeg 1600w\" sizes=\"auto, (max-width: 512px) 100vw, 512px\" \/><\/a><\/figure>\n<\/div>\n\n\n<h2 class=\"wp-block-heading\"><strong>Nuestra formaci\u00f3n<\/strong>&nbsp;<\/h2>\n\n\n\n<p>Nuestros programas de formaci\u00f3n constan de una parte pr\u00e1ctica y otra te\u00f3rica. Los cursos se imparten de forma accesible y de manera que pueda aprobar f\u00e1cilmente el examen estatal de la TDT y obtener las licencias profesionales necesarias. No dude en ponerse en contacto con nosotros y estaremos encantados de facilitarle toda la informaci\u00f3n necesaria. Ofrecemos precios asequibles, que siempre acordamos individualmente con usted. Ofrecemos descuentos para grupos grandes y organizados. Nuestro Centro OSO imparte cursos abiertos y cerrados. Nuestra sede se encuentra en Varsovia, pero impartimos formaci\u00f3n en toda Polonia. Si el curso es cerrado, destinado a un grupo organizado m\u00e1s grande, nos desplazamos sin problema a la sede del cliente, previo acuerdo. Tambi\u00e9n le invitamos a echar un vistazo a la amplia gama de cursos que ofrecemos en nuestro sitio web. Disponemos de cursos introductorios y peri\u00f3dicos sobre salud y seguridad en el trabajo, seguridad contra incendios, para operadores de gr\u00faas HDS, <a href=\"https:\/\/szkolenia-udt.pl\/es\/kursy\/prace-wysokosciowe\/\">cursos de altitud<\/a> y una serie de otros.\u00a0<\/p>\n\n\n<div class=\"wp-block-image\">\n<figure class=\"aligncenter\"><a href=\"https:\/\/szkolenia-udt.pl\/wp-content\/uploads\/2022\/09\/0021-oso-konserwator-udzadzen-udt-1.jpg\"><img loading=\"lazy\" decoding=\"async\" width=\"1024\" height=\"853\" src=\"https:\/\/szkolenia-udt.pl\/wp-content\/uploads\/2022\/09\/0021-oso-konserwator-udzadzen-udt-1-1024x853.jpg\" alt=\"publicidad gr\u00e1fica de la formaci\u00f3n\" class=\"wp-image-3242\" srcset=\"https:\/\/szkolenia-udt.pl\/wp-content\/uploads\/2022\/09\/0021-oso-konserwator-udzadzen-udt-1-1024x853.jpg 1024w, https:\/\/szkolenia-udt.pl\/wp-content\/uploads\/2022\/09\/0021-oso-konserwator-udzadzen-udt-1-300x250.jpg 300w, https:\/\/szkolenia-udt.pl\/wp-content\/uploads\/2022\/09\/0021-oso-konserwator-udzadzen-udt-1-768x640.jpg 768w, https:\/\/szkolenia-udt.pl\/wp-content\/uploads\/2022\/09\/0021-oso-konserwator-udzadzen-udt-1-14x12.jpg 14w, https:\/\/szkolenia-udt.pl\/wp-content\/uploads\/2022\/09\/0021-oso-konserwator-udzadzen-udt-1.jpg 1200w\" sizes=\"auto, (max-width: 1024px) 100vw, 1024px\" \/><\/a><\/figure>\n<\/div>","protected":false},"excerpt":{"rendered":"<p>Aby porty, przystanie morskie, koleje linowe czy wyci\u0105gi narciarskie sprawnie dzia\u0142a\u0142y, niezb\u0119dny jest sprawowany nad nimi doz\u00f3r techniczny. S\u0105 r\u00f3wnie\u017c zawody niezb\u0119dne w sprawowaniu prawid\u0142owej opieki nad maszynami i urz\u0105dzeniami technicznymi, kt\u00f3re jednocze\u015bnie wymagaj\u0105 uprawnie\u0144, m.in. Transportowego Dozoru Technicznego.\u00a0\u00a0 Uprawnienia TDT&nbsp; Dzi\u0119ki operatorom suwnic mo\u017cemy przenosi\u0107 bardzo ci\u0119\u017ckie materia\u0142y w halach produkcyjnych, na placach budowy [&hellip;]<\/p>\n","protected":false},"author":10,"featured_media":3241,"parent":2266,"menu_order":0,"comment_status":"closed","ping_status":"closed","template":"","meta":{"footnotes":""},"class_list":["post-3239","page","type-page","status-publish","has-post-thumbnail","hentry"],"aioseo_notices":[],"_links":{"self":[{"href":"https:\/\/szkolenia-udt.pl\/es\/wp-json\/wp\/v2\/pages\/3239","targetHints":{"allow":["GET"]}}],"collection":[{"href":"https:\/\/szkolenia-udt.pl\/es\/wp-json\/wp\/v2\/pages"}],"about":[{"href":"https:\/\/szkolenia-udt.pl\/es\/wp-json\/wp\/v2\/types\/page"}],"author":[{"embeddable":true,"href":"https:\/\/szkolenia-udt.pl\/es\/wp-json\/wp\/v2\/users\/10"}],"replies":[{"embeddable":true,"href":"https:\/\/szkolenia-udt.pl\/es\/wp-json\/wp\/v2\/comments?post=3239"}],"version-history":[{"count":5,"href":"https:\/\/szkolenia-udt.pl\/es\/wp-json\/wp\/v2\/pages\/3239\/revisions"}],"predecessor-version":[{"id":4753,"href":"https:\/\/szkolenia-udt.pl\/es\/wp-json\/wp\/v2\/pages\/3239\/revisions\/4753"}],"up":[{"embeddable":true,"href":"https:\/\/szkolenia-udt.pl\/es\/wp-json\/wp\/v2\/pages\/2266"}],"wp:featuredmedia":[{"embeddable":true,"href":"https:\/\/szkolenia-udt.pl\/es\/wp-json\/wp\/v2\/media\/3241"}],"wp:attachment":[{"href":"https:\/\/szkolenia-udt.pl\/es\/wp-json\/wp\/v2\/media?parent=3239"}],"curies":[{"name":"wp","href":"https:\/\/api.w.org\/{rel}","templated":true}]}}