{"id":3245,"date":"2022-09-01T11:40:46","date_gmt":"2022-09-01T09:40:46","guid":{"rendered":"https:\/\/szkolenia-udt.pl\/?page_id=3245"},"modified":"2023-03-26T11:10:43","modified_gmt":"2023-03-26T09:10:43","slug":"formacion-para-la-descarga-y-carga-de-equipos","status":"publish","type":"page","link":"https:\/\/szkolenia-udt.pl\/es\/kursy\/uprawnienia-udt-tdt-wdt\/szkolenie-na-urzadzenia-wyladowcze-i-zaladowcze\/","title":{"rendered":"Formaci\u00f3n para la descarga y carga de equipos"},"content":{"rendered":"<h2 class=\"wp-block-heading\"><strong>\u00bfA qui\u00e9n va dirigido el curso?<\/strong><\/h2>\n\n\n<div class=\"wp-block-image\">\n<figure class=\"alignright size-large is-resized\"><a href=\"https:\/\/szkolenia-udt.pl\/wp-content\/uploads\/2022\/09\/3.jpeg\"><img loading=\"lazy\" decoding=\"async\" src=\"https:\/\/szkolenia-udt.pl\/wp-content\/uploads\/2022\/09\/3-1024x683.jpeg\" alt=\"Formador en la pizarra explicando a la gente en la sala\" class=\"wp-image-3248\" width=\"512\" height=\"342\" srcset=\"https:\/\/szkolenia-udt.pl\/wp-content\/uploads\/2022\/09\/3-1024x683.jpeg 1024w, https:\/\/szkolenia-udt.pl\/wp-content\/uploads\/2022\/09\/3-300x200.jpeg 300w, https:\/\/szkolenia-udt.pl\/wp-content\/uploads\/2022\/09\/3-768x512.jpeg 768w, https:\/\/szkolenia-udt.pl\/wp-content\/uploads\/2022\/09\/3-1536x1024.jpeg 1536w, https:\/\/szkolenia-udt.pl\/wp-content\/uploads\/2022\/09\/3-18x12.jpeg 18w, https:\/\/szkolenia-udt.pl\/wp-content\/uploads\/2022\/09\/3.jpeg 1600w\" sizes=\"auto, (max-width: 512px) 100vw, 512px\" \/><\/a><\/figure>\n<\/div>\n\n\n<p>Para manejar o mantener equipos t\u00e9cnicos de carga o descarga, se necesita una licencia de la UDT (Oficina de Inspecci\u00f3n T\u00e9cnica) o de la TDT (Inspecci\u00f3n T\u00e9cnica de Transportes). Estas m\u00e1quinas simplifican enormemente el trabajo de quienes las manejan. Se utilizan en l\u00edneas de producci\u00f3n, procesos tecnol\u00f3gicos e industria.\u00a0<a href=\"https:\/\/szkolenia-udt.pl\/es\/o-firmie\/\">Centro de formaci\u00f3n de operadores<\/a> ofrece cursos de mantenimiento y manejo de equipos de descarga y carga, as\u00ed como de m\u00e1quinas de carga en la l\u00ednea de proceso de descarga. Nuestra oferta est\u00e1 dirigida a todos aquellos que est\u00e9n interesados en obtener los certificados pertinentes para trabajar con estos equipos.\u00a0\u00a0<\/p>\n\n\n\n<h2 class=\"wp-block-heading\"><strong>Cursos para mantenedores y operadores de equipos de carga y descarga<\/strong>&nbsp;<\/h2>\n\n\n\n<p>El manejo de equipos t\u00e9cnicos requiere la adquisici\u00f3n de s\u00f3lidos conocimientos y habilidades pr\u00e1cticas. Estas m\u00e1quinas est\u00e1n sujetas a supervisi\u00f3n t\u00e9cnica, por lo que manejarlas de forma incompetente supone el riesgo de provocar muchos peligros que pueden contribuir a la salud o incluso la muerte de los trabajadores. No s\u00f3lo el manejo de estas m\u00e1quinas, sino tambi\u00e9n su mantenimiento obliga a los trabajadores a tener los conocimientos y certificados adecuados. El mantenimiento de estas m\u00e1quinas tiene que ser muy minucioso y la persona que lo realiza debe llevar un libro de registro especial, del que informa a la UDT. Por eso son tan importantes los cursos bien organizados. En nuestro centro, la formaci\u00f3n es impartida de forma profesional por personal cualificado con amplia experiencia en la organizaci\u00f3n de cursos.\u00a0\u00a0<\/p>\n\n\n\n<h2 class=\"wp-block-heading\"><strong>Programa de entrenamiento<\/strong>&nbsp;<\/h2>\n\n\n\n<p>Nuestra oferta, repleta de programas, incluye:&nbsp;<\/p>\n\n\n\n<ul class=\"dwiekolumny wp-block-list\">\n<li>familiarizarse con las normas de salud y seguridad;&nbsp;<\/li>\n\n\n\n<li>familiarizarse con los elementos jur\u00eddicos relativos a la supervisi\u00f3n t\u00e9cnica;&nbsp;<\/li>\n\n\n\n<li>tipos de equipos y su dise\u00f1o;&nbsp;<\/li>\n\n\n\n<li>verificaci\u00f3n del estado de los equipos;&nbsp;<\/li>\n\n\n\n<li>funciones de operador y mantenimiento;&nbsp;<\/li>\n\n\n\n<li>procedimientos en caso de aver\u00eda del equipo;&nbsp;<\/li>\n\n\n\n<li>pruebas para comprobar el funcionamiento de la m\u00e1quina;&nbsp;<\/li>\n\n\n\n<li>ajuste de los dispositivos de seguridad;&nbsp;<\/li>\n\n\n\n<li>ajuste de piezas;&nbsp;<\/li>\n\n\n\n<li>los tipos de aver\u00edas que se producen al utilizar el equipo;&nbsp;<\/li>\n\n\n\n<li>capacidad para utilizar la m\u00e1quina;&nbsp;<\/li>\n\n\n\n<li>la parte pr\u00e1ctica del curso.&nbsp;<\/li>\n<\/ul>\n\n\n<div class=\"wp-block-image\">\n<figure class=\"alignleft size-large is-resized\"><a href=\"https:\/\/szkolenia-udt.pl\/wp-content\/uploads\/2022\/09\/1-1.jpeg\"><img loading=\"lazy\" decoding=\"async\" src=\"https:\/\/szkolenia-udt.pl\/wp-content\/uploads\/2022\/09\/1-1-1024x683.jpeg\" alt=\"tippler en el puerto\" class=\"wp-image-3246\" width=\"512\" height=\"342\" srcset=\"https:\/\/szkolenia-udt.pl\/wp-content\/uploads\/2022\/09\/1-1-1024x683.jpeg 1024w, https:\/\/szkolenia-udt.pl\/wp-content\/uploads\/2022\/09\/1-1-300x200.jpeg 300w, https:\/\/szkolenia-udt.pl\/wp-content\/uploads\/2022\/09\/1-1-768x512.jpeg 768w, https:\/\/szkolenia-udt.pl\/wp-content\/uploads\/2022\/09\/1-1-1536x1024.jpeg 1536w, https:\/\/szkolenia-udt.pl\/wp-content\/uploads\/2022\/09\/1-1-18x12.jpeg 18w, https:\/\/szkolenia-udt.pl\/wp-content\/uploads\/2022\/09\/1-1.jpeg 1600w\" sizes=\"auto, (max-width: 512px) 100vw, 512px\" \/><\/a><\/figure>\n<\/div>\n\n\n<h2 class=\"wp-block-heading\"><strong>Parte pr\u00e1ctica del curso<\/strong>&nbsp;<\/h2>\n\n\n\n<p>En nuestros cursos, damos gran importancia a la parte pr\u00e1ctica. Queremos que el participante sepa exactamente c\u00f3mo sustituir las piezas da\u00f1adas o desgastadas y que sea capaz de realizar el mantenimiento de los componentes. Estaremos encantados de adaptar los temas de nuestros cursos a sus necesidades. Dependiendo de cu\u00e1les sean sus expectativas, sin duda acordaremos con usted el alcance del curso y llegaremos as\u00ed a un acuerdo. Garantizamos la transferencia de los conocimientos m\u00e1s necesarios, tanto te\u00f3ricos como pr\u00e1cticos.<strong>&nbsp;<\/strong>&nbsp;<\/p>\n\n\n\n<h2 class=\"wp-block-heading\"><strong>Formaci\u00f3n en el Centro de Formaci\u00f3n de Operadores<\/strong>&nbsp;<\/h2>\n\n\n\n<p>La demanda de empleados certificados para el mantenimiento y manejo de equipos de descarga, carga o alimentaci\u00f3n en l\u00ednea sigue siendo muy alta. Por eso, los cursos que ofrecemos son muy populares. En OSO, adquirir\u00e1 conocimientos amplios y esenciales sobre el uso y el mantenimiento de estas m\u00e1quinas, y tambi\u00e9n le prepararemos y formaremos bien para el examen estatal UDT. Le ofrecemos una formaci\u00f3n completa y muy buena, y se presentar\u00e1 al examen sin estr\u00e9s. El per\u00edodo de validez de dicho certificado para la m\u00e1quina elegida es de hasta 10 a\u00f1os.\u00a0<\/p>\n\n\n\n<h2 class=\"wp-block-heading\"><strong>Requisitos para participar en el curso<\/strong>&nbsp;<\/h2>\n\n\n\n<p>Para participar en nuestra formaci\u00f3n, el candidato debe tener:&nbsp;<\/p>\n\n\n\n<ul class=\"wp-block-list\">\n<li>al menos 18 a\u00f1os de edad,&nbsp;<\/li>\n\n\n\n<li>al menos la educaci\u00f3n primaria,&nbsp;<\/li>\n\n\n\n<li>ning\u00fan obst\u00e1culo sanitario para trabajar en esta profesi\u00f3n.&nbsp;<\/li>\n<\/ul>\n\n\n<div class=\"wp-block-image\">\n<figure class=\"alignright size-large is-resized\"><a href=\"https:\/\/szkolenia-udt.pl\/wp-content\/uploads\/2022\/09\/2.jpeg\"><img loading=\"lazy\" decoding=\"async\" src=\"https:\/\/szkolenia-udt.pl\/wp-content\/uploads\/2022\/09\/2-1024x683.jpeg\" alt=\"m\u00e1quina de arrastre en las v\u00edas\" class=\"wp-image-3247\" width=\"512\" height=\"342\" srcset=\"https:\/\/szkolenia-udt.pl\/wp-content\/uploads\/2022\/09\/2-1024x683.jpeg 1024w, https:\/\/szkolenia-udt.pl\/wp-content\/uploads\/2022\/09\/2-300x200.jpeg 300w, https:\/\/szkolenia-udt.pl\/wp-content\/uploads\/2022\/09\/2-768x512.jpeg 768w, https:\/\/szkolenia-udt.pl\/wp-content\/uploads\/2022\/09\/2-1536x1024.jpeg 1536w, https:\/\/szkolenia-udt.pl\/wp-content\/uploads\/2022\/09\/2-18x12.jpeg 18w, https:\/\/szkolenia-udt.pl\/wp-content\/uploads\/2022\/09\/2.jpeg 1600w\" sizes=\"auto, (max-width: 512px) 100vw, 512px\" \/><\/a><\/figure>\n<\/div>\n\n\n<h2 class=\"wp-block-heading\"><strong>Tipos de m\u00e1quinas de carga y descarga<\/strong>&nbsp;<\/h2>\n\n\n\n<p>Los equipos de carga y descarga (o cargadores en l\u00ednea) son m\u00e1quinas de manipulaci\u00f3n que se utilizan para transportar mercanc\u00edas. Cuando se trata de manipular sustancias a granel, son una alternativa a las gr\u00faas. Estas m\u00e1quinas incluyen, entre otras:&nbsp;&nbsp;<\/p>\n\n\n\n<ul class=\"wp-block-list\">\n<li><strong>volquetes de vagones<\/strong> - se utilizan en centrales el\u00e9ctricas, puertos; descargan materiales a granel (por ejemplo, grano, grava),\u00a0\u00a0<\/li>\n\n\n\n<li><strong>montones<\/strong>i - utilizado en minas, centrales el\u00e9ctricas,\u00a0\u00a0<\/li>\n\n\n\n<li><strong>transportadores <\/strong>- se desplazan sobre una v\u00eda definida, en \u00e1ngulo o en horizontal; transportan cargas a granel (por ejemplo, en obras de construcci\u00f3n),\u00a0\u00a0<\/li>\n\n\n\n<li><strong>brochadoras para el transporte de vagones sobre ra\u00edles<\/strong> - se utilizan para mover vagones sin utilizar una locomotora; en este caso, cada m\u00e1quina se dise\u00f1a por separado.\u00a0\u00a0<\/li>\n<\/ul>\n\n\n\n<p>Todas estas m\u00e1quinas son gr\u00faas y maquinaria especializada. Por lo tanto, est\u00e1n sujetos a supervisi\u00f3n. Transportan cargas de forma continua a lo largo de una ruta o v\u00eda designada.&nbsp;<\/p>\n\n\n\n<h2 class=\"wp-block-heading\"><strong>\u00bfPor qu\u00e9 vale la pena elegir SPA?<\/strong>&nbsp;<\/h2>\n\n\n\n<p>Nuestro centro de formaci\u00f3n cuenta ya con muchos a\u00f1os de experiencia. Todos nuestros empleados son personas apasionadas con muchos a\u00f1os de experiencia y abundantes conocimientos, que transmiten de forma accesible e interesante. Todo ello nos permite ofrecerle servicios de la m\u00e1xima calidad. Impartimos cursos basados en la normativa de, entre otros organismos, la Oficina de Inspecci\u00f3n T\u00e9cnica, con la que colaboramos activamente. Nuestras aulas e instalaciones de formaci\u00f3n son modernas y est\u00e1n bien equipadas. Prestamos gran atenci\u00f3n a la calidad de la ense\u00f1anza para que usted quede satisfecho con la <a href=\"https:\/\/szkolenia-udt.pl\/es\/oferta\/\">Nuestros servicios<\/a>. El Centro de Formaci\u00f3n de Operadores ofrece toda una gama de cursos y formaci\u00f3n. Le animamos a que navegue por nuestro sitio web y descubra lo que podemos ofrecerle. Ofrecemos cursos de seguridad contra incendios, alturas y soldadura. Tenemos muchos cursos de formaci\u00f3n para ayudarle a obtener su licencia UDT o TDT (por ejemplo, para operador de gr\u00faa). Nuestra empresa opera en Varsovia y en muchas otras ciudades de Polonia. Adem\u00e1s de la formaci\u00f3n abierta, tambi\u00e9n ofrecemos cursos cerrados. En este caso, siempre acordamos el lugar con nuestro cliente. Nuestros precios se rigen por el mercado y siempre se fijan individualmente. Tenemos descuentos para grupos organizados. No dude en ponerse en contacto con nosotros.<\/p>\n\n\n<div class=\"wp-block-image\">\n<figure class=\"aligncenter\"><a href=\"https:\/\/szkolenia-udt.pl\/wp-content\/uploads\/2022\/09\/0080-oso.edu_.pl_.jpg\"><img loading=\"lazy\" decoding=\"async\" width=\"1024\" height=\"853\" src=\"https:\/\/szkolenia-udt.pl\/wp-content\/uploads\/2022\/09\/0080-oso.edu_.pl_-1024x853.jpg\" alt=\"publicidad gr\u00e1fica de la formaci\u00f3n\" class=\"wp-image-3249\" srcset=\"https:\/\/szkolenia-udt.pl\/wp-content\/uploads\/2022\/09\/0080-oso.edu_.pl_-1024x853.jpg 1024w, https:\/\/szkolenia-udt.pl\/wp-content\/uploads\/2022\/09\/0080-oso.edu_.pl_-300x250.jpg 300w, https:\/\/szkolenia-udt.pl\/wp-content\/uploads\/2022\/09\/0080-oso.edu_.pl_-768x640.jpg 768w, https:\/\/szkolenia-udt.pl\/wp-content\/uploads\/2022\/09\/0080-oso.edu_.pl_-14x12.jpg 14w, https:\/\/szkolenia-udt.pl\/wp-content\/uploads\/2022\/09\/0080-oso.edu_.pl_.jpg 1200w\" sizes=\"auto, (max-width: 1024px) 100vw, 1024px\" \/><\/a><\/figure>\n<\/div>","protected":false},"excerpt":{"rendered":"<p>Do kogo kierowany jest kurs? Aby obs\u0142ugiwa\u0107 lub konserwowa\u0107 urz\u0105dzenia techniczne za\u0142adowcze czy wy\u0142adowcze potrzeba uprawnie\u0144 UDT (Urz\u0119du Dozoru technicznego), b\u0105d\u017a TDT (Transportowy Doz\u00f3r Techniczny). Maszyny te bardzo upraszczaj\u0105 prace osobom je eksploatuj\u0105cym. U\u017cytkujemy je w ci\u0105gach produkcyjnych, technologicznych oraz w przemy\u015ble.\u00a0O\u015brodek Szkolenia Operator\u00f3w prowadzi kursy z zakresu konserwacji oraz obs\u0142ugi urz\u0105dze\u0144 wy\u0142adowczych, za\u0142adowczych oraz [&hellip;]<\/p>\n","protected":false},"author":10,"featured_media":3248,"parent":2266,"menu_order":0,"comment_status":"closed","ping_status":"closed","template":"","meta":{"footnotes":""},"class_list":["post-3245","page","type-page","status-publish","has-post-thumbnail","hentry"],"aioseo_notices":[],"_links":{"self":[{"href":"https:\/\/szkolenia-udt.pl\/es\/wp-json\/wp\/v2\/pages\/3245","targetHints":{"allow":["GET"]}}],"collection":[{"href":"https:\/\/szkolenia-udt.pl\/es\/wp-json\/wp\/v2\/pages"}],"about":[{"href":"https:\/\/szkolenia-udt.pl\/es\/wp-json\/wp\/v2\/types\/page"}],"author":[{"embeddable":true,"href":"https:\/\/szkolenia-udt.pl\/es\/wp-json\/wp\/v2\/users\/10"}],"replies":[{"embeddable":true,"href":"https:\/\/szkolenia-udt.pl\/es\/wp-json\/wp\/v2\/comments?post=3245"}],"version-history":[{"count":6,"href":"https:\/\/szkolenia-udt.pl\/es\/wp-json\/wp\/v2\/pages\/3245\/revisions"}],"predecessor-version":[{"id":4750,"href":"https:\/\/szkolenia-udt.pl\/es\/wp-json\/wp\/v2\/pages\/3245\/revisions\/4750"}],"up":[{"embeddable":true,"href":"https:\/\/szkolenia-udt.pl\/es\/wp-json\/wp\/v2\/pages\/2266"}],"wp:featuredmedia":[{"embeddable":true,"href":"https:\/\/szkolenia-udt.pl\/es\/wp-json\/wp\/v2\/media\/3248"}],"wp:attachment":[{"href":"https:\/\/szkolenia-udt.pl\/es\/wp-json\/wp\/v2\/media?parent=3245"}],"curies":[{"name":"wp","href":"https:\/\/api.w.org\/{rel}","templated":true}]}}