{"id":3276,"date":"2022-09-06T10:09:51","date_gmt":"2022-09-06T08:09:51","guid":{"rendered":"https:\/\/szkolenia-udt.pl\/?page_id=3276"},"modified":"2023-05-04T19:03:29","modified_gmt":"2023-05-04T17:03:29","slug":"elevadores-de-carga","status":"publish","type":"page","link":"https:\/\/szkolenia-udt.pl\/es\/kursy\/uprawnienia-udt-tdt-wdt\/wyciagi-towarowe\/","title":{"rendered":"Curso para obtener la licencia de montacargas"},"content":{"rendered":"<div class=\"wp-block-image\">\n<figure class=\"alignright is-resized\"><a href=\"https:\/\/szkolenia-udt.pl\/wp-content\/uploads\/2022\/09\/2-1.webp\"><img loading=\"lazy\" decoding=\"async\" src=\"https:\/\/szkolenia-udt.pl\/wp-content\/uploads\/2022\/09\/2-1.webp\" alt=\"Transporte de materiales de construcci\u00f3n pesados \" class=\"wp-image-3278\" width=\"287\" height=\"333\" srcset=\"https:\/\/szkolenia-udt.pl\/wp-content\/uploads\/2022\/09\/2-1.webp 250w, https:\/\/szkolenia-udt.pl\/wp-content\/uploads\/2022\/09\/2-1-10x12.webp 10w\" sizes=\"auto, (max-width: 287px) 100vw, 287px\" \/><\/a><\/figure>\n<\/div>\n\n\n<h2 class=\"wp-block-heading\">Invitaci\u00f3n a cursos de formaci\u00f3n en las OSC<\/h2>\n\n\n\n<ul class=\"wp-block-list\">\n<li>Ofrecemos formaci\u00f3n profesional, entre otras cosas, en el manejo de montacargas;<\/li>\n\n\n\n<li>Educamos en Varsovia y en toda Polonia, incluidos Gdansk, Cracovia, Gdynia, Poznan, Szczecin, Kielce, Lodz y Breslavia;<\/li>\n\n\n\n<li>Ofrecemos formaci\u00f3n abierta y cerrada con la opci\u00f3n de desplazarnos al cliente;<\/li>\n\n\n\n<li>Ofrecemos supervisi\u00f3n por parte de formadores experimentados;<\/li>\n\n\n\n<li>Cada uno de nuestros cursos de formaci\u00f3n incluye preparaci\u00f3n te\u00f3rica y pr\u00e1ctica en la materia en cuesti\u00f3n;<\/li>\n\n\n\n<li>Nos caracterizamos por un \u00edndice de aprobados de casi 100% en los ex\u00e1menes UDT y TDT de nuestros alumnos.<\/li>\n<\/ul>\n\n\n\n<h2 class=\"wp-block-heading\">M\u00e1s informaci\u00f3n sobre montacargas<\/h2>\n\n\n\n<p>Un montacargas (t\u00e9rmino coloquial para skip, escalera) es una plataforma deslizante sobre una estructura de columnas que se asemeja a una escalera. Se fija a un chasis m\u00f3vil y se baja, de forma inclinada, sobre el tejado (techo) de un edificio. Transporta materiales de construcci\u00f3n a niveles superiores.\u00a0<\/p>\n\n\n\n<h2 class=\"wp-block-heading\">\u00bfD\u00f3nde se utilizan los equipos de mercanc\u00edas y cu\u00e1les son los requisitos?\u00a0<\/h2>\n\n\n\n<p>&nbsp;&nbsp;&nbsp;&nbsp; Desde hace muchos a\u00f1os, se observan avances significativos en la mecanizaci\u00f3n de los trabajos en altura. En el pasado, los equipos de transporte vertical de alta tecnolog\u00eda se asociaban a las grandes obras de construcci\u00f3n, pero hoy los encontramos pr\u00e1cticamente en todas partes, incluso en las viviendas unifamiliares. Entre estos dispositivos se encuentra el montacargas, considerado la herramienta m\u00e1s conocida en el sector de los tejados.&nbsp;&nbsp;<\/p>\n\n\n\n<p>Para poder utilizar un aparato bajo supervisi\u00f3n t\u00e9cnica, el usuario debe presentar una carta a la unidad de supervisi\u00f3n t\u00e9cnica pertinente. Tras una inspecci\u00f3n t\u00e9cnica positiva, se emitir\u00e1 una decisi\u00f3n que permita el funcionamiento de la m\u00e1quina. A continuaci\u00f3n, la m\u00e1quina se inscribir\u00e1 en el libro de inspecci\u00f3n y se registrar\u00e1 en los archivos de la delegaci\u00f3n local de la UDT.&nbsp;&nbsp;<\/p>\n\n\n\n<p>El funcionamiento y el mantenimiento de los montacargas s\u00f3lo deben realizarse sobre la base de las instrucciones de uso, de acuerdo con el uso previsto. Los montacargas est\u00e1n sujetos a supervisi\u00f3n t\u00e9cnica. Pertenecen al grupo de equipos de manipulaci\u00f3n.&nbsp;&nbsp;<\/p>\n\n\n\n<p>Su funci\u00f3n es transportar cargas dentro de un rango designado. Cuando est\u00e1n en uso, tienen una supervisi\u00f3n limitada sobre ellos y est\u00e1n sujetos a pruebas de inspecci\u00f3n ad hoc cada dos a\u00f1os. Los nombres comunes de los polipastos que funcionan en nuestro pa\u00eds son: escalera de tejado, elevador de tejado, cabrestante inclinado, etc.&nbsp;&nbsp;<\/p>\n\n\n\n<p>Existen versiones port\u00e1tiles y m\u00f3viles.&nbsp;<\/p>\n\n\n\n<h2 class=\"wp-block-heading\">Las mayores ventajas:\u00a0<\/h2>\n\n\n\n<ul class=\"wp-block-list\">\n<li>muy utilizado como medio de transporte vertical para las empresas especializadas en cubiertas o en la construcci\u00f3n en general,&nbsp;<\/li>\n\n\n\n<li>simplicidad y facilidad de aplicaci\u00f3n en las obras,&nbsp;&nbsp;<\/li>\n\n\n\n<li>Gran alcance y capacidad de elevaci\u00f3n para transportar la mayor\u00eda de los materiales de construcci\u00f3n,\u00a0\u00a0<\/li>\n\n\n\n<li>dise\u00f1o pr\u00e1ctico,\u00a0<\/li>\n\n\n\n<li>versatilidad aplicable a diversos tipos de trabajo especializado,&nbsp;<\/li>\n\n\n\n<li>estructura segmentada,&nbsp;<\/li>\n\n\n\n<li>la capacidad de construir el kit adecuado a las necesidades de los clientes.&nbsp;<\/li>\n<\/ul>\n\n\n\n<h2 class=\"wp-block-heading\">Tramitaci\u00f3n de una declaraci\u00f3n de carga: \u00bfqu\u00e9 condiciones deben cumplirse?\u00a0<\/h2>\n\n\n\n<ul class=\"wp-block-list\">\n<li>Es necesario disponer del correspondiente certificado de cualificaci\u00f3n para manejar el equipo en cuesti\u00f3n, certificado por la UDT (Oficina de Inspecci\u00f3n T\u00e9cnica);&nbsp;<\/li>\n\n\n\n<li>Todo usuario est\u00e1 obligado a respetar los requisitos b\u00e1sicos de salud y seguridad;&nbsp;<\/li>\n\n\n\n<li>Recibir formaci\u00f3n en el lugar de trabajo en materia de salud y seguridad e informarse de los peligros que entra\u00f1a trabajar con un determinado tipo de m\u00e1quina, de acuerdo con las directrices del fabricante del ascensor que figuran en el manual;&nbsp;<\/li>\n\n\n\n<li>Familiar\u00edcese con las normas del operador\/empleador para el manejo del equipo;&nbsp;<\/li>\n\n\n\n<li>Cumplir las normas y reglamentos.&nbsp;<\/li>\n<\/ul>\n\n\n\n<h2 class=\"wp-block-heading\">\u00bfDe qu\u00e9 condiciones depende el buen funcionamiento de un montacargas?\u00a0<\/h2>\n\n\n\n<ul class=\"wp-block-list\">\n<li>El polipasto debe utilizarse fuera de la zona de peligro, y los alrededores del lugar de trabajo, como diversos obst\u00e1culos, deben comprobarse antes de comenzar el trabajo. Es necesario asegurar la zona de trabajo contra personas ajenas.&nbsp;<\/li>\n\n\n\n<li>El operario debe tener una visi\u00f3n clara del material que toma la carga y observar la plataforma y el m\u00e1stil durante el movimiento. Si la plataforma de carga se detiene debido a un mal funcionamiento, el operador debe descargar el contenido. El elemento cargado debe estar siempre bajo supervisi\u00f3n y distribuido uniformemente y asegurado contra la ca\u00edda.&nbsp;&nbsp;<\/li>\n\n\n\n<li>No est\u00e1 permitido estar bajo la carga. Es aconsejable inspeccionar la unidad al menos una vez al d\u00eda, comprobando si hay fallos o da\u00f1os. Notifique inmediatamente al responsable de la obra cualquier cambio o problema.&nbsp;&nbsp;<\/li>\n\n\n\n<li>Si es necesario, detenga inmediatamente la gr\u00faa y aseg\u00farela. No olvide utilizar los equipos de protecci\u00f3n individual necesarios, como ropa de trabajo, casco protector, guantes, calzado, etc. Disponga la carga de forma segura para que no corra riesgo de desplazamiento, vuelco y, en alturas superiores a la plataforma, aseg\u00farela adecuadamente. Adem\u00e1s, hay que tener en cuenta las r\u00e1fagas de viento repentinas.&nbsp;<\/li>\n<\/ul>\n\n\n\n<h2 class=\"wp-block-heading\">Requisitos espec\u00edficos de los montacargas port\u00e1tiles antes de empezar a trabajar:\u00a0\u00a0<\/h2>\n\n\n\n<ul class=\"wp-block-list\">\n<li>compruebe el correcto funcionamiento de los dispositivos de seguridad que impiden la ca\u00edda de la plataforma en caso de rotura del cable;&nbsp;<\/li>\n\n\n\n<li>est\u00e1 prohibido superar la carga permitida;&nbsp;<\/li>\n\n\n\n<li>est\u00e1 prohibido subirse a los tramos de carril;&nbsp;<\/li>\n\n\n\n<li>Prohibici\u00f3n de transportar personas en la plataforma del ascensor;&nbsp;<\/li>\n\n\n\n<li>A las velocidades de viento elevadas indicadas en las instrucciones, debe interrumpirse el funcionamiento del cabrestante de elevaci\u00f3n de mercanc\u00edas;&nbsp;<\/li>\n\n\n\n<li>Una vez finalizado el trabajo, la plataforma de carga debe colocarse en posici\u00f3n baja.&nbsp;<\/li>\n<\/ul>\n\n\n<div class=\"wp-block-image\">\n<figure class=\"alignleft size-full is-resized\"><a href=\"https:\/\/szkolenia-udt.pl\/wp-content\/uploads\/2022\/09\/1-4.jpeg\"><img loading=\"lazy\" decoding=\"async\" src=\"https:\/\/szkolenia-udt.pl\/wp-content\/uploads\/2022\/09\/1-4.jpeg\" alt=\"Carga y descarga de tejas\" class=\"wp-image-3277\" width=\"377\" height=\"283\" srcset=\"https:\/\/szkolenia-udt.pl\/wp-content\/uploads\/2022\/09\/1-4.jpeg 300w, https:\/\/szkolenia-udt.pl\/wp-content\/uploads\/2022\/09\/1-4-16x12.jpeg 16w, https:\/\/szkolenia-udt.pl\/wp-content\/uploads\/2022\/09\/1-4-135x100.jpeg 135w\" sizes=\"auto, (max-width: 377px) 100vw, 377px\" \/><\/a><\/figure>\n<\/div>\n\n\n<h2 class=\"wp-block-heading\">Introducci\u00f3n al mantenimiento y la inspecci\u00f3n - informaci\u00f3n b\u00e1sica\u00a0<\/h2>\n\n\n\n<p>El mantenimiento s\u00f3lo puede ser realizado por personas con la cualificaci\u00f3n requerida. Debe tener un certificado especial, habiendo superado el examen de la UDT para operador de mantenimiento o de polipastos. La grasa y las piezas sustituidas deben eliminarse sin da\u00f1ar el medio ambiente.&nbsp;<\/p>\n\n\n\n<p>Antes de iniciar los trabajos de mantenimiento o limpieza, la plataforma de carga debe bajarse al m\u00e1ximo y el elevador debe desconectarse de la red el\u00e9ctrica. Deben respetarse siempre las normas y reglamentos de salud y seguridad, y debe llevarse ropa y calzado de trabajo. &nbsp;<\/p>\n\n\n\n<h3 class=\"wp-block-heading\">Antes de cada uso - un operador autorizado comprueba el equipo. \u00bfCu\u00e1les son sus responsabilidades?\u00a0<\/h3>\n\n\n\n<ul class=\"wp-block-list\">\n<li>Compruebe que el dispositivo de seguridad del trineo en marcha se mueve libremente e impide la rotura del cable. Si hay alguna deficiencia, hay que interrumpir el trabajo y sustituir las piezas defectuosas.&nbsp;<\/li>\n\n\n\n<li>Compruebe que la cuerda no est\u00e1 desgastada y que el interruptor de parada de emergencia funciona correctamente. Cuando se pulsa la parada de emergencia, no debe ser posible mover la plataforma de carga hacia arriba o hacia abajo.&nbsp;<\/li>\n\n\n\n<li>Realice un recorrido de prueba con el and\u00e9n vac\u00edo y compruebe que toda la v\u00eda de rodadura a lo largo de los segmentos de carril est\u00e1 despejada.\u00a0\u00a0<\/li>\n\n\n\n<li>Compruebe el funcionamiento de los finales de carrera tanto en la parte superior como en la inferior.&nbsp;<\/li>\n<\/ul>\n\n\n\n<h3 class=\"wp-block-heading\">2 Revisi\u00f3n semanal:\u00a0<\/h3>\n\n\n\n<ul class=\"wp-block-list\">\n<li>limpiar el extractor de la suciedad;&nbsp;&nbsp;<\/li>\n\n\n\n<li>mantener limpia la zona de trabajo alrededor del extractor;&nbsp;<\/li>\n\n\n\n<li>inspecci\u00f3n minuciosa de la cuerda para detectar signos de desgaste (por ejemplo, zonas arrugadas, hebras rotas) o corrosi\u00f3n;&nbsp;<\/li>\n\n\n\n<li>sustituyendo la cuerda si es necesario.&nbsp;<\/li>\n<\/ul>\n\n\n<div class=\"wp-block-image\">\n<figure class=\"alignright size-full is-resized\"><a href=\"https:\/\/szkolenia-udt.pl\/wp-content\/uploads\/2022\/09\/3-1.jpeg\"><img loading=\"lazy\" decoding=\"async\" src=\"https:\/\/szkolenia-udt.pl\/wp-content\/uploads\/2022\/09\/3-1.jpeg\" alt=\"ascensor de carga utilizado durante las obras de renovaci\u00f3n\" class=\"wp-image-3279\" width=\"366\" height=\"274\" srcset=\"https:\/\/szkolenia-udt.pl\/wp-content\/uploads\/2022\/09\/3-1.jpeg 259w, https:\/\/szkolenia-udt.pl\/wp-content\/uploads\/2022\/09\/3-1-16x12.jpeg 16w, https:\/\/szkolenia-udt.pl\/wp-content\/uploads\/2022\/09\/3-1-135x100.jpeg 135w\" sizes=\"auto, (max-width: 366px) 100vw, 366px\" \/><\/a><\/figure>\n<\/div>\n\n\n<h3 class=\"wp-block-heading\">3. Inspecci\u00f3n y mantenimiento mensuales\u00a0<\/h3>\n\n\n\n<ul class=\"wp-block-list\">\n<li>lubricar la rueda dentada del tambor del torno de cable con una pistola de engrasar;&nbsp;<\/li>\n\n\n\n<li>ver si el eslab\u00f3n de liberaci\u00f3n de la cuerda va libremente.&nbsp;<\/li>\n<\/ul>\n\n\n\n<h3 class=\"wp-block-heading\">4 Revisi\u00f3n trimestral\u00a0<\/h3>\n\n\n\n<ul class=\"wp-block-list\">\n<li>compru\u00e9balo:&nbsp;<\/li>\n\n\n\n<li>Las placas informativas est\u00e1n en su sitio y son f\u00e1ciles de leer;&nbsp;<\/li>\n\n\n\n<li>el indicador del \u00e1ngulo de inclinaci\u00f3n, la mesa de carga est\u00e1n en los lugares correctos y funcionan correctamente;&nbsp;<\/li>\n\n\n\n<li>todos los dispositivos de seguridad est\u00e1n operativos y no muestran signos de fallo.&nbsp;&nbsp;<\/li>\n<\/ul>\n\n\n\n<h3 class=\"wp-block-heading\">5. inspecci\u00f3n cada 3.000rg. u otro n\u00famero de horas de funcionamiento declarado por el fabricante\u00a0\u00a0<\/h3>\n\n\n\n<ul class=\"wp-block-list\">\n<li>cambiar la grasa de la caja de engranajes del motorreductor.\u00a0<\/li>\n<\/ul>","protected":false},"excerpt":{"rendered":"<p>Zapraszamy na szkolenia do OSO Dowiedz si\u0119 wi\u0119cej na temat wyci\u0105g\u00f3w towarowych Wyci\u0105g towarowy (pot. skip, drabina) \u2013 jest to platforma przesuwna po kolumnie konstrukcji, kt\u00f3ra przypomina drabin\u0119. Mocuje si\u0119 j\u0105 do przewo\u017anego podwozia i opuszcza, w spos\u00f3b pochy\u0142y, na dach (strop) budynku. Transportuje materia\u0142y budowlane na wy\u017csze poziomy.\u00a0 Gdzie wykorzystuje si\u0119 urz\u0105dzenia towarowe i [&hellip;]<\/p>\n","protected":false},"author":10,"featured_media":3277,"parent":2266,"menu_order":0,"comment_status":"closed","ping_status":"closed","template":"","meta":{"footnotes":""},"class_list":["post-3276","page","type-page","status-publish","has-post-thumbnail","hentry"],"aioseo_notices":[],"_links":{"self":[{"href":"https:\/\/szkolenia-udt.pl\/es\/wp-json\/wp\/v2\/pages\/3276","targetHints":{"allow":["GET"]}}],"collection":[{"href":"https:\/\/szkolenia-udt.pl\/es\/wp-json\/wp\/v2\/pages"}],"about":[{"href":"https:\/\/szkolenia-udt.pl\/es\/wp-json\/wp\/v2\/types\/page"}],"author":[{"embeddable":true,"href":"https:\/\/szkolenia-udt.pl\/es\/wp-json\/wp\/v2\/users\/10"}],"replies":[{"embeddable":true,"href":"https:\/\/szkolenia-udt.pl\/es\/wp-json\/wp\/v2\/comments?post=3276"}],"version-history":[{"count":4,"href":"https:\/\/szkolenia-udt.pl\/es\/wp-json\/wp\/v2\/pages\/3276\/revisions"}],"predecessor-version":[{"id":4820,"href":"https:\/\/szkolenia-udt.pl\/es\/wp-json\/wp\/v2\/pages\/3276\/revisions\/4820"}],"up":[{"embeddable":true,"href":"https:\/\/szkolenia-udt.pl\/es\/wp-json\/wp\/v2\/pages\/2266"}],"wp:featuredmedia":[{"embeddable":true,"href":"https:\/\/szkolenia-udt.pl\/es\/wp-json\/wp\/v2\/media\/3277"}],"wp:attachment":[{"href":"https:\/\/szkolenia-udt.pl\/es\/wp-json\/wp\/v2\/media?parent=3276"}],"curies":[{"name":"wp","href":"https:\/\/api.w.org\/{rel}","templated":true}]}}