{"id":3282,"date":"2022-09-06T10:33:37","date_gmt":"2022-09-06T08:33:37","guid":{"rendered":"https:\/\/szkolenia-udt.pl\/?page_id=3282"},"modified":"2023-05-04T16:59:30","modified_gmt":"2023-05-04T14:59:30","slug":"curso-de-soldadura","status":"publish","type":"page","link":"https:\/\/szkolenia-udt.pl\/es\/kursy\/spawanie\/kurs-z-lutowania\/","title":{"rendered":"Curso de soldadura"},"content":{"rendered":"<h2 class=\"wp-block-heading\">\u00bfQu\u00e9 es la soldadura?<\/h2>\n\n\n\n<p><strong>Soldadura<\/strong> es uno de los m\u00e9todos de uni\u00f3n de metales m\u00e1s populares entre los principiantes en electr\u00f3nica. En la pr\u00e1ctica, el m\u00e9todo de uni\u00f3n consiste en insertar - entre las superficies a unir - un -. <strong>carpetas<\/strong>que es, por ejemplo, un metal fundido u otro agente.\u00a0\u00a0<\/p>\n\n\n\n<p>Durante el proceso, las piezas a soldar no se funden, sino que se calientan. <strong>Lut<\/strong> se adhiere permanentemente a los materiales, lo que exige una limpieza a fondo (qu\u00edmica y mec\u00e1nica) de la superficie en cuesti\u00f3n. Con los conocimientos adecuados, se pueden realizar uniones de gran calidad. &nbsp;<\/p>\n\n\n\n<ul class=\"wp-block-list\">\n<li>La aplicaci\u00f3n m\u00e1s com\u00fan es en las industrias electr\u00f3nica, electrot\u00e9cnica y de telecomunicaciones para realizar conexiones en cables el\u00e9ctricos.&nbsp;&nbsp;<\/li>\n\n\n\n<li>Los trabajos de chapa utilizan chapa galvanizada para los canalones, es decir, soldadura.&nbsp;&nbsp;<\/li>\n\n\n\n<li>En la industria del autom\u00f3vil, se utiliza para unir bobinados de motores, rellenar cavidades, agrietar piezas de fundici\u00f3n, reparar y crear radiadores de autom\u00f3viles.&nbsp;&nbsp;<\/li>\n\n\n\n<li>Las uniones soldadas en circuitos integrados u otros componentes electr\u00f3nicos son la mejor forma de garantizar una buena conductividad. Suelen utilizarse en lugar de la soldadura si no es necesario soportar cargas importantes, pero s\u00ed una conducci\u00f3n de corriente adecuada.&nbsp;<\/li>\n<\/ul>\n\n\n<div class=\"wp-block-image\">\n<figure class=\"alignright size-full is-resized\"><a href=\"https:\/\/szkolenia-udt.pl\/wp-content\/uploads\/2023\/05\/1-5-1024x683-1.jpeg\"><img loading=\"lazy\" decoding=\"async\" src=\"https:\/\/szkolenia-udt.pl\/wp-content\/uploads\/2023\/05\/1-5-1024x683-1.jpeg\" alt=\"La soldadura de metales en la pr\u00e1ctica\" class=\"wp-image-4803\" width=\"512\" height=\"342\" srcset=\"https:\/\/szkolenia-udt.pl\/wp-content\/uploads\/2023\/05\/1-5-1024x683-1.jpeg 1024w, https:\/\/szkolenia-udt.pl\/wp-content\/uploads\/2023\/05\/1-5-1024x683-1-300x200.jpeg 300w, https:\/\/szkolenia-udt.pl\/wp-content\/uploads\/2023\/05\/1-5-1024x683-1-768x512.jpeg 768w, https:\/\/szkolenia-udt.pl\/wp-content\/uploads\/2023\/05\/1-5-1024x683-1-18x12.jpeg 18w\" sizes=\"auto, (max-width: 512px) 100vw, 512px\" \/><\/a><\/figure>\n<\/div>\n\n\n<h3 class=\"wp-block-heading\">La soldadura se divide en:\u00a0<\/h3>\n\n\n\n<ul class=\"wp-block-list\">\n<li>suave,&nbsp;<\/li>\n\n\n\n<li>dif\u00edcil.&nbsp;<\/li>\n<\/ul>\n\n\n\n<h3 class=\"wp-block-heading\">\u00bfD\u00f3nde se aplica?\u00a0<\/h3>\n\n\n\n<ul class=\"wp-block-list\">\n<li>en las instalaciones:&nbsp;<\/li>\n\n\n\n<li>refrigeraci\u00f3n,&nbsp;<\/li>\n\n\n\n<li>aire acondicionado,&nbsp;<\/li>\n\n\n\n<li>calefacci\u00f3n central,&nbsp;<\/li>\n\n\n\n<li>gases t\u00e9cnicos (incluidos los gases medicinales).&nbsp;<\/li>\n<\/ul>\n\n\n\n<p><strong>\u00bfPor qu\u00e9 es tan atractiva la soldadura?<\/strong>&nbsp;<\/p>\n\n\n\n<p>Una ventaja importante es la elaboraci\u00f3n est\u00e9tica y la distribuci\u00f3n uniforme de la soldadura. Es f\u00e1cil de comprobar si hay fugas con agua, a continuaci\u00f3n, puede ver cualquier fuga.&nbsp;&nbsp;<\/p>\n\n\n\n<p>Otro buen m\u00e9todo es utilizar tiza por un lado y parafina por el otro. La junta apretada no tendr\u00e1 manchas de grasa en la tiza.&nbsp;<\/p>\n\n\n\n<h2 class=\"wp-block-heading\">Consulte el curso completo de soldadura.\u00a0<\/h2>\n\n\n\n<p>Aprender\u00e1 mucha informaci\u00f3n valiosa como, por ejemplo, a identificar y resolver problemas y a soldar correctamente. Pondr\u00e1 en pr\u00e1ctica los conocimientos adquiridos. Le ayudaremos a realizar tareas avanzadas bajo la atenta mirada de un instructor. Aprender\u00e1 la respuesta a la pregunta: \u00bfqu\u00e9 soldador ser\u00e1 el mejor y qu\u00e9 conjunto de componentes para un trabajo determinado?\u00a0\u00a0<\/p>\n\n\n\n<p>Hacemos que los alumnos sean conscientes de la cantidad de errores que se pueden cometer en el proceso de soldadura manual. Conocer\u00e1 paso a paso las fases de una soldadura adecuada y recibir\u00e1 los consejos necesarios para convertirse en un experto en su campo. Hemos dise\u00f1ado espec\u00edficamente nuestro curso para ayudarle de la mejor manera a adquirir las habilidades necesarias para crear soldaduras que cumplan todos los requisitos y normas de calidad. &nbsp;<\/p>\n\n\n\n<p>Durante el curso, aprender\u00e1 las tres reglas de hierro del trabajo: preparaci\u00f3n de los materiales, esta\u00f1ado y aplicaci\u00f3n de la soldadura. Una vez que las domine, se convertir\u00e1 r\u00e1pidamente en un profesional de su profesi\u00f3n. Obtendr\u00e1 consejos y trucos que le ayudar\u00e1n a evitar muchos errores en la pr\u00e1ctica y a calcular los tiempos de soldadura. Le mostraremos c\u00f3mo:&nbsp;&nbsp;<\/p>\n\n\n\n<ul class=\"wp-block-list\">\n<li>limpiar el soldador,&nbsp;<\/li>\n\n\n\n<li>prolongar su vida \u00fatil,&nbsp;<\/li>\n\n\n\n<li>soldar circuitos integrados y conectores.&nbsp;<\/li>\n<\/ul>\n\n\n\n<p>Distinguir una soldadura mala de una buena le resultar\u00e1 muy f\u00e1cil.&nbsp;<\/p>\n\n\n\n<h2 class=\"wp-block-heading\">Selecci\u00f3n del tipo de soldadura<\/h2>\n\n\n\n<p>Aunque hay bastantes variedades de soldadura, es habitual elegir entre el hilo sin plomo, el plomo, el hilo macizo y su di\u00e1metro, el tipo de fundente y el n\u00facleo entre los b\u00e1sicos. Conocer estos elementos puede hacer que aprender a soldar sea sencillo y agradable. Usted sabr\u00e1 qu\u00e9 m\u00e9todo utilizar.&nbsp;<\/p>\n\n\n<div class=\"wp-block-image\">\n<figure class=\"alignright size-full is-resized\"><a href=\"https:\/\/szkolenia-udt.pl\/wp-content\/uploads\/2023\/05\/screen_2x-1024x684-1.jpeg\"><img loading=\"lazy\" decoding=\"async\" src=\"https:\/\/szkolenia-udt.pl\/wp-content\/uploads\/2023\/05\/screen_2x-1024x684-1.jpeg\" alt=\"Fusi\u00f3n de chapas galvanizadas para coches\" class=\"wp-image-4802\" width=\"512\" height=\"342\" srcset=\"https:\/\/szkolenia-udt.pl\/wp-content\/uploads\/2023\/05\/screen_2x-1024x684-1.jpeg 1024w, https:\/\/szkolenia-udt.pl\/wp-content\/uploads\/2023\/05\/screen_2x-1024x684-1-300x200.jpeg 300w, https:\/\/szkolenia-udt.pl\/wp-content\/uploads\/2023\/05\/screen_2x-1024x684-1-768x513.jpeg 768w, https:\/\/szkolenia-udt.pl\/wp-content\/uploads\/2023\/05\/screen_2x-1024x684-1-18x12.jpeg 18w\" sizes=\"auto, (max-width: 512px) 100vw, 512px\" \/><\/a><\/figure>\n<\/div>\n\n\n<h2 class=\"wp-block-heading\">Objetivos de la formaci\u00f3n:\u00a0\u00a0<\/h2>\n\n\n\n<ul class=\"wp-block-list\">\n<li>Cualificarse para trabajar en la soldadura fuerte de aluminio y cobre - fusi\u00f3n blanda y dura por el m\u00e9todo capilar.&nbsp;<\/li>\n<\/ul>\n\n\n\n<ul class=\"wp-block-list\">\n<li>Realizar soldaduras de tubos de cobre o aluminio.&nbsp;<\/li>\n<\/ul>\n\n\n\n<h2 class=\"wp-block-heading\">Oferta\u00a0<\/h2>\n\n\n\n<p>El curso consta de una parte te\u00f3rica y otra pr\u00e1ctica. Quienes suelden a mano deben tener un certificado de haber superado la formaci\u00f3n para poder empezar a trabajar. No es obligatorio aprobar un examen externo adicional. As\u00ed se describe en el Reglamento del Ministro de Econom\u00eda de 27 de abril de 2000 (Diario de Leyes 2000, n\u00ba 40, punto 470).&nbsp;&nbsp;<\/p>\n\n\n\n<h2 class=\"wp-block-heading\">Ap\u00fantate a un curso de soldadura\u00a0<\/h2>\n\n\n\n<p>Actualmente, el mercado laboral registra una gran demanda de especialistas en uni\u00f3n de materiales. Los empresarios est\u00e1n muy interesados en personas con estas capacidades. Por eso tiene sentido embarcarse en el curso pertinente que tenemos para ofrecerle.&nbsp;&nbsp;<\/p>\n\n\n\n<p>Nuestro personal son instructores experimentados que imparten conocimientos de forma accesible y f\u00e1cil de entender. Inmediatamente despu\u00e9s del curso, podr\u00e1 incorporarse a un puesto de trabajo como <strong>soldador<\/strong>.&nbsp;&nbsp;<\/p>\n\n\n\n<p>En el curso de formaci\u00f3n ver\u00e1 lo interesante y gratificante que puede ser la profesi\u00f3n de soldador, especialmente en operaciones complejas. El precio del curso es asequible y rentable. La inversi\u00f3n en la formaci\u00f3n se amortizar\u00e1 r\u00e1pidamente gracias a unos ingresos decentes y a unos conocimientos s\u00f3lidos. Durante la formaci\u00f3n, los participantes aprender\u00e1n a soldar componentes, que es la habilidad m\u00e1s importante para los t\u00e9cnicos electr\u00f3nicos.&nbsp;<\/p>\n\n\n\n<h2 class=\"wp-block-heading\">Actualmente, los m\u00e9todos m\u00e1s comunes de desoldadura son:\u00a0<\/h2>\n\n\n\n<ul class=\"wp-block-list\">\n<li>por medio de:&nbsp;<\/li>\n\n\n\n<li>extractor de esta\u00f1o,&nbsp;<\/li>\n\n\n\n<li>la banda de soldadura recortando los componentes,&nbsp;<\/li>\n\n\n\n<li>diversos tipos de componentes SMD,&nbsp;<\/li>\n\n\n\n<li>calentar todas las piernas al mismo tiempo.&nbsp;<\/li>\n<\/ul>\n\n\n\n<h2 class=\"wp-block-heading\">Brazing\u00a0<\/h2>\n\n\n\n<p>Obtendr\u00e1 una formaci\u00f3n pr\u00e1ctica que le ser\u00e1 \u00fatil no s\u00f3lo en el trabajo, sino tambi\u00e9n en su vida cotidiana. Esta formaci\u00f3n est\u00e1 dirigida a personas que ejercen profesiones en las que es obligatoria una s\u00f3lida calidad de soldadura, pero tambi\u00e9n a personas que empiezan a conocer la dura fusi\u00f3n del cobre y el acero. El Centro de Formaci\u00f3n de Operarios es el lugar donde aprender\u00e1 eficazmente su oficio.&nbsp;<\/p>\n\n\n\n<h2 class=\"wp-block-heading\">Condiciones de admisi\u00f3n al curso de soldadura:\u00a0<\/h2>\n\n\n\n<ul class=\"wp-block-list\">\n<li>18 a\u00f1os como m\u00ednimo;&nbsp;<\/li>\n\n\n\n<li>Educaci\u00f3n primaria m\u00ednima;&nbsp;<\/li>\n\n\n\n<li>un estado de salud que permita realizar el trabajo de soldador, certificado por un m\u00e9dico especialista en medicina del trabajo.&nbsp;<\/li>\n<\/ul>\n\n\n<div class=\"wp-block-image\">\n<figure class=\"alignright size-full is-resized\"><a href=\"https:\/\/szkolenia-udt.pl\/wp-content\/uploads\/2023\/05\/2-3-683x1024-1.jpeg\"><img loading=\"lazy\" decoding=\"async\" src=\"https:\/\/szkolenia-udt.pl\/wp-content\/uploads\/2023\/05\/2-3-683x1024-1.jpeg\" alt=\"soldadura\" class=\"wp-image-4801\" width=\"342\" height=\"512\" srcset=\"https:\/\/szkolenia-udt.pl\/wp-content\/uploads\/2023\/05\/2-3-683x1024-1.jpeg 683w, https:\/\/szkolenia-udt.pl\/wp-content\/uploads\/2023\/05\/2-3-683x1024-1-200x300.jpeg 200w, https:\/\/szkolenia-udt.pl\/wp-content\/uploads\/2023\/05\/2-3-683x1024-1-8x12.jpeg 8w\" sizes=\"auto, (max-width: 342px) 100vw, 342px\" \/><\/a><\/figure>\n<\/div>\n\n\n<h2 class=\"wp-block-heading\">Visi\u00f3n general de los temas de formaci\u00f3n:\u00a0<\/h2>\n\n\n\n<ol class=\"wp-block-list\" start=\"1\">\n<li>Principios de preparaci\u00f3n de piezas para la uni\u00f3n;&nbsp;<\/li>\n\n\n\n<li>Caracter\u00edsticas de dise\u00f1o en soldadura; \u00a0<\/li>\n\n\n\n<li>Fundamentos de f\u00edsica y qu\u00edmica;\u00a0<\/li>\n\n\n\n<li>Tecnolog\u00edas de soldadura;\u00a0<\/li>\n\n\n\n<li>Fusi\u00f3n de acero, cobre y tipos de aglutinante;\u00a0<\/li>\n\n\n\n<li>An\u00e1lisis de la calidad;\u00a0<\/li>\n\n\n\n<li>SALUD Y SEGURIDAD;\u00a0<\/li>\n\n\n\n<li>Ejercicios pr\u00e1cticos de soldadura con gas en estaciones de producci\u00f3n.\u00a0<\/li>\n<\/ol>\n\n\n\n<ol class=\"wp-block-list\" start=\"2\"><\/ol>\n\n\n\n<ol class=\"wp-block-list\" start=\"3\"><\/ol>\n\n\n\n<ol class=\"wp-block-list\" start=\"4\"><\/ol>\n\n\n\n<ol class=\"wp-block-list\" start=\"5\"><\/ol>\n\n\n\n<h2 class=\"wp-block-heading\">\u00bfPor qu\u00e9 elegir nuestra empresa?\u00a0<\/h2>\n\n\n\n<p>Le invitamos a <a href=\"https:\/\/szkolenia-udt.pl\/es\/oferta\/\">uso de los servicios<\/a> en el Centro de formaci\u00f3n de operadores OSO Le ofrecemos <a href=\"https:\/\/szkolenia-udt.pl\/es\/kursy\/szkolenie-audytorskie-udt\/\">formaci\u00f3n UDT<\/a> en una amplia gama de maquinaria, por ejemplo, puentes gr\u00faa, carretillas elevadoras, gr\u00faas, HDS, manipuladores telesc\u00f3picos o plataformas m\u00f3viles. Soldadura, soldadura, cursos de autorizaci\u00f3n <a href=\"https:\/\/szkolenia-udt.pl\/es\/kursy\/sep-g1-g2-g3\/komisje-certyfikujace-sep-pse-simp-sitps\/\">BUITRE<\/a> y alturas.&nbsp;&nbsp;<\/p>\n\n\n\n<p>Ofrecemos nuestros servicios a cualquier persona interesada que desee adquirir los conocimientos y habilidades necesarios para manejar equipos y m\u00e1quinas.  \u00a1Con nosotros recibir\u00e1 apoyo al m\u00e1s alto nivel!&nbsp;&nbsp;<\/p>\n\n\n\n<p>Nos centramos en las necesidades de nuestros clientes, por lo que puede contar con ayuda profesional y una formaci\u00f3n adecuada. Fije una fecha conveniente y concierte una cita para su primera clase. Somos una instituci\u00f3n educativa no p\u00fablica que imparte formaci\u00f3n en Varsovia.\u00a0<\/p>\n\n\n\n<h2 class=\"wp-block-heading\">\u00bfD\u00f3nde entrenamos?\u00a0<\/h2>\n\n\n\n<p>Varsovia: aqu\u00ed se encuentra nuestra sucursal principal, equipada con locales profesionales, pero tambi\u00e9n estamos disponibles en otras localidades de toda Polonia. Tambi\u00e9n ofrecemos formaci\u00f3n a puerta cerrada, que llevamos a cabo en un lugar designado tras consultar con el cliente.&nbsp;<\/p>\n\n\n\n<p>Si tiene alguna pregunta sobre nuestros servicios, estamos siempre a su disposici\u00f3n - <a href=\"https:\/\/szkolenia-udt.pl\/es\/contacto\/\" target=\"_blank\" rel=\"noreferrer noopener\">por favor cont\u00e1ctenos<\/a>. Le invitamos a familiarizarse con nuestros <a href=\"https:\/\/szkolenia-udt.pl\/es\/oferta\/\" target=\"_blank\" rel=\"noreferrer noopener\">oferta completa<\/a> formaci\u00f3n presentada en el sitio web y le animamos a elegir nuestros servicios!&nbsp;<\/p>\n\n\n\n<h3 class=\"wp-block-heading\">\u00bfD\u00f3nde entrenamos?<\/h3>\n\n\n\n<div class=\"wp-block-columns is-layout-flex wp-container-core-columns-is-layout-9d6595d7 wp-block-columns-is-layout-flex\">\n<div class=\"wp-block-column is-layout-flow wp-block-column-is-layout-flow\" style=\"flex-basis:50%\">\n<ul class=\"wp-block-list\">\n<li>Varsovia,\u00a0<\/li>\n\n\n\n<li>Cracovia,&nbsp;<\/li>\n\n\n\n<li>\u0141\u00f3d\u017a,&nbsp;<\/li>\n\n\n\n<li>Wroc\u0142aw,&nbsp;<\/li>\n\n\n\n<li>Pozna\u0144,&nbsp;<\/li>\n\n\n\n<li>Gdansk,\u00a0<\/li>\n<\/ul>\n<\/div>\n\n\n\n<div class=\"wp-block-column is-layout-flow wp-block-column-is-layout-flow\" style=\"flex-basis:50%\">\n<ul class=\"wp-block-list\">\n<li>Gdynia,&nbsp;<\/li>\n\n\n\n<li>Szczecin,&nbsp;<\/li>\n\n\n\n<li>Bydgoszcz,&nbsp;<\/li>\n\n\n\n<li>Lublin,&nbsp;<\/li>\n\n\n\n<li>Silesia: Katowice,&nbsp;<\/li>\n\n\n\n<li>Bielsko-Bia\u0142a.&nbsp;<\/li>\n<\/ul>\n<\/div>\n<\/div>\n\n\n\n<p><a href=\"https:\/\/szkolenia-udt.pl\/es\/kontakt\/\">Le invitamos cordialmente<\/a> para elegir nuestros servicios&nbsp;<\/p>\n\n\n<div class=\"wp-block-image\">\n<figure class=\"aligncenter size-large\"><a href=\"https:\/\/szkolenia-udt.pl\/wp-content\/uploads\/2022\/09\/0073-oso.edu_.pl_.jpg\"><img loading=\"lazy\" decoding=\"async\" width=\"1024\" height=\"853\" src=\"https:\/\/szkolenia-udt.pl\/wp-content\/uploads\/2022\/09\/0073-oso.edu_.pl_-1024x853.jpg\" alt=\"\" class=\"wp-image-3286\" srcset=\"https:\/\/szkolenia-udt.pl\/wp-content\/uploads\/2022\/09\/0073-oso.edu_.pl_-1024x853.jpg 1024w, https:\/\/szkolenia-udt.pl\/wp-content\/uploads\/2022\/09\/0073-oso.edu_.pl_-300x250.jpg 300w, https:\/\/szkolenia-udt.pl\/wp-content\/uploads\/2022\/09\/0073-oso.edu_.pl_-768x640.jpg 768w, https:\/\/szkolenia-udt.pl\/wp-content\/uploads\/2022\/09\/0073-oso.edu_.pl_-14x12.jpg 14w, https:\/\/szkolenia-udt.pl\/wp-content\/uploads\/2022\/09\/0073-oso.edu_.pl_.jpg 1200w\" sizes=\"auto, (max-width: 1024px) 100vw, 1024px\" \/><\/a><\/figure>\n<\/div>","protected":false},"excerpt":{"rendered":"<p>Czym jest lutowanie? Lutowanie to jeden z najpopularniejszych sposob\u00f3w \u0142\u0105czenia metali dla pocz\u0105tkuj\u0105cych elektronik\u00f3w. W praktyce metoda spajania polega na wprowadzeniu mi\u0119dzy \u0142\u0105czone powierzchnie \u2013 spoiwa, czyli np. roztopiony metal lub inny czynnik.\u00a0\u00a0 Podczas procesu cz\u0119\u015bci do lutowania nie topi\u0105 si\u0119, tylko nagrzewaj\u0105. Lut trwale przyczepia si\u0119 do materia\u0142\u00f3w, co wymaga dok\u0142adnego wyczyszczenia danej powierzchni [&hellip;]<\/p>\n","protected":false},"author":10,"featured_media":3283,"parent":2583,"menu_order":0,"comment_status":"closed","ping_status":"closed","template":"","meta":{"footnotes":""},"class_list":["post-3282","page","type-page","status-publish","has-post-thumbnail","hentry"],"aioseo_notices":[],"_links":{"self":[{"href":"https:\/\/szkolenia-udt.pl\/es\/wp-json\/wp\/v2\/pages\/3282","targetHints":{"allow":["GET"]}}],"collection":[{"href":"https:\/\/szkolenia-udt.pl\/es\/wp-json\/wp\/v2\/pages"}],"about":[{"href":"https:\/\/szkolenia-udt.pl\/es\/wp-json\/wp\/v2\/types\/page"}],"author":[{"embeddable":true,"href":"https:\/\/szkolenia-udt.pl\/es\/wp-json\/wp\/v2\/users\/10"}],"replies":[{"embeddable":true,"href":"https:\/\/szkolenia-udt.pl\/es\/wp-json\/wp\/v2\/comments?post=3282"}],"version-history":[{"count":5,"href":"https:\/\/szkolenia-udt.pl\/es\/wp-json\/wp\/v2\/pages\/3282\/revisions"}],"predecessor-version":[{"id":4804,"href":"https:\/\/szkolenia-udt.pl\/es\/wp-json\/wp\/v2\/pages\/3282\/revisions\/4804"}],"up":[{"embeddable":true,"href":"https:\/\/szkolenia-udt.pl\/es\/wp-json\/wp\/v2\/pages\/2583"}],"wp:featuredmedia":[{"embeddable":true,"href":"https:\/\/szkolenia-udt.pl\/es\/wp-json\/wp\/v2\/media\/3283"}],"wp:attachment":[{"href":"https:\/\/szkolenia-udt.pl\/es\/wp-json\/wp\/v2\/media?parent=3282"}],"curies":[{"name":"wp","href":"https:\/\/api.w.org\/{rel}","templated":true}]}}