{"id":3339,"date":"2022-09-16T11:37:48","date_gmt":"2022-09-16T09:37:48","guid":{"rendered":"https:\/\/szkolenia-udt.pl\/?page_id=3339"},"modified":"2023-03-20T12:20:48","modified_gmt":"2023-03-20T11:20:48","slug":"mantenedor-de-equipos-de-extincion-de-incendios","status":"publish","type":"page","link":"https:\/\/szkolenia-udt.pl\/es\/kursy\/bhp-ppoz\/konserwator-sprzetu-gasniczego\/","title":{"rendered":"Curso de mantenimiento de equipos contra incendios"},"content":{"rendered":"<div class=\"wp-block-image\">\n<figure class=\"alignleft size-large is-resized\"><a href=\"https:\/\/szkolenia-udt.pl\/wp-content\/uploads\/2022\/09\/3-2.jpeg\"><img loading=\"lazy\" decoding=\"async\" src=\"https:\/\/szkolenia-udt.pl\/wp-content\/uploads\/2022\/09\/3-2-1024x683.jpeg\" alt=\"Extintor - equipo\" class=\"wp-image-3342\" width=\"512\" height=\"342\" srcset=\"https:\/\/szkolenia-udt.pl\/wp-content\/uploads\/2022\/09\/3-2-1024x683.jpeg 1024w, https:\/\/szkolenia-udt.pl\/wp-content\/uploads\/2022\/09\/3-2-300x200.jpeg 300w, https:\/\/szkolenia-udt.pl\/wp-content\/uploads\/2022\/09\/3-2-768x512.jpeg 768w, https:\/\/szkolenia-udt.pl\/wp-content\/uploads\/2022\/09\/3-2-1536x1024.jpeg 1536w, https:\/\/szkolenia-udt.pl\/wp-content\/uploads\/2022\/09\/3-2-18x12.jpeg 18w, https:\/\/szkolenia-udt.pl\/wp-content\/uploads\/2022\/09\/3-2.jpeg 1600w\" sizes=\"auto, (max-width: 512px) 100vw, 512px\" \/><\/a><\/figure>\n<\/div>\n\n\n<h2 class=\"wp-block-heading\">Sobre nosotros\u00a0<\/h2>\n\n\n\n<p>En OSO, hemos preparado una oferta para nuestros clientes en forma de curso de formaci\u00f3n integral para mantenedores de equipos port\u00e1tiles de extinci\u00f3n de incendios. Llevamos muchos a\u00f1os prestando servicios de formaci\u00f3n. Nuestra oferta tambi\u00e9n incluye formaci\u00f3n para operadores de equipos de manipulaci\u00f3n (con cualificaci\u00f3n UDT), as\u00ed como formaci\u00f3n energ\u00e9tica.&nbsp;&nbsp;<\/p>\n\n\n\n<h2 class=\"wp-block-heading\">\u00bfPor qu\u00e9 SPA?\u00a0<\/h2>\n\n\n\n<p>Ofrecemos precios atractivos y personal altamente cualificado con amplia experiencia profesional: le proporcionamos una formaci\u00f3n profesional y completa que abarca tanto conocimientos te\u00f3ricos como pr\u00e1cticos. Nuestras sucursales est\u00e1n repartidas por toda Polonia, incluida Varsovia. Los conocimientos te\u00f3ricos tambi\u00e9n pueden impartirse a distancia, mientras que los conocimientos pr\u00e1cticos pueden impartirse en instalaciones de formaci\u00f3n especialmente designadas que cumplen todos los requisitos de seguridad.\u00a0\u00a0<\/p>\n\n\n\n<h2 class=\"wp-block-heading\">Requisitos generales\u00a0<\/h2>\n\n\n\n<p>Nuestros requisitos para iniciar la formaci\u00f3n son \u00fanicamente:&nbsp;<\/p>\n\n\n\n<ul class=\"wp-block-list\">\n<li>al menos 18 a\u00f1os de edad,&nbsp;&nbsp;<\/li>\n\n\n\n<li>al menos educaci\u00f3n primaria,&nbsp;&nbsp;<\/li>\n\n\n\n<li>un certificado de no contraindicaci\u00f3n sanitaria expedido por un m\u00e9dico del trabajo.\u00a0<\/li>\n<\/ul>\n\n\n\n<h2 class=\"wp-block-heading\">Nuestra oferta de formaci\u00f3n\u00a0<\/h2>\n\n\n\n<figure class=\"wp-block-table\"><table><tbody><tr><td><strong>\u00bfQu\u00e9 le vamos a ense\u00f1ar?<\/strong>&nbsp;<\/td><td><strong>\u00bfQu\u00e9 ofrecemos?<\/strong>&nbsp;<\/td><\/tr><tr><td>Funcionamiento del equipo de extinci\u00f3n de incendios<\/td><td>Personal de formaci\u00f3n competente<\/td><\/tr><tr><td>Mantenimiento de los equipos<\/td><td>Equipo profesional<\/td><\/tr><tr><td>Comprobaci\u00f3n y diagn\u00f3stico de fallos en los equipos<\/td><td>Formaci\u00f3n integral<\/td><\/tr><tr><td>Normas de seguridad y salud<\/td><td>Precios atractivos<\/td><\/tr><tr><td>Reparaci\u00f3n de extintores<\/td><td>Ambiente acogedor<\/td><\/tr><\/tbody><\/table><\/figure>\n\n\n\n<h2 class=\"wp-block-heading\">Contenido del curso - informaci\u00f3n clave\u00a0<\/h2>\n\n\n<div class=\"wp-block-image\">\n<figure class=\"alignright size-large is-resized\"><a href=\"https:\/\/szkolenia-udt.pl\/wp-content\/uploads\/2022\/09\/2-6.jpeg\"><img loading=\"lazy\" decoding=\"async\" src=\"https:\/\/szkolenia-udt.pl\/wp-content\/uploads\/2022\/09\/2-6-1024x683.jpeg\" alt=\"Logotipo de la OSC\" class=\"wp-image-3341\" width=\"512\" height=\"342\" srcset=\"https:\/\/szkolenia-udt.pl\/wp-content\/uploads\/2022\/09\/2-6-1024x683.jpeg 1024w, https:\/\/szkolenia-udt.pl\/wp-content\/uploads\/2022\/09\/2-6-300x200.jpeg 300w, https:\/\/szkolenia-udt.pl\/wp-content\/uploads\/2022\/09\/2-6-768x512.jpeg 768w, https:\/\/szkolenia-udt.pl\/wp-content\/uploads\/2022\/09\/2-6-1536x1024.jpeg 1536w, https:\/\/szkolenia-udt.pl\/wp-content\/uploads\/2022\/09\/2-6-18x12.jpeg 18w, https:\/\/szkolenia-udt.pl\/wp-content\/uploads\/2022\/09\/2-6.jpeg 1600w\" sizes=\"auto, (max-width: 512px) 100vw, 512px\" \/><\/a><\/figure>\n<\/div>\n\n\n<p>Todos los equipos requieren un mantenimiento adecuado, y esto no es diferente en el caso de los equipos de extinci\u00f3n de incendios, que deben probarse peri\u00f3dicamente para que funcionen con eficacia. Para ofrecer el mejor servicio de formaci\u00f3n posible, garantizamos un nivel de ense\u00f1anza similar para cada participante. Adem\u00e1s, nuestros profesores se encargan de proporcionar contenidos adicionales a los alumnos en forma de un conjunto de materiales did\u00e1cticos dise\u00f1ados para profundizar y consolidar los conocimientos de nuestros clientes.\u00a0<\/p>\n\n\n\n<h2 class=\"wp-block-heading\">Mantenimiento de equipos de extinci\u00f3n de incendios, o lo que ense\u00f1amos a nuestros alumnos\u00a0<\/h2>\n\n\n\n<p>Durante el curso, proporcionaremos a los participantes toda la informaci\u00f3n m\u00e1s importante relativa a la inspecci\u00f3n de los equipos de extinci\u00f3n de incendios. Se tratar\u00e1 de una serie de pasos necesarios para garantizar que el equipo es seguro y funcional y realiza sus tareas sin problemas. Es responsabilidad del t\u00e9cnico de mantenimiento no s\u00f3lo revisar el equipo, sino tambi\u00e9n repararlo.&nbsp;<\/p>\n\n\n\n<h4 class=\"wp-block-heading\">El mantenimiento adecuado incluye:&nbsp;<\/h4>\n\n\n\n<ul class=\"wp-block-list\">\n<li>inspecci\u00f3n de control de los equipos de lucha contra incendios,&nbsp;<\/li>\n\n\n\n<li>inspecci\u00f3n peri\u00f3dica del extintor,&nbsp;<\/li>\n\n\n\n<li>instalaci\u00f3n y retirada de equipos contra incendios,&nbsp;<\/li>\n\n\n\n<li>cambiar el agente extintor una vez cada cinco a\u00f1os,&nbsp;<\/li>\n\n\n\n<li>realizar actividades tanto de reparaci\u00f3n como de mantenimiento,&nbsp;<\/li>\n\n\n\n<li>etiquetado de los equipos.&nbsp;<\/li>\n<\/ul>\n\n\n\n<p>En OSO, impartimos formaci\u00f3n para garantizar que nuestros alumnos sean capaces de llevar a cabo las recomendaciones relativas a los procedimientos de mantenimiento y reparaci\u00f3n de equipos de extinci\u00f3n de incendios. Proporcionaremos a nuestros clientes los conocimientos te\u00f3ricos y pr\u00e1cticos necesarios para llevar a cabo las acciones apropiadas para restablecer el pleno funcionamiento del equipo.\u00a0\u00a0<\/p>\n\n\n\n<h2 class=\"wp-block-heading\">Inspecci\u00f3n t\u00e9cnica\u00a0<\/h2>\n\n\n\n<p>Todos los equipos de lucha contra incendios, incluidos los extintores, deben someterse a inspecciones t\u00e9cnicas peri\u00f3dicas, as\u00ed como a otros procedimientos de mantenimiento designados por las normas vigentes, en las que se especifique tanto el curso de mantenimiento como la informaci\u00f3n sobre la forma de utilizar el equipo en cuesti\u00f3n. Los equipos t\u00e9cnicos est\u00e1n sujetos a un mantenimiento continuo, que consiste en inspecciones peri\u00f3dicas, estrictamente definidas en un programa de diagn\u00f3stico (al menos una vez al a\u00f1o).&nbsp;&nbsp;<\/p>\n\n\n\n<p>Las inspecciones peri\u00f3dicas son necesarias para garantizar la seguridad de los usuarios de los equipos, m\u00e1s a\u00fan si se encuentran en una zona de riesgo potencial, es decir, un foco de incendio. La inspecci\u00f3n debe realizarla una persona que haya recibido formaci\u00f3n para ello.&nbsp;<\/p>\n\n\n\n<h2 class=\"wp-block-heading\">\u00bfD\u00f3nde vas a encontrar empleo?\u00a0<\/h2>\n\n\n\n<p>Los t\u00e9cnicos de mantenimiento con las cualificaciones adecuadas podr\u00e1n trabajar en centros de mantenimiento autorizados, que se encargan tanto del mantenimiento como de la reparaci\u00f3n de equipos de diversos tipos, incluidos los de extinci\u00f3n de incendios.&nbsp;&nbsp;<\/p>\n\n\n<div class=\"wp-block-image\">\n<figure class=\"alignleft size-large is-resized\"><a href=\"https:\/\/szkolenia-udt.pl\/wp-content\/uploads\/2022\/09\/1-8.jpeg\"><img loading=\"lazy\" decoding=\"async\" src=\"https:\/\/szkolenia-udt.pl\/wp-content\/uploads\/2022\/09\/1-8-1024x768.jpeg\" alt=\"Extintor - equipo\" class=\"wp-image-3340\" width=\"512\" height=\"384\" srcset=\"https:\/\/szkolenia-udt.pl\/wp-content\/uploads\/2022\/09\/1-8-1024x768.jpeg 1024w, https:\/\/szkolenia-udt.pl\/wp-content\/uploads\/2022\/09\/1-8-300x225.jpeg 300w, https:\/\/szkolenia-udt.pl\/wp-content\/uploads\/2022\/09\/1-8-768x576.jpeg 768w, https:\/\/szkolenia-udt.pl\/wp-content\/uploads\/2022\/09\/1-8-1536x1152.jpeg 1536w, https:\/\/szkolenia-udt.pl\/wp-content\/uploads\/2022\/09\/1-8-16x12.jpeg 16w, https:\/\/szkolenia-udt.pl\/wp-content\/uploads\/2022\/09\/1-8-135x100.jpeg 135w, https:\/\/szkolenia-udt.pl\/wp-content\/uploads\/2022\/09\/1-8.jpeg 1600w\" sizes=\"auto, (max-width: 512px) 100vw, 512px\" \/><\/a><\/figure>\n<\/div>\n\n\n<p>Para ampliar sus habilidades y capacidades, los empresarios suelen enviar a sus subordinados a cursos de formaci\u00f3n que incluyen conocimientos sobre HSE y UTB: se trata de cursos especializados impartidos para escuelas, empresas o guarder\u00edas. La capacidad de llevar a cabo inspecciones t\u00e9cnicas resultar\u00e1 \u00fatil all\u00ed donde exista riesgo de incendio. Puede tratarse de naves de producci\u00f3n, almacenes u oficinas. En OSO, proporcionaremos a nuestros aprendices una amplia dosis de conocimientos que ampliar\u00e1n sus horizontes en el mercado laboral. Le invitamos a echar un vistazo a toda nuestra oferta de formaci\u00f3n, que tambi\u00e9n incluye cursos para UDT o <a href=\"https:\/\/szkolenia-udt.pl\/es\/kursy\/sep-g1-g2-g3\/komisje-certyfikujace-sep-pse-simp-sitps\/\">BUITRE<\/a>. Para m\u00e1s respuestas a cualquier pregunta, llame a nuestros asesores.\u00a0<\/p>","protected":false},"excerpt":{"rendered":"<p>O nas\u00a0 W OSO przygotowali\u015bmy dla naszych klient\u00f3w ofert\u0119 w postaci kompleksowego szkolenia na konserwator\u00f3w podr\u0119cznego sprz\u0119tu ga\u015bniczego. Jeste\u015bmy firm\u0105 \u015bwiadcz\u0105c\u0105 us\u0142ugi szkoleniowe od wielu lat. W naszej ofercie znajd\u0105 Pa\u0144stwo r\u00f3wnie\u017c szkolenia na operator\u00f3w urz\u0105dze\u0144 transportu bliskiego (z kwalifikacjami UDT), jak i szkolenia energetyczne.&nbsp;&nbsp; Dlaczego OSO?\u00a0 Oferujemy atrakcyjne ceny oraz wysoko wykwalifikowan\u0105 kadr\u0119 o [&hellip;]<\/p>\n","protected":false},"author":10,"featured_media":3340,"parent":2739,"menu_order":0,"comment_status":"closed","ping_status":"closed","template":"","meta":{"footnotes":""},"class_list":["post-3339","page","type-page","status-publish","has-post-thumbnail","hentry"],"aioseo_notices":[],"_links":{"self":[{"href":"https:\/\/szkolenia-udt.pl\/es\/wp-json\/wp\/v2\/pages\/3339","targetHints":{"allow":["GET"]}}],"collection":[{"href":"https:\/\/szkolenia-udt.pl\/es\/wp-json\/wp\/v2\/pages"}],"about":[{"href":"https:\/\/szkolenia-udt.pl\/es\/wp-json\/wp\/v2\/types\/page"}],"author":[{"embeddable":true,"href":"https:\/\/szkolenia-udt.pl\/es\/wp-json\/wp\/v2\/users\/10"}],"replies":[{"embeddable":true,"href":"https:\/\/szkolenia-udt.pl\/es\/wp-json\/wp\/v2\/comments?post=3339"}],"version-history":[{"count":7,"href":"https:\/\/szkolenia-udt.pl\/es\/wp-json\/wp\/v2\/pages\/3339\/revisions"}],"predecessor-version":[{"id":4606,"href":"https:\/\/szkolenia-udt.pl\/es\/wp-json\/wp\/v2\/pages\/3339\/revisions\/4606"}],"up":[{"embeddable":true,"href":"https:\/\/szkolenia-udt.pl\/es\/wp-json\/wp\/v2\/pages\/2739"}],"wp:featuredmedia":[{"embeddable":true,"href":"https:\/\/szkolenia-udt.pl\/es\/wp-json\/wp\/v2\/media\/3340"}],"wp:attachment":[{"href":"https:\/\/szkolenia-udt.pl\/es\/wp-json\/wp\/v2\/media?parent=3339"}],"curies":[{"name":"wp","href":"https:\/\/api.w.org\/{rel}","templated":true}]}}