{"id":3368,"date":"2022-09-23T11:14:18","date_gmt":"2022-09-23T09:14:18","guid":{"rendered":"https:\/\/szkolenia-udt.pl\/?page_id=3368"},"modified":"2023-05-08T16:06:48","modified_gmt":"2023-05-08T14:06:48","slug":"funcionamiento-de-los-equipos-a-presion","status":"publish","type":"page","link":"https:\/\/szkolenia-udt.pl\/es\/kursy\/uprawnienia-udt-tdt-wdt\/obsluga-urzadzen-cisnieniowych\/","title":{"rendered":"Formaci\u00f3n sobre equipos a presi\u00f3n"},"content":{"rendered":"<h2 class=\"wp-block-heading\">\u00bfA qui\u00e9n va dirigido el curso?&nbsp;<\/h2>\n\n\n\n<p>Le invitamos a realizar un curso de manipulaci\u00f3n de recipientes a presi\u00f3n. La formaci\u00f3n le permitir\u00e1 capacitarse para llenar tanques y cilindros de m\u00e1s de 350 cm3 de capacidad.&nbsp;<\/p>\n\n\n<div class=\"wp-block-image\">\n<figure class=\"alignright size-full is-resized\"><a href=\"https:\/\/szkolenia-udt.pl\/wp-content\/uploads\/2023\/05\/1-12-1024x684-1.jpeg\"><img loading=\"lazy\" decoding=\"async\" src=\"https:\/\/szkolenia-udt.pl\/wp-content\/uploads\/2023\/05\/1-12-1024x684-1.jpeg\" alt=\"cilindro de presi\u00f3n\" class=\"wp-image-4868\" width=\"512\" height=\"342\" srcset=\"https:\/\/szkolenia-udt.pl\/wp-content\/uploads\/2023\/05\/1-12-1024x684-1.jpeg 1024w, https:\/\/szkolenia-udt.pl\/wp-content\/uploads\/2023\/05\/1-12-1024x684-1-300x200.jpeg 300w, https:\/\/szkolenia-udt.pl\/wp-content\/uploads\/2023\/05\/1-12-1024x684-1-768x513.jpeg 768w, https:\/\/szkolenia-udt.pl\/wp-content\/uploads\/2023\/05\/1-12-1024x684-1-18x12.jpeg 18w\" sizes=\"auto, (max-width: 512px) 100vw, 512px\" \/><\/a><\/figure>\n<\/div>\n\n\n<h3 class=\"wp-block-heading\">Dicha formaci\u00f3n debe ser realizada por quienes trabajan como:&nbsp;<\/h3>\n\n\n\n<ul class=\"wp-block-list\">\n<li>Instaladores frigoristas;&nbsp;&nbsp;<\/li>\n\n\n\n<li>Instaladores de bombas de calor; &nbsp;<\/li>\n\n\n\n<li>Bomberos;&nbsp;<\/li>\n\n\n\n<li>Personal del hospital; &nbsp;<\/li>\n\n\n\n<li>Trabajadores del balneario; &nbsp;<\/li>\n\n\n\n<li>Personas que trabajan en el sector de la industria alimentaria. &nbsp;<\/li>\n<\/ul>\n\n\n\n<h2 class=\"wp-block-heading\">Objetivo del curso\u00a0<\/h2>\n\n\n\n<p>A trav\u00e9s de la formaci\u00f3n, cada participante adquirir\u00e1 conocimientos pr\u00e1cticos y te\u00f3ricos.&nbsp;<\/p>\n\n\n\n<p>Nuestra empresa ofrece la oportunidad de certificarse en el llenado y manejo de recipientes a presi\u00f3n port\u00e1tiles de m\u00e1s de 350 cm3 con gases:&nbsp;<\/p>\n\n\n\n<ul class=\"wp-block-list\">\n<li>Disuelto, como el acetileno;&nbsp;&nbsp;&nbsp;<\/li>\n\n\n\n<li>Comprimido - como aire, arg\u00f3n, nitr\u00f3geno u ox\u00edgeno;&nbsp;&nbsp;<\/li>\n\n\n\n<li>licuado, como el \u00f3xido nitroso, el amon\u00edaco o el GLP.&nbsp;&nbsp;<\/li>\n<\/ul>\n\n\n\n<h2 class=\"wp-block-heading\">\u00bfQu\u00e9 temas se tratan en el curso?\u00a0<\/h2>\n\n\n\n<p><a href=\"https:\/\/szkolenia-udt.pl\/es\/kursy\/\">Nuestra formaci\u00f3n<\/a> no es s\u00f3lo conocimiento, sino tambi\u00e9n pr\u00e1ctica. Los participantes se preparan para el examen de la Oficina de Inspecci\u00f3n T\u00e9cnica. &nbsp;<\/p>\n\n\n\n<figure class=\"wp-block-table\"><table><tbody><tr><td><strong>Los cursos de formaci\u00f3n impartidos en nuestra empresa se ajustan al programa UDT. Abarcamos temas como<\/strong>&nbsp;&nbsp;<\/td><\/tr><tr><td>- Realizar la supervisi\u00f3n t\u00e9cnica de las cisternas port\u00e1tiles;\u00a0<br>- Pruebas de tanques port\u00e1tiles;\u00a0<br>- Reparaci\u00f3n m\u00f3vil de cisternas;\u00a0<br>- Detalles del gas;\u00a0<br>- Dise\u00f1os de dep\u00f3sitos;\u00a0<br>- Par\u00e1metros del tanque;\u00a0<br>- Inspecci\u00f3n y actividades laborales durante el llenado de recipientes a presi\u00f3n;\u00a0<br>- Recomendaciones generales sobre salud y seguridad; Recomendaciones generales sobre incendios y seguridad.\u00a0\u00a0<\/td><\/tr><\/tbody><\/table><\/figure>\n\n\n<div class=\"wp-block-image\">\n<figure class=\"alignright size-full is-resized\"><a href=\"https:\/\/szkolenia-udt.pl\/wp-content\/uploads\/2023\/05\/3-3-683x1024-1.jpeg\"><img loading=\"lazy\" decoding=\"async\" src=\"https:\/\/szkolenia-udt.pl\/wp-content\/uploads\/2023\/05\/3-3-683x1024-1.jpeg\" alt=\"curso de equipos a presi\u00f3n en funcionamiento\" class=\"wp-image-4869\" width=\"342\" height=\"512\" srcset=\"https:\/\/szkolenia-udt.pl\/wp-content\/uploads\/2023\/05\/3-3-683x1024-1.jpeg 683w, https:\/\/szkolenia-udt.pl\/wp-content\/uploads\/2023\/05\/3-3-683x1024-1-200x300.jpeg 200w, https:\/\/szkolenia-udt.pl\/wp-content\/uploads\/2023\/05\/3-3-683x1024-1-8x12.jpeg 8w\" sizes=\"auto, (max-width: 342px) 100vw, 342px\" \/><\/a><\/figure>\n<\/div>\n\n\n<h2 class=\"wp-block-heading\">Autorizaci\u00f3n para operar y llenar recipientes a presi\u00f3n\u00a0<\/h2>\n\n\n\n<p>Una vez que haya completado el curso y aprobado el examen UDT, recibir\u00e1 las cualificaciones pertinentes. Esto le permitir\u00e1 manejar y llenar botellas a presi\u00f3n con una capacidad superior a 350 cm3. La cualificaci\u00f3n para el llenado de botellas depende del tipo de examen. Puede obtener esta cualificaci\u00f3n para el llenado de botellas con gases:&nbsp;<\/p>\n\n\n\n<ul class=\"wp-block-list\">\n<li>licuado,&nbsp;<\/li>\n\n\n\n<li>comprimida,&nbsp;<\/li>\n\n\n\n<li>disuelto.\u00a0\u00a0<\/li>\n<\/ul>\n\n\n\n<h2 class=\"wp-block-heading\">\u00bfA qu\u00e9 pruebas se someten los recipientes a presi\u00f3n?\u00a0\u00a0<\/h2>\n\n\n\n<p>Los equipos a presi\u00f3n en uso se someten a las siguientes pruebas:&nbsp;<\/p>\n\n\n\n<ul class=\"wp-block-list\">\n<li>peri\u00f3dico;&nbsp;<\/li>\n\n\n\n<li>operativo;&nbsp;<\/li>\n\n\n\n<li>emergencia despu\u00e9s de un accidente o de un fallo. &nbsp;<\/li>\n<\/ul>\n\n\n\n<h3 class=\"wp-block-heading\">Encuestas peri\u00f3dicas:\u00a0<\/h3>\n\n\n\n<p>Las pruebas peri\u00f3dicas son las revisiones internas, las revisiones externas y las pruebas de presi\u00f3n.&nbsp;&nbsp;&nbsp;<\/p>\n\n\n\n<p><strong>Revisiones internas<\/strong> - Durante la inspecci\u00f3n interna, se realiza una evaluaci\u00f3n visual del estado de las paredes del equipo a presi\u00f3n. Tambi\u00e9n se eval\u00faan sus conexiones desmontables y no desmontables y sus equipos de seguridad y presi\u00f3n. En casos t\u00e9cnicamente justificados, la evaluaci\u00f3n visual puede sustituirse o completarse con otras pruebas. Esto es posible, al igual que en el caso de la prueba de presi\u00f3n, previo acuerdo con el organismo t\u00e9cnico de control competente.&nbsp;<\/p>\n\n\n<div class=\"wp-block-image\">\n<figure class=\"alignright size-large is-resized\"><a href=\"https:\/\/szkolenia-udt.pl\/wp-content\/uploads\/2023\/05\/s2-2023-05-08T160152.791.jpg\"><img loading=\"lazy\" decoding=\"async\" src=\"https:\/\/szkolenia-udt.pl\/wp-content\/uploads\/2023\/05\/s2-2023-05-08T160152.791-1024x683.jpg\" alt=\"curso de servicio de recipientes a presi\u00f3n\" class=\"wp-image-4872\" width=\"512\" height=\"342\" srcset=\"https:\/\/szkolenia-udt.pl\/wp-content\/uploads\/2023\/05\/s2-2023-05-08T160152.791-1024x683.jpg 1024w, https:\/\/szkolenia-udt.pl\/wp-content\/uploads\/2023\/05\/s2-2023-05-08T160152.791-300x200.jpg 300w, https:\/\/szkolenia-udt.pl\/wp-content\/uploads\/2023\/05\/s2-2023-05-08T160152.791-768x512.jpg 768w, https:\/\/szkolenia-udt.pl\/wp-content\/uploads\/2023\/05\/s2-2023-05-08T160152.791-1536x1024.jpg 1536w, https:\/\/szkolenia-udt.pl\/wp-content\/uploads\/2023\/05\/s2-2023-05-08T160152.791-18x12.jpg 18w, https:\/\/szkolenia-udt.pl\/wp-content\/uploads\/2023\/05\/s2-2023-05-08T160152.791.jpg 1600w\" sizes=\"auto, (max-width: 512px) 100vw, 512px\" \/><\/a><\/figure>\n<\/div>\n\n\n<p><strong>Auditor\u00edas externas<\/strong> - Se realiza una evaluaci\u00f3n de los equipos a presi\u00f3n desde el exterior, as\u00ed como una evaluaci\u00f3n de los equipos en las zonas accesibles. Si es posible, tambi\u00e9n se llevan a cabo operaciones con los equipos y se realizan pruebas de funcionamiento.&nbsp;&nbsp;<\/p>\n\n\n\n<p><strong>Pruebas de presi\u00f3n - W<\/strong>Generalmente se utilizan como pruebas hidr\u00e1ulicas. En casos justificados, la prueba hidr\u00e1ulica puede sustituirse por otra prueba u otro tipo de prueba. Como en el caso de una revisi\u00f3n interna, esto puede hacerse con el acuerdo previo de la unidad de supervisi\u00f3n t\u00e9cnica. &nbsp;<\/p>\n\n\n\n<h3 class=\"wp-block-heading\">Pruebas operativas y ad hoc\u00a0\u00a0<\/h3>\n\n\n\n<p>El alcance de estas pruebas, as\u00ed como la forma de prepararlas, lo determinan las unidades de supervisi\u00f3n t\u00e9cnica. Depende de las circunstancias que justifiquen su realizaci\u00f3n. Pueden realizarse:\u00a0<\/p>\n\n\n\n<ul class=\"wp-block-list\">\n<li>pruebas de presi\u00f3n,&nbsp;<\/li>\n\n\n\n<li>revisiones internas,&nbsp;&nbsp;<\/li>\n\n\n\n<li>revisiones externas.&nbsp;<\/li>\n<\/ul>\n\n\n\n<p>Podr\u00e1n completarse o sustituirse por otra prueba. Se realizar\u00e1n a petici\u00f3n del usuario del equipo a presi\u00f3n, en particular, en caso de:&nbsp;<\/p>\n\n\n<div class=\"wp-block-image\">\n<figure class=\"alignright size-large is-resized\"><a href=\"https:\/\/szkolenia-udt.pl\/wp-content\/uploads\/2023\/05\/screen_2x-2023-05-08T160132.907.jpg\"><img loading=\"lazy\" decoding=\"async\" src=\"https:\/\/szkolenia-udt.pl\/wp-content\/uploads\/2023\/05\/screen_2x-2023-05-08T160132.907-1024x683.jpg\" alt=\"cilindros de presi\u00f3n\" class=\"wp-image-4871\" width=\"512\" height=\"342\" srcset=\"https:\/\/szkolenia-udt.pl\/wp-content\/uploads\/2023\/05\/screen_2x-2023-05-08T160132.907-1024x683.jpg 1024w, https:\/\/szkolenia-udt.pl\/wp-content\/uploads\/2023\/05\/screen_2x-2023-05-08T160132.907-300x200.jpg 300w, https:\/\/szkolenia-udt.pl\/wp-content\/uploads\/2023\/05\/screen_2x-2023-05-08T160132.907-768x512.jpg 768w, https:\/\/szkolenia-udt.pl\/wp-content\/uploads\/2023\/05\/screen_2x-2023-05-08T160132.907-1536x1024.jpg 1536w, https:\/\/szkolenia-udt.pl\/wp-content\/uploads\/2023\/05\/screen_2x-2023-05-08T160132.907-18x12.jpg 18w, https:\/\/szkolenia-udt.pl\/wp-content\/uploads\/2023\/05\/screen_2x-2023-05-08T160132.907.jpg 1600w\" sizes=\"auto, (max-width: 512px) 100vw, 512px\" \/><\/a><\/figure>\n<\/div>\n\n\n<ul class=\"wp-block-list\">\n<li>Cambios en el sitio;&nbsp;&nbsp;<\/li>\n\n\n\n<li>Reparaciones del equipo de presi\u00f3n;&nbsp;&nbsp;<\/li>\n\n\n\n<li>Mejora del equipo de presi\u00f3n;&nbsp;<\/li>\n\n\n\n<li>Sustituci\u00f3n de piezas del equipo;&nbsp;&nbsp;<\/li>\n\n\n\n<li>Cambios en el tipo de equipo de suministro;&nbsp;<\/li>\n\n\n\n<li>Detecci\u00f3n de da\u00f1os en las paredes de la unidad;&nbsp;&nbsp;<\/li>\n\n\n\n<li>Detecci\u00f3n de fugas en la unidad.\u00a0<\/li>\n<\/ul>\n\n\n\n<h2 class=\"wp-block-heading\">\u00bfPor qu\u00e9 elegir el curso que ofrece nuestra empresa?&nbsp;<\/h2>\n\n\n\n<p>La formaci\u00f3n en nuestra empresa garantiza una alta eficacia. Casi 100% de nuestros alumnos pueden presumir de haber aprobado el examen UDT.  El precio del curso en nuestra empresa incluye las clases te\u00f3ricas y pr\u00e1cticas, as\u00ed como el material did\u00e1ctico. Al finalizar el curso de formaci\u00f3n y aprobar el examen, cada participante recibe un certificado.  El certificado es v\u00e1lido en toda la Uni\u00f3n Europea y es ilimitado en el tiempo. Adem\u00e1s del certificado, cada participante obtiene una cualificaci\u00f3n de la Oficina de Inspecci\u00f3n T\u00e9cnica.&nbsp;<\/p>\n\n\n\n<p>Le invitamos a echar un vistazo a lo que ofrece nuestra empresa.\u00a0<\/p>\n\n\n\n<figure class=\"wp-block-image size-full\"><a href=\"https:\/\/szkolenia-udt.pl\/wp-content\/uploads\/2023\/05\/0082-oso.edu_.pl_-1024x853-1.jpg\"><img loading=\"lazy\" decoding=\"async\" width=\"1024\" height=\"853\" src=\"https:\/\/szkolenia-udt.pl\/wp-content\/uploads\/2023\/05\/0082-oso.edu_.pl_-1024x853-1.jpg\" alt=\"\" class=\"wp-image-4866\" srcset=\"https:\/\/szkolenia-udt.pl\/wp-content\/uploads\/2023\/05\/0082-oso.edu_.pl_-1024x853-1.jpg 1024w, https:\/\/szkolenia-udt.pl\/wp-content\/uploads\/2023\/05\/0082-oso.edu_.pl_-1024x853-1-300x250.jpg 300w, https:\/\/szkolenia-udt.pl\/wp-content\/uploads\/2023\/05\/0082-oso.edu_.pl_-1024x853-1-768x640.jpg 768w, https:\/\/szkolenia-udt.pl\/wp-content\/uploads\/2023\/05\/0082-oso.edu_.pl_-1024x853-1-14x12.jpg 14w\" sizes=\"auto, (max-width: 1024px) 100vw, 1024px\" \/><\/a><\/figure>","protected":false},"excerpt":{"rendered":"<p>Dla kogo kurs?&nbsp; Zapraszamy do skorzystania z kursu z zakresu obs\u0142ugi zbiornik\u00f3w ci\u015bnieniowych. Szkolenie pozwoli ci uzyska\u0107 uprawnienia z zakresu nape\u0142niania zbiornik\u00f3w oraz butli, kt\u00f3re maj\u0105 pojemno\u015b\u0107 powy\u017cej 350 cm3.&nbsp; Takie szkolenia musz\u0105 zrobi\u0107 osoby, kt\u00f3re s\u0105 zatrudnione jako:&nbsp; Cel kursu\u00a0 Dzi\u0119ki szkoleniu ka\u017cdy uczestnik zdob\u0119dzie wiedz\u0119 zar\u00f3wno praktyczn\u0105, jak i teoretyczn\u0105.&nbsp; Nasza firma oferuje [&hellip;]<\/p>\n","protected":false},"author":10,"featured_media":3369,"parent":2266,"menu_order":0,"comment_status":"closed","ping_status":"closed","template":"","meta":{"footnotes":""},"class_list":["post-3368","page","type-page","status-publish","has-post-thumbnail","hentry"],"aioseo_notices":[],"_links":{"self":[{"href":"https:\/\/szkolenia-udt.pl\/es\/wp-json\/wp\/v2\/pages\/3368","targetHints":{"allow":["GET"]}}],"collection":[{"href":"https:\/\/szkolenia-udt.pl\/es\/wp-json\/wp\/v2\/pages"}],"about":[{"href":"https:\/\/szkolenia-udt.pl\/es\/wp-json\/wp\/v2\/types\/page"}],"author":[{"embeddable":true,"href":"https:\/\/szkolenia-udt.pl\/es\/wp-json\/wp\/v2\/users\/10"}],"replies":[{"embeddable":true,"href":"https:\/\/szkolenia-udt.pl\/es\/wp-json\/wp\/v2\/comments?post=3368"}],"version-history":[{"count":9,"href":"https:\/\/szkolenia-udt.pl\/es\/wp-json\/wp\/v2\/pages\/3368\/revisions"}],"predecessor-version":[{"id":4873,"href":"https:\/\/szkolenia-udt.pl\/es\/wp-json\/wp\/v2\/pages\/3368\/revisions\/4873"}],"up":[{"embeddable":true,"href":"https:\/\/szkolenia-udt.pl\/es\/wp-json\/wp\/v2\/pages\/2266"}],"wp:featuredmedia":[{"embeddable":true,"href":"https:\/\/szkolenia-udt.pl\/es\/wp-json\/wp\/v2\/media\/3369"}],"wp:attachment":[{"href":"https:\/\/szkolenia-udt.pl\/es\/wp-json\/wp\/v2\/media?parent=3368"}],"curies":[{"name":"wp","href":"https:\/\/api.w.org\/{rel}","templated":true}]}}